{"id":24474,"date":"2022-01-19T09:00:24","date_gmt":"2022-01-19T14:00:24","guid":{"rendered":"https:\/\/corrosionservice.com\/attenuation-des-interferences-cc\/"},"modified":"2025-05-05T10:48:37","modified_gmt":"2025-05-05T14:48:37","slug":"attenuation-des-interferences-cc","status":"publish","type":"page","link":"https:\/\/corrosionservice.com\/fr\/services\/attenuation-des-interferences-cc\/","title":{"rendered":"Att\u00e9nuation des interf\u00e9rences CC"},"content":{"rendered":"<div class=\"wpb-content-wrapper\"><p>[vc_row enable_parallax=\u00a0\u00bb\u00a0\u00bb parallax_speed=\u00a0\u00bb0.8&Prime; el_class=\u00a0\u00bbreskinned-services-row\u00a0\u00bb][vc_column width=\u00a0\u00bb1\/12&Prime;][\/vc_column][vc_column width=\u00a0\u00bb1\/2&Prime;][vc_raw_html el_class=\u00a0\u00bbreskinned-services-raw-h1&Prime;]PGgxPkludGVyZsOpcmVuY2Ugw6lsZWN0cmlxdWUgZHUgdHJhbnNpdCBDQzxicj48c3BhbiBjbGFzcz0icmVza2lubmVkLXNlcnZpY2VzLXNlY29uZGFyeS1oMSI+SW50ZXJmw6lyZW5jZSBDQyDDoCBjb3VyYW50IHZhZ2Fib25kPC9zcGFuPjwvaDE+CjxhIGNsYXNzPSJjb250YWN0LXVzLWN0YSIgaHJlZj0iaHR0cHM6Ly9jb3Jyb3Npb25zZXJ2aWNlLmNvbS9mci9ub3VzLWNvbnRhY3Rlci8iPk5vdXMgY29udGFjdGVyPC9hPg==[\/vc_raw_html][cs_custom_heading text=\u00a0\u00bbDC Interference Mitigation: Reducing Corrosion Risk on Pipeline Infrastructure Near DC Rail Networks and in shared corridors\u00a0\u00bb font_container=\u00a0\u00bbtag:h2|text_align:left\u00a0\u00bb el_class=\u00a0\u00bbcs-highlight-blue\u00a0\u00bb][vc_column_text]<span style=\"font-weight: 400;\">Les syst\u00e8mes de transport en commun et les interf\u00e9rences de protection cathodique \u00e0 courant vagabond sont le r\u00e9sultat de courants continus vagabonds ind\u00e9sirables ou incontr\u00f4l\u00e9s qui entrent et sortent des pipelines ou d\u2019autres structures m\u00e9talliques enfouies, ce qui entra\u00eene une corrosion agressive et localis\u00e9e. Ces courants vagabonds peuvent provenir de syst\u00e8mes de protection cathodique \u00e9trangers et du fonctionnement de syst\u00e8mes de transport en commun ou ferroviaires \u00e0 courant continu.<\/span><\/p>\n<p><span style=\"font-weight: 400;\">Le <\/span><a href=\"https:\/\/corrosionservice.com\/about-us\/profile\/\"><span style=\"font-weight: 400;\">service de corrosion<\/span><\/a><span style=\"font-weight: 400;\"> L&rsquo;\u00e9quipe est tr\u00e8s exp\u00e9riment\u00e9e dans l&rsquo;att\u00e9nuation des interf\u00e9rences \u00e9lectriques sur les pipelines. Nous fournissons les meilleures solutions d&rsquo;att\u00e9nuation des courants vagabonds en courant continu. De cette fa\u00e7on, votre organisation peut g\u00e9rer en toute s\u00e9curit\u00e9 et efficacement le risque d&rsquo;int\u00e9grit\u00e9 pos\u00e9 par les interf\u00e9rences CC de courant vagabond agressif.<\/span>[\/vc_column_text][\/vc_column][vc_column width=\u00a0\u00bb5\/12&Prime;][vc_single_image image=\u00a0\u00bb24857&Prime; img_size=\u00a0\u00bb690&#215;690&Prime; add_caption=\u00a0\u00bbyes\u00a0\u00bb alignment=\u00a0\u00bbright\u00a0\u00bb el_class=\u00a0\u00bbreskinned-services-featured-img\u00a0\u00bb][\/vc_column][\/vc_row][vc_row el_class=\u00a0\u00bbreskinned-services-row diag-stripes\u00a0\u00bb][vc_column][vc_row_inner][vc_column_inner width=\u00a0\u00bb1\/12&Prime;][\/vc_column_inner][vc_column_inner width=\u00a0\u00bb1\/2&Prime;][cs_custom_heading text=\u00a0\u00bbNotre \u00e9quipe et nos services\u00a0\u00bb font_container=\u00a0\u00bbtag:h2|text_align:left\u00a0\u00bb][vc_column_text css=\u00a0\u00bb\u00a0\u00bb]<span style=\"font-weight: 400;\">Tous les syst\u00e8mes de pipelines soumis \u00e0 des interf\u00e9rences \u00e9lectriques sont diff\u00e9rents. Que votre projet soit une nouvelle construction, un entretien de routine ou m\u00eame un \u00e9v\u00e9nement de r\u00e9habilitation, nous sommes heureux de vous aider. <\/span><a href=\"https:\/\/corrosionservice.com\/about-us\/profile\/\" target=\"_blank\" rel=\"noopener\"><span style=\"font-weight: 400;\">Corrosion Service<\/span><\/a> <span style=\"font-weight: 400;\">fournit un niveau exceptionnel de partenariat et d&rsquo;assistance, garantissant que vos solutions d&rsquo;att\u00e9nuation personnalis\u00e9es sont correctement install\u00e9es et fonctionnent efficacement.<\/span><\/p>\n<p><a href=\"https:\/\/corrosionservice.com\/fr\/nous-contacter\/\" target=\"_blank\" rel=\"noopener\"><span style=\"font-weight: 400;\">Succursales<\/span><\/a><span style=\"font-weight: 400;\"> exploit\u00e9s par nos experts talentueux et hautement qualifi\u00e9s se trouvent partout en Am\u00e9rique du Nord. Ceux-ci servent de ligne de contact directe pour nos clients, leur fournissant une assistance \u00e0 la gestion de projet, un support et des services de terrain d\u00e9di\u00e9s. En collaboration avec notre <\/span><a href=\"https:\/\/www.toronto.ca\/\"><span style=\"font-weight: 400;\">Toronto<\/span><\/a><span style=\"font-weight: 400;\"> centre d&rsquo;ing\u00e9nierie, vous pouvez \u00e9galement profiter de nos services d&rsquo;ing\u00e9nierie et de conception de syst\u00e8mes de haut niveau. Non seulement cela, mais toute notre main-d&rsquo;\u0153uvre d&rsquo;ing\u00e9nierie est certifi\u00e9e par le <\/span><a href=\"https:\/\/www.ampp.org\/home\" target=\"_blank\" rel=\"noopener\"><span style=\"font-weight: 400;\">Association pour la protection et la performance des mat\u00e9riaux (AMPP).<\/span><\/a>[\/vc_column_text][vc_btn title=\u00a0\u00bbCommuniquez avec votre succursale\u00a0\u00bb size=\u00a0\u00bbsm\u00a0\u00bb align=\u00a0\u00bbleft\u00a0\u00bb css_animation=\u00a0\u00bbbottom-to-top\u00a0\u00bb link=\u00a0\u00bburl:https%3A%2F%2Fcorrosionservice.com%2Ffr%2Fnous-contacter%2F|title:Nous%20contacter|\u00a0\u00bb][\/vc_column_inner][vc_column_inner width=\u00a0\u00bb5\/12&Prime;][vc_accordion active_tab=\u00a0\u00bb1&Prime; collapsible=\u00a0\u00bbyes\u00a0\u00bb el_class=\u00a0\u00bbreskinned-accordion\u00a0\u00bb][vc_accordion_tab title=\u00a0\u00bbServices\u00a0\u00bb][vc_column_text]<span style=\"font-weight: 400;\">Nos services d&rsquo;att\u00e9nuation des interf\u00e9rences CC comprennent&nbsp;:<\/span><\/p>\n<ul>\n<li style=\"font-weight: 400;\" aria-level=\"1\"><span style=\"font-weight: 400;\">Att\u00e9nuation compl\u00e8te des interf\u00e9rences DC<\/span><\/li>\n<li style=\"font-weight: 400;\" aria-level=\"1\"><span style=\"font-weight: 400;\">Conception d&rsquo;att\u00e9nuation CC<\/span><\/li>\n<li style=\"font-weight: 400;\" aria-level=\"1\"><span style=\"font-weight: 400;\">Installation de puits souterrains profonds et peu profonds<\/span><\/li>\n<li style=\"font-weight: 400;\" aria-level=\"1\"><span style=\"font-weight: 400;\">Obligations directes et obligations de drainage forc\u00e9<\/span><\/li>\n<li style=\"font-weight: 400;\" aria-level=\"1\"><span style=\"font-weight: 400;\">Installations cl\u00e9 en main<\/span><\/li>\n<li style=\"font-weight: 400;\" aria-level=\"1\"><span style=\"font-weight: 400;\">Test d&rsquo;interf\u00e9rence CC<\/span><\/li>\n<li style=\"font-weight: 400;\" aria-level=\"1\"><span style=\"font-weight: 400;\">V\u00e9rification du syst\u00e8me<\/span><\/li>\n<li style=\"font-weight: 400;\" aria-level=\"1\"><span style=\"font-weight: 400;\">Entretien du syst\u00e8me<\/span><\/li>\n<li style=\"font-weight: 400;\" aria-level=\"1\"><span style=\"font-weight: 400;\">Enqu\u00eates annuelles de conformit\u00e9<\/span><\/li>\n<li style=\"font-weight: 400;\" aria-level=\"1\"><span style=\"font-weight: 400;\">Surveillance \u00e0 distance<\/span><\/li>\n<\/ul>\n<p>[\/vc_column_text][\/vc_accordion_tab][vc_accordion_tab title=\u00a0\u00bbT\u00e9l\u00e9chargements\u00a0\u00bb][vc_column_text el_class=\u00a0\u00bbservice-listings-container\u00a0\u00bb]Pour en savoir plus, t\u00e9l\u00e9chargez notre documentation.[\/vc_column_text][\/vc_accordion_tab][\/vc_accordion][vc_empty_space][\/vc_column_inner][\/vc_row_inner][vc_empty_space][cs_custom_heading text=\u00a0\u00bbProfil de service &#8211; Services de conception\u00a0\u00bb font_container=\u00a0\u00bbtag:h2|text_align:center\u00a0\u00bb el_class=\u00a0\u00bbcs-highlight-blue\u00a0\u00bb][vc_column_text]<span style=\"font-weight: 400;\">L&rsquo;att\u00e9nuation des interf\u00e9rences CC de courant parasite n\u00e9cessite d&rsquo;abord une compr\u00e9hension du m\u00e9canisme d&rsquo;interf\u00e9rence CC. Cela comprend une \u00e9valuation des sources de courant CC \u00e0 proximit\u00e9, telles que les syst\u00e8mes CP ou les syst\u00e8mes ferroviaires CC d&rsquo;op\u00e9rateurs \u00e9trangers, ainsi que la configuration et la g\u00e9om\u00e9trie des pipelines et des sources de courant CC concern\u00e9s.<\/span><\/p>\n<p><span style=\"font-weight: 400;\">Pour les syst\u00e8mes de rail CC, cela comprendra une \u00e9valuation du rail CC propos\u00e9, en mettant l&rsquo;accent sur l&rsquo;alimentation \u00e9lectrique des trains et le trajet du courant d&rsquo;entra\u00eenement, y compris l&rsquo;isolation \u00e9lectrique du troisi\u00e8me rail (et du quatri\u00e8me rail, le cas \u00e9ch\u00e9ant). Pour les r\u00e9seaux de pipelines \u00e9trangers, cela comprendra un examen de tous les syst\u00e8mes de protection cathodique des pipelines concern\u00e9s.<\/span><\/p>\n<p><span style=\"font-weight: 400;\">Une fois le m\u00e9canisme d&rsquo;interf\u00e9rence CC compris, la m\u00e9thode d&rsquo;att\u00e9nuation des interf\u00e9rences CC la plus efficace sera s\u00e9lectionn\u00e9e et con\u00e7ue. Cela peut inclure des lits de sol anodiques sacrificiels, une liaison \u00e9lectrique entre les pipelines appartenant \u00e0 l&rsquo;entreprise et \u00e9trangers, et des liaisons de drainage forc\u00e9 \u00e0 l&rsquo;aide d&rsquo;un redresseur \u00e0 potentiel contr\u00f4l\u00e9. Corrosion Service peut \u00e9galement travailler directement avec les concepteurs ou les propri\u00e9taires de rails CC pour s&rsquo;assurer que vos exigences d&rsquo;att\u00e9nuation des courants vagabonds sont respect\u00e9es tout au long de la conception et de l&rsquo;exploitation du syst\u00e8me de rail CC.<\/span><\/p>\n<p><span style=\"font-weight: 400;\">Nous avons con\u00e7u une gamme large et vari\u00e9e de syst\u00e8mes d&rsquo;att\u00e9nuation des interf\u00e9rences CC au fil des ans. Cela comprend des solutions pour les syst\u00e8mes de rails \u00e0 courant continu et les r\u00e9seaux de pipelines complexes.<\/span><\/p>\n<p style=\"text-align: left;\"><span style=\"font-weight: 400;\">La conception de votre solution sur mesure est g\u00e9r\u00e9e par <\/span><a href=\"https:\/\/www.nace.org\/home.aspx\"><span style=\"font-weight: 400;\">NACE<\/span><\/a><span style=\"font-weight: 400;\">-experts certifi\u00e9s de notre \u00e9quipe. Les capacit\u00e9s d&rsquo;ing\u00e9nierie et de r\u00e9daction de Corrosion Service, associ\u00e9es \u00e0 une assistance de premier ordre et \u00e0 des flux de travail bien \u00e9tablis, facilitent la confirmation des performances optimales via des auditeurs internes et externes avant m\u00eame l&rsquo;installation de votre syst\u00e8me.<\/span><\/p>\n<p>[\/vc_column_text][\/vc_column][\/vc_row][vc_row el_class=\u00a0\u00bbreskinned-services-row\u00a0\u00bb][vc_column width=\u00a0\u00bb2\/3&Prime;][cs_custom_heading text=\u00a0\u00bbProfil de service &#8211; Services d\u2019installation\u00a0\u00bb font_container=\u00a0\u00bbtag:h2|text_align:center\u00a0\u00bb el_class=\u00a0\u00bbcs-highlight-blue\u00a0\u00bb][vc_column_text]<span style=\"font-weight: 400;\">Nos projets d&rsquo;att\u00e9nuation des interf\u00e9rences CC vont de l&rsquo;installation d&rsquo;un ou plusieurs lits d&rsquo;anodes sacrificielles \u00e0 des connexions de liaison entre les pipelines appartenant \u00e0 l&rsquo;entreprise et \u00e9trangers, ou m\u00eame des drains de courant actifs. Les services d&rsquo;installation peuvent \u00e9galement inclure l&rsquo;inspection des dispositifs d&rsquo;isolation de rail, tels que les isolateurs de traverse de rail et la r\u00e9alisation de tests de r\u00e9sistance rail-terre. Et, avec une flotte d&rsquo;\u00e9quipements de construction sp\u00e9cialis\u00e9s et des partenariats avec des entrepreneurs de confiance et pleinement qualifi\u00e9s, nous sommes pr\u00eats \u00e0 commencer quand vous l&rsquo;\u00eates.<\/span>[\/vc_column_text][\/vc_column][vc_column width=\u00a0\u00bb1\/3&Prime;][vc_single_image image=\u00a0\u00bb24855&Prime; img_size=\u00a0\u00bbfull\u00a0\u00bb alignment=\u00a0\u00bbcenter\u00a0\u00bb][\/vc_column][\/vc_row][vc_row el_class=\u00a0\u00bbreskinned-services-row diag-stripes\u00a0\u00bb][vc_column][cs_custom_heading text=\u00a0\u00bbService Profile &#8211; System Commissioning and Annual Maintenance Survey\u00a0\u00bb font_container=\u00a0\u00bbtag:h2|text_align:center\u00a0\u00bb el_class=\u00a0\u00bbcs-highlight-blue\u00a0\u00bb][vc_column_text]<span style=\"font-weight: 400;\">L&rsquo;efficacit\u00e9 d&rsquo;un syst\u00e8me d&rsquo;att\u00e9nuation des interf\u00e9rences CC est \u00e9valu\u00e9e dans le cadre d&rsquo;une \u00e9tude de mise en service d\u00e9taill\u00e9e. Tous les composants install\u00e9s seront test\u00e9s et ajust\u00e9s au besoin pour s&rsquo;assurer que le risque d&rsquo;interf\u00e9rence CC est att\u00e9nu\u00e9.<\/span><\/p>\n<p><span style=\"font-weight: 400;\">Un syst\u00e8me d&rsquo;interf\u00e9rence CC est normalement \u00e9valu\u00e9 sur une base annuelle lors d&rsquo;une enqu\u00eate de maintenance annuelle. C&rsquo;est \u00e9galement l&rsquo;occasion d&rsquo;\u00e9valuer si de nouveaux risques d&rsquo;interf\u00e9rence CC sont apparus, par exemple \u00e0 la suite de la construction de pipelines ou d&rsquo;autres installations. Notre \u00e9quipe comprend des professionnels exp\u00e9riment\u00e9s qui <\/span><a href=\"https:\/\/www.nace.org\/home.aspx\"><span style=\"font-weight: 400;\">NACE<\/span><\/a><span style=\"font-weight: 400;\"> form\u00e9s et certifi\u00e9s pour effectuer des inspections de conformit\u00e9, pr\u00e9parer des rapports de mise en service et des enqu\u00eates annuelles et\/ou de maintenance selon les besoins. Toutes les donn\u00e9es recueillies sur le terrain sont analys\u00e9es par des ing\u00e9nieurs sp\u00e9cialis\u00e9s hautement qualifi\u00e9s et exp\u00e9riment\u00e9s. Celles-ci sont ensuite compil\u00e9es avec soin et clart\u00e9 via nos rapports complets, ce qui vous permet de les consulter facilement et en toute tranquillit\u00e9 avant de transmettre la documentation aux r\u00e9gulateurs.<\/span>[\/vc_column_text][\/vc_column][\/vc_row][vc_row el_class=\u00a0\u00bbreskinned-services-row\u00a0\u00bb][vc_column][cs_custom_heading text=\u00a0\u00bbPrincipes de base des interf\u00e9rences CC\u00a0\u00bb font_container=\u00a0\u00bbtag:h2|text_align:center\u00a0\u00bb el_class=\u00a0\u00bbcs-highlight-blue\u00a0\u00bb][vc_column_text]<span style=\"font-weight: 400;\">Les interf\u00e9rences CC sont des courants CC ind\u00e9sirables circulant dans un pipeline ou une structure m\u00e9tallique enterr\u00e9e. Comme le courant \u00e9lectrique doit toujours retourner \u00e0 sa source, s&rsquo;il est capt\u00e9 par une canalisation, il doit aussi se d\u00e9charger quelque part. En cons\u00e9quence, une corrosion acc\u00e9l\u00e9r\u00e9e peut se produire \u00e0 ce point de rejet. Des interf\u00e9rences CC peuvent se produire sur des structures prot\u00e9g\u00e9es cathodiquement et non prot\u00e9g\u00e9es.<\/span><\/p>\n<p><span style=\"font-weight: 400;\">Les interf\u00e9rences CC sont g\u00e9n\u00e9ralement observ\u00e9es l\u00e0 o\u00f9 les pipelines et les syst\u00e8mes ferroviaires CC partagent une emprise ou se croisent. Ces syst\u00e8mes ferroviaires utilisent parfois la terre comme voie de retour pour son courant moteur ; ce courant de terre peut \u00eatre la source d&rsquo;interf\u00e9rences CC sur les pipelines \u00e0 proximit\u00e9.<\/span><\/p>\n<p><span style=\"font-weight: 400;\">Des interf\u00e9rences CC sont \u00e9galement observ\u00e9es lorsque plusieurs syst\u00e8mes de protection cathodique non li\u00e9s sont situ\u00e9s \u00e0 proximit\u00e9 les uns des autres. Par exemple, un couloir o\u00f9 plusieurs soci\u00e9t\u00e9s pipelini\u00e8res diff\u00e9rentes partagent la m\u00eame emprise mais ne partagent pas la protection cathodique, ou un pipeline croise le pipeline d&rsquo;une autre soci\u00e9t\u00e9 \u00e9trang\u00e8re. <\/span>[\/vc_column_text][\/vc_column][\/vc_row][vc_row el_class=\u00a0\u00bbreskinned-services-row diag-stripes\u00a0\u00bb][vc_column][cs_custom_heading text=\u00a0\u00bb\u00a0\u00bb font_container=\u00a0\u00bbtag:h2|text_align:center\u00a0\u00bb el_class=\u00a0\u00bbcs-highlight-blue\u00a0\u00bb][vc_column_text]<\/p>\n<p style=\"text-align: center;\"><a href=\"https:\/\/corrosionservice.com\/fr\/nous-contacter\/\"><span style=\"font-weight: 400;\">Contactez-nous<\/span><span style=\"font-weight: 400;\"> d\u00e8s aujourd\u2019hui<\/span><\/a><span style=\"font-weight: 400;\"> pour discuter de vos besoins en mati\u00e8re d\u2019att\u00e9nuation des interf\u00e9rences \u00e9lectriques<\/span><\/p>\n<p>[\/vc_column_text][\/vc_column][\/vc_row]<\/p>\n<\/div>","protected":false},"excerpt":{"rendered":"<p>[vc_row enable_parallax=\u00a0\u00bb\u00a0\u00bb parallax_speed=\u00a0\u00bb0.8&Prime; el_class=\u00a0\u00bbreskinned-services-row\u00a0\u00bb][vc_column width=\u00a0\u00bb1\/12&Prime;][\/vc_column][vc_column width=\u00a0\u00bb1\/2&Prime;][vc_raw_html el_class=\u00a0\u00bbreskinned-services-raw-h1&Prime;]PGgxPkludGVyZsOpcmVuY2Ugw6lsZWN0cmlxdWUgZHUgdHJhbnNpdCBDQzxicj48c3BhbiBjbGFzcz0icmVza2lubmVkLXNlcnZpY2VzLXNlY29uZGFyeS1oMSI+SW50ZXJmw6lyZW5jZSBDQyDDoCBjb3VyYW50IHZhZ2Fib25kPC9zcGFuPjwvaDE+CjxhIGNsYXNzPSJjb250YWN0LXVzLWN0YSIgaHJlZj0iaHR0cHM6Ly9jb3Jyb3Npb25zZXJ2aWNlLmNvbS9mci9ub3VzLWNvbnRhY3Rlci8iPk5vdXMgY29udGFjdGVyPC9hPg==[\/vc_raw_html][cs_custom_heading text=\u00a0\u00bbDC Interference Mitigation: Reducing Corrosion Risk on Pipeline Infrastructure Near DC Rail Networks and in shared corridors\u00a0\u00bb font_container=\u00a0\u00bbtag:h2|text_align:left\u00a0\u00bb el_class=\u00a0\u00bbcs-highlight-blue\u00a0\u00bb][vc_column_text]Les syst\u00e8mes de transport en commun et les interf\u00e9rences de protection cathodique \u00e0 courant vagabond sont le r\u00e9sultat de courants [&hellip;]<\/p>\n","protected":false},"author":12,"featured_media":0,"parent":24964,"menu_order":0,"comment_status":"closed","ping_status":"closed","template":"page-service.php","meta":{"_acf_changed":false,"footnotes":""},"class_list":["post-24474","page","type-page","status-publish","hentry"],"acf":[],"yoast_head":"<!-- This site is optimized with the Yoast SEO plugin v27.4 - https:\/\/yoast.com\/product\/yoast-seo-wordpress\/ -->\n<title>Att\u00e9nuation des interf\u00e9rences CC | Soci\u00e9t\u00e9 de service de corrosion limit\u00e9e<\/title>\n<meta name=\"description\" content=\"Nous fournissons les meilleures solutions d\u2019att\u00e9nuation des courants vagabonds \u00e0 courant continu pour les syst\u00e8mes ferroviaires de transport en commun sur\u00e9lev\u00e9s ou au niveau du sol, ainsi que pour les interf\u00e9rences des syst\u00e8mes de protection cathodique \u00e9trangers.\" \/>\n<meta name=\"robots\" content=\"index, follow, max-snippet:-1, max-image-preview:large, max-video-preview:-1\" \/>\n<link rel=\"canonical\" href=\"https:\/\/corrosionservice.com\/fr\/services\/attenuation-des-interferences-cc\/\" \/>\n<meta property=\"og:locale\" content=\"fr_FR\" \/>\n<meta property=\"og:type\" content=\"article\" \/>\n<meta property=\"og:title\" content=\"Att\u00e9nuation des interf\u00e9rences CC | Soci\u00e9t\u00e9 de service de corrosion limit\u00e9e\" \/>\n<meta property=\"og:description\" content=\"Nous fournissons les meilleures solutions d\u2019att\u00e9nuation des courants vagabonds \u00e0 courant continu pour les syst\u00e8mes ferroviaires de transport en commun sur\u00e9lev\u00e9s ou au niveau du sol, ainsi que pour les interf\u00e9rences des syst\u00e8mes de protection cathodique \u00e9trangers.\" \/>\n<meta property=\"og:url\" content=\"https:\/\/corrosionservice.com\/fr\/services\/attenuation-des-interferences-cc\/\" \/>\n<meta property=\"og:site_name\" content=\"Corrosion Service\" \/>\n<meta property=\"article:modified_time\" content=\"2025-05-05T14:48:37+00:00\" \/>\n<meta name=\"twitter:card\" content=\"summary_large_image\" \/>\n<meta name=\"twitter:label1\" content=\"Dur\u00e9e de lecture estim\u00e9e\" \/>\n\t<meta name=\"twitter:data1\" content=\"6 minutes\" \/>\n<script type=\"application\/ld+json\" class=\"yoast-schema-graph\">{\"@context\":\"https:\\\/\\\/schema.org\",\"@graph\":[{\"@type\":\"WebPage\",\"@id\":\"https:\\\/\\\/corrosionservice.com\\\/fr\\\/services\\\/attenuation-des-interferences-cc\\\/\",\"url\":\"https:\\\/\\\/corrosionservice.com\\\/fr\\\/services\\\/attenuation-des-interferences-cc\\\/\",\"name\":\"Att\u00e9nuation des interf\u00e9rences CC | Soci\u00e9t\u00e9 de service de corrosion limit\u00e9e\",\"isPartOf\":{\"@id\":\"https:\\\/\\\/corrosionservice.com\\\/#website\"},\"datePublished\":\"2022-01-19T14:00:24+00:00\",\"dateModified\":\"2025-05-05T14:48:37+00:00\",\"description\":\"Nous fournissons les meilleures solutions d\u2019att\u00e9nuation des courants vagabonds \u00e0 courant continu pour les syst\u00e8mes ferroviaires de transport en commun sur\u00e9lev\u00e9s ou au niveau du sol, ainsi que pour les interf\u00e9rences des syst\u00e8mes de protection cathodique \u00e9trangers.\",\"breadcrumb\":{\"@id\":\"https:\\\/\\\/corrosionservice.com\\\/fr\\\/services\\\/attenuation-des-interferences-cc\\\/#breadcrumb\"},\"inLanguage\":\"fr-FR\",\"potentialAction\":[{\"@type\":\"ReadAction\",\"target\":[\"https:\\\/\\\/corrosionservice.com\\\/fr\\\/services\\\/attenuation-des-interferences-cc\\\/\"]}]},{\"@type\":\"BreadcrumbList\",\"@id\":\"https:\\\/\\\/corrosionservice.com\\\/fr\\\/services\\\/attenuation-des-interferences-cc\\\/#breadcrumb\",\"itemListElement\":[{\"@type\":\"ListItem\",\"position\":1,\"name\":\"Home\",\"item\":\"https:\\\/\\\/corrosionservice.com\\\/fr\\\/\"},{\"@type\":\"ListItem\",\"position\":2,\"name\":\"Services\",\"item\":\"https:\\\/\\\/corrosionservice.com\\\/fr\\\/services\\\/\"},{\"@type\":\"ListItem\",\"position\":3,\"name\":\"Att\u00e9nuation des interf\u00e9rences CC\"}]},{\"@type\":\"WebSite\",\"@id\":\"https:\\\/\\\/corrosionservice.com\\\/#website\",\"url\":\"https:\\\/\\\/corrosionservice.com\\\/\",\"name\":\"Corrosion Service\",\"description\":\"Entreprise de contr\u00f4le de la corrosion sur les pipelines\",\"potentialAction\":[{\"@type\":\"SearchAction\",\"target\":{\"@type\":\"EntryPoint\",\"urlTemplate\":\"https:\\\/\\\/corrosionservice.com\\\/?s={search_term_string}\"},\"query-input\":{\"@type\":\"PropertyValueSpecification\",\"valueRequired\":true,\"valueName\":\"search_term_string\"}}],\"inLanguage\":\"fr-FR\"}]}<\/script>\n<!-- \/ Yoast SEO plugin. -->","yoast_head_json":{"title":"Att\u00e9nuation des interf\u00e9rences CC | Soci\u00e9t\u00e9 de service de corrosion limit\u00e9e","description":"Nous fournissons les meilleures solutions d\u2019att\u00e9nuation des courants vagabonds \u00e0 courant continu pour les syst\u00e8mes ferroviaires de transport en commun sur\u00e9lev\u00e9s ou au niveau du sol, ainsi que pour les interf\u00e9rences des syst\u00e8mes de protection cathodique \u00e9trangers.","robots":{"index":"index","follow":"follow","max-snippet":"max-snippet:-1","max-image-preview":"max-image-preview:large","max-video-preview":"max-video-preview:-1"},"canonical":"https:\/\/corrosionservice.com\/fr\/services\/attenuation-des-interferences-cc\/","og_locale":"fr_FR","og_type":"article","og_title":"Att\u00e9nuation des interf\u00e9rences CC | Soci\u00e9t\u00e9 de service de corrosion limit\u00e9e","og_description":"Nous fournissons les meilleures solutions d\u2019att\u00e9nuation des courants vagabonds \u00e0 courant continu pour les syst\u00e8mes ferroviaires de transport en commun sur\u00e9lev\u00e9s ou au niveau du sol, ainsi que pour les interf\u00e9rences des syst\u00e8mes de protection cathodique \u00e9trangers.","og_url":"https:\/\/corrosionservice.com\/fr\/services\/attenuation-des-interferences-cc\/","og_site_name":"Corrosion Service","article_modified_time":"2025-05-05T14:48:37+00:00","twitter_card":"summary_large_image","twitter_misc":{"Dur\u00e9e de lecture estim\u00e9e":"6 minutes"},"schema":{"@context":"https:\/\/schema.org","@graph":[{"@type":"WebPage","@id":"https:\/\/corrosionservice.com\/fr\/services\/attenuation-des-interferences-cc\/","url":"https:\/\/corrosionservice.com\/fr\/services\/attenuation-des-interferences-cc\/","name":"Att\u00e9nuation des interf\u00e9rences CC | Soci\u00e9t\u00e9 de service de corrosion limit\u00e9e","isPartOf":{"@id":"https:\/\/corrosionservice.com\/#website"},"datePublished":"2022-01-19T14:00:24+00:00","dateModified":"2025-05-05T14:48:37+00:00","description":"Nous fournissons les meilleures solutions d\u2019att\u00e9nuation des courants vagabonds \u00e0 courant continu pour les syst\u00e8mes ferroviaires de transport en commun sur\u00e9lev\u00e9s ou au niveau du sol, ainsi que pour les interf\u00e9rences des syst\u00e8mes de protection cathodique \u00e9trangers.","breadcrumb":{"@id":"https:\/\/corrosionservice.com\/fr\/services\/attenuation-des-interferences-cc\/#breadcrumb"},"inLanguage":"fr-FR","potentialAction":[{"@type":"ReadAction","target":["https:\/\/corrosionservice.com\/fr\/services\/attenuation-des-interferences-cc\/"]}]},{"@type":"BreadcrumbList","@id":"https:\/\/corrosionservice.com\/fr\/services\/attenuation-des-interferences-cc\/#breadcrumb","itemListElement":[{"@type":"ListItem","position":1,"name":"Home","item":"https:\/\/corrosionservice.com\/fr\/"},{"@type":"ListItem","position":2,"name":"Services","item":"https:\/\/corrosionservice.com\/fr\/services\/"},{"@type":"ListItem","position":3,"name":"Att\u00e9nuation des interf\u00e9rences CC"}]},{"@type":"WebSite","@id":"https:\/\/corrosionservice.com\/#website","url":"https:\/\/corrosionservice.com\/","name":"Corrosion Service","description":"Entreprise de contr\u00f4le de la corrosion sur les pipelines","potentialAction":[{"@type":"SearchAction","target":{"@type":"EntryPoint","urlTemplate":"https:\/\/corrosionservice.com\/?s={search_term_string}"},"query-input":{"@type":"PropertyValueSpecification","valueRequired":true,"valueName":"search_term_string"}}],"inLanguage":"fr-FR"}]}},"_links":{"self":[{"href":"https:\/\/corrosionservice.com\/fr\/wp-json\/wp\/v2\/pages\/24474","targetHints":{"allow":["GET"]}}],"collection":[{"href":"https:\/\/corrosionservice.com\/fr\/wp-json\/wp\/v2\/pages"}],"about":[{"href":"https:\/\/corrosionservice.com\/fr\/wp-json\/wp\/v2\/types\/page"}],"author":[{"embeddable":true,"href":"https:\/\/corrosionservice.com\/fr\/wp-json\/wp\/v2\/users\/12"}],"replies":[{"embeddable":true,"href":"https:\/\/corrosionservice.com\/fr\/wp-json\/wp\/v2\/comments?post=24474"}],"version-history":[{"count":38,"href":"https:\/\/corrosionservice.com\/fr\/wp-json\/wp\/v2\/pages\/24474\/revisions"}],"predecessor-version":[{"id":27078,"href":"https:\/\/corrosionservice.com\/fr\/wp-json\/wp\/v2\/pages\/24474\/revisions\/27078"}],"up":[{"embeddable":true,"href":"https:\/\/corrosionservice.com\/fr\/wp-json\/wp\/v2\/pages\/24964"}],"wp:attachment":[{"href":"https:\/\/corrosionservice.com\/fr\/wp-json\/wp\/v2\/media?parent=24474"}],"curies":[{"name":"wp","href":"https:\/\/api.w.org\/{rel}","templated":true}]}}