{"id":24486,"date":"2020-09-13T09:44:05","date_gmt":"2020-09-13T13:44:05","guid":{"rendered":"https:\/\/corrosionservice.com\/retour\/"},"modified":"2024-05-03T10:38:41","modified_gmt":"2024-05-03T14:38:41","slug":"retour","status":"publish","type":"page","link":"https:\/\/corrosionservice.com\/fr\/nous-contacter\/retour\/","title":{"rendered":"Retour"},"content":{"rendered":"<div class=\"wpb-content-wrapper\"><p>[vc_row][vc_column width=\u00a0\u00bb2\/3&Prime; el_class=\u00a0\u00bbreskinned-content-wrapper\u00a0\u00bb][vc_raw_html el_class=\u00a0\u00bbreskinned-services-raw-h1&Prime;]PGgxPlJldG91cjwvaDE+[\/vc_raw_html][vc_single_image image=\u00a0\u00bb24698&Prime; img_size=\u00a0\u00bbfull\u00a0\u00bb style=\u00a0\u00bbvc_box_border\u00a0\u00bb border_color=\u00a0\u00bbwhite\u00a0\u00bb onclick=\u00a0\u00bbcustom_link\u00a0\u00bb css=\u00a0\u00bb.vc_custom_1600004469267{border-radius: 20px !important;}\u00a0\u00bb link=\u00a0\u00bbhttps:\/\/forms.office.com\/Pages\/ResponsePage.aspx?id=CdLkTxNIZE2l0nStpYtlh5uvwYHtxKlPiAKKqrDXobdUNk9RNEZIVzhKMUJXVzZNNUlHWUlPQTVBWi4u\u00a0\u00bb][vc_column_text]Le service \u00e0 notre c\u0153ur est la force motrice qui guide tout ce que nous faisons chez Corrosion Service et vos commentaires sont importants pour nous.<\/p>\n<p><a href=\"https:\/\/forms.office.com\/Pages\/ResponsePage.aspx?id=CdLkTxNIZE2l0nStpYtlh5uvwYHtxKlPiAKKqrDXobdUNk9RNEZIVzhKMUJXVzZNNUlHWUlPQTVBWi4u\">Cliquez sur ce lien pour partager vos commentaires sur votre r\u00e9cente exp\u00e9rience avec Corrosion Service et nous aider \u00e0 nous am\u00e9liorer.<\/a>[\/vc_column_text][\/vc_column][vc_column width=\u00a0\u00bb1\/3&Prime; el_class=\u00a0\u00bbdiag-stripes reskinned-side-bar reskinned-side-bar-right\u00a0\u00bb][vc_raw_html el_class=\u00a0\u00bbreskinned-services-raw-h1&Prime;]PGgyPkNlIHF1ZSBsZXMgZ2VucyBkaXNlbnQgZHUgc2VydmljZSBkZSBjb3Jyb3Npb248L2gyPg==[\/vc_raw_html][vc_column_text]<\/p>\n<h6>\u00ab\u00a0Merci d&rsquo;avoir fait un effort suppl\u00e9mentaire et de vous assurer que ces \u00e9l\u00e9ments ont \u00e9t\u00e9 correctement trait\u00e9s. Vous avez fourni un excellent service client cette ann\u00e9e, et franchement je suis impressionn\u00e9\u00a0\u00bb<\/h6>\n<h6><i>Conseiller en corrosion\/int\u00e9grit\u00e9.<\/i><\/h6>\n<h6><\/h6>\n<p>[\/vc_column_text][vc_column_text]<\/p>\n<h6>\u00ab\u00a0Le technicien a r\u00e9alis\u00e9 les plus belles soudures et installations Cadweld que j&rsquo;ai vues !\u00a0\u00bb<\/h6>\n<h6><i>Inspecteur \u00e9lectrique.<\/i><\/h6>\n<p>[\/vc_column_text][vc_column_text]<\/p>\n<h6>\u00ab\u00a0Merci d&rsquo;avoir ex\u00e9cut\u00e9 le travail pendant les p\u00e9riodes difficiles de l&rsquo;industrie du travail. Bon travail! Et de bons r\u00e9sultats !\u00a0\u00bb<\/h6>\n<h6><i>Sr. Sp\u00e9cialiste du b\u00e2timent.<\/i><\/h6>\n<p>[\/vc_column_text][vc_column_text]<\/p>\n<h6>\u00ab Je remarque r\u00e9guli\u00e8rement que nos \u00e9tudiants aiment vraiment travailler pour Corrosion Service. Votre personnel est toujours tr\u00e8s appr\u00e9ci\u00e9 lors des r\u00e9unions sur place et dans les commentaires des \u00e9tudiants sur leurs \u00e9valuations finales. Merci \u00e0 votre \u00e9quipe d&rsquo;\u00eatre des leaders\/mentors\/superviseurs aussi exemplaires !\u00a0\u00bb<\/h6>\n<h6><i>Coordonnatrice &#8211; Coop\u00e9rative d&rsquo;ing\u00e9nierie et Centre d&#8217;emploi.<\/i><\/h6>\n<p>[\/vc_column_text][vc_column_text]<\/p>\n<h6>\u00ab J&rsquo;appr\u00e9cie vraiment les efforts de l&rsquo;\u00e9quipe du Service de la corrosion et de LSC pour terminer le travail en coordination et se mobiliser sur le site dans un court d\u00e9lai. Ce n&rsquo;est pas une p\u00e9riode facile pour voyager et r\u00e9pondre rapidement \u00e0 la demande.\u00a0\u00bb<\/h6>\n<h6><i>Sr. Ing\u00e9nieur.<\/i><\/h6>\n<p>[\/vc_column_text][vc_column_text]<\/p>\n<h6><em>\u00ab\u00a0<\/em> <em>Je suis tr\u00e8s impressionn\u00e9 par votre soumission rapide et de haute qualit\u00e9 de toute la documentation du site imm\u00e9diatement apr\u00e8s l&rsquo;ach\u00e8vement du site, y compris les documents de qualit\u00e9, les annotations de ligne rouge, etc.<\/em> \u00ab\u00a0<\/h6>\n<h6><i>Directeur de la construction des installations<\/i><\/h6>\n<p>[\/vc_column_text][\/vc_column][\/vc_row]<\/p>\n<\/div>","protected":false},"excerpt":{"rendered":"<p>[vc_row][vc_column width=\u00a0\u00bb2\/3&Prime; el_class=\u00a0\u00bbreskinned-content-wrapper\u00a0\u00bb][vc_raw_html el_class=\u00a0\u00bbreskinned-services-raw-h1&Prime;]PGgxPlJldG91cjwvaDE+[\/vc_raw_html][vc_single_image image=\u00a0\u00bb24698&Prime; img_size=\u00a0\u00bbfull\u00a0\u00bb style=\u00a0\u00bbvc_box_border\u00a0\u00bb border_color=\u00a0\u00bbwhite\u00a0\u00bb onclick=\u00a0\u00bbcustom_link\u00a0\u00bb css=\u00a0\u00bb.vc_custom_1600004469267{border-radius: 20px !important;}\u00a0\u00bb link=\u00a0\u00bbhttps:\/\/forms.office.com\/Pages\/ResponsePage.aspx?id=CdLkTxNIZE2l0nStpYtlh5uvwYHtxKlPiAKKqrDXobdUNk9RNEZIVzhKMUJXVzZNNUlHWUlPQTVBWi4u\u00a0\u00bb][vc_column_text]Le service \u00e0 notre c\u0153ur est la force motrice qui guide tout ce que nous faisons chez Corrosion Service et vos commentaires sont importants pour nous. Cliquez sur ce lien pour partager vos [&hellip;]<\/p>\n","protected":false},"author":15,"featured_media":0,"parent":25027,"menu_order":0,"comment_status":"closed","ping_status":"closed","template":"","meta":{"_acf_changed":false,"footnotes":""},"class_list":["post-24486","page","type-page","status-publish","hentry"],"acf":[],"yoast_head":"<!-- This site is optimized with the Yoast SEO plugin v27.4 - https:\/\/yoast.com\/product\/yoast-seo-wordpress\/ -->\n<title>Page de commentaires | Corrosion Service Company Limited<\/title>\n<meta name=\"description\" content=\"Vos commentaires nous aident \u00e0 nous am\u00e9liorer et n\u2019h\u00e9sitez pas \u00e0 nous faire part de votre exp\u00e9rience r\u00e9cente avec nous, car votre opinion compte et sera examin\u00e9e.\" \/>\n<meta name=\"robots\" content=\"index, follow, max-snippet:-1, max-image-preview:large, max-video-preview:-1\" \/>\n<link rel=\"canonical\" href=\"https:\/\/corrosionservice.com\/fr\/nous-contacter\/retour\/\" \/>\n<meta property=\"og:locale\" content=\"fr_FR\" \/>\n<meta property=\"og:type\" content=\"article\" \/>\n<meta property=\"og:title\" content=\"Page de commentaires | Corrosion Service Company Limited\" \/>\n<meta property=\"og:description\" content=\"Vos commentaires nous aident \u00e0 nous am\u00e9liorer et n\u2019h\u00e9sitez pas \u00e0 nous faire part de votre exp\u00e9rience r\u00e9cente avec nous, car votre opinion compte et sera examin\u00e9e.\" \/>\n<meta property=\"og:url\" content=\"https:\/\/corrosionservice.com\/fr\/nous-contacter\/retour\/\" \/>\n<meta property=\"og:site_name\" content=\"Corrosion Service\" \/>\n<meta property=\"article:modified_time\" content=\"2024-05-03T14:38:41+00:00\" \/>\n<meta name=\"twitter:card\" content=\"summary_large_image\" \/>\n<meta name=\"twitter:label1\" content=\"Dur\u00e9e de lecture estim\u00e9e\" \/>\n\t<meta name=\"twitter:data1\" content=\"2 minutes\" \/>\n<script type=\"application\/ld+json\" class=\"yoast-schema-graph\">{\"@context\":\"https:\\\/\\\/schema.org\",\"@graph\":[{\"@type\":\"WebPage\",\"@id\":\"https:\\\/\\\/corrosionservice.com\\\/fr\\\/nous-contacter\\\/retour\\\/\",\"url\":\"https:\\\/\\\/corrosionservice.com\\\/fr\\\/nous-contacter\\\/retour\\\/\",\"name\":\"Page de commentaires | Corrosion Service Company Limited\",\"isPartOf\":{\"@id\":\"https:\\\/\\\/corrosionservice.com\\\/#website\"},\"datePublished\":\"2020-09-13T13:44:05+00:00\",\"dateModified\":\"2024-05-03T14:38:41+00:00\",\"description\":\"Vos commentaires nous aident \u00e0 nous am\u00e9liorer et n\u2019h\u00e9sitez pas \u00e0 nous faire part de votre exp\u00e9rience r\u00e9cente avec nous, car votre opinion compte et sera examin\u00e9e.\",\"breadcrumb\":{\"@id\":\"https:\\\/\\\/corrosionservice.com\\\/fr\\\/nous-contacter\\\/retour\\\/#breadcrumb\"},\"inLanguage\":\"fr-FR\",\"potentialAction\":[{\"@type\":\"ReadAction\",\"target\":[\"https:\\\/\\\/corrosionservice.com\\\/fr\\\/nous-contacter\\\/retour\\\/\"]}]},{\"@type\":\"BreadcrumbList\",\"@id\":\"https:\\\/\\\/corrosionservice.com\\\/fr\\\/nous-contacter\\\/retour\\\/#breadcrumb\",\"itemListElement\":[{\"@type\":\"ListItem\",\"position\":1,\"name\":\"Home\",\"item\":\"https:\\\/\\\/corrosionservice.com\\\/fr\\\/\"},{\"@type\":\"ListItem\",\"position\":2,\"name\":\"Nous contacter\",\"item\":\"https:\\\/\\\/corrosionservice.com\\\/fr\\\/nous-contacter\\\/\"},{\"@type\":\"ListItem\",\"position\":3,\"name\":\"Retour\"}]},{\"@type\":\"WebSite\",\"@id\":\"https:\\\/\\\/corrosionservice.com\\\/#website\",\"url\":\"https:\\\/\\\/corrosionservice.com\\\/\",\"name\":\"Corrosion Service\",\"description\":\"Entreprise de contr\u00f4le de la corrosion sur les pipelines\",\"potentialAction\":[{\"@type\":\"SearchAction\",\"target\":{\"@type\":\"EntryPoint\",\"urlTemplate\":\"https:\\\/\\\/corrosionservice.com\\\/?s={search_term_string}\"},\"query-input\":{\"@type\":\"PropertyValueSpecification\",\"valueRequired\":true,\"valueName\":\"search_term_string\"}}],\"inLanguage\":\"fr-FR\"}]}<\/script>\n<!-- \/ Yoast SEO plugin. -->","yoast_head_json":{"title":"Page de commentaires | Corrosion Service Company Limited","description":"Vos commentaires nous aident \u00e0 nous am\u00e9liorer et n\u2019h\u00e9sitez pas \u00e0 nous faire part de votre exp\u00e9rience r\u00e9cente avec nous, car votre opinion compte et sera examin\u00e9e.","robots":{"index":"index","follow":"follow","max-snippet":"max-snippet:-1","max-image-preview":"max-image-preview:large","max-video-preview":"max-video-preview:-1"},"canonical":"https:\/\/corrosionservice.com\/fr\/nous-contacter\/retour\/","og_locale":"fr_FR","og_type":"article","og_title":"Page de commentaires | Corrosion Service Company Limited","og_description":"Vos commentaires nous aident \u00e0 nous am\u00e9liorer et n\u2019h\u00e9sitez pas \u00e0 nous faire part de votre exp\u00e9rience r\u00e9cente avec nous, car votre opinion compte et sera examin\u00e9e.","og_url":"https:\/\/corrosionservice.com\/fr\/nous-contacter\/retour\/","og_site_name":"Corrosion Service","article_modified_time":"2024-05-03T14:38:41+00:00","twitter_card":"summary_large_image","twitter_misc":{"Dur\u00e9e de lecture estim\u00e9e":"2 minutes"},"schema":{"@context":"https:\/\/schema.org","@graph":[{"@type":"WebPage","@id":"https:\/\/corrosionservice.com\/fr\/nous-contacter\/retour\/","url":"https:\/\/corrosionservice.com\/fr\/nous-contacter\/retour\/","name":"Page de commentaires | Corrosion Service Company Limited","isPartOf":{"@id":"https:\/\/corrosionservice.com\/#website"},"datePublished":"2020-09-13T13:44:05+00:00","dateModified":"2024-05-03T14:38:41+00:00","description":"Vos commentaires nous aident \u00e0 nous am\u00e9liorer et n\u2019h\u00e9sitez pas \u00e0 nous faire part de votre exp\u00e9rience r\u00e9cente avec nous, car votre opinion compte et sera examin\u00e9e.","breadcrumb":{"@id":"https:\/\/corrosionservice.com\/fr\/nous-contacter\/retour\/#breadcrumb"},"inLanguage":"fr-FR","potentialAction":[{"@type":"ReadAction","target":["https:\/\/corrosionservice.com\/fr\/nous-contacter\/retour\/"]}]},{"@type":"BreadcrumbList","@id":"https:\/\/corrosionservice.com\/fr\/nous-contacter\/retour\/#breadcrumb","itemListElement":[{"@type":"ListItem","position":1,"name":"Home","item":"https:\/\/corrosionservice.com\/fr\/"},{"@type":"ListItem","position":2,"name":"Nous contacter","item":"https:\/\/corrosionservice.com\/fr\/nous-contacter\/"},{"@type":"ListItem","position":3,"name":"Retour"}]},{"@type":"WebSite","@id":"https:\/\/corrosionservice.com\/#website","url":"https:\/\/corrosionservice.com\/","name":"Corrosion Service","description":"Entreprise de contr\u00f4le de la corrosion sur les pipelines","potentialAction":[{"@type":"SearchAction","target":{"@type":"EntryPoint","urlTemplate":"https:\/\/corrosionservice.com\/?s={search_term_string}"},"query-input":{"@type":"PropertyValueSpecification","valueRequired":true,"valueName":"search_term_string"}}],"inLanguage":"fr-FR"}]}},"_links":{"self":[{"href":"https:\/\/corrosionservice.com\/fr\/wp-json\/wp\/v2\/pages\/24486","targetHints":{"allow":["GET"]}}],"collection":[{"href":"https:\/\/corrosionservice.com\/fr\/wp-json\/wp\/v2\/pages"}],"about":[{"href":"https:\/\/corrosionservice.com\/fr\/wp-json\/wp\/v2\/types\/page"}],"author":[{"embeddable":true,"href":"https:\/\/corrosionservice.com\/fr\/wp-json\/wp\/v2\/users\/15"}],"replies":[{"embeddable":true,"href":"https:\/\/corrosionservice.com\/fr\/wp-json\/wp\/v2\/comments?post=24486"}],"version-history":[{"count":19,"href":"https:\/\/corrosionservice.com\/fr\/wp-json\/wp\/v2\/pages\/24486\/revisions"}],"predecessor-version":[{"id":26767,"href":"https:\/\/corrosionservice.com\/fr\/wp-json\/wp\/v2\/pages\/24486\/revisions\/26767"}],"up":[{"embeddable":true,"href":"https:\/\/corrosionservice.com\/fr\/wp-json\/wp\/v2\/pages\/25027"}],"wp:attachment":[{"href":"https:\/\/corrosionservice.com\/fr\/wp-json\/wp\/v2\/media?parent=24486"}],"curies":[{"name":"wp","href":"https:\/\/api.w.org\/{rel}","templated":true}]}}