{"id":24522,"date":"2019-01-29T07:20:58","date_gmt":"2019-01-29T12:20:58","guid":{"rendered":"https:\/\/corrosionservice.com\/services-dinhibiteur-de-corrosion-de-vapeur-vci\/"},"modified":"2022-10-05T17:35:56","modified_gmt":"2022-10-05T21:35:56","slug":"services-dinhibiteur-de-corrosion-de-vapeur-vci","status":"publish","type":"page","link":"https:\/\/corrosionservice.com\/fr\/services\/services-dinhibiteur-de-corrosion-de-vapeur-vci\/","title":{"rendered":"Services d&rsquo;inhibiteur de corrosion de vapeur (VCI)"},"content":{"rendered":"<div class=\"wpb-content-wrapper\"><p>[vc_row enable_parallax=\u00a0\u00bb\u00a0\u00bb parallax_speed=\u00a0\u00bb0.8&Prime; el_class=\u00a0\u00bbreskinned-services-row\u00a0\u00bb][vc_column width=\u00a0\u00bb1\/12&Prime;][\/vc_column][vc_column width=\u00a0\u00bb1\/2&Prime;][vc_raw_html el_class=\u00a0\u00bbreskinned-services-raw-h1&Prime;]PGgxPkluaGliaXRldXJzIGRlIGNvcnJvc2lvbiDDoCBsYSB2YXBldXIgKFZDSSk8YnI+CjxzcGFuIGNsYXNzPSJyZXNraW5uZWQtc2VydmljZXMtc2Vjb25kYXJ5LWgxIj5Sw6lzZXJ2b2lycywgYm\/DrnRpZXJzLCBwaXBlbGluZXMgZXQgdHV5YXV0ZXJpZSBkJ3VzaW5lPC9zcGFuPjwvaDE+CjxhIGNsYXNzPSJjb250YWN0LXVzLWN0YSIgaHJlZj0iaHR0cHM6Ly9jb3Jyb3Npb25zZXJ2aWNlLmNvbS9jb250YWN0LXVzLyI+Tm91cyBjb250YWN0ZXI8L2E+[\/vc_raw_html][cs_custom_heading text=\u00a0\u00bbInhibiteurs de corrosion interne &#8211; Produits et services pour prot\u00e9ger vos r\u00e9servoirs, enveloppes, conduites et tuyauterie d&rsquo;usine\u00a0\u00bb font_container=\u00a0\u00bbtag:h2|text_align:left\u00a0\u00bb el_class=\u00a0\u00bbcs-highlight-blue\u00a0\u00bb][vc_column_text]<a href=\"https:\/\/corrosionservice.com\/fr\/a-propos-de-nous\/profil-d-entreprise\/\">Corrosion Service<\/a> est heureux de s&rsquo;\u00eatre associ\u00e9 \u00e0 <a href=\"https:\/\/www.zerust.com\/\">Zerust<\/a> , la soci\u00e9t\u00e9 leader de l&rsquo;industrie des inhibiteurs de corrosion \u00e0 la vapeur (VCl), fournissant des syst\u00e8mes de protection contre la corrosion cl\u00e9s en main pour les fonds de r\u00e9servoir, les enveloppes, les pipelines et les produits et services d&rsquo;inhibiteurs de pr\u00e9servation de la tuyauterie d&rsquo;usine.<\/p>\n<p>Ci-dessous, nous avons not\u00e9 les d\u00e9tails de chacun de ces services offerts et sommes convaincus que nous avons une solution d&rsquo;inhibiteur pour prolonger la dur\u00e9e de vie de votre actif.[\/vc_column_text][\/vc_column][vc_column width=\u00a0\u00bb5\/12&Prime;][vc_single_image image=\u00a0\u00bb24526&Prime; img_size=\u00a0\u00bb690&#215;690&Prime; add_caption=\u00a0\u00bbyes\u00a0\u00bb alignment=\u00a0\u00bbright\u00a0\u00bb el_class=\u00a0\u00bbreskinned-services-featured-img\u00a0\u00bb][\/vc_column][\/vc_row][vc_row el_class=\u00a0\u00bbreskinned-services-row diag-stripes\u00a0\u00bb][vc_column][vc_row_inner][vc_column_inner width=\u00a0\u00bb1\/12&Prime;][\/vc_column_inner][vc_column_inner width=\u00a0\u00bb1\/2&Prime;][cs_custom_heading text=\u00a0\u00bbSolution de pr\u00e9servation de la tuyauterie des pipelines et des stations\u00a0\u00bb font_container=\u00a0\u00bbtag:h2|text_align:left\u00a0\u00bb el_class=\u00a0\u00bbcs-highlight-blue\u00a0\u00bb][vc_column_text]Si vous construisez un nouveau pipeline, \u00e0 mesure qu&rsquo;une section est achev\u00e9e, elle est g\u00e9n\u00e9ralement soumise \u00e0 des tests hydrauliques \u00e0 l&rsquo;aide d&rsquo;eau provenant de sources locales \u00e0 proximit\u00e9. Apr\u00e8s le test hydraulique, de nombreux propri\u00e9taires s\u00e8chent la section et purgent l&rsquo;atmosph\u00e8re avec de l&rsquo;azote. Souvent, ces lignes ne sont pas compl\u00e8tement s\u00e8ches et la combinaison d&rsquo;eau, d&rsquo;oxyg\u00e8ne et de bact\u00e9ries peut avoir un effet de corrosion n\u00e9gatif sur ce nouvel acier, m\u00eame si la ligne a une couverture d&rsquo;azote. L&rsquo;entretien de l&rsquo;azote peut prendre du temps et co\u00fbter cher, surtout si la ligne n&rsquo;est pas mise en service pendant un certain temps.<\/p>\n<p>La solution de pr\u00e9servation VCI peut \u00eatre introduite dans les segments de canalisations ou de stations raclables et non raclables pendant de nombreuses ann\u00e9es. Lorsqu&rsquo;il est temps de mettre la ligne en service, il existe des options pour \u00e9liminer les petites quantit\u00e9s de boue de VCl ou, dans certains cas, simplement commencer \u00e0 pomper le produit. De m\u00eame, les lignes existantes peuvent \u00eatre conserv\u00e9es par VCI apr\u00e8s nettoyage.[\/vc_column_text][cs_custom_heading text=\u00a0\u00bbProtection des inhibiteurs de gaine de tuyau\u00a0\u00bb font_container=\u00a0\u00bbtag:h2|text_align:left\u00a0\u00bb el_class=\u00a0\u00bbcs-highlight-blue\u00a0\u00bb][vc_column_text]L&rsquo;utilisation de VCI pour prot\u00e9ger les gaines de tuyauterie est une option rentable pour prolonger la dur\u00e9e de vie de ces actifs importants. La surveillance du taux de corrosion peut \u00eatre assur\u00e9e \u00e0 l&rsquo;aide de sondes ou de coupons ER. L&rsquo;installation du VCI et de l&rsquo;\u00e9quipement de surveillance, dans la plupart des cas, peut \u00eatre r\u00e9alis\u00e9e \u00e0 travers les tuyaux de ventilation sans excavation.<\/p>\n<p><strong>Application de gel \u00e0 haute viscosit\u00e9<\/strong> &#8211; Pour les canalisations avec un court-circuit m\u00e9tallique (c&rsquo;est-\u00e0-dire le tubage en contact avec le tube porteur) ou les canalisations n\u00e9cessitant une solution anticorrosion \u00e0 remplissage statique.<\/p>\n<p><strong>Application de poudre<\/strong> &#8211; Pour les pipelines sans court-circuit m\u00e9tallique, mais pour lesquels la protection contre la corrosion interne est une bonne proc\u00e9dure d&rsquo;exploitation, Zerust recommande l&rsquo;utilisation de son inhibiteur de poudre s\u00e8che. Tant qu&rsquo;il y a une p\u00e9n\u00e9tration d&rsquo;eau minimale (c&rsquo;est-\u00e0-dire que l&rsquo;int\u00e9grit\u00e9 du joint d&rsquo;extr\u00e9mit\u00e9 est maintenue), le syst\u00e8me prot\u00e9gera le tube porteur de la corrosion.<\/p>\n<p><strong>Application de boue<\/strong> &#8211; Pour de grandes longueurs de tuyau avec des \u00e9l\u00e9vations, des coudes et d&rsquo;autres param\u00e8tres g\u00e9om\u00e9triques\/dimensionnels variables o\u00f9 une poudre ou un gel n&rsquo;est pas possible. Zerion FVS est d&rsquo;abord m\u00e9lang\u00e9 avec de l&rsquo;eau. La gravit\u00e9 ou une pompe \u00e0 basse pression est ensuite utilis\u00e9e pour injecter la bouillie d&rsquo;inhibiteur \u00e0 travers le tuyau d&rsquo;\u00e9vent du tubage dans l&rsquo;espace annulaire. Le SCI dans le produit neutralise les contaminants au contact.<\/p>\n<p>&nbsp;<\/p>\n<p>[\/vc_column_text][cs_custom_heading text=\u00a0\u00bbProtection des inhibiteurs c\u00f4t\u00e9 sol du fond du r\u00e9servoir\u00a0\u00bb font_container=\u00a0\u00bbtag:h2|text_align:left\u00a0\u00bb el_class=\u00a0\u00bbcs-highlight-blue\u00a0\u00bb][vc_column_text]Vous trouverez ci-dessous des m\u00e9thodes d&rsquo;introduction d&rsquo;un VCI dans l&rsquo;environnement du fond du r\u00e9servoir, en fonction de la conception de la fondation et du fait que le r\u00e9servoir est en service ou hors service. Chacun peut \u00eatre utilis\u00e9 avec des syst\u00e8mes de protection cathodique et peut \u00eatre \u00e9quip\u00e9 d&rsquo;un dispositif de surveillance.<\/p>\n<p><strong>Chime Ring Dry<\/strong> &#8211; Ce syst\u00e8me est recommand\u00e9 pour les r\u00e9servoirs de stockage avec des fondations en b\u00e9ton ou en bitume. Un tuyau en PVC perfor\u00e9 est install\u00e9 autour de toute la zone du carillon annulaire. Les manchons secs VCI sont install\u00e9s dans le tuyau en PVC et le syst\u00e8me est scell\u00e9 pour cr\u00e9er une enceinte pour maintenir les VCl. Les VCl migrent et s&rsquo;absorbent sur la surface m\u00e9tallique.<\/p>\n<p><strong>Chime Ring Flood<\/strong> -Convient aux r\u00e9servoirs de stockage avec des fondations en b\u00e9ton, en bitume ou en sable avec rev\u00eatement. La suspension d&rsquo;inhibiteur est pomp\u00e9e dans le syst\u00e8me d&rsquo;anneau de carillon en PVC perfor\u00e9, les VCl migrent et s&rsquo;absorbent sur la surface m\u00e9tallique.<\/p>\n<p><strong>Injection inf\u00e9rieure<\/strong> &#8211; Est con\u00e7u pour les r\u00e9servoirs avec un remplissage de sable compact\u00e9 et des barri\u00e8res de pr\u00e9vention des rejets (RPB), un double fond avec du sable entre l&rsquo;ancien et le nouveau sol, ou des r\u00e9servoirs reposant sur un pa dur comme le b\u00e9ton ou l&rsquo;asphalte.<\/p>\n<p><strong>Inondation interne<\/strong> &#8211; La solution IDS d&rsquo;inondation interne convient aux fondations de r\u00e9servoirs en b\u00e9ton, en bitume ou en sable compact\u00e9 avec des rev\u00eatements.<\/p>\n<p><strong>Tube sec<\/strong> &#8211; Ce syst\u00e8me est con\u00e7u pour prot\u00e9ger les plaques de fond du r\u00e9servoir lors de la construction ou de l&rsquo;installation d&rsquo;un nouveau sol. Cette solution b\u00e9n\u00e9ficie aux r\u00e9servoirs avec des fondations en b\u00e9ton, en bitume et en sable compact\u00e9 avec ou sans rev\u00eatement. Des tranch\u00e9es peu profondes sont creus\u00e9es dans la fondation.<\/p>\n<p><strong>Drip Tube<\/strong> &#8211; Est une solution innovante qui prot\u00e8ge les plaques de fond des r\u00e9servoirs \u00e0 simple ou double fond lors de la construction ou de l&rsquo;installation d&rsquo;un nouveau sol. Un r\u00e9seau de tuyaux en PVC perfor\u00e9 avec des manchons en maille est install\u00e9 en anneaux au-dessus du rev\u00eatement du r\u00e9servoir dans la fondation de sable.<\/p>\n<p>&nbsp;<\/p>\n<p>[\/vc_column_text][vc_btn title=\u00a0\u00bbCommuniquez avec votre succursale\u00a0\u00bb size=\u00a0\u00bbsm\u00a0\u00bb align=\u00a0\u00bbleft\u00a0\u00bb css_animation=\u00a0\u00bbbottom-to-top\u00a0\u00bb link=\u00a0\u00bburl:https%3A%2F%2Fcorrosionservice.com%2Ffr%2Fnous-contacter%2F|title:Nous%20contacter\u00a0\u00bb][\/vc_column_inner][vc_column_inner width=\u00a0\u00bb5\/12&Prime;][vc_accordion active_tab=\u00a0\u00bb1&Prime; collapsible=\u00a0\u00bbyes\u00a0\u00bb el_class=\u00a0\u00bbreskinned-accordion\u00a0\u00bb][vc_accordion_tab title=\u00a0\u00bbServices\u00a0\u00bb][vc_column_text]Nos services d&rsquo;inhibiteurs de corrosion comprennent\u00a0:<\/p>\n<ul>\n<li>Fourniture de mat\u00e9riel<\/li>\n<li>Conception du syst\u00e8me<\/li>\n<li>Installations cl\u00e9 en main<\/li>\n<li>Test du syst\u00e8me<\/li>\n<li>V\u00e9rification du syst\u00e8me<\/li>\n<li>Entretien du syst\u00e8me<\/li>\n<li>Enqu\u00eates annuelles de conformit\u00e9<\/li>\n<li>Surveillance \u00e0 distance<\/li>\n<\/ul>\n<p>[\/vc_column_text][\/vc_accordion_tab][vc_accordion_tab title=\u00a0\u00bbT\u00e9l\u00e9chargements de profils syst\u00e8me\u00a0\u00bb][vc_column_text el_class=\u00a0\u00bbservice-listings-container\u00a0\u00bb]Veuillez cliquer sur l&rsquo;un des \u00e9l\u00e9ments ci-dessous pour recevoir un e-mail permettant de t\u00e9l\u00e9charger les fonctionnalit\u00e9s des profils syst\u00e8me ci-dessous\u00a0:[\/vc_column_text][\/vc_accordion_tab][\/vc_accordion][\/vc_column_inner][\/vc_row_inner][\/vc_column][\/vc_row][vc_row el_class=\u00a0\u00bbreskinned-services-row\u00a0\u00bb][vc_column][cs_custom_heading text=\u00a0\u00bbLa biblioth\u00e8que technique du service de corrosion qui documente notre pass\u00e9 et d\u00e9finit notre avenir\u00a0\u00bb font_container=\u00a0\u00bbtag:h2|text_align:center\u00a0\u00bb el_class=\u00a0\u00bbcs-highlight-blue\u00a0\u00bb][vc_column_text]<\/p>\n<p style=\"text-align: center;\"><a href=\"https:\/\/corrosionservice.com\/fr\/a-propos-de-nous\/profil-d-entreprise\/\">Corrosion Service<\/a> a \u00e9t\u00e9 et demeure un chef de file dans l&rsquo;industrie du contr\u00f4le de la corrosion, soutenant les diverses industries en Am\u00e9rique du Nord et dans le monde, assurant l&rsquo;int\u00e9grit\u00e9 des actifs en fournissant des services d&rsquo;ing\u00e9nierie responsables. Dans le cadre de notre engagement continu, nous aimerions vous souhaiter la bienvenue dans notre biblioth\u00e8que \u00e9lectronique en tant qu&rsquo;endroit o\u00f9 consulter nos divers documents techniques \u00e9crits et pr\u00e9sent\u00e9s au cours des 69 derni\u00e8res ann\u00e9es et qui ont soutenu l&rsquo;avancement de l&rsquo;industrie de la corrosion.<\/p>\n<p style=\"text-align: center;\">Nous avons \u00e9galement converti un bureau d&rsquo;angle principal en biblioth\u00e8que \u00e0 notre si\u00e8ge social et d\u00e9di\u00e9 la salle \u00e0 Sorin Segall en raison de son engagement envers Corrosion Service, des nombreux articles pr\u00e9sent\u00e9s, du mentorat technique au sein de Corrosion Service et de notre industrie. Nous serions ravis que vous veniez voir cette biblioth\u00e8que compl\u00e8te qui comprend divers manuels, des publications pertinentes, tous les magazines <a href=\"https:\/\/www.nace.org\/home.aspx\">NACE Materials Performance<\/a> pr\u00e9sent\u00e9s depuis la premi\u00e8re publication, des bulletins techniques et divers autres documents imprim\u00e9s li\u00e9s \u00e0 la corrosion.<\/p>\n<p>[\/vc_column_text][vc_btn title=\u00a0\u00bbVisitez notre biblioth\u00e8que techniquey\u00a0\u00bb align=\u00a0\u00bbcenter\u00a0\u00bb el_class=\u00a0\u00bbVisit Our Store\u00a0\u00bb link=\u00a0\u00bburl:https%3A%2F%2Fcorrosionservice.com%2Ftechnical-papers-library%2F|\u00a0\u00bb][\/vc_column][\/vc_row][vc_row el_class=\u00a0\u00bbreskinned-services-row reskinned-services-featuring-store\u00a0\u00bb][vc_column][vc_column_text]<\/p>\n<p style=\"text-align: center;\">Depuis notre cr\u00e9ation en 1950, nous avons construit une vaste gamme de produits sp\u00e9cialis\u00e9s pour l&rsquo;industrie de la pr\u00e9vention de la corrosion.<\/p>\n<p style=\"text-align: center;\">Notre \u00e9quipe d&rsquo;approvisionnement en mat\u00e9riaux a stock\u00e9 ou acc\u00e8s aux inhibiteurs de corrosion par vapeur requis pour votre projet. Notre \u00e9quipe d\u00e9di\u00e9e \u00e0 la cha\u00eene d&rsquo;approvisionnement est bas\u00e9e \u00e0 Toronto aux c\u00f4t\u00e9s de notre centre de distribution de mat\u00e9riaux, qui est capable de livrer des mat\u00e9riaux dans le monde entier \u00e0 court pr\u00e9avis.<\/p>\n<p>[\/vc_column_text][vc_btn title=\u00a0\u00bbVisitez notre magasin de mat\u00e9riaux en ligne\u00a0\u00bb align=\u00a0\u00bbcenter\u00a0\u00bb el_class=\u00a0\u00bbVisit Our Store\u00a0\u00bb link=\u00a0\u00bburl:https%3A%2F%2Fproducts.corrosionservice.com%2F|\u00a0\u00bb][\/vc_column][\/vc_row]<\/p>\n<\/div>","protected":false},"excerpt":{"rendered":"<p>[vc_row enable_parallax=\u00a0\u00bb\u00a0\u00bb parallax_speed=\u00a0\u00bb0.8&Prime; el_class=\u00a0\u00bbreskinned-services-row\u00a0\u00bb][vc_column width=\u00a0\u00bb1\/12&Prime;][\/vc_column][vc_column width=\u00a0\u00bb1\/2&Prime;][vc_raw_html el_class=\u00a0\u00bbreskinned-services-raw-h1&Prime;]PGgxPkluaGliaXRldXJzIGRlIGNvcnJvc2lvbiDDoCBsYSB2YXBldXIgKFZDSSk8YnI+CjxzcGFuIGNsYXNzPSJyZXNraW5uZWQtc2VydmljZXMtc2Vjb25kYXJ5LWgxIj5Sw6lzZXJ2b2lycywgYm\/DrnRpZXJzLCBwaXBlbGluZXMgZXQgdHV5YXV0ZXJpZSBkJ3VzaW5lPC9zcGFuPjwvaDE+CjxhIGNsYXNzPSJjb250YWN0LXVzLWN0YSIgaHJlZj0iaHR0cHM6Ly9jb3Jyb3Npb25zZXJ2aWNlLmNvbS9jb250YWN0LXVzLyI+Tm91cyBjb250YWN0ZXI8L2E+[\/vc_raw_html][cs_custom_heading text=\u00a0\u00bbInhibiteurs de corrosion interne &#8211; Produits et services pour prot\u00e9ger vos r\u00e9servoirs, enveloppes, conduites et tuyauterie d&rsquo;usine\u00a0\u00bb font_container=\u00a0\u00bbtag:h2|text_align:left\u00a0\u00bb el_class=\u00a0\u00bbcs-highlight-blue\u00a0\u00bb][vc_column_text]Corrosion Service est heureux de s&rsquo;\u00eatre associ\u00e9 \u00e0 Zerust , la soci\u00e9t\u00e9 leader de l&rsquo;industrie des inhibiteurs de corrosion \u00e0 [&hellip;]<\/p>\n","protected":false},"author":15,"featured_media":0,"parent":24964,"menu_order":0,"comment_status":"closed","ping_status":"closed","template":"page-service.php","meta":{"_acf_changed":false,"footnotes":""},"class_list":["post-24522","page","type-page","status-publish","hentry"],"acf":[],"yoast_head":"<!-- This site is optimized with the Yoast SEO plugin v27.4 - https:\/\/yoast.com\/product\/yoast-seo-wordpress\/ -->\n<title>Syst\u00e8mes d&#039;inhibiteurs de corrosion \u00e0 la vapeur | Service de corrosion<\/title>\n<meta name=\"description\" content=\"Fourniture de syst\u00e8mes de protection contre la corrosion VCI cl\u00e9s en main pour les fonds de r\u00e9servoir, les enveloppes, les produits et services d&#039;inhibiteurs de pr\u00e9servation des pipelines et des tuyauteries d&#039;usine.\" \/>\n<meta name=\"robots\" content=\"index, follow, max-snippet:-1, max-image-preview:large, max-video-preview:-1\" \/>\n<link rel=\"canonical\" href=\"https:\/\/corrosionservice.com\/fr\/services\/services-dinhibiteur-de-corrosion-de-vapeur-vci\/\" \/>\n<meta property=\"og:locale\" content=\"fr_FR\" \/>\n<meta property=\"og:type\" content=\"article\" \/>\n<meta property=\"og:title\" content=\"Syst\u00e8mes d&#039;inhibiteurs de corrosion \u00e0 la vapeur | Service de corrosion\" \/>\n<meta property=\"og:description\" content=\"Fourniture de syst\u00e8mes de protection contre la corrosion VCI cl\u00e9s en main pour les fonds de r\u00e9servoir, les enveloppes, les produits et services d&#039;inhibiteurs de pr\u00e9servation des pipelines et des tuyauteries d&#039;usine.\" \/>\n<meta property=\"og:url\" content=\"https:\/\/corrosionservice.com\/fr\/services\/services-dinhibiteur-de-corrosion-de-vapeur-vci\/\" \/>\n<meta property=\"og:site_name\" content=\"Corrosion Service\" \/>\n<meta property=\"article:modified_time\" content=\"2022-10-05T21:35:56+00:00\" \/>\n<meta name=\"twitter:card\" content=\"summary_large_image\" \/>\n<meta name=\"twitter:label1\" content=\"Dur\u00e9e de lecture estim\u00e9e\" \/>\n\t<meta name=\"twitter:data1\" content=\"7 minutes\" \/>\n<script type=\"application\/ld+json\" class=\"yoast-schema-graph\">{\"@context\":\"https:\\\/\\\/schema.org\",\"@graph\":[{\"@type\":\"WebPage\",\"@id\":\"https:\\\/\\\/corrosionservice.com\\\/fr\\\/services\\\/services-dinhibiteur-de-corrosion-de-vapeur-vci\\\/\",\"url\":\"https:\\\/\\\/corrosionservice.com\\\/fr\\\/services\\\/services-dinhibiteur-de-corrosion-de-vapeur-vci\\\/\",\"name\":\"Syst\u00e8mes d'inhibiteurs de corrosion \u00e0 la vapeur | Service de corrosion\",\"isPartOf\":{\"@id\":\"https:\\\/\\\/corrosionservice.com\\\/#website\"},\"datePublished\":\"2019-01-29T12:20:58+00:00\",\"dateModified\":\"2022-10-05T21:35:56+00:00\",\"description\":\"Fourniture de syst\u00e8mes de protection contre la corrosion VCI cl\u00e9s en main pour les fonds de r\u00e9servoir, les enveloppes, les produits et services d'inhibiteurs de pr\u00e9servation des pipelines et des tuyauteries d'usine.\",\"breadcrumb\":{\"@id\":\"https:\\\/\\\/corrosionservice.com\\\/fr\\\/services\\\/services-dinhibiteur-de-corrosion-de-vapeur-vci\\\/#breadcrumb\"},\"inLanguage\":\"fr-FR\",\"potentialAction\":[{\"@type\":\"ReadAction\",\"target\":[\"https:\\\/\\\/corrosionservice.com\\\/fr\\\/services\\\/services-dinhibiteur-de-corrosion-de-vapeur-vci\\\/\"]}]},{\"@type\":\"BreadcrumbList\",\"@id\":\"https:\\\/\\\/corrosionservice.com\\\/fr\\\/services\\\/services-dinhibiteur-de-corrosion-de-vapeur-vci\\\/#breadcrumb\",\"itemListElement\":[{\"@type\":\"ListItem\",\"position\":1,\"name\":\"Home\",\"item\":\"https:\\\/\\\/corrosionservice.com\\\/fr\\\/\"},{\"@type\":\"ListItem\",\"position\":2,\"name\":\"Services\",\"item\":\"https:\\\/\\\/corrosionservice.com\\\/fr\\\/services\\\/\"},{\"@type\":\"ListItem\",\"position\":3,\"name\":\"Services d&rsquo;inhibiteur de corrosion de vapeur (VCI)\"}]},{\"@type\":\"WebSite\",\"@id\":\"https:\\\/\\\/corrosionservice.com\\\/#website\",\"url\":\"https:\\\/\\\/corrosionservice.com\\\/\",\"name\":\"Corrosion Service\",\"description\":\"Entreprise de contr\u00f4le de la corrosion sur les pipelines\",\"potentialAction\":[{\"@type\":\"SearchAction\",\"target\":{\"@type\":\"EntryPoint\",\"urlTemplate\":\"https:\\\/\\\/corrosionservice.com\\\/?s={search_term_string}\"},\"query-input\":{\"@type\":\"PropertyValueSpecification\",\"valueRequired\":true,\"valueName\":\"search_term_string\"}}],\"inLanguage\":\"fr-FR\"}]}<\/script>\n<!-- \/ Yoast SEO plugin. -->","yoast_head_json":{"title":"Syst\u00e8mes d'inhibiteurs de corrosion \u00e0 la vapeur | Service de corrosion","description":"Fourniture de syst\u00e8mes de protection contre la corrosion VCI cl\u00e9s en main pour les fonds de r\u00e9servoir, les enveloppes, les produits et services d'inhibiteurs de pr\u00e9servation des pipelines et des tuyauteries d'usine.","robots":{"index":"index","follow":"follow","max-snippet":"max-snippet:-1","max-image-preview":"max-image-preview:large","max-video-preview":"max-video-preview:-1"},"canonical":"https:\/\/corrosionservice.com\/fr\/services\/services-dinhibiteur-de-corrosion-de-vapeur-vci\/","og_locale":"fr_FR","og_type":"article","og_title":"Syst\u00e8mes d'inhibiteurs de corrosion \u00e0 la vapeur | Service de corrosion","og_description":"Fourniture de syst\u00e8mes de protection contre la corrosion VCI cl\u00e9s en main pour les fonds de r\u00e9servoir, les enveloppes, les produits et services d'inhibiteurs de pr\u00e9servation des pipelines et des tuyauteries d'usine.","og_url":"https:\/\/corrosionservice.com\/fr\/services\/services-dinhibiteur-de-corrosion-de-vapeur-vci\/","og_site_name":"Corrosion Service","article_modified_time":"2022-10-05T21:35:56+00:00","twitter_card":"summary_large_image","twitter_misc":{"Dur\u00e9e de lecture estim\u00e9e":"7 minutes"},"schema":{"@context":"https:\/\/schema.org","@graph":[{"@type":"WebPage","@id":"https:\/\/corrosionservice.com\/fr\/services\/services-dinhibiteur-de-corrosion-de-vapeur-vci\/","url":"https:\/\/corrosionservice.com\/fr\/services\/services-dinhibiteur-de-corrosion-de-vapeur-vci\/","name":"Syst\u00e8mes d'inhibiteurs de corrosion \u00e0 la vapeur | Service de corrosion","isPartOf":{"@id":"https:\/\/corrosionservice.com\/#website"},"datePublished":"2019-01-29T12:20:58+00:00","dateModified":"2022-10-05T21:35:56+00:00","description":"Fourniture de syst\u00e8mes de protection contre la corrosion VCI cl\u00e9s en main pour les fonds de r\u00e9servoir, les enveloppes, les produits et services d'inhibiteurs de pr\u00e9servation des pipelines et des tuyauteries d'usine.","breadcrumb":{"@id":"https:\/\/corrosionservice.com\/fr\/services\/services-dinhibiteur-de-corrosion-de-vapeur-vci\/#breadcrumb"},"inLanguage":"fr-FR","potentialAction":[{"@type":"ReadAction","target":["https:\/\/corrosionservice.com\/fr\/services\/services-dinhibiteur-de-corrosion-de-vapeur-vci\/"]}]},{"@type":"BreadcrumbList","@id":"https:\/\/corrosionservice.com\/fr\/services\/services-dinhibiteur-de-corrosion-de-vapeur-vci\/#breadcrumb","itemListElement":[{"@type":"ListItem","position":1,"name":"Home","item":"https:\/\/corrosionservice.com\/fr\/"},{"@type":"ListItem","position":2,"name":"Services","item":"https:\/\/corrosionservice.com\/fr\/services\/"},{"@type":"ListItem","position":3,"name":"Services d&rsquo;inhibiteur de corrosion de vapeur (VCI)"}]},{"@type":"WebSite","@id":"https:\/\/corrosionservice.com\/#website","url":"https:\/\/corrosionservice.com\/","name":"Corrosion Service","description":"Entreprise de contr\u00f4le de la corrosion sur les pipelines","potentialAction":[{"@type":"SearchAction","target":{"@type":"EntryPoint","urlTemplate":"https:\/\/corrosionservice.com\/?s={search_term_string}"},"query-input":{"@type":"PropertyValueSpecification","valueRequired":true,"valueName":"search_term_string"}}],"inLanguage":"fr-FR"}]}},"_links":{"self":[{"href":"https:\/\/corrosionservice.com\/fr\/wp-json\/wp\/v2\/pages\/24522","targetHints":{"allow":["GET"]}}],"collection":[{"href":"https:\/\/corrosionservice.com\/fr\/wp-json\/wp\/v2\/pages"}],"about":[{"href":"https:\/\/corrosionservice.com\/fr\/wp-json\/wp\/v2\/types\/page"}],"author":[{"embeddable":true,"href":"https:\/\/corrosionservice.com\/fr\/wp-json\/wp\/v2\/users\/15"}],"replies":[{"embeddable":true,"href":"https:\/\/corrosionservice.com\/fr\/wp-json\/wp\/v2\/comments?post=24522"}],"version-history":[{"count":6,"href":"https:\/\/corrosionservice.com\/fr\/wp-json\/wp\/v2\/pages\/24522\/revisions"}],"predecessor-version":[{"id":26334,"href":"https:\/\/corrosionservice.com\/fr\/wp-json\/wp\/v2\/pages\/24522\/revisions\/26334"}],"up":[{"embeddable":true,"href":"https:\/\/corrosionservice.com\/fr\/wp-json\/wp\/v2\/pages\/24964"}],"wp:attachment":[{"href":"https:\/\/corrosionservice.com\/fr\/wp-json\/wp\/v2\/media?parent=24522"}],"curies":[{"name":"wp","href":"https:\/\/api.w.org\/{rel}","templated":true}]}}