{"id":24732,"date":"2018-04-09T13:35:11","date_gmt":"2018-04-09T17:35:11","guid":{"rendered":"https:\/\/corrosionservice.com\/expert-witness-services\/"},"modified":"2025-01-13T09:52:50","modified_gmt":"2025-01-13T14:52:50","slug":"services-de-temoin-expert","status":"publish","type":"page","link":"https:\/\/corrosionservice.com\/fr\/services\/services-de-temoin-expert\/","title":{"rendered":"Services aux t\u00e9moins experts"},"content":{"rendered":"<div class=\"wpb-content-wrapper\"><p>[vc_row enable_parallax=\u00a0\u00bb\u00a0\u00bb parallax_speed=\u00a0\u00bb0.8&Prime; el_class=\u00a0\u00bbreskinned-services-row\u00a0\u00bb][vc_column width=\u00a0\u00bb1\/12&Prime;][\/vc_column][vc_column width=\u00a0\u00bb1\/2&Prime;][vc_raw_html css=\u00a0\u00bb\u00a0\u00bb el_class=\u00a0\u00bbreskinned-services-raw-h1&Prime;]JTNDaDElM0VTZXJ2aWNlcyUyMGF1eCUyMHQlQzMlQTltb2lucyUyMGV4cGVydHMlM0MlMkZoMSUzRSUwQSUzQ2gyJTNFJTNDc3BhbiUyMGNsYXNzJTNEJTIycmVza2lubmVkLXNlcnZpY2VzLXNlY29uZGFyeS1oMSUyMiUzRVQlQzMlQTltb2luJTIwZXhwZXJ0JTIwJUUyJTgwJTk0JTIwJTNDc3BhbiUyMGNsYXNzJTNEJTIydGV4dC1ub3dyYXAlMjIlM0VFeHBlcnRpc2UlM0MlMkZzcGFuJTNFJTIwaW1wYXJ0aWFsZSUyMGVuJTIwbWF0aSVDMyVBOHJlJTIwZGUlMjBjb3Jyb3Npb24lM0MlMkZzcGFuJTNFJTNDJTJGaDIlM0UlMEElM0NhJTIwY2xhc3MlM0QlMjJjb250YWN0LXVzLWN0YSUyMiUyMGhyZWYlM0QlMjJodHRwcyUzQSUyRiUyRmNvcnJvc2lvbnNlcnZpY2UuY29tJTJGZnIlMkZub3VzLWNvbnRhY3RlciUyRiUyMiUzRU5vdXMlMjBjb250YWN0ZXIlM0MlMkZhJTNF[\/vc_raw_html][cs_custom_heading text=\u00a0\u00bbLorsque vous avez besoin d\u2019un avis ind\u00e9pendant et expert pour r\u00e9gler des diff\u00e9rends li\u00e9s \u00e0 la corrosion, CSCL est l\u2019une des rares entreprises au monde \u00e0 poss\u00e9der les connaissances n\u00e9cessaires pour assurer un r\u00e9sultat juste.\u00a0\u00bb font_container=\u00a0\u00bbtag:h2|text_align:left\u00a0\u00bb el_class=\u00a0\u00bbcs-highlight-blue\u00a0\u00bb][vc_column_text]<\/p>\n<h2>Exp\u00e9riment\u00e9<\/h2>\n<p>En tant que l&rsquo;une des soci\u00e9t\u00e9s d&rsquo;ing\u00e9nierie d&rsquo;int\u00e9grit\u00e9 les plus anciennes et les plus connues d&rsquo;Am\u00e9rique du Nord, <a href=\"https:\/\/corrosionservice.com\/about-us\/profile\/\">Corrosion Service Company Limited (CSCL)<\/a> poss\u00e8de les connaissances et l&rsquo;exp\u00e9rience in\u00e9gal\u00e9es requises pour fournir des services de t\u00e9moins experts et un soutien en cas de litige. Nos domaines d&rsquo;expertise en ing\u00e9nierie, r\u00e9unis au cours de plusieurs d\u00e9cennies \u00e0 la pointe de l&rsquo;ing\u00e9nierie, comprennent la corrosion, la protection cathodique, l&rsquo;att\u00e9nuation du courant alternatif et la gestion de l&rsquo;int\u00e9grit\u00e9.<\/p>\n<h2>Bien inform\u00e9<\/h2>\n<p>Nos ing\u00e9nieurs seniors sont pr\u00e9\u00e9minents dans leurs domaines respectifs et ont une connaissance approfondie des mat\u00e9riaux, de l&rsquo;\u00e9lectrochimie, de la construction, de l&rsquo;entretien, des codes et des normes provinciaux\/f\u00e9d\u00e9raux. Ils conseillent sur des cas individuels de mani\u00e8re ind\u00e9pendante, impartiale et techniquement astucieuse, afin que nos clients puissent \u00eatre s\u00fbrs d&rsquo;une d\u00e9cision juste et \u00e9quitable. Soutenus par les ressources techniques d&rsquo;un leader mondial de l&rsquo;ing\u00e9nierie de l&rsquo;int\u00e9grit\u00e9, nos ing\u00e9nieurs seniors sont positionn\u00e9s pour fournir un soutien solide, avec l&rsquo;expertise requise pour r\u00e9soudre n&rsquo;importe quel probl\u00e8me.[\/vc_column_text][\/vc_column][vc_column width=\u00a0\u00bb5\/12&Prime;][vc_single_image image=\u00a0\u00bb24749&Prime; img_size=\u00a0\u00bb690&#215;690&Prime; add_caption=\u00a0\u00bbyes\u00a0\u00bb alignment=\u00a0\u00bbright\u00a0\u00bb el_class=\u00a0\u00bbreskinned-services-featured-img\u00a0\u00bb][\/vc_column][\/vc_row][vc_row el_class=\u00a0\u00bbreskinned-services-row diag-stripes\u00a0\u00bb][vc_column][vc_row_inner][vc_column_inner width=\u00a0\u00bb1\/12&Prime;][\/vc_column_inner][vc_column_inner width=\u00a0\u00bb1\/2&Prime;][cs_custom_heading text=\u00a0\u00bbNos experts\u00a0\u00bb font_container=\u00a0\u00bbtag:h2|font_size:30px|text_align:left|color:%233b3e43&Prime;][vc_single_image image=\u00a0\u00bb22326&Prime; img_size=\u00a0\u00bbmedium\u00a0\u00bb][vc_column_text]<\/p>\n<div class=\"page\" title=\"Page 2\">\n<div class=\"section\">\n<div class=\"layoutArea\">\n<div class=\"column\">\n<h2 style=\"color: #217bb7;\">Bob Gummow<\/h2>\n<p>Bob (Robert) Gummow est ing\u00e9nieur technique principal chez Corrosion Service Company Limited (CSCL). Il travaille chez CSCL depuis 1962 et a occup\u00e9 divers postes, notamment celui de vice-pr\u00e9sident de l&rsquo;ing\u00e9nierie, de pr\u00e9sident et chef de la direction.<\/p>\n<p>Bob est un expert renomm\u00e9 dans tous les domaines de la pr\u00e9vention de la corrosion \u00e9lectrochimique, ayant re\u00e7u le NACE Technical Achievement Award (1989, 1992), le NACE Brannon Award (2004), le Col. Charles C. Cox Award (2013) et plus r\u00e9cemment le NACE Fellow Honor 2016. Bob est titulaire d&rsquo;un baccalaur\u00e9at en g\u00e9nie \u00e9lectrique de l&rsquo;Universit\u00e9 de Toronto, au Canada, et est un sp\u00e9cialiste de la corrosion certifi\u00e9 NACE et un ing\u00e9nieur professionnel.<\/p><\/div>\n<\/div>\n<\/div>\n<\/div>\n<p>[\/vc_column_text][vc_single_image image=\u00a0\u00bb22322&Prime; img_size=\u00a0\u00bbmedium\u00a0\u00bb][vc_column_text]<\/p>\n<div class=\"page\" title=\"Page 2\">\n<div class=\"section\">\n<div class=\"layoutArea\">\n<div class=\"column\">\n<h2 style=\"color: #217bb7;\">Sorin Segall<\/h2>\n<p>Sorin Segall est vice-pr\u00e9sident de l&rsquo;ing\u00e9nierie technique chez Corrosion Service Company Limited (CSCL). Il est au CSCL depuis 1993; sp\u00e9cialis\u00e9e dans l&rsquo;ing\u00e9nierie de la corrosion, y compris la protection cathodique, l&rsquo;att\u00e9nuation des tensions induites par le courant alternatif et la corrosion renforc\u00e9e par le courant alternatif et l&rsquo;\u00e9valuation directe de la corrosion externe. Il est titulaire d&rsquo;une ma\u00eetrise en g\u00e9nie \u00e9lectrique de l&rsquo;Universit\u00e9 de Bucarest, en Roumanie, et est un sp\u00e9cialiste de la protection cathodique certifi\u00e9 NACE et un ing\u00e9nieur professionnel.<\/p><\/div>\n<\/div>\n<\/div>\n<\/div>\n<p>[\/vc_column_text][vc_btn title=\u00a0\u00bbCommuniquez avec votre succursale\u00a0\u00bb css_animation=\u00a0\u00bbbottom-to-top\u00a0\u00bb link=\u00a0\u00bburl:https%3A%2F%2Fwww.corrosionservice.com%2Fcontact-us%2F|\u00a0\u00bb][\/vc_column_inner][vc_column_inner width=\u00a0\u00bb5\/12&Prime;][vc_accordion active_tab=\u00a0\u00bb1&Prime; collapsible=\u00a0\u00bbyes\u00a0\u00bb el_class=\u00a0\u00bbreskinned-accordion\u00a0\u00bb][vc_accordion_tab title=\u00a0\u00bbCaract\u00e9ristiques et avantages\u00a0\u00bb][vc_column_text]<\/p>\n<ul>\n<li>Connaissance approfondie des d\u00e9faillances dues \u00e0 la corrosion et des outils et techniques d&rsquo;att\u00e9nuation n\u00e9cessaires \u00e0 la pr\u00e9vention.<\/li>\n<li>Des d\u00e9cennies d&rsquo;exp\u00e9rience pr\u00e9\u00e9minente avec une r\u00e9putation mondiale pour la recherche et le d\u00e9veloppement dans le<\/li>\n<li>Enti\u00e8rement impartial et ind\u00e9pendant<\/li>\n<\/ul>\n<p>[\/vc_column_text][\/vc_accordion_tab][vc_accordion_tab title=\u00a0\u00bbSoutien aux t\u00e9moins experts et aux t\u00e9moignages\u00a0\u00bb][vc_column_text]<\/p>\n<ul>\n<li>Corrpro Canada, (Calgary, Alberta), 2017<\/li>\n<li>AGL Resources, (Atlanta, G\u00e9orgie), 2017<\/li>\n<li>LCY Chemical Corp. (Taipei, Ta\u00efwan), 2015-2017<\/li>\n<\/ul>\n<p>[\/vc_column_text][\/vc_accordion_tab][vc_accordion_tab title=\u00a0\u00bbT\u00e9l\u00e9chargements\u00a0\u00bb][vc_column_text el_class=\u00a0\u00bbservice-listings-container\u00a0\u00bb]Pour en savoir plus, t\u00e9l\u00e9chargez notre documentation.[\/vc_column_text][\/vc_accordion_tab][\/vc_accordion][\/vc_column_inner][\/vc_row_inner][\/vc_column][\/vc_row][vc_row enable_parallax=\u00a0\u00bb\u00a0\u00bb parallax_speed=\u00a0\u00bb0.8&Prime; el_class=\u00a0\u00bbreskinned-services-row\u00a0\u00bb][vc_column][cs_custom_heading text=\u00a0\u00bbLa biblioth\u00e8que technique du service de corrosion qui documente notre pass\u00e9 et d\u00e9finit notre avenir\u00a0\u00bb font_container=\u00a0\u00bbtag:h2|text_align:center\u00a0\u00bb el_class=\u00a0\u00bbcs-highlight-blue\u00a0\u00bb][vc_column_text]<\/p>\n<p style=\"text-align: center;\"><a href=\"https:\/\/corrosionservice.com\/about-us\/profile\/\">Corrosion Service<\/a> a \u00e9t\u00e9 et demeure un chef de file dans l&rsquo;industrie du contr\u00f4le de la corrosion, soutenant les diverses industries en Am\u00e9rique du Nord et dans le monde, assurant l&rsquo;int\u00e9grit\u00e9 des actifs en fournissant des services d&rsquo;ing\u00e9nierie responsables. Dans le cadre de notre engagement continu, nous aimerions vous souhaiter la bienvenue dans notre biblioth\u00e8que \u00e9lectronique en tant qu&rsquo;endroit o\u00f9 consulter nos divers documents techniques \u00e9crits et pr\u00e9sent\u00e9s au cours des 69 derni\u00e8res ann\u00e9es et qui ont soutenu l&rsquo;avancement de l&rsquo;industrie de la corrosion.<\/p>\n<p style=\"text-align: center;\">Nous avons \u00e9galement converti un bureau d&rsquo;angle principal en biblioth\u00e8que \u00e0 notre <a href=\"https:\/\/corrosionservice.com\/fr\/nous-contacter\/toronto\/#\">si\u00e8ge social<\/a> et d\u00e9di\u00e9 la salle \u00e0 Sorin Segall pour son engagement envers Corrosion Service, les nombreux articles pr\u00e9sent\u00e9s, le mentorat en ing\u00e9nierie au sein de Corrosion Service et envers notre industrie. Nous serions ravis que vous veniez voir cette biblioth\u00e8que compl\u00e8te qui comprend divers manuels, des publications pertinentes, tous les magazines <a href=\"http:\/\/www.materialsperformance.com\/\">NACE Materials Performance<\/a> pr\u00e9sent\u00e9s depuis la premi\u00e8re publication, des bulletins techniques et divers autres documents imprim\u00e9s li\u00e9s \u00e0 la corrosion.<\/p>\n<p>[\/vc_column_text][vc_btn title=\u00a0\u00bbVisitez notre biblioth\u00e8que technique\u00a0\u00bb align=\u00a0\u00bbcenter\u00a0\u00bb link=\u00a0\u00bburl:https%3A%2F%2Fcorrosionservice.com%2Ffr%2Fbibliotheque-des-documents-techniques%2F|\u00a0\u00bb][\/vc_column][\/vc_row][vc_row el_class=\u00a0\u00bbreskinned-services-row reskinned-services-featuring-store\u00a0\u00bb][vc_column][vc_column_text]<\/p>\n<p style=\"text-align: center;\">Depuis notre cr\u00e9ation en 1950, nous avons construit une vaste gamme de produits sp\u00e9cialis\u00e9s pour l&rsquo;industrie de la pr\u00e9vention de la corrosion.<\/p>\n<p style=\"text-align: center;\">Notre \u00e9quipe d&rsquo;approvisionnement en mat\u00e9riaux a acc\u00e8s \u00e0 une gamme compl\u00e8te de mat\u00e9riaux de protection cathodique fabriqu\u00e9s en interne et provenant de fournisseurs partenaires. Notre \u00e9quipe d\u00e9di\u00e9e \u00e0 la cha\u00eene d&rsquo;approvisionnement est bas\u00e9e \u00e0 Toronto aux c\u00f4t\u00e9s de notre centre de distribution de mat\u00e9riaux, qui est capable de livrer des mat\u00e9riaux dans le monde entier \u00e0 court pr\u00e9avis.<\/p>\n<p>[\/vc_column_text][vc_btn title=\u00a0\u00bbVisitez notre magasin de mat\u00e9riaux en ligne\u00a0\u00bb align=\u00a0\u00bbcenter\u00a0\u00bb link=\u00a0\u00bburl:https%3A%2F%2Fproducts.corrosionservice.com%2F|\u00a0\u00bb][\/vc_column][\/vc_row]<\/p>\n<\/div>","protected":false},"excerpt":{"rendered":"<p>[vc_row enable_parallax=\u00a0\u00bb\u00a0\u00bb parallax_speed=\u00a0\u00bb0.8&Prime; el_class=\u00a0\u00bbreskinned-services-row\u00a0\u00bb][vc_column width=\u00a0\u00bb1\/12&Prime;][\/vc_column][vc_column width=\u00a0\u00bb1\/2&Prime;][vc_raw_html css=\u00a0\u00bb\u00a0\u00bb el_class=\u00a0\u00bbreskinned-services-raw-h1&Prime;]JTNDaDElM0VTZXJ2aWNlcyUyMGF1eCUyMHQlQzMlQTltb2lucyUyMGV4cGVydHMlM0MlMkZoMSUzRSUwQSUzQ2gyJTNFJTNDc3BhbiUyMGNsYXNzJTNEJTIycmVza2lubmVkLXNlcnZpY2VzLXNlY29uZGFyeS1oMSUyMiUzRVQlQzMlQTltb2luJTIwZXhwZXJ0JTIwJUUyJTgwJTk0JTIwJTNDc3BhbiUyMGNsYXNzJTNEJTIydGV4dC1ub3dyYXAlMjIlM0VFeHBlcnRpc2UlM0MlMkZzcGFuJTNFJTIwaW1wYXJ0aWFsZSUyMGVuJTIwbWF0aSVDMyVBOHJlJTIwZGUlMjBjb3Jyb3Npb24lM0MlMkZzcGFuJTNFJTNDJTJGaDIlM0UlMEElM0NhJTIwY2xhc3MlM0QlMjJjb250YWN0LXVzLWN0YSUyMiUyMGhyZWYlM0QlMjJodHRwcyUzQSUyRiUyRmNvcnJvc2lvbnNlcnZpY2UuY29tJTJGZnIlMkZub3VzLWNvbnRhY3RlciUyRiUyMiUzRU5vdXMlMjBjb250YWN0ZXIlM0MlMkZhJTNF[\/vc_raw_html][cs_custom_heading text=\u00a0\u00bbLorsque vous avez besoin d\u2019un avis ind\u00e9pendant et expert pour r\u00e9gler des diff\u00e9rends li\u00e9s \u00e0 la corrosion, CSCL est l\u2019une des rares entreprises au monde \u00e0 poss\u00e9der les connaissances n\u00e9cessaires pour assurer un r\u00e9sultat juste.\u00a0\u00bb font_container=\u00a0\u00bbtag:h2|text_align:left\u00a0\u00bb el_class=\u00a0\u00bbcs-highlight-blue\u00a0\u00bb][vc_column_text] [&hellip;]<\/p>\n","protected":false},"author":1,"featured_media":0,"parent":24964,"menu_order":0,"comment_status":"closed","ping_status":"closed","template":"page-service.php","meta":{"_acf_changed":false,"footnotes":""},"class_list":["post-24732","page","type-page","status-publish","hentry"],"acf":[],"yoast_head":"<!-- This site is optimized with the Yoast SEO plugin v27.4 - https:\/\/yoast.com\/product\/yoast-seo-wordpress\/ -->\n<title>Services de t\u00e9moins experts | Entreprise de service de corrosion<\/title>\n<meta name=\"description\" content=\"Services aux t\u00e9moins experts | nous sommes impartiaux et astucieux sur le plan technique, afin que nos clients puissent \u00eatre s\u00fbrs d&#039;une d\u00e9termination juste et \u00e9quitable. Contactez-nous pour plus de d\u00e9tails\u00a0:\" \/>\n<meta name=\"robots\" content=\"index, follow, max-snippet:-1, max-image-preview:large, max-video-preview:-1\" \/>\n<link rel=\"canonical\" href=\"https:\/\/corrosionservice.com\/fr\/services\/services-de-temoin-expert\/\" \/>\n<meta property=\"og:locale\" content=\"fr_FR\" \/>\n<meta property=\"og:type\" content=\"article\" \/>\n<meta property=\"og:title\" content=\"Services de t\u00e9moins experts | Entreprise de service de corrosion\" \/>\n<meta property=\"og:description\" content=\"Services aux t\u00e9moins experts | nous sommes impartiaux et astucieux sur le plan technique, afin que nos clients puissent \u00eatre s\u00fbrs d&#039;une d\u00e9termination juste et \u00e9quitable. Contactez-nous pour plus de d\u00e9tails\u00a0:\" \/>\n<meta property=\"og:url\" content=\"https:\/\/corrosionservice.com\/fr\/services\/services-de-temoin-expert\/\" \/>\n<meta property=\"og:site_name\" content=\"Corrosion Service\" \/>\n<meta property=\"article:modified_time\" content=\"2025-01-13T14:52:50+00:00\" \/>\n<meta name=\"twitter:card\" content=\"summary_large_image\" \/>\n<meta name=\"twitter:label1\" content=\"Dur\u00e9e de lecture estim\u00e9e\" \/>\n\t<meta name=\"twitter:data1\" content=\"5 minutes\" \/>\n<script type=\"application\/ld+json\" class=\"yoast-schema-graph\">{\"@context\":\"https:\\\/\\\/schema.org\",\"@graph\":[{\"@type\":\"WebPage\",\"@id\":\"https:\\\/\\\/corrosionservice.com\\\/fr\\\/services\\\/services-de-temoin-expert\\\/\",\"url\":\"https:\\\/\\\/corrosionservice.com\\\/fr\\\/services\\\/services-de-temoin-expert\\\/\",\"name\":\"Services de t\u00e9moins experts | Entreprise de service de corrosion\",\"isPartOf\":{\"@id\":\"https:\\\/\\\/corrosionservice.com\\\/#website\"},\"datePublished\":\"2018-04-09T17:35:11+00:00\",\"dateModified\":\"2025-01-13T14:52:50+00:00\",\"description\":\"Services aux t\u00e9moins experts | nous sommes impartiaux et astucieux sur le plan technique, afin que nos clients puissent \u00eatre s\u00fbrs d'une d\u00e9termination juste et \u00e9quitable. Contactez-nous pour plus de d\u00e9tails\u00a0:\",\"breadcrumb\":{\"@id\":\"https:\\\/\\\/corrosionservice.com\\\/fr\\\/services\\\/services-de-temoin-expert\\\/#breadcrumb\"},\"inLanguage\":\"fr-FR\",\"potentialAction\":[{\"@type\":\"ReadAction\",\"target\":[\"https:\\\/\\\/corrosionservice.com\\\/fr\\\/services\\\/services-de-temoin-expert\\\/\"]}]},{\"@type\":\"BreadcrumbList\",\"@id\":\"https:\\\/\\\/corrosionservice.com\\\/fr\\\/services\\\/services-de-temoin-expert\\\/#breadcrumb\",\"itemListElement\":[{\"@type\":\"ListItem\",\"position\":1,\"name\":\"Home\",\"item\":\"https:\\\/\\\/corrosionservice.com\\\/fr\\\/\"},{\"@type\":\"ListItem\",\"position\":2,\"name\":\"Services\",\"item\":\"https:\\\/\\\/corrosionservice.com\\\/fr\\\/services\\\/\"},{\"@type\":\"ListItem\",\"position\":3,\"name\":\"Services aux t\u00e9moins experts\"}]},{\"@type\":\"WebSite\",\"@id\":\"https:\\\/\\\/corrosionservice.com\\\/#website\",\"url\":\"https:\\\/\\\/corrosionservice.com\\\/\",\"name\":\"Corrosion Service\",\"description\":\"Entreprise de contr\u00f4le de la corrosion sur les pipelines\",\"potentialAction\":[{\"@type\":\"SearchAction\",\"target\":{\"@type\":\"EntryPoint\",\"urlTemplate\":\"https:\\\/\\\/corrosionservice.com\\\/?s={search_term_string}\"},\"query-input\":{\"@type\":\"PropertyValueSpecification\",\"valueRequired\":true,\"valueName\":\"search_term_string\"}}],\"inLanguage\":\"fr-FR\"}]}<\/script>\n<!-- \/ Yoast SEO plugin. -->","yoast_head_json":{"title":"Services de t\u00e9moins experts | Entreprise de service de corrosion","description":"Services aux t\u00e9moins experts | nous sommes impartiaux et astucieux sur le plan technique, afin que nos clients puissent \u00eatre s\u00fbrs d'une d\u00e9termination juste et \u00e9quitable. Contactez-nous pour plus de d\u00e9tails\u00a0:","robots":{"index":"index","follow":"follow","max-snippet":"max-snippet:-1","max-image-preview":"max-image-preview:large","max-video-preview":"max-video-preview:-1"},"canonical":"https:\/\/corrosionservice.com\/fr\/services\/services-de-temoin-expert\/","og_locale":"fr_FR","og_type":"article","og_title":"Services de t\u00e9moins experts | Entreprise de service de corrosion","og_description":"Services aux t\u00e9moins experts | nous sommes impartiaux et astucieux sur le plan technique, afin que nos clients puissent \u00eatre s\u00fbrs d'une d\u00e9termination juste et \u00e9quitable. Contactez-nous pour plus de d\u00e9tails\u00a0:","og_url":"https:\/\/corrosionservice.com\/fr\/services\/services-de-temoin-expert\/","og_site_name":"Corrosion Service","article_modified_time":"2025-01-13T14:52:50+00:00","twitter_card":"summary_large_image","twitter_misc":{"Dur\u00e9e de lecture estim\u00e9e":"5 minutes"},"schema":{"@context":"https:\/\/schema.org","@graph":[{"@type":"WebPage","@id":"https:\/\/corrosionservice.com\/fr\/services\/services-de-temoin-expert\/","url":"https:\/\/corrosionservice.com\/fr\/services\/services-de-temoin-expert\/","name":"Services de t\u00e9moins experts | Entreprise de service de corrosion","isPartOf":{"@id":"https:\/\/corrosionservice.com\/#website"},"datePublished":"2018-04-09T17:35:11+00:00","dateModified":"2025-01-13T14:52:50+00:00","description":"Services aux t\u00e9moins experts | nous sommes impartiaux et astucieux sur le plan technique, afin que nos clients puissent \u00eatre s\u00fbrs d'une d\u00e9termination juste et \u00e9quitable. Contactez-nous pour plus de d\u00e9tails\u00a0:","breadcrumb":{"@id":"https:\/\/corrosionservice.com\/fr\/services\/services-de-temoin-expert\/#breadcrumb"},"inLanguage":"fr-FR","potentialAction":[{"@type":"ReadAction","target":["https:\/\/corrosionservice.com\/fr\/services\/services-de-temoin-expert\/"]}]},{"@type":"BreadcrumbList","@id":"https:\/\/corrosionservice.com\/fr\/services\/services-de-temoin-expert\/#breadcrumb","itemListElement":[{"@type":"ListItem","position":1,"name":"Home","item":"https:\/\/corrosionservice.com\/fr\/"},{"@type":"ListItem","position":2,"name":"Services","item":"https:\/\/corrosionservice.com\/fr\/services\/"},{"@type":"ListItem","position":3,"name":"Services aux t\u00e9moins experts"}]},{"@type":"WebSite","@id":"https:\/\/corrosionservice.com\/#website","url":"https:\/\/corrosionservice.com\/","name":"Corrosion Service","description":"Entreprise de contr\u00f4le de la corrosion sur les pipelines","potentialAction":[{"@type":"SearchAction","target":{"@type":"EntryPoint","urlTemplate":"https:\/\/corrosionservice.com\/?s={search_term_string}"},"query-input":{"@type":"PropertyValueSpecification","valueRequired":true,"valueName":"search_term_string"}}],"inLanguage":"fr-FR"}]}},"_links":{"self":[{"href":"https:\/\/corrosionservice.com\/fr\/wp-json\/wp\/v2\/pages\/24732","targetHints":{"allow":["GET"]}}],"collection":[{"href":"https:\/\/corrosionservice.com\/fr\/wp-json\/wp\/v2\/pages"}],"about":[{"href":"https:\/\/corrosionservice.com\/fr\/wp-json\/wp\/v2\/types\/page"}],"author":[{"embeddable":true,"href":"https:\/\/corrosionservice.com\/fr\/wp-json\/wp\/v2\/users\/1"}],"replies":[{"embeddable":true,"href":"https:\/\/corrosionservice.com\/fr\/wp-json\/wp\/v2\/comments?post=24732"}],"version-history":[{"count":23,"href":"https:\/\/corrosionservice.com\/fr\/wp-json\/wp\/v2\/pages\/24732\/revisions"}],"predecessor-version":[{"id":26947,"href":"https:\/\/corrosionservice.com\/fr\/wp-json\/wp\/v2\/pages\/24732\/revisions\/26947"}],"up":[{"embeddable":true,"href":"https:\/\/corrosionservice.com\/fr\/wp-json\/wp\/v2\/pages\/24964"}],"wp:attachment":[{"href":"https:\/\/corrosionservice.com\/fr\/wp-json\/wp\/v2\/media?parent=24732"}],"curies":[{"name":"wp","href":"https:\/\/api.w.org\/{rel}","templated":true}]}}