{"id":24910,"date":"2015-03-27T07:14:08","date_gmt":"2015-03-27T11:14:08","guid":{"rendered":"https:\/\/corrosionservice.com\/profile\/"},"modified":"2022-04-04T15:07:45","modified_gmt":"2022-04-04T19:07:45","slug":"profil-d-entreprise","status":"publish","type":"page","link":"https:\/\/corrosionservice.com\/fr\/profil-d-entreprise\/","title":{"rendered":"Profil d&rsquo;entreprise"},"content":{"rendered":"<div class=\"wpb-content-wrapper\"><p>[vc_row row_responsive_large=\u00a0\u00bb\u00a0\u00bb row_responsive_medium=\u00a0\u00bb\u00a0\u00bb row_responsive_small=\u00a0\u00bb\u00a0\u00bb row_responsive_extra_small=\u00a0\u00bb\u00a0\u00bb enable_triangle=\u00a0\u00bb0&Prime; triangle_pos=\u00a0\u00bbtop\u00a0\u00bb loop=\u00a0\u00bb\u00a0\u00bb autoplay=\u00a0\u00bb\u00a0\u00bb muted=\u00a0\u00bb\u00a0\u00bb controls=\u00a0\u00bb\u00a0\u00bb show_btn=\u00a0\u00bb\u00a0\u00bb][vc_column width=\u00a0\u00bb5\/12&Prime; css=\u00a0\u00bb.vc_custom_1521581799622{background-color: #f5f5f5 !important;}\u00a0\u00bb el_class=\u00a0\u00bbdiag-stripes reskinned-side-bar\u00a0\u00bb][vc_accordion active_tab=\u00a0\u00bb1&Prime; collapsible=\u00a0\u00bbyes\u00a0\u00bb title_align=\u00a0\u00bbleft\u00a0\u00bb el_class=\u00a0\u00bbreskinned-accordion\u00a0\u00bb][vc_accordion_tab title=\u00a0\u00bbVision\u00a0\u00bb][vc_column_text]\u201cNotre vision est d&rsquo;\u00eatre reconnu dans les industries que nous servons comme le premier et le meilleur choix pour les syst\u00e8mes, produits et services d&rsquo;ing\u00e9nierie de la corrosion<span class=\"s1\">.\u201d<\/span>[\/vc_column_text][\/vc_accordion_tab][vc_accordion_tab title=\u00a0\u00bbMission\u00a0\u00bb][vc_column_text]<\/p>\n<p class=\"p1\">\u201cNous sommes une \u00e9quipe de professionnels de l&rsquo;industrie qui se consacrent \u00e0 la protection de l&rsquo;environnement, de nos concitoyens et de la prosp\u00e9rit\u00e9 de nos communaut\u00e9s en appliquant nos comp\u00e9tences et nos connaissances en toute s\u00e9curit\u00e9 pour pr\u00e9venir la corrosion. Nous nous efforcerons de collaborer avec nos clients de mani\u00e8re franche et solidaire, afin de pouvoir leur fournir les outils, les techniques et les connaissances les plus avanc\u00e9s n\u00e9cessaires pour pr\u00e9server l&rsquo;int\u00e9grit\u00e9 de leur infrastructure.\u201d<\/p>\n<p>[\/vc_column_text][\/vc_accordion_tab][vc_accordion_tab title=\u00a0\u00bbValeurs fondamentales\u00a0\u00bb][vc_column_text]<\/p>\n<ul>\n<li class=\"p1\">Engagement envers le travail d&rsquo;\u00e9quipe et la collaboration<\/li>\n<li class=\"p1\">Engagement \u00e0 comprendre et \u00e0 d\u00e9passer les besoins de nos clients<\/li>\n<li class=\"p1\">Engagement envers l&rsquo;am\u00e9lioration continue, l&rsquo;innovation et l&rsquo;apprentissage<\/li>\n<li class=\"p1\">Engagement envers l&rsquo;int\u00e9grit\u00e9 et la responsabilit\u00e9<\/li>\n<li class=\"p1\">Engagement \u00e0 agir de mani\u00e8re durable et contr\u00f4l\u00e9e<\/li>\n<\/ul>\n<p>[\/vc_column_text][\/vc_accordion_tab][\/vc_accordion][\/vc_column][vc_column width=\u00a0\u00bb7\/12&Prime; el_class=\u00a0\u00bbreskinned-content-wrapper\u00a0\u00bb][cs_custom_heading text=\u00a0\u00bbprofil d&rsquo;entreprise<br \/>\n\u00a0\u00bb font_container=\u00a0\u00bbtag:h1|text_align:left|color:%23e97025|line_height:1&Prime; font_format=\u00a0\u00bb600&Prime; title_top_line_margin_bottom=\u00a0\u00bb0px\u00a0\u00bb][cs_custom_heading text=\u00a0\u00bbEngag\u00e9 au service<br \/>\n\u00a0\u00bb font_container=\u00a0\u00bbtag:h2|text_align:left\u00a0\u00bb el_class=\u00a0\u00bbcs-highlight-blue\u00a0\u00bb][vc_column_text]Corrosion Service a \u00e9t\u00e9 fond\u00e9e en 1950 par Thomas R.B. Watson en tant que premi\u00e8re entreprise canadienne \u00e0 se sp\u00e9cialiser dans la protection cathodique. Notre philosophie fondatrice \u00e9tait bas\u00e9e sur les principes de fournir un excellent service client et de d\u00e9velopper une compr\u00e9hension approfondie des besoins des clients, ces m\u00eames principes fondamentaux guident toujours notre entreprise aujourd&rsquo;hui.<\/p>\n<p>Tout au long de notre histoire, nous avons toujours \u00e9t\u00e9 la propri\u00e9t\u00e9 priv\u00e9e de groupes successifs d&#8217;employ\u00e9s qui se sont \u00e9lev\u00e9s au sein de l&rsquo;organisation. Cette structure de propri\u00e9t\u00e9 nous donne une perspective unique sur les affaires et garantit que nos parties prenantes (clients, employ\u00e9s et partenaires), plut\u00f4t que les actionnaires, passent toujours en premier. C&rsquo;est vital pour une entreprise comme la n\u00f4tre, \u00e9tant donn\u00e9 que nous existons avant tout pour prot\u00e9ger l&rsquo;environnement, nos concitoyens et la prosp\u00e9rit\u00e9 des communaut\u00e9s dans lesquelles nous vivons.[\/vc_column_text][vc_empty_space height=\u00a0\u00bb40&Prime;][vc_separator color=\u00a0\u00bbcustom\u00a0\u00bb accent_color=\u00a0\u00bb#939ba1&Prime;][vc_empty_space height=\u00a0\u00bb70&Prime;][cs_custom_heading text=\u00a0\u00bbLe service est au c\u0153ur de nos pr\u00e9occupations\u00a0\u00bb font_container=\u00a0\u00bbtag:h2|text_align:left\u00a0\u00bb el_class=\u00a0\u00bbcs-highlight-blue\u00a0\u00bb][vc_column_text]Notre groupe diversifi\u00e9 et talentueux de professionnels de l&rsquo;industrie se sp\u00e9cialise dans trois techniques de contr\u00f4le \u00e9lectrochimique de la corrosion (<a href=\"https:\/\/corrosionservice.com\/fr\/services\/la-protection-cathodique\/\">La protection cathodique<\/a>, <a href=\"https:\/\/corrosionservice.com\/fr\/services\/la-protection-cathodique\/\">Protection anodique<\/a> and <a href=\"https:\/\/corrosionservice.com\/fr\/services\/protection-dajustement-potentiel\/\">Protection d\u2019ajustement potentiel\u00ae<\/a>), \u00e9valuation de l&rsquo;int\u00e9grit\u00e9 des pipelines enterr\u00e9s et att\u00e9nuation de la CA pour les pipelines install\u00e9s dans des couloirs partag\u00e9s avec des lignes \u00e9lectriques \u00e0 haute tension. Dans chacune des cinq cat\u00e9gories de syst\u00e8me d&rsquo;att\u00e9nuation AC, Anotection\u00ae Anodic Protection, protection cathodique, <a href=\"https:\/\/corrosionservice.com\/fr\/services\/evaluation-de-lintegrite\/\">\u00e9valuation de l&rsquo;int\u00e9grit\u00e9<\/a> et Potentiel Adjustment Protection\u00ae, nous sommes engag\u00e9s dans la r\u00e9alisation d&rsquo;une vari\u00e9t\u00e9 de services d&rsquo;ing\u00e9nierie internes et sur site tels que la conception, l&rsquo;ing\u00e9nierie, l&rsquo;inspection, la construction et les enqu\u00eates. En outre, CSCL propose une gamme de produits fabriqu\u00e9s et d&rsquo;origine externe qui compl\u00e8tent et renforcent nos activit\u00e9s dans chacune des cinq cat\u00e9gories de syst\u00e8mes.<\/p>\n<p>[\/vc_column_text][\/vc_column][\/vc_row]<\/p>\n<\/div>","protected":false},"excerpt":{"rendered":"<p>[vc_row row_responsive_large=\u00a0\u00bb\u00a0\u00bb row_responsive_medium=\u00a0\u00bb\u00a0\u00bb row_responsive_small=\u00a0\u00bb\u00a0\u00bb row_responsive_extra_small=\u00a0\u00bb\u00a0\u00bb enable_triangle=\u00a0\u00bb0&Prime; triangle_pos=\u00a0\u00bbtop\u00a0\u00bb loop=\u00a0\u00bb\u00a0\u00bb autoplay=\u00a0\u00bb\u00a0\u00bb muted=\u00a0\u00bb\u00a0\u00bb controls=\u00a0\u00bb\u00a0\u00bb show_btn=\u00a0\u00bb\u00a0\u00bb][vc_column width=\u00a0\u00bb5\/12&Prime; css=\u00a0\u00bb.vc_custom_1521581799622{background-color: #f5f5f5 !important;}\u00a0\u00bb el_class=\u00a0\u00bbdiag-stripes reskinned-side-bar\u00a0\u00bb][vc_accordion active_tab=\u00a0\u00bb1&Prime; collapsible=\u00a0\u00bbyes\u00a0\u00bb title_align=\u00a0\u00bbleft\u00a0\u00bb el_class=\u00a0\u00bbreskinned-accordion\u00a0\u00bb][vc_accordion_tab title=\u00a0\u00bbVision\u00a0\u00bb][vc_column_text]\u201cNotre vision est d&rsquo;\u00eatre reconnu dans les industries que nous servons comme le premier et le meilleur choix pour les syst\u00e8mes, produits et [&hellip;]<\/p>\n","protected":false},"author":1,"featured_media":0,"parent":0,"menu_order":0,"comment_status":"closed","ping_status":"closed","template":"","meta":{"_acf_changed":false,"footnotes":""},"class_list":["post-24910","page","type-page","status-publish","hentry"],"acf":[],"yoast_head":"<!-- This site is optimized with the Yoast SEO plugin v27.4 - https:\/\/yoast.com\/product\/yoast-seo-wordpress\/ -->\n<title>Corporate Profile | Corrosion Service Company Ltd.<\/title>\n<meta name=\"description\" content=\"At Corrosion Service, we&#039;re committed to service. We specialize in corrosion prevention design and engineering. Learn more about our company:\" \/>\n<meta name=\"robots\" content=\"index, follow, max-snippet:-1, max-image-preview:large, max-video-preview:-1\" \/>\n<link rel=\"canonical\" href=\"https:\/\/corrosionservice.com\/fr\/profil-d-entreprise\/\" \/>\n<meta property=\"og:locale\" content=\"fr_FR\" \/>\n<meta property=\"og:type\" content=\"article\" \/>\n<meta property=\"og:title\" content=\"Corporate Profile | Corrosion Service Company Ltd.\" \/>\n<meta property=\"og:description\" content=\"At Corrosion Service, we&#039;re committed to service. We specialize in corrosion prevention design and engineering. Learn more about our company:\" \/>\n<meta property=\"og:url\" content=\"https:\/\/corrosionservice.com\/fr\/profil-d-entreprise\/\" \/>\n<meta property=\"og:site_name\" content=\"Corrosion Service\" \/>\n<meta property=\"article:modified_time\" content=\"2022-04-04T19:07:45+00:00\" \/>\n<meta name=\"twitter:card\" content=\"summary_large_image\" \/>\n<meta name=\"twitter:label1\" content=\"Dur\u00e9e de lecture estim\u00e9e\" \/>\n\t<meta name=\"twitter:data1\" content=\"3 minutes\" \/>\n<script type=\"application\/ld+json\" class=\"yoast-schema-graph\">{\"@context\":\"https:\\\/\\\/schema.org\",\"@graph\":[{\"@type\":\"WebPage\",\"@id\":\"https:\\\/\\\/corrosionservice.com\\\/fr\\\/profil-d-entreprise\\\/\",\"url\":\"https:\\\/\\\/corrosionservice.com\\\/fr\\\/profil-d-entreprise\\\/\",\"name\":\"Corporate Profile | Corrosion Service Company Ltd.\",\"isPartOf\":{\"@id\":\"https:\\\/\\\/corrosionservice.com\\\/#website\"},\"datePublished\":\"2015-03-27T11:14:08+00:00\",\"dateModified\":\"2022-04-04T19:07:45+00:00\",\"description\":\"At Corrosion Service, we're committed to service. We specialize in corrosion prevention design and engineering. Learn more about our company:\",\"breadcrumb\":{\"@id\":\"https:\\\/\\\/corrosionservice.com\\\/fr\\\/profil-d-entreprise\\\/#breadcrumb\"},\"inLanguage\":\"fr-FR\",\"potentialAction\":[{\"@type\":\"ReadAction\",\"target\":[\"https:\\\/\\\/corrosionservice.com\\\/fr\\\/profil-d-entreprise\\\/\"]}]},{\"@type\":\"BreadcrumbList\",\"@id\":\"https:\\\/\\\/corrosionservice.com\\\/fr\\\/profil-d-entreprise\\\/#breadcrumb\",\"itemListElement\":[{\"@type\":\"ListItem\",\"position\":1,\"name\":\"Home\",\"item\":\"https:\\\/\\\/corrosionservice.com\\\/fr\\\/\"},{\"@type\":\"ListItem\",\"position\":2,\"name\":\"Profil d&rsquo;entreprise\"}]},{\"@type\":\"WebSite\",\"@id\":\"https:\\\/\\\/corrosionservice.com\\\/#website\",\"url\":\"https:\\\/\\\/corrosionservice.com\\\/\",\"name\":\"Corrosion Service\",\"description\":\"Entreprise de contr\u00f4le de la corrosion sur les pipelines\",\"potentialAction\":[{\"@type\":\"SearchAction\",\"target\":{\"@type\":\"EntryPoint\",\"urlTemplate\":\"https:\\\/\\\/corrosionservice.com\\\/?s={search_term_string}\"},\"query-input\":{\"@type\":\"PropertyValueSpecification\",\"valueRequired\":true,\"valueName\":\"search_term_string\"}}],\"inLanguage\":\"fr-FR\"}]}<\/script>\n<!-- \/ Yoast SEO plugin. -->","yoast_head_json":{"title":"Corporate Profile | Corrosion Service Company Ltd.","description":"At Corrosion Service, we're committed to service. We specialize in corrosion prevention design and engineering. Learn more about our company:","robots":{"index":"index","follow":"follow","max-snippet":"max-snippet:-1","max-image-preview":"max-image-preview:large","max-video-preview":"max-video-preview:-1"},"canonical":"https:\/\/corrosionservice.com\/fr\/profil-d-entreprise\/","og_locale":"fr_FR","og_type":"article","og_title":"Corporate Profile | Corrosion Service Company Ltd.","og_description":"At Corrosion Service, we're committed to service. We specialize in corrosion prevention design and engineering. Learn more about our company:","og_url":"https:\/\/corrosionservice.com\/fr\/profil-d-entreprise\/","og_site_name":"Corrosion Service","article_modified_time":"2022-04-04T19:07:45+00:00","twitter_card":"summary_large_image","twitter_misc":{"Dur\u00e9e de lecture estim\u00e9e":"3 minutes"},"schema":{"@context":"https:\/\/schema.org","@graph":[{"@type":"WebPage","@id":"https:\/\/corrosionservice.com\/fr\/profil-d-entreprise\/","url":"https:\/\/corrosionservice.com\/fr\/profil-d-entreprise\/","name":"Corporate Profile | Corrosion Service Company Ltd.","isPartOf":{"@id":"https:\/\/corrosionservice.com\/#website"},"datePublished":"2015-03-27T11:14:08+00:00","dateModified":"2022-04-04T19:07:45+00:00","description":"At Corrosion Service, we're committed to service. We specialize in corrosion prevention design and engineering. Learn more about our company:","breadcrumb":{"@id":"https:\/\/corrosionservice.com\/fr\/profil-d-entreprise\/#breadcrumb"},"inLanguage":"fr-FR","potentialAction":[{"@type":"ReadAction","target":["https:\/\/corrosionservice.com\/fr\/profil-d-entreprise\/"]}]},{"@type":"BreadcrumbList","@id":"https:\/\/corrosionservice.com\/fr\/profil-d-entreprise\/#breadcrumb","itemListElement":[{"@type":"ListItem","position":1,"name":"Home","item":"https:\/\/corrosionservice.com\/fr\/"},{"@type":"ListItem","position":2,"name":"Profil d&rsquo;entreprise"}]},{"@type":"WebSite","@id":"https:\/\/corrosionservice.com\/#website","url":"https:\/\/corrosionservice.com\/","name":"Corrosion Service","description":"Entreprise de contr\u00f4le de la corrosion sur les pipelines","potentialAction":[{"@type":"SearchAction","target":{"@type":"EntryPoint","urlTemplate":"https:\/\/corrosionservice.com\/?s={search_term_string}"},"query-input":{"@type":"PropertyValueSpecification","valueRequired":true,"valueName":"search_term_string"}}],"inLanguage":"fr-FR"}]}},"_links":{"self":[{"href":"https:\/\/corrosionservice.com\/fr\/wp-json\/wp\/v2\/pages\/24910","targetHints":{"allow":["GET"]}}],"collection":[{"href":"https:\/\/corrosionservice.com\/fr\/wp-json\/wp\/v2\/pages"}],"about":[{"href":"https:\/\/corrosionservice.com\/fr\/wp-json\/wp\/v2\/types\/page"}],"author":[{"embeddable":true,"href":"https:\/\/corrosionservice.com\/fr\/wp-json\/wp\/v2\/users\/1"}],"replies":[{"embeddable":true,"href":"https:\/\/corrosionservice.com\/fr\/wp-json\/wp\/v2\/comments?post=24910"}],"version-history":[{"count":5,"href":"https:\/\/corrosionservice.com\/fr\/wp-json\/wp\/v2\/pages\/24910\/revisions"}],"predecessor-version":[{"id":25402,"href":"https:\/\/corrosionservice.com\/fr\/wp-json\/wp\/v2\/pages\/24910\/revisions\/25402"}],"wp:attachment":[{"href":"https:\/\/corrosionservice.com\/fr\/wp-json\/wp\/v2\/media?parent=24910"}],"curies":[{"name":"wp","href":"https:\/\/api.w.org\/{rel}","templated":true}]}}