{"id":24938,"date":"2015-05-28T17:04:25","date_gmt":"2015-05-28T21:04:25","guid":{"rendered":"https:\/\/corrosionservice.com\/a-propos-de-nous\/health-safety\/"},"modified":"2025-03-12T08:49:05","modified_gmt":"2025-03-12T12:49:05","slug":"sante-securite","status":"publish","type":"page","link":"https:\/\/corrosionservice.com\/fr\/sante-securite\/","title":{"rendered":"Sant\u00e9 et s\u00e9curit\u00e9"},"content":{"rendered":"<div class=\"wpb-content-wrapper\"><p>[vc_row][vc_column width=\u00a0\u00bb5\/12&Prime; el_class=\u00a0\u00bbdiag-stripes reskinned-side-bar\u00a0\u00bb][vc_accordion active_tab=\u00a0\u00bb1&Prime; collapsible=\u00a0\u00bbyes\u00a0\u00bb el_class=\u00a0\u00bbreskinned-accordion\u00a0\u00bb][vc_accordion_tab title=\u00a0\u00bbR\u00e8gles cardinales\u00a0\u00bb][cs_custom_heading text=\u00a0\u00bbTous ceux qui travaillent pour nous, ou avec nous, ont un r\u00f4le important \u00e0 jouer pour faire de Corrosion Service un lieu de travail plus s\u00fbr. Tout le monde doit suivre nos r\u00e8gles cardinales pour s\u2019assurer qu\u2019il arrive \u00e0 la maison en toute s\u00e9curit\u00e9 \u00e0 la fin de chaque journ\u00e9e de travail.\u00a0\u00bb font_container=\u00a0\u00bbtag:h4|font_size:16px|text_align:center|line_height:24px\u00a0\u00bb][vc_single_image image=\u00a0\u00bb26786&Prime; img_size=\u00a0\u00bbfull\u00a0\u00bb add_caption=\u00a0\u00bbyes\u00a0\u00bb alignment=\u00a0\u00bbcenter\u00a0\u00bb onclick=\u00a0\u00bbimg_link_large\u00a0\u00bb img_link_target=\u00a0\u00bb_blank\u00a0\u00bb css=\u00a0\u00bb\u00a0\u00bb][\/vc_accordion_tab][vc_accordion_tab title=\u00a0\u00bbR\u00e9compenses et reconnaissance\u00a0\u00bb][cs_custom_heading text=\u00a0\u00bbTransCanada Corporation provides Safety Performance Recognition to Corrosion Service for 2018 Cathodic Protection Programs &#8211; Triple 0&rsquo;s for a second year running.\u00a0\u00bb font_container=\u00a0\u00bbtag:h4|font_size:16px|text_align:center|line_height:24px\u00a0\u00bb][vc_single_image image=\u00a0\u00bb24775&Prime; img_size=\u00a0\u00bbfull\u00a0\u00bb add_caption=\u00a0\u00bbyes\u00a0\u00bb][vc_separator color=\u00a0\u00bbcustom\u00a0\u00bb border_width=\u00a0\u00bb3&Prime; accent_color=\u00a0\u00bb#267bc0&Prime;][vc_column_text]<\/p>\n<p style=\"text-align: center;\"><strong><a href=\"https:\/\/corrosionservice.com\/fr\/reconnaissance-de-la-securite-tcpl-2018\/\">Reconnaissance de la performance en mati\u00e8re de s\u00e9curit\u00e9 de TransCanada 2018<\/a><\/strong><\/p>\n<p style=\"text-align: center;\"><strong><a href=\"https:\/\/corrosionservice.com\/wp-content\/uploads\/2018\/04\/TCPL-to-CSCL.pdf\">Reconnaissance de la performance en mati\u00e8re de s\u00e9curit\u00e9 de TransCanada 2017<\/a><\/strong><\/p>\n<p style=\"text-align: center;\"><strong><a href=\"https:\/\/corrosionservice.com\/wp-content\/uploads\/2015\/05\/TCPL-award1.jpg\">Prix Argent TransCanada 2014 pour la s\u00e9curit\u00e9<\/a><\/strong><\/p>\n<p>[\/vc_column_text][\/vc_accordion_tab][vc_accordion_tab title=\u00a0\u00bbLes partenaires\u00a0\u00bb][vc_column_text]<\/p>\n<p class=\"p1\">Notre programme de s\u00e9curit\u00e9 est audit\u00e9 par plusieurs entit\u00e9s externes pour s\u2019assurer que nous r\u00e9pondons aux normes les plus \u00e9lev\u00e9es de l\u2019industrie. Voici nos partenaires de s\u00e9curit\u00e9\u00a0:<\/p>\n<p>[\/vc_column_text][vc_gallery type=\u00a0\u00bbflexslider_slide\u00a0\u00bb interval=\u00a0\u00bb3&Prime; images=\u00a0\u00bb21173,24405,20584,24411,24413,24415&Prime; img_size=\u00a0\u00bb200 x 200&Prime; el_class=\u00a0\u00bbawards\u00a0\u00bb][\/vc_accordion_tab][vc_accordion_tab title=\u00a0\u00bbCertificates\u00a0\u00bb][vc_column_text css=\u00a0\u00bb\u00a0\u00bb]<a href=\"https:\/\/products.corrosionservice.com\/ts1741782502\/attachments\/Page\/49\/Avetta%20Certificate%202025.pdf\" target=\"_blank\" rel=\"noopener noreferrer\">Certificat d&rsquo;adh\u00e9sion CSCL Avetta<\/a><\/p>\n<p><a href=\"https:\/\/products.corrosionservice.com\/ts1741783255\/attachments\/Page\/49\/ComplyWorks%20Certificate%202025.pdf\" target=\"_blank\" rel=\"noopener noreferrer\">Certificat CSCL ComplyWorks<\/a><\/p>\n<p><a href=\"https:\/\/products.corrosionservice.com\/ts1741782502\/attachments\/Page\/49\/COR%20Certificate%202027.pdf\" target=\"_blank\" rel=\"noopener noreferrer\">Certificat CSCL COR <\/a><\/p>\n<p><a href=\"https:\/\/products.corrosionservice.com\/ts1741782502\/attachments\/Page\/49\/ContractorXchange%20Certificate%202025.pdf\" target=\"_blank\" rel=\"noopener noreferrer\"> Certificat CSCL ContractorXchange<\/a><\/p>\n<p><a href=\"https:\/\/products.corrosionservice.com\/ts1741782613\/attachments\/Page\/49\/ISN%20Certificate%202025.pdf\" target=\"_blank\" rel=\"noopener noreferrer\">Certificat CSCL ISN<\/a><\/p>\n<p><a href=\"https:\/\/products.corrosionservice.com\/ts1722273714\/attachments\/Page\/49\/SMA%20Certificate%202024.pdf\" target=\"_blank\" rel=\"noopener noreferrer\">Certificat CSCL SMA<\/a>[\/vc_column_text][\/vc_accordion_tab][\/vc_accordion][vc_single_image image=\u00a0\u00bb24802&Prime; img_size=\u00a0\u00bbfull\u00a0\u00bb alignment=\u00a0\u00bbcenter\u00a0\u00bb onclick=\u00a0\u00bbimg_link_large\u00a0\u00bb img_link_target=\u00a0\u00bb_blank\u00a0\u00bb][\/vc_column][vc_column width=\u00a0\u00bb7\/12&Prime; el_class=\u00a0\u00bbreskinned-content-wrapper\u00a0\u00bb][cs_custom_heading text=\u00a0\u00bbSant\u00e9 et s\u00e9curit\u00e9\u00a0\u00bb font_container=\u00a0\u00bbtag:h1|text_align:left|color:%23e97025|line_height:1&Prime;][cs_custom_heading text=\u00a0\u00bbSafety all day\u2026 Every day\u00a0\u00bb font_container=\u00a0\u00bbtag:h2|text_align:left\u00a0\u00bb el_class=\u00a0\u00bbcs-highlight-blue\u00a0\u00bb][vc_column_text]La s\u00e9curit\u00e9 n&rsquo;est pas seulement un mot \u00e0 la mode, c&rsquo;est une valeur fondamentale de l&rsquo;entreprise qui r\u00e9git tout ce que nous faisons. Corrosion Service s&rsquo;engage fermement \u00e0 prot\u00e9ger la sant\u00e9 et la s\u00e9curit\u00e9 des membres de notre \u00e9quipe, des clients, des entrepreneurs et du grand public. La sant\u00e9 et la s\u00e9curit\u00e9, associ\u00e9es \u00e0 notre respect de travailler de mani\u00e8re durable, sont des valeurs fondamentales de l&rsquo;entreprise que Corrosion Service ne transigera pas dans son travail quotidien.<\/p>\n<p>Travaillant ensemble sur la base de l&rsquo;engagement et de l&rsquo;enthousiasme, tout en int\u00e9grant la s\u00e9curit\u00e9 dans toutes les facettes de nos op\u00e9rations, nous nous effor\u00e7ons constamment de cr\u00e9er un lieu de travail exempt de dangers, de blessures et de maladies. En maintenant des lignes de communication ouvertes, des discussions objectives et une coop\u00e9ration au sein de l&rsquo;organisation, Corrosion Service a \u00e9t\u00e9 en mesure d&rsquo;atteindre un bilan de s\u00e9curit\u00e9 exemplaire tout en continuant \u00e0 se d\u00e9velopper de mani\u00e8re durable.<\/p>\n<p>L&rsquo;engagement de la haute direction envers la sant\u00e9 et la s\u00e9curit\u00e9 va au-del\u00e0 de la conviction personnelle et englobe des ressources financi\u00e8res d\u00e9di\u00e9es, qui garantissent que notre \u00e9quipe de sant\u00e9 et de s\u00e9curit\u00e9 peut continuer \u00e0 fournir la formation et les ressources n\u00e9cessaires pour permettre un travail s\u00fbr \u00e0 tout moment.[\/vc_column_text][vc_empty_space height=\u00a0\u00bb30&Prime; el_class=\u00a0\u00bbhidden-xs hidden-sm\u00a0\u00bb][vc_separator color=\u00a0\u00bbcustom\u00a0\u00bb accent_color=\u00a0\u00bb#939ba1&Prime;][vc_empty_space height=\u00a0\u00bb70&Prime; el_class=\u00a0\u00bbhidden-xs hidden-sm\u00a0\u00bb][cs_custom_heading text=\u00a0\u00bbOur commitment to zero incidents\u00a0\u00bb font_container=\u00a0\u00bbtag:h2|text_align:left\u00a0\u00bb el_class=\u00a0\u00bbcs-highlight-blue\u00a0\u00bb][vc_column_text]La solide culture de s\u00e9curit\u00e9 de notre entreprise est partiellement r\u00e9glement\u00e9e par l&rsquo;application de politiques, de proc\u00e9dures et de pratiques d&rsquo;exploitation s\u00fbres, li\u00e9es au strict respect de toutes les lois applicables.<\/p>\n<p>Notre culture de s\u00e9curit\u00e9 fondamentale repose sur la conviction et l&rsquo;application de la s\u00e9curit\u00e9 quotidienne dans tout ce que nous faisons, par tous les membres de l&rsquo;\u00e9quipe. C&rsquo;est cette conviction et cet engagement envers \u00ab\u00a0la s\u00e9curit\u00e9 toute la journ\u00e9e&#8230; tous les jours\u00a0\u00bb, qui maintient notre culture de la s\u00e9curit\u00e9 en bonne sant\u00e9, garantissant que la fa\u00e7on de faire les choses est correcte et s\u00fbre\u00a0; \u00ab\u00a0juste la fa\u00e7on dont c&rsquo;est fait ici.\u00a0\u00bb<\/p>\n<p>Nous sommes convaincus que tous ceux qui travaillent pour et avec nous rejoindront notre entreprise dans un engagement personnel envers la sant\u00e9, la s\u00e9curit\u00e9 et la responsabilit\u00e9 environnementale en tant qu&rsquo;objectifs principaux dans toutes nos activit\u00e9s commerciales quotidiennes.[\/vc_column_text][vc_empty_space height=\u00a0\u00bb30&Prime; el_class=\u00a0\u00bbhidden-xs hidden-sm\u00a0\u00bb][vc_separator color=\u00a0\u00bbcustom\u00a0\u00bb accent_color=\u00a0\u00bb#e97025&Prime;][vc_empty_space height=\u00a0\u00bb30&Prime; el_class=\u00a0\u00bbhidden-xs hidden-sm\u00a0\u00bb][cs_custom_heading text=\u00a0\u00bbContact Our HSE Team\u00a0\u00bb font_container=\u00a0\u00bbtag:h2|text_align:left|color:%233d3935&Prime;]\n<div class=\"wpcf7 no-js\" id=\"wpcf7-f24891-o1\" lang=\"fr-FR\" dir=\"ltr\" data-wpcf7-id=\"24891\">\n<div class=\"screen-reader-response\"><p role=\"status\" aria-live=\"polite\" aria-atomic=\"true\"><\/p> <ul><\/ul><\/div>\n<form action=\"\/fr\/wp-json\/wp\/v2\/pages\/24938#wpcf7-f24891-o1\" method=\"post\" class=\"wpcf7-form init contact-style-1\" aria-label=\"Formulaire de contact\" novalidate=\"novalidate\" data-status=\"init\">\n<fieldset class=\"hidden-fields-container\"><input type=\"hidden\" name=\"_wpcf7\" value=\"24891\" \/><input type=\"hidden\" name=\"_wpcf7_version\" value=\"6.1.5\" \/><input type=\"hidden\" name=\"_wpcf7_locale\" value=\"fr_FR\" \/><input type=\"hidden\" name=\"_wpcf7_unit_tag\" value=\"wpcf7-f24891-o1\" \/><input type=\"hidden\" name=\"_wpcf7_container_post\" value=\"0\" \/><input type=\"hidden\" name=\"_wpcf7_posted_data_hash\" value=\"\" \/><input type=\"hidden\" name=\"_wpcf7_recaptcha_response\" value=\"\" \/>\n<\/fieldset>\n<div class=\"row\">\n\t<div class=\"col-xs-12 col-sm-12 col-md-6 col-lg-6\">\n\t\t<p><span class=\"wpcf7-form-control-wrap\" data-name=\"fname\"><input size=\"40\" maxlength=\"400\" class=\"wpcf7-form-control wpcf7-text wpcf7-validates-as-required\" aria-required=\"true\" aria-invalid=\"false\" placeholder=\"Nom (obligatoire)\" value=\"\" type=\"text\" name=\"fname\" \/><\/span>\n\t\t<\/p>\n\t<\/div>\n\t<div class=\"col-xs-12 col-sm-12 col-md-6 col-lg-6\">\n\t\t<p><span class=\"wpcf7-form-control-wrap\" data-name=\"email\"><input size=\"40\" maxlength=\"400\" class=\"wpcf7-form-control wpcf7-email wpcf7-validates-as-required wpcf7-text wpcf7-validates-as-email\" aria-required=\"true\" aria-invalid=\"false\" placeholder=\"Courriel (obligatoire)\" value=\"\" type=\"email\" name=\"email\" \/><\/span>\n\t\t<\/p>\n\t<\/div>\n<\/div>\n<div class=\"row\">\n\t<div class=\"col-xs-12 col-sm-12 col-md-12 col-lg-12\">\n\t\t<p><span class=\"wpcf7-form-control-wrap\" data-name=\"subject\"><input size=\"40\" maxlength=\"400\" class=\"wpcf7-form-control wpcf7-text\" aria-invalid=\"false\" placeholder=\"Mati\u00e8re\" value=\"\" type=\"text\" name=\"subject\" \/><\/span>\n\t\t<\/p>\n\t<\/div>\n<\/div>\n<div class=\"row\">\n\t<div class=\"col-xs-12 col-sm-12 col-md-12 col-lg-12\">\n\t\t<p><span class=\"wpcf7-form-control-wrap\" data-name=\"message\"><textarea cols=\"40\" rows=\"10\" maxlength=\"2000\" class=\"wpcf7-form-control wpcf7-textarea\" aria-invalid=\"false\" placeholder=\"Message\" name=\"message\"><\/textarea><\/span>\n\t\t<\/p>\n\t<\/div>\n<\/div>\n<div class=\"row\">\n\t<div class=\"col-xs-12 col-sm-12 col-md-12 col-lg-12\">\n\t<\/div>\n<\/div>\n<div class=\"row\">\n\t<div class=\"col-xs-12 col-sm-12 col-md-12 col-lg-12\">\n\t\t<p><input class=\"wpcf7-form-control wpcf7-submit has-spinner btn btn-primary\" type=\"submit\" value=\"Send\" \/>\n\t\t<\/p>\n\t<\/div>\n<\/div><p style=\"display: none !important;\" class=\"akismet-fields-container\" data-prefix=\"_wpcf7_ak_\"><label>&#916;<textarea name=\"_wpcf7_ak_hp_textarea\" cols=\"45\" rows=\"8\" maxlength=\"100\"><\/textarea><\/label><input type=\"hidden\" id=\"ak_js_1\" name=\"_wpcf7_ak_js\" value=\"105\"\/><script>document.getElementById( \"ak_js_1\" ).setAttribute( \"value\", ( new Date() ).getTime() );<\/script><\/p><div class=\"wpcf7-response-output\" aria-hidden=\"true\"><\/div>\n<\/form>\n<\/div>\n[\/vc_column][\/vc_row]<\/p>\n<\/div>","protected":false},"excerpt":{"rendered":"<p>[vc_row][vc_column width=\u00a0\u00bb5\/12&Prime; el_class=\u00a0\u00bbdiag-stripes reskinned-side-bar\u00a0\u00bb][vc_accordion active_tab=\u00a0\u00bb1&Prime; collapsible=\u00a0\u00bbyes\u00a0\u00bb el_class=\u00a0\u00bbreskinned-accordion\u00a0\u00bb][vc_accordion_tab title=\u00a0\u00bbR\u00e8gles cardinales\u00a0\u00bb][cs_custom_heading text=\u00a0\u00bbTous ceux qui travaillent pour nous, ou avec nous, ont un r\u00f4le important \u00e0 jouer pour faire de Corrosion Service un lieu de travail plus s\u00fbr. Tout le monde doit suivre nos r\u00e8gles cardinales pour s\u2019assurer [&hellip;]<\/p>\n","protected":false},"author":1,"featured_media":0,"parent":0,"menu_order":0,"comment_status":"closed","ping_status":"closed","template":"","meta":{"_acf_changed":false,"footnotes":""},"class_list":["post-24938","page","type-page","status-publish","hentry"],"acf":[],"yoast_head":"<!-- This site is optimized with the Yoast SEO plugin v27.4 - https:\/\/yoast.com\/product\/yoast-seo-wordpress\/ -->\n<title>| de sant\u00e9 et de s\u00e9curit\u00e9 Corrosion Service Company Limited<\/title>\n<meta name=\"description\" content=\"Corrosion Service s&#039;engage fermement \u00e0 prot\u00e9ger la sant\u00e9 et la s\u00e9curit\u00e9 des membres de son \u00e9quipe, de ses clients, de ses sous-traitants et du grand public.\" \/>\n<meta name=\"robots\" content=\"index, follow, max-snippet:-1, max-image-preview:large, max-video-preview:-1\" \/>\n<link rel=\"canonical\" href=\"https:\/\/corrosionservice.com\/fr\/sante-securite\/\" \/>\n<meta property=\"og:locale\" content=\"fr_FR\" \/>\n<meta property=\"og:type\" content=\"article\" \/>\n<meta property=\"og:title\" content=\"| de sant\u00e9 et de s\u00e9curit\u00e9 Corrosion Service Company Limited\" \/>\n<meta property=\"og:description\" content=\"Corrosion Service s&#039;engage fermement \u00e0 prot\u00e9ger la sant\u00e9 et la s\u00e9curit\u00e9 des membres de son \u00e9quipe, de ses clients, de ses sous-traitants et du grand public.\" \/>\n<meta property=\"og:url\" content=\"https:\/\/corrosionservice.com\/fr\/sante-securite\/\" \/>\n<meta property=\"og:site_name\" content=\"Corrosion Service\" \/>\n<meta property=\"article:modified_time\" content=\"2025-03-12T12:49:05+00:00\" \/>\n<meta name=\"twitter:card\" content=\"summary_large_image\" \/>\n<meta name=\"twitter:label1\" content=\"Dur\u00e9e de lecture estim\u00e9e\" \/>\n\t<meta name=\"twitter:data1\" content=\"5 minutes\" \/>\n<script type=\"application\/ld+json\" class=\"yoast-schema-graph\">{\"@context\":\"https:\\\/\\\/schema.org\",\"@graph\":[{\"@type\":\"WebPage\",\"@id\":\"https:\\\/\\\/corrosionservice.com\\\/fr\\\/sante-securite\\\/\",\"url\":\"https:\\\/\\\/corrosionservice.com\\\/fr\\\/sante-securite\\\/\",\"name\":\"| de sant\u00e9 et de s\u00e9curit\u00e9 Corrosion Service Company Limited\",\"isPartOf\":{\"@id\":\"https:\\\/\\\/corrosionservice.com\\\/#website\"},\"datePublished\":\"2015-05-28T21:04:25+00:00\",\"dateModified\":\"2025-03-12T12:49:05+00:00\",\"description\":\"Corrosion Service s'engage fermement \u00e0 prot\u00e9ger la sant\u00e9 et la s\u00e9curit\u00e9 des membres de son \u00e9quipe, de ses clients, de ses sous-traitants et du grand public.\",\"breadcrumb\":{\"@id\":\"https:\\\/\\\/corrosionservice.com\\\/fr\\\/sante-securite\\\/#breadcrumb\"},\"inLanguage\":\"fr-FR\",\"potentialAction\":[{\"@type\":\"ReadAction\",\"target\":[\"https:\\\/\\\/corrosionservice.com\\\/fr\\\/sante-securite\\\/\"]}]},{\"@type\":\"BreadcrumbList\",\"@id\":\"https:\\\/\\\/corrosionservice.com\\\/fr\\\/sante-securite\\\/#breadcrumb\",\"itemListElement\":[{\"@type\":\"ListItem\",\"position\":1,\"name\":\"Home\",\"item\":\"https:\\\/\\\/corrosionservice.com\\\/fr\\\/\"},{\"@type\":\"ListItem\",\"position\":2,\"name\":\"Sant\u00e9 et s\u00e9curit\u00e9\"}]},{\"@type\":\"WebSite\",\"@id\":\"https:\\\/\\\/corrosionservice.com\\\/#website\",\"url\":\"https:\\\/\\\/corrosionservice.com\\\/\",\"name\":\"Corrosion Service\",\"description\":\"Entreprise de contr\u00f4le de la corrosion sur les pipelines\",\"potentialAction\":[{\"@type\":\"SearchAction\",\"target\":{\"@type\":\"EntryPoint\",\"urlTemplate\":\"https:\\\/\\\/corrosionservice.com\\\/?s={search_term_string}\"},\"query-input\":{\"@type\":\"PropertyValueSpecification\",\"valueRequired\":true,\"valueName\":\"search_term_string\"}}],\"inLanguage\":\"fr-FR\"}]}<\/script>\n<!-- \/ Yoast SEO plugin. -->","yoast_head_json":{"title":"| de sant\u00e9 et de s\u00e9curit\u00e9 Corrosion Service Company Limited","description":"Corrosion Service s'engage fermement \u00e0 prot\u00e9ger la sant\u00e9 et la s\u00e9curit\u00e9 des membres de son \u00e9quipe, de ses clients, de ses sous-traitants et du grand public.","robots":{"index":"index","follow":"follow","max-snippet":"max-snippet:-1","max-image-preview":"max-image-preview:large","max-video-preview":"max-video-preview:-1"},"canonical":"https:\/\/corrosionservice.com\/fr\/sante-securite\/","og_locale":"fr_FR","og_type":"article","og_title":"| de sant\u00e9 et de s\u00e9curit\u00e9 Corrosion Service Company Limited","og_description":"Corrosion Service s'engage fermement \u00e0 prot\u00e9ger la sant\u00e9 et la s\u00e9curit\u00e9 des membres de son \u00e9quipe, de ses clients, de ses sous-traitants et du grand public.","og_url":"https:\/\/corrosionservice.com\/fr\/sante-securite\/","og_site_name":"Corrosion Service","article_modified_time":"2025-03-12T12:49:05+00:00","twitter_card":"summary_large_image","twitter_misc":{"Dur\u00e9e de lecture estim\u00e9e":"5 minutes"},"schema":{"@context":"https:\/\/schema.org","@graph":[{"@type":"WebPage","@id":"https:\/\/corrosionservice.com\/fr\/sante-securite\/","url":"https:\/\/corrosionservice.com\/fr\/sante-securite\/","name":"| de sant\u00e9 et de s\u00e9curit\u00e9 Corrosion Service Company Limited","isPartOf":{"@id":"https:\/\/corrosionservice.com\/#website"},"datePublished":"2015-05-28T21:04:25+00:00","dateModified":"2025-03-12T12:49:05+00:00","description":"Corrosion Service s'engage fermement \u00e0 prot\u00e9ger la sant\u00e9 et la s\u00e9curit\u00e9 des membres de son \u00e9quipe, de ses clients, de ses sous-traitants et du grand public.","breadcrumb":{"@id":"https:\/\/corrosionservice.com\/fr\/sante-securite\/#breadcrumb"},"inLanguage":"fr-FR","potentialAction":[{"@type":"ReadAction","target":["https:\/\/corrosionservice.com\/fr\/sante-securite\/"]}]},{"@type":"BreadcrumbList","@id":"https:\/\/corrosionservice.com\/fr\/sante-securite\/#breadcrumb","itemListElement":[{"@type":"ListItem","position":1,"name":"Home","item":"https:\/\/corrosionservice.com\/fr\/"},{"@type":"ListItem","position":2,"name":"Sant\u00e9 et s\u00e9curit\u00e9"}]},{"@type":"WebSite","@id":"https:\/\/corrosionservice.com\/#website","url":"https:\/\/corrosionservice.com\/","name":"Corrosion Service","description":"Entreprise de contr\u00f4le de la corrosion sur les pipelines","potentialAction":[{"@type":"SearchAction","target":{"@type":"EntryPoint","urlTemplate":"https:\/\/corrosionservice.com\/?s={search_term_string}"},"query-input":{"@type":"PropertyValueSpecification","valueRequired":true,"valueName":"search_term_string"}}],"inLanguage":"fr-FR"}]}},"_links":{"self":[{"href":"https:\/\/corrosionservice.com\/fr\/wp-json\/wp\/v2\/pages\/24938","targetHints":{"allow":["GET"]}}],"collection":[{"href":"https:\/\/corrosionservice.com\/fr\/wp-json\/wp\/v2\/pages"}],"about":[{"href":"https:\/\/corrosionservice.com\/fr\/wp-json\/wp\/v2\/types\/page"}],"author":[{"embeddable":true,"href":"https:\/\/corrosionservice.com\/fr\/wp-json\/wp\/v2\/users\/1"}],"replies":[{"embeddable":true,"href":"https:\/\/corrosionservice.com\/fr\/wp-json\/wp\/v2\/comments?post=24938"}],"version-history":[{"count":39,"href":"https:\/\/corrosionservice.com\/fr\/wp-json\/wp\/v2\/pages\/24938\/revisions"}],"predecessor-version":[{"id":27017,"href":"https:\/\/corrosionservice.com\/fr\/wp-json\/wp\/v2\/pages\/24938\/revisions\/27017"}],"wp:attachment":[{"href":"https:\/\/corrosionservice.com\/fr\/wp-json\/wp\/v2\/media?parent=24938"}],"curies":[{"name":"wp","href":"https:\/\/api.w.org\/{rel}","templated":true}]}}