{"id":24946,"date":"2015-10-08T16:02:21","date_gmt":"2015-10-08T20:02:21","guid":{"rendered":"https:\/\/corrosionservice.com\/bibliotheque-des-documents-techniques\/"},"modified":"2022-06-02T15:45:48","modified_gmt":"2022-06-02T19:45:48","slug":"bibliotheque-des-documents-techniques","status":"publish","type":"page","link":"https:\/\/corrosionservice.com\/fr\/bibliotheque-des-documents-techniques\/","title":{"rendered":"Biblioth\u00e8que"},"content":{"rendered":"<div class=\"wpb-content-wrapper\"><p>[vc_row][vc_column][vc_column_text]<span class=\"library-standout-text euclid\">Depuis notre cr\u00e9ation <a href=\"https:\/\/corrosionservice.com\/fr\/nous-contacter\/toronto\/\">, Corrosion Service<\/a> a \u00e9t\u00e9 et demeure un chef de file dans l&rsquo;industrie du contr\u00f4le de la corrosion, soutenant les diverses industries en Am\u00e9rique du Nord et dans le monde en assurant l&rsquo;int\u00e9grit\u00e9 des actifs en fournissant des services d&rsquo;ing\u00e9nierie responsables.<\/span><\/p>\n<p>Dans le cadre de notre engagement continu, nous aimerions vous souhaiter la bienvenue \u00e0 notre biblioth\u00e8que \u00e9lectronique en tant qu\u2019endroit o\u00f9 consulter nos divers documents techniques \u00e9crits et pr\u00e9sent\u00e9s depuis 1950 pour soutenir, \u00e9duquer et faire progresser l\u2019avancement de l\u2019industrie de la corrosion.<\/p>\n<p>Sur votre gauche, vous pouvez s\u00e9lectionner l&rsquo;auteur qui vous int\u00e9resse pour voir tous les articles pr\u00e9sent\u00e9s ou entrer une recherche par sujet. Pour chacun, un r\u00e9sum\u00e9 est fourni et un lien de t\u00e9l\u00e9chargement pour votre avis. Nous serions ravis de vous aider si vous avez des questions et n&rsquo;h\u00e9sitez pas \u00e0 nous contacter.[\/vc_column_text][\/vc_column][\/vc_row][vc_row][vc_column][vc_single_image image=\u00a0\u00bb24757&Prime; img_size=\u00a0\u00bblarge\u00a0\u00bb add_caption=\u00a0\u00bbyes\u00a0\u00bb alignment=\u00a0\u00bbcenter\u00a0\u00bb][\/vc_column][\/vc_row][vc_row][vc_column][vc_column_text]<\/p>\n<p style=\"text-align: center;\"><span class=\"library-standout-text euclid\">La biblioth\u00e8que du service de corrosion<\/span><\/p>\n<p>Nous avons converti un bureau d&rsquo;angle principal en biblioth\u00e8que \u00e0 notre si\u00e8ge social et avons d\u00e9di\u00e9 la salle \u00e0 Sorin Segall en raison de son engagement envers Corrosion Service, des nombreux articles pr\u00e9sent\u00e9s, du mentorat technique au sein de Corrosion Service et de notre industrie. Nous serions ravis que vous veniez voir cette biblioth\u00e8que compl\u00e8te qui comprend divers manuels, des publications pertinentes, tous <a href=\"http:\/\/www.materialsperformance.com\/\">les magazines NACE Materials Performance<\/a> pr\u00e9sent\u00e9s depuis la premi\u00e8re publication, des bulletins techniques et divers autres documents imprim\u00e9s li\u00e9s \u00e0 la corrosion.[\/vc_column_text][\/vc_column][\/vc_row][vc_row][vc_column][vc_column_text]<\/p>\n<p style=\"text-align: center;\"><span class=\"library-standout-text euclid\">Nos documents techniques \u00e0 t\u00e9l\u00e9charger<\/span><\/p>\n<p>[\/vc_column_text][\/vc_column][\/vc_row]<\/p>\n<\/div>","protected":false},"excerpt":{"rendered":"<p>[vc_row][vc_column][vc_column_text]Depuis notre cr\u00e9ation , Corrosion Service a \u00e9t\u00e9 et demeure un chef de file dans l&rsquo;industrie du contr\u00f4le de la corrosion, soutenant les diverses industries en Am\u00e9rique du Nord et dans le monde en assurant l&rsquo;int\u00e9grit\u00e9 des actifs en fournissant des services d&rsquo;ing\u00e9nierie responsables. Dans [&hellip;]<\/p>\n","protected":false},"author":1,"featured_media":0,"parent":0,"menu_order":0,"comment_status":"closed","ping_status":"closed","template":"page-technical_papers.php","meta":{"_acf_changed":false,"footnotes":""},"class_list":["post-24946","page","type-page","status-publish","hentry"],"acf":[],"yoast_head":"<!-- This site is optimized with the Yoast SEO plugin v27.4 - https:\/\/yoast.com\/product\/yoast-seo-wordpress\/ -->\n<title>Biblioth\u00e8que de documents techniques | Corrosion Service Company Limited<\/title>\n<meta name=\"description\" content=\"Les employ\u00e9s de toutes les parties de l\u2019organisation ont recherch\u00e9, \u00e9crit et publi\u00e9 plus de 150 documents de recherche technique et \u00e9ducatifs.\" \/>\n<meta name=\"robots\" content=\"index, nofollow, max-snippet:-1, max-image-preview:large, max-video-preview:-1\" \/>\n<link rel=\"canonical\" href=\"https:\/\/corrosionservice.com\/fr\/bibliotheque-des-documents-techniques\/\" \/>\n<meta property=\"og:locale\" content=\"fr_FR\" \/>\n<meta property=\"og:type\" content=\"article\" \/>\n<meta property=\"og:title\" content=\"Biblioth\u00e8que de documents techniques | Corrosion Service Company Limited\" \/>\n<meta property=\"og:description\" content=\"Les employ\u00e9s de toutes les parties de l\u2019organisation ont recherch\u00e9, \u00e9crit et publi\u00e9 plus de 150 documents de recherche technique et \u00e9ducatifs.\" \/>\n<meta property=\"og:url\" content=\"https:\/\/corrosionservice.com\/fr\/bibliotheque-des-documents-techniques\/\" \/>\n<meta property=\"og:site_name\" content=\"Corrosion Service\" \/>\n<meta property=\"article:modified_time\" content=\"2022-06-02T19:45:48+00:00\" \/>\n<meta name=\"twitter:card\" content=\"summary_large_image\" \/>\n<meta name=\"twitter:label1\" content=\"Dur\u00e9e de lecture estim\u00e9e\" \/>\n\t<meta name=\"twitter:data1\" content=\"2 minutes\" \/>\n<script type=\"application\/ld+json\" class=\"yoast-schema-graph\">{\"@context\":\"https:\\\/\\\/schema.org\",\"@graph\":[{\"@type\":\"WebPage\",\"@id\":\"https:\\\/\\\/corrosionservice.com\\\/fr\\\/bibliotheque-des-documents-techniques\\\/\",\"url\":\"https:\\\/\\\/corrosionservice.com\\\/fr\\\/bibliotheque-des-documents-techniques\\\/\",\"name\":\"Biblioth\u00e8que de documents techniques | Corrosion Service Company Limited\",\"isPartOf\":{\"@id\":\"https:\\\/\\\/corrosionservice.com\\\/#website\"},\"datePublished\":\"2015-10-08T20:02:21+00:00\",\"dateModified\":\"2022-06-02T19:45:48+00:00\",\"description\":\"Les employ\u00e9s de toutes les parties de l\u2019organisation ont recherch\u00e9, \u00e9crit et publi\u00e9 plus de 150 documents de recherche technique et \u00e9ducatifs.\",\"breadcrumb\":{\"@id\":\"https:\\\/\\\/corrosionservice.com\\\/fr\\\/bibliotheque-des-documents-techniques\\\/#breadcrumb\"},\"inLanguage\":\"fr-FR\",\"potentialAction\":[{\"@type\":\"ReadAction\",\"target\":[\"https:\\\/\\\/corrosionservice.com\\\/fr\\\/bibliotheque-des-documents-techniques\\\/\"]}]},{\"@type\":\"BreadcrumbList\",\"@id\":\"https:\\\/\\\/corrosionservice.com\\\/fr\\\/bibliotheque-des-documents-techniques\\\/#breadcrumb\",\"itemListElement\":[{\"@type\":\"ListItem\",\"position\":1,\"name\":\"Home\",\"item\":\"https:\\\/\\\/corrosionservice.com\\\/fr\\\/\"},{\"@type\":\"ListItem\",\"position\":2,\"name\":\"Biblioth\u00e8que\"}]},{\"@type\":\"WebSite\",\"@id\":\"https:\\\/\\\/corrosionservice.com\\\/#website\",\"url\":\"https:\\\/\\\/corrosionservice.com\\\/\",\"name\":\"Corrosion Service\",\"description\":\"Entreprise de contr\u00f4le de la corrosion sur les pipelines\",\"potentialAction\":[{\"@type\":\"SearchAction\",\"target\":{\"@type\":\"EntryPoint\",\"urlTemplate\":\"https:\\\/\\\/corrosionservice.com\\\/?s={search_term_string}\"},\"query-input\":{\"@type\":\"PropertyValueSpecification\",\"valueRequired\":true,\"valueName\":\"search_term_string\"}}],\"inLanguage\":\"fr-FR\"}]}<\/script>\n<!-- \/ Yoast SEO plugin. -->","yoast_head_json":{"title":"Biblioth\u00e8que de documents techniques | Corrosion Service Company Limited","description":"Les employ\u00e9s de toutes les parties de l\u2019organisation ont recherch\u00e9, \u00e9crit et publi\u00e9 plus de 150 documents de recherche technique et \u00e9ducatifs.","robots":{"index":"index","follow":"nofollow","max-snippet":"max-snippet:-1","max-image-preview":"max-image-preview:large","max-video-preview":"max-video-preview:-1"},"canonical":"https:\/\/corrosionservice.com\/fr\/bibliotheque-des-documents-techniques\/","og_locale":"fr_FR","og_type":"article","og_title":"Biblioth\u00e8que de documents techniques | Corrosion Service Company Limited","og_description":"Les employ\u00e9s de toutes les parties de l\u2019organisation ont recherch\u00e9, \u00e9crit et publi\u00e9 plus de 150 documents de recherche technique et \u00e9ducatifs.","og_url":"https:\/\/corrosionservice.com\/fr\/bibliotheque-des-documents-techniques\/","og_site_name":"Corrosion Service","article_modified_time":"2022-06-02T19:45:48+00:00","twitter_card":"summary_large_image","twitter_misc":{"Dur\u00e9e de lecture estim\u00e9e":"2 minutes"},"schema":{"@context":"https:\/\/schema.org","@graph":[{"@type":"WebPage","@id":"https:\/\/corrosionservice.com\/fr\/bibliotheque-des-documents-techniques\/","url":"https:\/\/corrosionservice.com\/fr\/bibliotheque-des-documents-techniques\/","name":"Biblioth\u00e8que de documents techniques | Corrosion Service Company Limited","isPartOf":{"@id":"https:\/\/corrosionservice.com\/#website"},"datePublished":"2015-10-08T20:02:21+00:00","dateModified":"2022-06-02T19:45:48+00:00","description":"Les employ\u00e9s de toutes les parties de l\u2019organisation ont recherch\u00e9, \u00e9crit et publi\u00e9 plus de 150 documents de recherche technique et \u00e9ducatifs.","breadcrumb":{"@id":"https:\/\/corrosionservice.com\/fr\/bibliotheque-des-documents-techniques\/#breadcrumb"},"inLanguage":"fr-FR","potentialAction":[{"@type":"ReadAction","target":["https:\/\/corrosionservice.com\/fr\/bibliotheque-des-documents-techniques\/"]}]},{"@type":"BreadcrumbList","@id":"https:\/\/corrosionservice.com\/fr\/bibliotheque-des-documents-techniques\/#breadcrumb","itemListElement":[{"@type":"ListItem","position":1,"name":"Home","item":"https:\/\/corrosionservice.com\/fr\/"},{"@type":"ListItem","position":2,"name":"Biblioth\u00e8que"}]},{"@type":"WebSite","@id":"https:\/\/corrosionservice.com\/#website","url":"https:\/\/corrosionservice.com\/","name":"Corrosion Service","description":"Entreprise de contr\u00f4le de la corrosion sur les pipelines","potentialAction":[{"@type":"SearchAction","target":{"@type":"EntryPoint","urlTemplate":"https:\/\/corrosionservice.com\/?s={search_term_string}"},"query-input":{"@type":"PropertyValueSpecification","valueRequired":true,"valueName":"search_term_string"}}],"inLanguage":"fr-FR"}]}},"_links":{"self":[{"href":"https:\/\/corrosionservice.com\/fr\/wp-json\/wp\/v2\/pages\/24946","targetHints":{"allow":["GET"]}}],"collection":[{"href":"https:\/\/corrosionservice.com\/fr\/wp-json\/wp\/v2\/pages"}],"about":[{"href":"https:\/\/corrosionservice.com\/fr\/wp-json\/wp\/v2\/types\/page"}],"author":[{"embeddable":true,"href":"https:\/\/corrosionservice.com\/fr\/wp-json\/wp\/v2\/users\/1"}],"replies":[{"embeddable":true,"href":"https:\/\/corrosionservice.com\/fr\/wp-json\/wp\/v2\/comments?post=24946"}],"version-history":[{"count":33,"href":"https:\/\/corrosionservice.com\/fr\/wp-json\/wp\/v2\/pages\/24946\/revisions"}],"predecessor-version":[{"id":25945,"href":"https:\/\/corrosionservice.com\/fr\/wp-json\/wp\/v2\/pages\/24946\/revisions\/25945"}],"wp:attachment":[{"href":"https:\/\/corrosionservice.com\/fr\/wp-json\/wp\/v2\/media?parent=24946"}],"curies":[{"name":"wp","href":"https:\/\/api.w.org\/{rel}","templated":true}]}}