{"id":24960,"date":"2015-05-28T17:04:52","date_gmt":"2015-05-28T21:04:52","guid":{"rendered":"https:\/\/corrosionservice.com\/a-propos-de-nous\/project-management\/"},"modified":"2024-05-03T10:38:11","modified_gmt":"2024-05-03T14:38:11","slug":"gestion-de-projet","status":"publish","type":"page","link":"https:\/\/corrosionservice.com\/fr\/gestion-de-projet\/","title":{"rendered":"Gestion de projet"},"content":{"rendered":"<div class=\"wpb-content-wrapper\"><p>[vc_row row_responsive_large=\u00a0\u00bb\u00a0\u00bb row_responsive_medium=\u00a0\u00bb\u00a0\u00bb row_responsive_small=\u00a0\u00bb\u00a0\u00bb row_responsive_extra_small=\u00a0\u00bb\u00a0\u00bb enable_triangle=\u00a0\u00bb0&Prime; triangle_pos=\u00a0\u00bbtop\u00a0\u00bb loop=\u00a0\u00bb\u00a0\u00bb autoplay=\u00a0\u00bb\u00a0\u00bb muted=\u00a0\u00bb\u00a0\u00bb controls=\u00a0\u00bb\u00a0\u00bb show_btn=\u00a0\u00bb\u00a0\u00bb el_class=\u00a0\u00bbreskinned-services-row\u00a0\u00bb][vc_column width=\u00a0\u00bb1\/12&Prime;][\/vc_column][vc_column width=\u00a0\u00bb1\/2&Prime; el_class=\u00a0\u00bbreskinned-services-text-column\u00a0\u00bb][vc_raw_html el_class=\u00a0\u00bbreskinned-services-raw-h1&Prime;]PGgxPkdlc3Rpb24gZGUgcHJvamV0PC9oMT4=[\/vc_raw_html][cs_custom_heading text=\u00a0\u00bbProject delivery\u00a0\u00bb font_container=\u00a0\u00bbtag:h2|text_align:left\u00a0\u00bb el_class=\u00a0\u00bbcs-highlight-blue\u00a0\u00bb][vc_column_text]Tous les membres de l&rsquo;\u00e9quipe s&rsquo;engagent \u00e0 mener \u00e0 bien les projets, et le succ\u00e8s repose sur le respect des d\u00e9lais et du budget. C&rsquo;est pourquoi, en 2013, nous avons cr\u00e9\u00e9 notre premier bureau de gestion de projets (PMO).<\/p>\n<p>Le r\u00f4le principal du PMO de Corrosion Service est de fournir \u00e0 tous les membres de l&rsquo;\u00e9quipe, dans toute l&rsquo;organisation, un cadre commun align\u00e9 sur le <a href=\"https:\/\/www.pmi.org\/pmbok-guide-standards\">PMBOK<\/a> pour le lancement et la mise en \u0153uvre des activit\u00e9s du projet. Le suivi de l&rsquo;ex\u00e9cution du projet est facilit\u00e9 par notre logiciel de gestion d&rsquo;entreprise, Pronto Xi, et un environnement de gestion de projet propri\u00e9taire bas\u00e9 sur la plate-forme Microsoft Project.[\/vc_column_text][cs_custom_heading text=\u00a0\u00bbOur commitment to delivering on time and on budget\u00a0\u00bb font_container=\u00a0\u00bbtag:h2|text_align:left\u00a0\u00bb el_class=\u00a0\u00bbcs-highlight-blue\u00a0\u00bb][vc_column_text]Pour les projets plus importants et plus complexes, qui n\u00e9cessitent de l&rsquo;ing\u00e9nierie et de la conception, les directeurs de succursale ont acc\u00e8s \u00e0 notre centre d&rsquo;ing\u00e9nierie d\u00e9di\u00e9 qui se compose de certains des ing\u00e9nieurs les plus brillants et les meilleurs de notre industrie. Le centre d&rsquo;ing\u00e9nierie s&rsquo;est consid\u00e9rablement d\u00e9velopp\u00e9 au cours de la derni\u00e8re d\u00e9cennie et est g\u00e9r\u00e9 par une \u00e9quipe de chefs de projet sp\u00e9cifiques aux services certifi\u00e9s PMI. Cela garantit que tous les clients, o\u00f9 qu&rsquo;ils se trouvent dans le monde, aient acc\u00e8s \u00e0 un pool de connaissances bien organis\u00e9 et permet \u00e0 <a href=\"https:\/\/corrosionservice.com\/about-us\/profile\/\">Corrosion Service<\/a> de se d\u00e9velopper et de d\u00e9velopper son talent.<\/p>\n<p class=\"p1\"><span class=\"s1\">Chez Corrosion Service, tous les employ\u00e9s, quel que soit leur poste, ont l&rsquo;autorit\u00e9 absolue pour s&rsquo;assurer que les projets sont livr\u00e9s d&rsquo;une mani\u00e8re qui assure la satisfaction compl\u00e8te du client.<\/span><\/p>\n<p>[\/vc_column_text][\/vc_column][vc_column width=\u00a0\u00bb5\/12&Prime;][vc_single_image image=\u00a0\u00bb22239&Prime; img_size=\u00a0\u00bb690&#215;690&Prime; alignment=\u00a0\u00bbright\u00a0\u00bb el_class=\u00a0\u00bbreskinned-services-featured-img\u00a0\u00bb][\/vc_column][\/vc_row][vc_row el_class=\u00a0\u00bbreskinned-services-row reskinned-services-featuring-store\u00a0\u00bb][vc_column][vc_column_text]Depuis notre cr\u00e9ation en 1950, nous avons construit un vaste portefeuille de produits sp\u00e9cialis\u00e9s pour l&rsquo;industrie de la pr\u00e9vention de la corrosion, \u00e0 la fois fabriqu\u00e9s en interne et provenant de partenaires externes.[\/vc_column_text][vc_btn title=\u00a0\u00bbVisitez notre magasin\u00a0\u00bb link=\u00a0\u00bburl:https%3A%2F%2Fproducts.corrosionservice.com%2F|\u00a0\u00bb][\/vc_column][\/vc_row]<\/p>\n<\/div>","protected":false},"excerpt":{"rendered":"<p>[vc_row row_responsive_large=\u00a0\u00bb\u00a0\u00bb row_responsive_medium=\u00a0\u00bb\u00a0\u00bb row_responsive_small=\u00a0\u00bb\u00a0\u00bb row_responsive_extra_small=\u00a0\u00bb\u00a0\u00bb enable_triangle=\u00a0\u00bb0&Prime; triangle_pos=\u00a0\u00bbtop\u00a0\u00bb loop=\u00a0\u00bb\u00a0\u00bb autoplay=\u00a0\u00bb\u00a0\u00bb muted=\u00a0\u00bb\u00a0\u00bb controls=\u00a0\u00bb\u00a0\u00bb show_btn=\u00a0\u00bb\u00a0\u00bb el_class=\u00a0\u00bbreskinned-services-row\u00a0\u00bb][vc_column width=\u00a0\u00bb1\/12&Prime;][\/vc_column][vc_column width=\u00a0\u00bb1\/2&Prime; el_class=\u00a0\u00bbreskinned-services-text-column\u00a0\u00bb][vc_raw_html el_class=\u00a0\u00bbreskinned-services-raw-h1&Prime;]PGgxPkdlc3Rpb24gZGUgcHJvamV0PC9oMT4=[\/vc_raw_html][cs_custom_heading text=\u00a0\u00bbProject delivery\u00a0\u00bb font_container=\u00a0\u00bbtag:h2|text_align:left\u00a0\u00bb el_class=\u00a0\u00bbcs-highlight-blue\u00a0\u00bb][vc_column_text]Tous les membres de l&rsquo;\u00e9quipe s&rsquo;engagent \u00e0 mener \u00e0 bien les projets, et le succ\u00e8s repose sur le respect des d\u00e9lais et du budget. C&rsquo;est [&hellip;]<\/p>\n","protected":false},"author":1,"featured_media":0,"parent":0,"menu_order":0,"comment_status":"closed","ping_status":"closed","template":"","meta":{"_acf_changed":false,"footnotes":""},"class_list":["post-24960","page","type-page","status-publish","hentry"],"acf":[],"yoast_head":"<!-- This site is optimized with the Yoast SEO plugin v27.4 - https:\/\/yoast.com\/product\/yoast-seo-wordpress\/ -->\n<title>Gestion de projet | Entreprise de service de corrosion<\/title>\n<meta name=\"description\" content=\"Chez Corrosion Service, les membres de notre \u00e9quipe s&#039;engagent \u00e0 mener \u00e0 bien les projets. En savoir plus sur notre \u00e9quipe de gestion de projet\" \/>\n<meta name=\"robots\" content=\"index, follow, max-snippet:-1, max-image-preview:large, max-video-preview:-1\" \/>\n<link rel=\"canonical\" href=\"https:\/\/corrosionservice.com\/fr\/gestion-de-projet\/\" \/>\n<meta property=\"og:locale\" content=\"fr_FR\" \/>\n<meta property=\"og:type\" content=\"article\" \/>\n<meta property=\"og:title\" content=\"Gestion de projet | Entreprise de service de corrosion\" \/>\n<meta property=\"og:description\" content=\"Chez Corrosion Service, les membres de notre \u00e9quipe s&#039;engagent \u00e0 mener \u00e0 bien les projets. En savoir plus sur notre \u00e9quipe de gestion de projet\" \/>\n<meta property=\"og:url\" content=\"https:\/\/corrosionservice.com\/fr\/gestion-de-projet\/\" \/>\n<meta property=\"og:site_name\" content=\"Corrosion Service\" \/>\n<meta property=\"article:modified_time\" content=\"2024-05-03T14:38:11+00:00\" \/>\n<meta name=\"twitter:card\" content=\"summary_large_image\" \/>\n<meta name=\"twitter:label1\" content=\"Dur\u00e9e de lecture estim\u00e9e\" \/>\n\t<meta name=\"twitter:data1\" content=\"2 minutes\" \/>\n<script type=\"application\/ld+json\" class=\"yoast-schema-graph\">{\"@context\":\"https:\\\/\\\/schema.org\",\"@graph\":[{\"@type\":\"WebPage\",\"@id\":\"https:\\\/\\\/corrosionservice.com\\\/fr\\\/gestion-de-projet\\\/\",\"url\":\"https:\\\/\\\/corrosionservice.com\\\/fr\\\/gestion-de-projet\\\/\",\"name\":\"Gestion de projet | Entreprise de service de corrosion\",\"isPartOf\":{\"@id\":\"https:\\\/\\\/corrosionservice.com\\\/#website\"},\"datePublished\":\"2015-05-28T21:04:52+00:00\",\"dateModified\":\"2024-05-03T14:38:11+00:00\",\"description\":\"Chez Corrosion Service, les membres de notre \u00e9quipe s'engagent \u00e0 mener \u00e0 bien les projets. En savoir plus sur notre \u00e9quipe de gestion de projet\",\"breadcrumb\":{\"@id\":\"https:\\\/\\\/corrosionservice.com\\\/fr\\\/gestion-de-projet\\\/#breadcrumb\"},\"inLanguage\":\"fr-FR\",\"potentialAction\":[{\"@type\":\"ReadAction\",\"target\":[\"https:\\\/\\\/corrosionservice.com\\\/fr\\\/gestion-de-projet\\\/\"]}]},{\"@type\":\"BreadcrumbList\",\"@id\":\"https:\\\/\\\/corrosionservice.com\\\/fr\\\/gestion-de-projet\\\/#breadcrumb\",\"itemListElement\":[{\"@type\":\"ListItem\",\"position\":1,\"name\":\"Home\",\"item\":\"https:\\\/\\\/corrosionservice.com\\\/fr\\\/\"},{\"@type\":\"ListItem\",\"position\":2,\"name\":\"Gestion de projet\"}]},{\"@type\":\"WebSite\",\"@id\":\"https:\\\/\\\/corrosionservice.com\\\/#website\",\"url\":\"https:\\\/\\\/corrosionservice.com\\\/\",\"name\":\"Corrosion Service\",\"description\":\"Entreprise de contr\u00f4le de la corrosion sur les pipelines\",\"potentialAction\":[{\"@type\":\"SearchAction\",\"target\":{\"@type\":\"EntryPoint\",\"urlTemplate\":\"https:\\\/\\\/corrosionservice.com\\\/?s={search_term_string}\"},\"query-input\":{\"@type\":\"PropertyValueSpecification\",\"valueRequired\":true,\"valueName\":\"search_term_string\"}}],\"inLanguage\":\"fr-FR\"}]}<\/script>\n<!-- \/ Yoast SEO plugin. -->","yoast_head_json":{"title":"Gestion de projet | Entreprise de service de corrosion","description":"Chez Corrosion Service, les membres de notre \u00e9quipe s'engagent \u00e0 mener \u00e0 bien les projets. En savoir plus sur notre \u00e9quipe de gestion de projet","robots":{"index":"index","follow":"follow","max-snippet":"max-snippet:-1","max-image-preview":"max-image-preview:large","max-video-preview":"max-video-preview:-1"},"canonical":"https:\/\/corrosionservice.com\/fr\/gestion-de-projet\/","og_locale":"fr_FR","og_type":"article","og_title":"Gestion de projet | Entreprise de service de corrosion","og_description":"Chez Corrosion Service, les membres de notre \u00e9quipe s'engagent \u00e0 mener \u00e0 bien les projets. En savoir plus sur notre \u00e9quipe de gestion de projet","og_url":"https:\/\/corrosionservice.com\/fr\/gestion-de-projet\/","og_site_name":"Corrosion Service","article_modified_time":"2024-05-03T14:38:11+00:00","twitter_card":"summary_large_image","twitter_misc":{"Dur\u00e9e de lecture estim\u00e9e":"2 minutes"},"schema":{"@context":"https:\/\/schema.org","@graph":[{"@type":"WebPage","@id":"https:\/\/corrosionservice.com\/fr\/gestion-de-projet\/","url":"https:\/\/corrosionservice.com\/fr\/gestion-de-projet\/","name":"Gestion de projet | Entreprise de service de corrosion","isPartOf":{"@id":"https:\/\/corrosionservice.com\/#website"},"datePublished":"2015-05-28T21:04:52+00:00","dateModified":"2024-05-03T14:38:11+00:00","description":"Chez Corrosion Service, les membres de notre \u00e9quipe s'engagent \u00e0 mener \u00e0 bien les projets. En savoir plus sur notre \u00e9quipe de gestion de projet","breadcrumb":{"@id":"https:\/\/corrosionservice.com\/fr\/gestion-de-projet\/#breadcrumb"},"inLanguage":"fr-FR","potentialAction":[{"@type":"ReadAction","target":["https:\/\/corrosionservice.com\/fr\/gestion-de-projet\/"]}]},{"@type":"BreadcrumbList","@id":"https:\/\/corrosionservice.com\/fr\/gestion-de-projet\/#breadcrumb","itemListElement":[{"@type":"ListItem","position":1,"name":"Home","item":"https:\/\/corrosionservice.com\/fr\/"},{"@type":"ListItem","position":2,"name":"Gestion de projet"}]},{"@type":"WebSite","@id":"https:\/\/corrosionservice.com\/#website","url":"https:\/\/corrosionservice.com\/","name":"Corrosion Service","description":"Entreprise de contr\u00f4le de la corrosion sur les pipelines","potentialAction":[{"@type":"SearchAction","target":{"@type":"EntryPoint","urlTemplate":"https:\/\/corrosionservice.com\/?s={search_term_string}"},"query-input":{"@type":"PropertyValueSpecification","valueRequired":true,"valueName":"search_term_string"}}],"inLanguage":"fr-FR"}]}},"_links":{"self":[{"href":"https:\/\/corrosionservice.com\/fr\/wp-json\/wp\/v2\/pages\/24960","targetHints":{"allow":["GET"]}}],"collection":[{"href":"https:\/\/corrosionservice.com\/fr\/wp-json\/wp\/v2\/pages"}],"about":[{"href":"https:\/\/corrosionservice.com\/fr\/wp-json\/wp\/v2\/types\/page"}],"author":[{"embeddable":true,"href":"https:\/\/corrosionservice.com\/fr\/wp-json\/wp\/v2\/users\/1"}],"replies":[{"embeddable":true,"href":"https:\/\/corrosionservice.com\/fr\/wp-json\/wp\/v2\/comments?post=24960"}],"version-history":[{"count":24,"href":"https:\/\/corrosionservice.com\/fr\/wp-json\/wp\/v2\/pages\/24960\/revisions"}],"predecessor-version":[{"id":26728,"href":"https:\/\/corrosionservice.com\/fr\/wp-json\/wp\/v2\/pages\/24960\/revisions\/26728"}],"wp:attachment":[{"href":"https:\/\/corrosionservice.com\/fr\/wp-json\/wp\/v2\/media?parent=24960"}],"curies":[{"name":"wp","href":"https:\/\/api.w.org\/{rel}","templated":true}]}}