{"id":25001,"date":"2015-05-29T09:56:28","date_gmt":"2015-05-29T13:56:28","guid":{"rendered":"https:\/\/corrosionservice.com\/services\/attenuation-ca\/"},"modified":"2025-08-19T14:43:02","modified_gmt":"2025-08-19T18:43:02","slug":"attenuation-ca","status":"publish","type":"page","link":"https:\/\/corrosionservice.com\/fr\/services\/attenuation-ca\/","title":{"rendered":"Att\u00e9nuation CA"},"content":{"rendered":"<div class=\"wpb-content-wrapper\"><p>[vc_row enable_parallax=\u00a0\u00bb\u00a0\u00bb parallax_speed=\u00a0\u00bb0.8&Prime; el_class=\u00a0\u00bbreskinned-services-row\u00a0\u00bb][vc_column width=\u00a0\u00bb1\/12&Prime;][\/vc_column][vc_column width=\u00a0\u00bb1\/2&Prime;][vc_raw_html el_class=\u00a0\u00bbreskinned-services-raw-h1&Prime;]PGgxPkF0dMOpbnVhdGlvbiBBQzxicj48c3BhbiBjbGFzcz0icmVza2lubmVkLXNlcnZpY2VzLXNlY29uZGFyeS1oMSI+SW50ZXJmw6lyZW5jZXMgw6lsZWN0cmlxdWVzPC9zcGFuPjwvaDE+CjxhIGNsYXNzPSJjb250YWN0LXVzLWN0YSIgaHJlZj0iaHR0cHM6Ly9jb3Jyb3Npb25zZXJ2aWNlLmNvbS9mci9ub3VzLWNvbnRhY3Rlci8iPk5vdXMgY29udGFjdGVyPC9hPg==[\/vc_raw_html][cs_custom_heading text=\u00a0\u00bb\u00a0\u00bb font_container=\u00a0\u00bbtag:h2|text_align:left\u00a0\u00bb el_class=\u00a0\u00bbcs-highlight-blue\u00a0\u00bb][vc_column_text]<span style=\"font-weight: 400;\">C&rsquo;est non <\/span><span style=\"font-weight: 400;\">secret que trouver de l&rsquo;espace pour construire la nouvelle infrastructure pipelini\u00e8re n\u00e9cessaire pour r\u00e9pondre \u00e0 la demande \u00e9nerg\u00e9tique croissante d&rsquo;aujourd&rsquo;hui devient de plus en plus difficile. C&rsquo;est pourquoi les corridors existants de lignes \u00e9lectriques a\u00e9riennes \u00e0 haute tension sont des options attrayantes pour l&#8217;emprise partag\u00e9e. Canalisations enterr\u00e9es <\/span><span style=\"font-weight: 400;\">\u00e0 proximit\u00e9<\/span> <span style=\"font-weight: 400;\">des lignes \u00e9lectriques sont soumises \u00e0 un courant alternatif d&rsquo;origine \u00e9lectromagn\u00e9tique, provoquant des risques d&rsquo;\u00e9lectrocution pour le public ou le personnel et augmentant le risque de corrosion par courant alternatif<\/span> <span style=\"font-weight: 400;\">.<\/span><\/p>\n<p><a href=\"https:\/\/corrosionservice.com\/about-us\/profile\/\"><span style=\"font-weight: 400;\">Corrosion Service<\/span><\/a> <span style=\"font-weight: 400;\">se sp\u00e9cialise<\/span> <span style=\"font-weight: 400;\">dans l&rsquo;identification et le traitement des<\/span> <span style=\"font-weight: 400;\">interf\u00e9rences CA sur les pipelines<\/span> <span style=\"font-weight: 400;\">.<\/span> <span style=\"font-weight: 400;\">En conjonction avec le logiciel de mod\u00e9lisation le plus avanc\u00e9,<\/span> <span style=\"font-weight: 400;\">nous pouvons fournir<\/span> <span style=\"font-weight: 400;\">des conceptions de syst\u00e8mes d&rsquo;att\u00e9nuation des courants vagabonds \u00e0 la pointe de l&rsquo;industrie<\/span><span style=\"font-weight: 400;\">. Celles-ci <\/span><span style=\"font-weight: 400;\">am\u00e9liorer la s\u00e9curit\u00e9 et r\u00e9duire le<\/span> <span style=\"font-weight: 400;\">potentiel de<\/span> <span style=\"font-weight: 400;\">corrosion, att\u00e9nuer les risques de s\u00e9curit\u00e9 et \u00e9liminer les<\/span> <span style=\"font-weight: 400;\">interf\u00e9rences<\/span> <span style=\"font-weight: 400;\">CA<\/span> nocives <span style=\"font-weight: 400;\">.<\/span>[\/vc_column_text][\/vc_column][vc_column width=\u00a0\u00bb5\/12&Prime;][vc_single_image image=\u00a0\u00bb24534&Prime; img_size=\u00a0\u00bb690&#215;690&Prime; add_caption=\u00a0\u00bbyes\u00a0\u00bb alignment=\u00a0\u00bbright\u00a0\u00bb el_class=\u00a0\u00bbreskinned-services-featured-img\u00a0\u00bb][\/vc_column][\/vc_row][vc_row el_class=\u00a0\u00bbreskinned-services-row diag-stripes\u00a0\u00bb][vc_column][vc_row_inner][vc_column_inner width=\u00a0\u00bb1\/12&Prime;][\/vc_column_inner][vc_column_inner width=\u00a0\u00bb1\/2&Prime;][cs_custom_heading text=\u00a0\u00bbAn AC Mitigation Team You Can Depend On\u00a0\u00bb font_container=\u00a0\u00bbtag:h2|text_align:left\u00a0\u00bb][vc_column_text]<span style=\"font-weight: 400;\">Tous les syst\u00e8mes de canalisations soumis \u00e0 des <\/span> interf\u00e9rences <span style=\"font-weight: 400;\">de courant alternatif <\/span><span style=\"font-weight: 400;\">sont diff\u00e9rents, <\/span><span style=\"font-weight: 400;\">qu\u2019il s\u2019agisse d\u2019une nouvelle construction, d\u2019une r\u00e9habilitation ou d\u2019un entretien de routine<\/span><span style=\"font-weight: 400;\">. <\/span><span style=\"font-weight: 400;\"> <\/span><span style=\"font-weight: 400;\">Notre \u00e9quipe talentueuse<\/span><span style=\"font-weight: 400;\"> aborde chaque travail de mani\u00e8re unique, calcul\u00e9e et proactive. <\/span><span style=\"font-weight: 400;\">Corrosion Service s\u2019efforce de fournir un niveau extr\u00eamement \u00e9lev\u00e9 de soutien et de partenariat pour fournir les solutions personnalis\u00e9es dont nos clients ont besoin au quotidien.<\/span><\/p>\n<p><span style=\"font-weight: 400;\">Nos bureaux se trouvent partout en Am\u00e9rique du Nord, servant de points de contact pour tous vos besoins d&rsquo;att\u00e9nuation des interf\u00e9rences CA. Chacun est compos\u00e9 de professionnels d\u00e9vou\u00e9s et exp\u00e9riment\u00e9s qui peuvent apporter leur expertise en ing\u00e9nierie, un soutien \u00e0 la gestion de projet et des services sur le terrain d\u00e9di\u00e9s. Notre \u00e9quipe travaille en \u00e9troite collaboration avec nos <\/span><a href=\"https:\/\/www.toronto.ca\/\"><span style=\"font-weight: 400;\">Toronto<\/span><\/a><span style=\"font-weight: 400;\"> centre d&rsquo;ing\u00e9nierie pour garantir des r\u00e9sultats optimaux et une satisfaction \u00e0 chaque travail. De plus, notre \u00e9quipe est form\u00e9e et certifi\u00e9e par le  <\/span><a href=\"https:\/\/www.ampp.org\/home\" target=\"_blank\" rel=\"noopener\"><span style=\"font-weight: 400;\">l\u2019Association pour la protection et la performance des mat\u00e9riaux (AMPP),<\/span><\/a> <a href=\"https:\/\/www.sestech.com\/en\/Training\/CertifiedUsersList#L3\" target=\"_blank\" rel=\"noopener\">les plateformes logicielles de mod\u00e9lisation SES &amp; Technologies<\/a> et <a href=\"https:\/\/www.elsyca.com\/elsyca-solutions\/elsyca-acta\" target=\"_blank\" rel=\"noopener\">Elsyca<\/a>.[\/vc_column_text][vc_btn title=\u00a0\u00bbCommuniquez avec votre succursale\u00a0\u00bb size=\u00a0\u00bbsm\u00a0\u00bb align=\u00a0\u00bbleft\u00a0\u00bb css_animation=\u00a0\u00bbbottom-to-top\u00a0\u00bb link=\u00a0\u00bburl:https%3A%2F%2Fcorrosionservice.com%2Ffr%2Fnous-contacter%2F|title:Nous%20contacter|\u00a0\u00bb][\/vc_column_inner][vc_column_inner width=\u00a0\u00bb5\/12&Prime;][vc_accordion active_tab=\u00a0\u00bb1&Prime; collapsible=\u00a0\u00bbyes\u00a0\u00bb el_class=\u00a0\u00bbreskinned-accordion\u00a0\u00bb][vc_accordion_tab title=\u00a0\u00bbOur AC Interference Mitigation Services\u00a0\u00bb][vc_column_text]Nos services d&rsquo;att\u00e9nuation des interf\u00e9rences \u00e9lectriques comprennent&nbsp;:<\/p>\n<ul>\n<li>Services d&rsquo;experts en mod\u00e9lisation informatique<\/li>\n<li>Conception et installation d&rsquo;att\u00e9nuation CA et CC<\/li>\n<li>Test d&rsquo;interf\u00e9rence CA<\/li>\n<li>Audits et maintenance du syst\u00e8me<\/li>\n<li>Enqu\u00eates annuelles de conformit\u00e9<\/li>\n<li>Surveillance \u00e0 distance<\/li>\n<\/ul>\n<p>[\/vc_column_text][\/vc_accordion_tab][vc_accordion_tab title=\u00a0\u00bbT\u00e9l\u00e9chargements\u00a0\u00bb][vc_column_text el_class=\u00a0\u00bbservice-listings-container\u00a0\u00bb]Pour en savoir plus, t\u00e9l\u00e9chargez notre documentation.[\/vc_column_text][\/vc_accordion_tab][\/vc_accordion][vc_empty_space][\/vc_column_inner][\/vc_row_inner][vc_empty_space][cs_custom_heading text=\u00a0\u00bbAC Interference Causes Our Team Can Address\u00a0\u00bb font_container=\u00a0\u00bbtag:h2|text_align:center\u00a0\u00bb el_class=\u00a0\u00bbcs-highlight-blue\u00a0\u00bb][vc_column_text]<span style=\"font-weight: 400;\">Il existe trois m\u00e9canismes de base d&rsquo;interf\u00e9rence CA qui peuvent endommager un pipeline et mettre en danger le personnel du pipeline et le public. Il s&rsquo;agit notamment des \u00e9l\u00e9ments suivants&nbsp;:<\/span><\/p>\n<p>&nbsp;<\/p>\n<p><b>Couplage inductif<\/b><\/p>\n<p><span style=\"font-weight: 400;\">Le couplage inductif se produit \u00e0 la fois dans des conditions de fonctionnement normal et de d\u00e9faut de la ligne \u00e9lectrique colocalisante. L&rsquo;amplitude des tensions induites d\u00e9pend de nombreux facteurs, notamment le courant de phase de la ligne \u00e9lectrique, la longueur du parall\u00e9lisme et la distance entre le pipeline et la ligne \u00e9lectrique.<\/span><\/p>\n<p>&nbsp;<\/p>\n<p><b>Couplage r\u00e9sistif ou conducteur<\/b><\/p>\n<p><span style=\"font-weight: 400;\">Le deuxi\u00e8me type de type d&rsquo;interf\u00e9rence \u00e9lectrique sur les pipelines, d\u00e9fini comme un couplage r\u00e9sistif ou conducteur, appara\u00eet dans des conditions de d\u00e9faut de ligne \u00e9lectrique. Le courant de d\u00e9faut traversant la mise \u00e0 la terre de la structure haute tension produit une \u00e9l\u00e9vation de potentiel dans le sol voisin. Une partie de ce courant peut \u00eatre transf\u00e9r\u00e9e au tuyau et s&rsquo;ajouterait \u00e0 la tension induite par le courant alternatif. <\/span><\/p>\n<p>&nbsp;<\/p>\n<p><b>Couplage capacitif<\/b><\/p>\n<p><span style=\"font-weight: 400;\">Le troisi\u00e8me m\u00e9canisme d&rsquo;interf\u00e9rence AC, d\u00e9fini comme couplage capacitif, n&rsquo;est un probl\u00e8me pendant la construction que lorsque le tuyau est \u00e9lev\u00e9 sur des patins et n&rsquo;est pas en contact avec le sol.<\/span>[\/vc_column_text][\/vc_column][\/vc_row][vc_row el_class=\u00a0\u00bbreskinned-services-row\u00a0\u00bb][vc_column width=\u00a0\u00bb2\/3&Prime;][cs_custom_heading text=\u00a0\u00bbFrom Design to Installation, We\u2019ve Got You Covered\u00a0\u00bb font_container=\u00a0\u00bbtag:h2|text_align:center\u00a0\u00bb el_class=\u00a0\u00bbcs-highlight-blue\u00a0\u00bb][vc_column_text]<span style=\"font-weight: 400;\">L&rsquo;optimisation du syst\u00e8me est essentielle pour<\/span> <span style=\"font-weight: 400;\">les conceptions d&rsquo;interf\u00e9rences CA<\/span> <span style=\"font-weight: 400;\">pour s&rsquo;assurer que les composants du syst\u00e8me appropri\u00e9s sont s\u00e9lectionn\u00e9s, dimensionn\u00e9s et strat\u00e9giquement situ\u00e9s pour fournir une d\u00e9charge de courant efficace pour l&rsquo;actif du pipeline \u00e0 att\u00e9nuer. Notre longue histoire de conception et notre compr\u00e9hension compl\u00e8te des interf\u00e9rences CA, ayant con\u00e7u de nombreux syst\u00e8mes d&rsquo;att\u00e9nuation au fil des ans pour diverses structures en Am\u00e9rique du Nord et dans le monde,<\/span><span style=\"font-weight: 400;\"> inspire la confiance et la satisfaction du client.<\/span><\/p>\n<p><span style=\"font-weight: 400;\">Nos \u00e9quipes de conception sont compos\u00e9es de  <\/span><span style=\"font-weight: 400;\">Des professionnels form\u00e9s et certifi\u00e9s poss\u00e9dant toutes les comp\u00e9tences et l\u2019expertise n\u00e9cessaires pour effectuer le travail de mani\u00e8re s\u00e9curitaire et efficace. Notre Ing\u00e9nierie, Dessin<\/span><span style=\"font-weight: 400;\">, et les services d&rsquo;installation<\/span> <span style=\"font-weight: 400;\">ainsi que le personnel d&rsquo;assistance suivent des flux de travail d\u00e9finis qui permettent une exposition compl\u00e8te aux auditeurs internes et externes.<\/span> <span style=\"font-weight: 400;\">Cela permet une exp\u00e9rience client optimale avant, pendant et apr\u00e8s l&rsquo;installation, et<\/span> <span style=\"font-weight: 400;\">pour de nombreuses ann\u00e9es \u00e0 venir.<\/span>[\/vc_column_text][\/vc_column][vc_column width=\u00a0\u00bb1\/3&Prime;][vc_single_image image=\u00a0\u00bb24790&Prime; img_size=\u00a0\u00bbfull\u00a0\u00bb alignment=\u00a0\u00bbcenter\u00a0\u00bb][\/vc_column][\/vc_row][vc_row el_class=\u00a0\u00bbreskinned-services-row diag-stripes\u00a0\u00bb][vc_column][cs_custom_heading text=\u00a0\u00bb\u00a0\u00bb font_container=\u00a0\u00bbtag:h2|text_align:center\u00a0\u00bb el_class=\u00a0\u00bbcs-highlight-blue\u00a0\u00bb][vc_column_text]<\/p>\n<p style=\"text-align: center;\"><span style=\"font-weight: 400;\">Besoin d\u2019une att\u00e9nuation de la climatisation pour les pipelines&nbsp;? <\/span><a href=\"https:\/\/corrosionservice.com\/fr\/nous-contacter\/global\/\"><span style=\"font-weight: 400;\">Contactez-nous d\u00e8s<\/span><\/a><span style=\"font-weight: 400;\"> aujourd\u2019hui.<\/span><\/p>\n<p style=\"text-align: center;\"><span style=\"font-weight: 400;\">Que vous ayez des questions ou des pr\u00e9occupations techniques, que vous ayez besoin de conseils sur les services d&rsquo;att\u00e9nuation AC les mieux adapt\u00e9s \u00e0 vos besoins ou autres, nous sommes l\u00e0 pour vous aider ici chez Corrosion Service. <\/span><span style=\"font-weight: 400;\">Nous avons des \u00e9quipes d\u00e9di\u00e9es qui sont form\u00e9es \u00e0 l&rsquo;installation de syst\u00e8mes d&rsquo;att\u00e9nuation AC. Les projets vont de l&rsquo;installation d&rsquo;une seule anode sacrificielle \u00e0 des puits d&rsquo;att\u00e9nuation AC, en passant par la mise en place de kilom\u00e8tres d&rsquo;att\u00e9nuation AC <\/span><a href=\"https:\/\/products.corrosionservice.com\/search?q=bare+copper\"><span style=\"font-weight: 400;\">fil de cuivre nu<\/span><\/a><span style=\"font-weight: 400;\"> ou <\/span><a href=\"https:\/\/products.corrosionservice.com\/search?q=zinc+ribbon\"><span style=\"font-weight: 400;\">ruban de zinc<\/span><\/a><span style=\"font-weight: 400;\"> selon les exigences de conception,<\/span><span style=\"font-weight: 400;\"> et plus encore. <\/span><span style=\"font-weight: 400;\">De plus, pour nous assurer que les travaux sont termin\u00e9s dans le respect du budget et des d\u00e9lais, nous poss\u00e9dons une flotte de v\u00e9hicules d\u2019\u00e9quipement de construction et nous nous sommes associ\u00e9s \u00e0 des entrepreneurs sp\u00e9cialis\u00e9s et pr\u00e9qualifi\u00e9s qui ont les comp\u00e9tences requises pour nous aider \u00e0 mener \u00e0 bien le travail.<\/span><\/p>\n<p>[\/vc_column_text][\/vc_column][\/vc_row]<\/p>\n<\/div>","protected":false},"excerpt":{"rendered":"<p>[vc_row enable_parallax=\u00a0\u00bb\u00a0\u00bb parallax_speed=\u00a0\u00bb0.8&Prime; el_class=\u00a0\u00bbreskinned-services-row\u00a0\u00bb][vc_column width=\u00a0\u00bb1\/12&Prime;][\/vc_column][vc_column width=\u00a0\u00bb1\/2&Prime;][vc_raw_html el_class=\u00a0\u00bbreskinned-services-raw-h1&Prime;]PGgxPkF0dMOpbnVhdGlvbiBBQzxicj48c3BhbiBjbGFzcz0icmVza2lubmVkLXNlcnZpY2VzLXNlY29uZGFyeS1oMSI+SW50ZXJmw6lyZW5jZXMgw6lsZWN0cmlxdWVzPC9zcGFuPjwvaDE+CjxhIGNsYXNzPSJjb250YWN0LXVzLWN0YSIgaHJlZj0iaHR0cHM6Ly9jb3Jyb3Npb25zZXJ2aWNlLmNvbS9mci9ub3VzLWNvbnRhY3Rlci8iPk5vdXMgY29udGFjdGVyPC9hPg==[\/vc_raw_html][cs_custom_heading text=\u00a0\u00bb\u00a0\u00bb font_container=\u00a0\u00bbtag:h2|text_align:left\u00a0\u00bb el_class=\u00a0\u00bbcs-highlight-blue\u00a0\u00bb][vc_column_text]C&rsquo;est non secret que trouver de l&rsquo;espace pour construire la nouvelle infrastructure pipelini\u00e8re n\u00e9cessaire pour r\u00e9pondre \u00e0 la demande \u00e9nerg\u00e9tique croissante d&rsquo;aujourd&rsquo;hui devient de plus en plus difficile. C&rsquo;est pourquoi les corridors existants de lignes \u00e9lectriques [&hellip;]<\/p>\n","protected":false},"author":1,"featured_media":0,"parent":24964,"menu_order":0,"comment_status":"closed","ping_status":"closed","template":"page-service.php","meta":{"_acf_changed":false,"footnotes":""},"class_list":["post-25001","page","type-page","status-publish","hentry"],"acf":[],"yoast_head":"<!-- This site is optimized with the Yoast SEO plugin v27.4 - https:\/\/yoast.com\/product\/yoast-seo-wordpress\/ -->\n<title>Att\u00e9nuation de la climatisation | Corrosion Service<\/title>\n<meta name=\"description\" content=\"Am\u00e9liorez la s\u00e9curit\u00e9 et r\u00e9duisez le risque de corrosion gr\u00e2ce \u00e0 notre mod\u00e9lisation, notre conception de syst\u00e8me, notre installation et notre maintenance de pointe en mati\u00e8re d\u2019att\u00e9nuation des CA.\" \/>\n<meta name=\"robots\" content=\"index, follow, max-snippet:-1, max-image-preview:large, max-video-preview:-1\" \/>\n<link rel=\"canonical\" href=\"https:\/\/corrosionservice.com\/fr\/services\/attenuation-ca\/\" \/>\n<meta property=\"og:locale\" content=\"fr_FR\" \/>\n<meta property=\"og:type\" content=\"article\" \/>\n<meta property=\"og:title\" content=\"Att\u00e9nuation de la climatisation | Corrosion Service\" \/>\n<meta property=\"og:description\" content=\"Am\u00e9liorez la s\u00e9curit\u00e9 et r\u00e9duisez le risque de corrosion gr\u00e2ce \u00e0 notre mod\u00e9lisation, notre conception de syst\u00e8me, notre installation et notre maintenance de pointe en mati\u00e8re d\u2019att\u00e9nuation des CA.\" \/>\n<meta property=\"og:url\" content=\"https:\/\/corrosionservice.com\/fr\/services\/attenuation-ca\/\" \/>\n<meta property=\"og:site_name\" content=\"Corrosion Service\" \/>\n<meta property=\"article:modified_time\" content=\"2025-08-19T18:43:02+00:00\" \/>\n<meta name=\"twitter:card\" content=\"summary_large_image\" \/>\n<meta name=\"twitter:label1\" content=\"Dur\u00e9e de lecture estim\u00e9e\" \/>\n\t<meta name=\"twitter:data1\" content=\"7 minutes\" \/>\n<script type=\"application\/ld+json\" class=\"yoast-schema-graph\">{\"@context\":\"https:\\\/\\\/schema.org\",\"@graph\":[{\"@type\":\"WebPage\",\"@id\":\"https:\\\/\\\/corrosionservice.com\\\/fr\\\/services\\\/attenuation-ca\\\/\",\"url\":\"https:\\\/\\\/corrosionservice.com\\\/fr\\\/services\\\/attenuation-ca\\\/\",\"name\":\"Att\u00e9nuation de la climatisation | Corrosion Service\",\"isPartOf\":{\"@id\":\"https:\\\/\\\/corrosionservice.com\\\/#website\"},\"datePublished\":\"2015-05-29T13:56:28+00:00\",\"dateModified\":\"2025-08-19T18:43:02+00:00\",\"description\":\"Am\u00e9liorez la s\u00e9curit\u00e9 et r\u00e9duisez le risque de corrosion gr\u00e2ce \u00e0 notre mod\u00e9lisation, notre conception de syst\u00e8me, notre installation et notre maintenance de pointe en mati\u00e8re d\u2019att\u00e9nuation des CA.\",\"breadcrumb\":{\"@id\":\"https:\\\/\\\/corrosionservice.com\\\/fr\\\/services\\\/attenuation-ca\\\/#breadcrumb\"},\"inLanguage\":\"fr-FR\",\"potentialAction\":[{\"@type\":\"ReadAction\",\"target\":[\"https:\\\/\\\/corrosionservice.com\\\/fr\\\/services\\\/attenuation-ca\\\/\"]}]},{\"@type\":\"BreadcrumbList\",\"@id\":\"https:\\\/\\\/corrosionservice.com\\\/fr\\\/services\\\/attenuation-ca\\\/#breadcrumb\",\"itemListElement\":[{\"@type\":\"ListItem\",\"position\":1,\"name\":\"Home\",\"item\":\"https:\\\/\\\/corrosionservice.com\\\/fr\\\/\"},{\"@type\":\"ListItem\",\"position\":2,\"name\":\"Services\",\"item\":\"https:\\\/\\\/corrosionservice.com\\\/fr\\\/services\\\/\"},{\"@type\":\"ListItem\",\"position\":3,\"name\":\"Att\u00e9nuation CA\"}]},{\"@type\":\"WebSite\",\"@id\":\"https:\\\/\\\/corrosionservice.com\\\/#website\",\"url\":\"https:\\\/\\\/corrosionservice.com\\\/\",\"name\":\"Corrosion Service\",\"description\":\"Entreprise de contr\u00f4le de la corrosion sur les pipelines\",\"potentialAction\":[{\"@type\":\"SearchAction\",\"target\":{\"@type\":\"EntryPoint\",\"urlTemplate\":\"https:\\\/\\\/corrosionservice.com\\\/?s={search_term_string}\"},\"query-input\":{\"@type\":\"PropertyValueSpecification\",\"valueRequired\":true,\"valueName\":\"search_term_string\"}}],\"inLanguage\":\"fr-FR\"}]}<\/script>\n<!-- \/ Yoast SEO plugin. -->","yoast_head_json":{"title":"Att\u00e9nuation de la climatisation | Corrosion Service","description":"Am\u00e9liorez la s\u00e9curit\u00e9 et r\u00e9duisez le risque de corrosion gr\u00e2ce \u00e0 notre mod\u00e9lisation, notre conception de syst\u00e8me, notre installation et notre maintenance de pointe en mati\u00e8re d\u2019att\u00e9nuation des CA.","robots":{"index":"index","follow":"follow","max-snippet":"max-snippet:-1","max-image-preview":"max-image-preview:large","max-video-preview":"max-video-preview:-1"},"canonical":"https:\/\/corrosionservice.com\/fr\/services\/attenuation-ca\/","og_locale":"fr_FR","og_type":"article","og_title":"Att\u00e9nuation de la climatisation | Corrosion Service","og_description":"Am\u00e9liorez la s\u00e9curit\u00e9 et r\u00e9duisez le risque de corrosion gr\u00e2ce \u00e0 notre mod\u00e9lisation, notre conception de syst\u00e8me, notre installation et notre maintenance de pointe en mati\u00e8re d\u2019att\u00e9nuation des CA.","og_url":"https:\/\/corrosionservice.com\/fr\/services\/attenuation-ca\/","og_site_name":"Corrosion Service","article_modified_time":"2025-08-19T18:43:02+00:00","twitter_card":"summary_large_image","twitter_misc":{"Dur\u00e9e de lecture estim\u00e9e":"7 minutes"},"schema":{"@context":"https:\/\/schema.org","@graph":[{"@type":"WebPage","@id":"https:\/\/corrosionservice.com\/fr\/services\/attenuation-ca\/","url":"https:\/\/corrosionservice.com\/fr\/services\/attenuation-ca\/","name":"Att\u00e9nuation de la climatisation | Corrosion Service","isPartOf":{"@id":"https:\/\/corrosionservice.com\/#website"},"datePublished":"2015-05-29T13:56:28+00:00","dateModified":"2025-08-19T18:43:02+00:00","description":"Am\u00e9liorez la s\u00e9curit\u00e9 et r\u00e9duisez le risque de corrosion gr\u00e2ce \u00e0 notre mod\u00e9lisation, notre conception de syst\u00e8me, notre installation et notre maintenance de pointe en mati\u00e8re d\u2019att\u00e9nuation des CA.","breadcrumb":{"@id":"https:\/\/corrosionservice.com\/fr\/services\/attenuation-ca\/#breadcrumb"},"inLanguage":"fr-FR","potentialAction":[{"@type":"ReadAction","target":["https:\/\/corrosionservice.com\/fr\/services\/attenuation-ca\/"]}]},{"@type":"BreadcrumbList","@id":"https:\/\/corrosionservice.com\/fr\/services\/attenuation-ca\/#breadcrumb","itemListElement":[{"@type":"ListItem","position":1,"name":"Home","item":"https:\/\/corrosionservice.com\/fr\/"},{"@type":"ListItem","position":2,"name":"Services","item":"https:\/\/corrosionservice.com\/fr\/services\/"},{"@type":"ListItem","position":3,"name":"Att\u00e9nuation CA"}]},{"@type":"WebSite","@id":"https:\/\/corrosionservice.com\/#website","url":"https:\/\/corrosionservice.com\/","name":"Corrosion Service","description":"Entreprise de contr\u00f4le de la corrosion sur les pipelines","potentialAction":[{"@type":"SearchAction","target":{"@type":"EntryPoint","urlTemplate":"https:\/\/corrosionservice.com\/?s={search_term_string}"},"query-input":{"@type":"PropertyValueSpecification","valueRequired":true,"valueName":"search_term_string"}}],"inLanguage":"fr-FR"}]}},"_links":{"self":[{"href":"https:\/\/corrosionservice.com\/fr\/wp-json\/wp\/v2\/pages\/25001","targetHints":{"allow":["GET"]}}],"collection":[{"href":"https:\/\/corrosionservice.com\/fr\/wp-json\/wp\/v2\/pages"}],"about":[{"href":"https:\/\/corrosionservice.com\/fr\/wp-json\/wp\/v2\/types\/page"}],"author":[{"embeddable":true,"href":"https:\/\/corrosionservice.com\/fr\/wp-json\/wp\/v2\/users\/1"}],"replies":[{"embeddable":true,"href":"https:\/\/corrosionservice.com\/fr\/wp-json\/wp\/v2\/comments?post=25001"}],"version-history":[{"count":26,"href":"https:\/\/corrosionservice.com\/fr\/wp-json\/wp\/v2\/pages\/25001\/revisions"}],"predecessor-version":[{"id":27092,"href":"https:\/\/corrosionservice.com\/fr\/wp-json\/wp\/v2\/pages\/25001\/revisions\/27092"}],"up":[{"embeddable":true,"href":"https:\/\/corrosionservice.com\/fr\/wp-json\/wp\/v2\/pages\/24964"}],"wp:attachment":[{"href":"https:\/\/corrosionservice.com\/fr\/wp-json\/wp\/v2\/media?parent=25001"}],"curies":[{"name":"wp","href":"https:\/\/api.w.org\/{rel}","templated":true}]}}