{"id":25006,"date":"2015-05-29T09:58:14","date_gmt":"2015-05-29T13:58:14","guid":{"rendered":"https:\/\/corrosionservice.com\/carrieres\/"},"modified":"2023-12-19T15:15:35","modified_gmt":"2023-12-19T20:15:35","slug":"carrieres","status":"publish","type":"page","link":"https:\/\/corrosionservice.com\/fr\/carrieres\/","title":{"rendered":"Carri\u00e8res"},"content":{"rendered":"<div class=\"wpb-content-wrapper\"><p>[vc_row css=\u00a0\u00bb.vc_custom_1521483049563{padding-bottom: 100px !important;}\u00a0\u00bb][vc_column width=\u00a0\u00bb5\/12&Prime;][cs_custom_heading text=\u00a0\u00bbCarri\u00e8res\u00a0\u00bb font_container=\u00a0\u00bbtag:h1|font_size:52|text_align:left|color:%23f76d01|line_height:1&Prime; font_format=\u00a0\u00bb600&Prime; title_top_line_margin_bottom=\u00a0\u00bb0px\u00a0\u00bb css=\u00a0\u00bb.vc_custom_1521484390990{margin-top: 0px !important;margin-bottom: 0px !important;}\u00a0\u00bb][vc_column_text el_class=\u00a0\u00bbmain-content-copy\u00a0\u00bb]<span class=\"cs-highlight-blue euclid\">Nous responsabilisons et soutenons nos employ\u00e9s avec des opportunit\u00e9s d&rsquo;avancement et de croissance personnelle.<\/span><\/p>\n<p>Chez Corrosion Service, vous serez impliqu\u00e9 dans certains des projets d&rsquo;infrastructure les plus passionnants qui se d\u00e9roulent aujourd&rsquo;hui, vous b\u00e9n\u00e9ficierez d&rsquo;un d\u00e9veloppement des employ\u00e9s, d&rsquo;opportunit\u00e9s de mentorat, d&rsquo;un salaire et d&rsquo;avantages sociaux comp\u00e9titifs. Notre lieu de travail inclusif englobe nos employ\u00e9s et nourrit les talents, offrant un environnement qui c\u00e9l\u00e8bre la diversit\u00e9 et stimule les innovations.<\/p>\n<p>Notre succ\u00e8s pass\u00e9 et futur d\u00e9pend de la recherche des talents les meilleurs et les plus brillants. Nous recherchons activement des candidats dans des domaines tels que l&rsquo;ing\u00e9nierie, les services de construction, la gestion de projet, l&rsquo;administration, les ressources humaines, la sant\u00e9 et la s\u00e9curit\u00e9, la gestion de la qualit\u00e9 et la fabrication.<\/p>\n<p>Si vous souhaitez rejoindre une organisation dynamique d&rsquo;\u00e9galit\u00e9 des chances et souhaitez prot\u00e9ger l&rsquo;environnement et la prosp\u00e9rit\u00e9 des communaut\u00e9s dans lesquelles nous vivons, nous aimerions avoir de vos nouvelles.[\/vc_column_text][vc_row_inner][vc_column_inner][vc_btn title=\u00a0\u00bbD\u00e9couvrez nos opportunit\u00e9s de carri\u00e8re\u00a0\u00bb color=\u00a0\u00bbblue\u00a0\u00bb link=\u00a0\u00bburl:https%3A%2F%2Frecruiting.ultipro.ca%2FCOR5006COCL%2FJobBoard%2F8ec4c17c-6488-476b-968b-703ab2c198e9%2F%3Fq%3D%26o%3DpostedDateDesc%26w%3D%26wc%3D%26we%3D%26wpst%3D|target:_blank|\u00a0\u00bb el_id=\u00a0\u00bbcareersNwButton\u00a0\u00bb][\/vc_column_inner][\/vc_row_inner][\/vc_column][vc_column width=\u00a0\u00bb7\/12&Prime; el_class=\u00a0\u00bbreskinned-content-wrapper\u00a0\u00bb][vc_single_image image=\u00a0\u00bb26570&Prime; img_size=\u00a0\u00bbfull\u00a0\u00bb][vc_single_image image=\u00a0\u00bb26157&Prime; img_size=\u00a0\u00bbfull\u00a0\u00bb][vc_single_image image=\u00a0\u00bb26155&Prime; img_size=\u00a0\u00bbfull\u00a0\u00bb][\/vc_column][\/vc_row]<\/p>\n<\/div>","protected":false},"excerpt":{"rendered":"<p>[vc_row css=\u00a0\u00bb.vc_custom_1521483049563{padding-bottom: 100px !important;}\u00a0\u00bb][vc_column width=\u00a0\u00bb5\/12&Prime;][cs_custom_heading text=\u00a0\u00bbCarri\u00e8res\u00a0\u00bb font_container=\u00a0\u00bbtag:h1|font_size:52|text_align:left|color:%23f76d01|line_height:1&Prime; font_format=\u00a0\u00bb600&Prime; title_top_line_margin_bottom=\u00a0\u00bb0px\u00a0\u00bb css=\u00a0\u00bb.vc_custom_1521484390990{margin-top: 0px !important;margin-bottom: 0px !important;}\u00a0\u00bb][vc_column_text el_class=\u00a0\u00bbmain-content-copy\u00a0\u00bb]Nous responsabilisons et soutenons nos employ\u00e9s avec des opportunit\u00e9s d&rsquo;avancement et de croissance personnelle. Chez Corrosion Service, vous serez impliqu\u00e9 dans certains des projets d&rsquo;infrastructure les plus passionnants qui se d\u00e9roulent [&hellip;]<\/p>\n","protected":false},"author":1,"featured_media":0,"parent":0,"menu_order":11,"comment_status":"closed","ping_status":"closed","template":"","meta":{"_acf_changed":false,"footnotes":""},"class_list":["post-25006","page","type-page","status-publish","hentry"],"acf":[],"yoast_head":"<!-- This site is optimized with the Yoast SEO plugin v27.4 - https:\/\/yoast.com\/product\/yoast-seo-wordpress\/ -->\n<title>Opportunit\u00e9s de carri\u00e8re | Corrosion Service Company Ltd.<\/title>\n<meta name=\"description\" content=\"Notre succ\u00e8s pass\u00e9 et futur d\u00e9pend de la recherche des talents les meilleurs et les plus brillants. Nous recherchons activement des candidats et postulons ci-dessous....\" \/>\n<meta name=\"robots\" content=\"index, follow, max-snippet:-1, max-image-preview:large, max-video-preview:-1\" \/>\n<link rel=\"canonical\" href=\"https:\/\/corrosionservice.com\/fr\/carrieres\/\" \/>\n<meta property=\"og:locale\" content=\"fr_FR\" \/>\n<meta property=\"og:type\" content=\"article\" \/>\n<meta property=\"og:title\" content=\"Opportunit\u00e9s de carri\u00e8re | Corrosion Service Company Ltd.\" \/>\n<meta property=\"og:description\" content=\"Notre succ\u00e8s pass\u00e9 et futur d\u00e9pend de la recherche des talents les meilleurs et les plus brillants. Nous recherchons activement des candidats et postulons ci-dessous....\" \/>\n<meta property=\"og:url\" content=\"https:\/\/corrosionservice.com\/fr\/carrieres\/\" \/>\n<meta property=\"og:site_name\" content=\"Corrosion Service\" \/>\n<meta property=\"article:modified_time\" content=\"2023-12-19T20:15:35+00:00\" \/>\n<meta name=\"twitter:card\" content=\"summary_large_image\" \/>\n<meta name=\"twitter:label1\" content=\"Dur\u00e9e de lecture estim\u00e9e\" \/>\n\t<meta name=\"twitter:data1\" content=\"1 minute\" \/>\n<script type=\"application\/ld+json\" class=\"yoast-schema-graph\">{\"@context\":\"https:\\\/\\\/schema.org\",\"@graph\":[{\"@type\":\"WebPage\",\"@id\":\"https:\\\/\\\/corrosionservice.com\\\/fr\\\/carrieres\\\/\",\"url\":\"https:\\\/\\\/corrosionservice.com\\\/fr\\\/carrieres\\\/\",\"name\":\"Opportunit\u00e9s de carri\u00e8re | Corrosion Service Company Ltd.\",\"isPartOf\":{\"@id\":\"https:\\\/\\\/corrosionservice.com\\\/#website\"},\"datePublished\":\"2015-05-29T13:58:14+00:00\",\"dateModified\":\"2023-12-19T20:15:35+00:00\",\"description\":\"Notre succ\u00e8s pass\u00e9 et futur d\u00e9pend de la recherche des talents les meilleurs et les plus brillants. Nous recherchons activement des candidats et postulons ci-dessous....\",\"breadcrumb\":{\"@id\":\"https:\\\/\\\/corrosionservice.com\\\/fr\\\/carrieres\\\/#breadcrumb\"},\"inLanguage\":\"fr-FR\",\"potentialAction\":[{\"@type\":\"ReadAction\",\"target\":[\"https:\\\/\\\/corrosionservice.com\\\/fr\\\/carrieres\\\/\"]}]},{\"@type\":\"BreadcrumbList\",\"@id\":\"https:\\\/\\\/corrosionservice.com\\\/fr\\\/carrieres\\\/#breadcrumb\",\"itemListElement\":[{\"@type\":\"ListItem\",\"position\":1,\"name\":\"Home\",\"item\":\"https:\\\/\\\/corrosionservice.com\\\/fr\\\/\"},{\"@type\":\"ListItem\",\"position\":2,\"name\":\"Carri\u00e8res\"}]},{\"@type\":\"WebSite\",\"@id\":\"https:\\\/\\\/corrosionservice.com\\\/#website\",\"url\":\"https:\\\/\\\/corrosionservice.com\\\/\",\"name\":\"Corrosion Service\",\"description\":\"Entreprise de contr\u00f4le de la corrosion sur les pipelines\",\"potentialAction\":[{\"@type\":\"SearchAction\",\"target\":{\"@type\":\"EntryPoint\",\"urlTemplate\":\"https:\\\/\\\/corrosionservice.com\\\/?s={search_term_string}\"},\"query-input\":{\"@type\":\"PropertyValueSpecification\",\"valueRequired\":true,\"valueName\":\"search_term_string\"}}],\"inLanguage\":\"fr-FR\"}]}<\/script>\n<!-- \/ Yoast SEO plugin. -->","yoast_head_json":{"title":"Opportunit\u00e9s de carri\u00e8re | Corrosion Service Company Ltd.","description":"Notre succ\u00e8s pass\u00e9 et futur d\u00e9pend de la recherche des talents les meilleurs et les plus brillants. Nous recherchons activement des candidats et postulons ci-dessous....","robots":{"index":"index","follow":"follow","max-snippet":"max-snippet:-1","max-image-preview":"max-image-preview:large","max-video-preview":"max-video-preview:-1"},"canonical":"https:\/\/corrosionservice.com\/fr\/carrieres\/","og_locale":"fr_FR","og_type":"article","og_title":"Opportunit\u00e9s de carri\u00e8re | Corrosion Service Company Ltd.","og_description":"Notre succ\u00e8s pass\u00e9 et futur d\u00e9pend de la recherche des talents les meilleurs et les plus brillants. Nous recherchons activement des candidats et postulons ci-dessous....","og_url":"https:\/\/corrosionservice.com\/fr\/carrieres\/","og_site_name":"Corrosion Service","article_modified_time":"2023-12-19T20:15:35+00:00","twitter_card":"summary_large_image","twitter_misc":{"Dur\u00e9e de lecture estim\u00e9e":"1 minute"},"schema":{"@context":"https:\/\/schema.org","@graph":[{"@type":"WebPage","@id":"https:\/\/corrosionservice.com\/fr\/carrieres\/","url":"https:\/\/corrosionservice.com\/fr\/carrieres\/","name":"Opportunit\u00e9s de carri\u00e8re | Corrosion Service Company Ltd.","isPartOf":{"@id":"https:\/\/corrosionservice.com\/#website"},"datePublished":"2015-05-29T13:58:14+00:00","dateModified":"2023-12-19T20:15:35+00:00","description":"Notre succ\u00e8s pass\u00e9 et futur d\u00e9pend de la recherche des talents les meilleurs et les plus brillants. Nous recherchons activement des candidats et postulons ci-dessous....","breadcrumb":{"@id":"https:\/\/corrosionservice.com\/fr\/carrieres\/#breadcrumb"},"inLanguage":"fr-FR","potentialAction":[{"@type":"ReadAction","target":["https:\/\/corrosionservice.com\/fr\/carrieres\/"]}]},{"@type":"BreadcrumbList","@id":"https:\/\/corrosionservice.com\/fr\/carrieres\/#breadcrumb","itemListElement":[{"@type":"ListItem","position":1,"name":"Home","item":"https:\/\/corrosionservice.com\/fr\/"},{"@type":"ListItem","position":2,"name":"Carri\u00e8res"}]},{"@type":"WebSite","@id":"https:\/\/corrosionservice.com\/#website","url":"https:\/\/corrosionservice.com\/","name":"Corrosion Service","description":"Entreprise de contr\u00f4le de la corrosion sur les pipelines","potentialAction":[{"@type":"SearchAction","target":{"@type":"EntryPoint","urlTemplate":"https:\/\/corrosionservice.com\/?s={search_term_string}"},"query-input":{"@type":"PropertyValueSpecification","valueRequired":true,"valueName":"search_term_string"}}],"inLanguage":"fr-FR"}]}},"_links":{"self":[{"href":"https:\/\/corrosionservice.com\/fr\/wp-json\/wp\/v2\/pages\/25006","targetHints":{"allow":["GET"]}}],"collection":[{"href":"https:\/\/corrosionservice.com\/fr\/wp-json\/wp\/v2\/pages"}],"about":[{"href":"https:\/\/corrosionservice.com\/fr\/wp-json\/wp\/v2\/types\/page"}],"author":[{"embeddable":true,"href":"https:\/\/corrosionservice.com\/fr\/wp-json\/wp\/v2\/users\/1"}],"replies":[{"embeddable":true,"href":"https:\/\/corrosionservice.com\/fr\/wp-json\/wp\/v2\/comments?post=25006"}],"version-history":[{"count":18,"href":"https:\/\/corrosionservice.com\/fr\/wp-json\/wp\/v2\/pages\/25006\/revisions"}],"predecessor-version":[{"id":26619,"href":"https:\/\/corrosionservice.com\/fr\/wp-json\/wp\/v2\/pages\/25006\/revisions\/26619"}],"wp:attachment":[{"href":"https:\/\/corrosionservice.com\/fr\/wp-json\/wp\/v2\/media?parent=25006"}],"curies":[{"name":"wp","href":"https:\/\/api.w.org\/{rel}","templated":true}]}}