{"id":25011,"date":"2015-05-29T09:57:26","date_gmt":"2015-05-29T13:57:26","guid":{"rendered":"https:\/\/corrosionservice.com\/services\/protection-dajustement-potentiel\/"},"modified":"2025-09-17T14:14:26","modified_gmt":"2025-09-17T18:14:26","slug":"protection-dajustement-potentiel","status":"publish","type":"page","link":"https:\/\/corrosionservice.com\/fr\/services\/protection-dajustement-potentiel\/","title":{"rendered":"Protection d&rsquo;ajustement potentiel\u00ae"},"content":{"rendered":"<div class=\"wpb-content-wrapper\"><p>[vc_row enable_parallax=\u00a0\u00bb\u00a0\u00bb parallax_speed=\u00a0\u00bb0.8&Prime; el_class=\u00a0\u00bbreskinned-services-row\u00a0\u00bb][vc_column width=\u00a0\u00bb1\/12&Prime;][\/vc_column][vc_column width=\u00a0\u00bb1\/2&Prime;][vc_raw_html css=\u00a0\u00bb\u00a0\u00bb el_class=\u00a0\u00bbreskinned-services-raw-h1&Prime;]PGgxPlByb3RlY3Rpb24gY29udHJlIGzigJlhanVzdGVtZW50IGR1IHBvdGVudGllbCAoUEFQwq4pPGJyPjxzcGFuIGNsYXNzPSJyZXNraW5uZWQtc2VydmljZXMtc2Vjb25kYXJ5LWgxIj5Db250csO0bGUgZGUgbGEgY29ycm9zaW9uIHBvdXI8c3BhbiBjbGFzcz0idGV4dC1ub3dyYXAiPiBsZXMgw6lwdXJhdGV1cnMgZGUgZMOpc3VsZnVyYXRpb24gZGVzIGdheiBkZTwvc3Bhbj4gY29tYnVzdGlvbjwvc3Bhbj48L2gxPgo8YSBjbGFzcz0iY29udGFjdC11cy1jdGEiIGhyZWY9Imh0dHBzOi8vY29ycm9zaW9uc2VydmljZS5jb20vZnIvbm91cy1jb250YWN0ZXIvIj5Ob3VzIGNvbnRhY3RlcjwvYT4=[\/vc_raw_html][cs_custom_heading text=\u00a0\u00bbLorsque le rev\u00eatement de votre \u00e9purateur FGD tombe en panne&#8230; Comment et quand conna\u00eetrez-vous l\u2019\u00e9tendue des d\u00e9g\u00e2ts&amp;nbsp;? Serez-vous prot\u00e9g\u00e9 contre les pertes de m\u00e9tal ?\u00a0\u00bb font_container=\u00a0\u00bbtag:h2|text_align:left\u00a0\u00bb el_class=\u00a0\u00bbcs-highlight-blue\u00a0\u00bb][vc_column_text]Les syst\u00e8mes de d\u00e9sulfuration des gaz de combustion (FGD) sont un composant essentiel pour toute unit\u00e9 de production d&rsquo;\u00e9lectricit\u00e9 au charbon qui doit r\u00e9pondre aux exigences r\u00e9glementaires en mati\u00e8re d&rsquo;\u00e9missions. Mais en raison de la nature corrosive du produit trait\u00e9, la corrosion peut compromettre l&rsquo;int\u00e9grit\u00e9 structurelle. Bas\u00e9 sur une exp\u00e9rience ant\u00e9rieure dans l&rsquo;industrie des p\u00e2tes et papiers, <a href=\"https:\/\/corrosionservice.com\/about-us\/profile\/\">Corrosion Service<\/a> fournit des solutions de contr\u00f4le de la corrosion aux centrales \u00e9lectriques au charbon partout en Am\u00e9rique du Nord.<\/p>\n<p>PAP\u00ae (Potential Adjustment Protection\u00ae) est une technologie \u00e9prouv\u00e9e d\u00e9velopp\u00e9e en collaboration avec l&rsquo;Institut de recherche sur les p\u00e2tes et papiers du Canada au d\u00e9but des ann\u00e9es 1980. Le PAP\u00ae (Potential Adjustment Protection\u00ae) est particuli\u00e8rement adapt\u00e9 pour pr\u00e9venir la corrosion des aciers inoxydables aust\u00e9nitiques, super-aust\u00e9nitiques et duplex dans des environnements \u00e0 forte teneur en chlorure et extr\u00eamement rentable par rapport aux rev\u00eatements, au remplacement des alliages et aux rev\u00eatements en briques. La protection est r\u00e9alis\u00e9e en appliquant un courant \u00e9lectrique \u00e0 travers des anodes install\u00e9es \u00e0 l&rsquo;int\u00e9rieur de la cuve \u00e0 la structure, puis en d\u00e9pla\u00e7ant le potentiel du m\u00e9tal dans la r\u00e9gion passive, emp\u00eachant ainsi toute corrosion suppl\u00e9mentaire.[\/vc_column_text][\/vc_column][vc_column width=\u00a0\u00bb5\/12&Prime;][vc_single_image image=\u00a0\u00bb21934&Prime; img_size=\u00a0\u00bb690&#215;690&Prime; add_caption=\u00a0\u00bbyes\u00a0\u00bb alignment=\u00a0\u00bbright\u00a0\u00bb el_class=\u00a0\u00bbreskinned-services-featured-img\u00a0\u00bb][\/vc_column][\/vc_row][vc_row el_class=\u00a0\u00bbreskinned-services-row diag-stripes\u00a0\u00bb][vc_column][vc_row_inner][vc_column_inner width=\u00a0\u00bb1\/12&Prime;][\/vc_column_inner][vc_column_inner width=\u00a0\u00bb1\/2&Prime;][cs_custom_heading text=\u00a0\u00bbNotre \u00e9quipe et les services que nous offrons\u00a0\u00bb font_container=\u00a0\u00bbtag:h2|text_align:left\u00a0\u00bb][vc_column_text]Tous les syst\u00e8mes FGD sont diff\u00e9rents, et qu&rsquo;il s&rsquo;agisse d&rsquo;une nouvelle construction, d&rsquo;une r\u00e9habilitation ou d&rsquo;un entretien de routine, notre talentueuse \u00e9quipe de professionnels de l&rsquo;industrie est habilit\u00e9e \u00e0 comprendre les caract\u00e9ristiques uniques de chaque demande. Ceci est important car en tant qu&rsquo;organisation, Corrosion Service s&rsquo;efforce de fournir le niveau extr\u00eamement \u00e9lev\u00e9 de soutien et de partenariat pour fournir les solutions personnalis\u00e9es dont nos clients ont besoin au quotidien.<\/p>\n<p>Notre groupe d&rsquo;ing\u00e9nierie des proc\u00e9d\u00e9s (PEG) est strat\u00e9giquement situ\u00e9 \u00e0 Toronto, au Canada, et constitue la principale ligne de contact pour les clients du syst\u00e8me FGD. PEG est con\u00e7u pour fournir une expertise en ing\u00e9nierie de premi\u00e8re ligne, un soutien \u00e0 la gestion de projet et des services sur le terrain en collaboration avec notre centre d&rsquo;ing\u00e9nierie de Toronto qui fournit des services d&rsquo;ing\u00e9nierie et de conception de haut niveau. Les membres de l&rsquo;\u00e9quipe sont hautement qualifi\u00e9s, et tout le personnel d&rsquo;ing\u00e9nierie est certifi\u00e9 \u00e0 diff\u00e9rents niveaux par la <a href=\"https:\/\/www.nace.org\/home.aspx\">National Association of Corrosion Engineers International<\/a> .[\/vc_column_text][vc_btn title=\u00a0\u00bbCommuniquez avec votre succursale\u00a0\u00bb css_animation=\u00a0\u00bbbottom-to-top\u00a0\u00bb link=\u00a0\u00bburl:https%3A%2F%2Fwww.corrosionservice.com%2Fcontact-us%2F|\u00a0\u00bb][\/vc_column_inner][vc_column_inner width=\u00a0\u00bb5\/12&Prime;][vc_accordion active_tab=\u00a0\u00bb1&Prime; collapsible=\u00a0\u00bbyes\u00a0\u00bb el_class=\u00a0\u00bbreskinned-accordion\u00a0\u00bb][vc_accordion_tab title=\u00a0\u00bbServices\u00a0\u00bb][vc_column_text]<\/p>\n<p class=\"p1\">Nos services de site d&rsquo;ajustement potentiel comprennent&nbsp;:<\/p>\n<ul>\n<li>Pose d&rsquo;anodes<\/li>\n<li>Enqu\u00eates annuelles<\/li>\n<li>Surveillance \u00e0 distance<\/li>\n<li>V\u00e9rification du syst\u00e8me<\/li>\n<li>Entretien du syst\u00e8me<\/li>\n<\/ul>\n<p>[\/vc_column_text][\/vc_accordion_tab][vc_accordion_tab title=\u00a0\u00bbSystem Profile Downloads\u00a0\u00bb][vc_column_text el_class=\u00a0\u00bbservice-listings-container\u00a0\u00bb]Pour en savoir plus, t\u00e9l\u00e9chargez notre documentation.[\/vc_column_text][\/vc_accordion_tab][\/vc_accordion][\/vc_column_inner][\/vc_row_inner][\/vc_column][\/vc_row][vc_row el_class=\u00a0\u00bbreskinned-services-row\u00a0\u00bb][vc_column][cs_custom_heading text=\u00a0\u00bbLa biblioth\u00e8que technique du service de corrosion qui documente notre pass\u00e9 et d\u00e9finit notre avenir\u00a0\u00bb font_container=\u00a0\u00bbtag:h2|text_align:center\u00a0\u00bb el_class=\u00a0\u00bbcs-highlight-blue\u00a0\u00bb][vc_column_text]<\/p>\n<p style=\"text-align: center;\"><a href=\"https:\/\/corrosionservice.com\/about-us\/profile\/\">Corrosion Service<\/a> a \u00e9t\u00e9 et demeure un chef de file dans l&rsquo;industrie du contr\u00f4le de la corrosion, soutenant les diverses industries en Am\u00e9rique du Nord et dans le monde, assurant l&rsquo;int\u00e9grit\u00e9 des actifs en fournissant des services d&rsquo;ing\u00e9nierie responsables. Dans le cadre de notre engagement continu, nous aimerions vous souhaiter la bienvenue dans notre biblioth\u00e8que \u00e9lectronique en tant qu&rsquo;endroit o\u00f9 consulter nos divers documents techniques \u00e9crits et pr\u00e9sent\u00e9s au cours des 69 derni\u00e8res ann\u00e9es et qui ont soutenu l&rsquo;avancement de l&rsquo;industrie de la corrosion.<\/p>\n<p style=\"text-align: center;\">Nous avons \u00e9galement converti un bureau d&rsquo;angle principal en biblioth\u00e8que \u00e0 notre si\u00e8ge social et d\u00e9di\u00e9 la salle \u00e0 Sorin Segall en raison de son engagement envers Corrosion Service, des nombreux articles pr\u00e9sent\u00e9s, du mentorat technique au sein de Corrosion Service et de notre industrie. Nous serions ravis que vous veniez voir cette biblioth\u00e8que compl\u00e8te qui comprend divers manuels, des publications pertinentes, tous les magazines <a href=\"http:\/\/www.materialsperformance.com\/\">NACE Materials Performance<\/a> pr\u00e9sent\u00e9s depuis la premi\u00e8re publication, des bulletins techniques et divers autres documents imprim\u00e9s li\u00e9s \u00e0 la corrosion.<\/p>\n<p>[\/vc_column_text][vc_btn title=\u00a0\u00bbVisitez notre biblioth\u00e8que technique\u00a0\u00bb align=\u00a0\u00bbcenter\u00a0\u00bb link=\u00a0\u00bburl:https%3A%2F%2Fcorrosionservice.com%2Ffr%2Fbibliotheque-des-documents-techniques%2F|\u00a0\u00bb][\/vc_column][\/vc_row][vc_row el_class=\u00a0\u00bbreskinned-services-row reskinned-services-featuring-store\u00a0\u00bb][vc_column][vc_column_text]<\/p>\n<p style=\"text-align: center;\">Depuis notre cr\u00e9ation en 1950, nous avons construit une vaste gamme de produits sp\u00e9cialis\u00e9s pour l&rsquo;industrie de la pr\u00e9vention de la corrosion.<\/p>\n<p style=\"text-align: center;\">Notre \u00e9quipe d&rsquo;approvisionnement en mat\u00e9riaux a acc\u00e8s \u00e0 une gamme compl\u00e8te de mat\u00e9riaux PAP\u00ae (Potential Adjustment Protection\u00ae) fabriqu\u00e9s en interne et provenant de fournisseurs partenaires. Notre \u00e9quipe d\u00e9di\u00e9e \u00e0 la cha\u00eene d&rsquo;approvisionnement est bas\u00e9e \u00e0 Toronto aux c\u00f4t\u00e9s de notre centre de distribution de mat\u00e9riaux, qui est capable de livrer des mat\u00e9riaux dans le monde entier \u00e0 court pr\u00e9avis.<\/p>\n<p>[\/vc_column_text][vc_btn title=\u00a0\u00bbVisitez notre magasin de mat\u00e9riaux en ligne\u00a0\u00bb css=\u00a0\u00bb\u00a0\u00bb link=\u00a0\u00bburl:https%3A%2F%2Fproducts.corrosionservice.com%2Fcategories%2F|\u00a0\u00bb][\/vc_column][\/vc_row]<\/p>\n<\/div>","protected":false},"excerpt":{"rendered":"<p>[vc_row enable_parallax=\u00a0\u00bb\u00a0\u00bb parallax_speed=\u00a0\u00bb0.8&Prime; el_class=\u00a0\u00bbreskinned-services-row\u00a0\u00bb][vc_column width=\u00a0\u00bb1\/12&Prime;][\/vc_column][vc_column width=\u00a0\u00bb1\/2&Prime;][vc_raw_html css=\u00a0\u00bb\u00a0\u00bb el_class=\u00a0\u00bbreskinned-services-raw-h1&Prime;]PGgxPlByb3RlY3Rpb24gY29udHJlIGzigJlhanVzdGVtZW50IGR1IHBvdGVudGllbCAoUEFQwq4pPGJyPjxzcGFuIGNsYXNzPSJyZXNraW5uZWQtc2VydmljZXMtc2Vjb25kYXJ5LWgxIj5Db250csO0bGUgZGUgbGEgY29ycm9zaW9uIHBvdXI8c3BhbiBjbGFzcz0idGV4dC1ub3dyYXAiPiBsZXMgw6lwdXJhdGV1cnMgZGUgZMOpc3VsZnVyYXRpb24gZGVzIGdheiBkZTwvc3Bhbj4gY29tYnVzdGlvbjwvc3Bhbj48L2gxPgo8YSBjbGFzcz0iY29udGFjdC11cy1jdGEiIGhyZWY9Imh0dHBzOi8vY29ycm9zaW9uc2VydmljZS5jb20vZnIvbm91cy1jb250YWN0ZXIvIj5Ob3VzIGNvbnRhY3RlcjwvYT4=[\/vc_raw_html][cs_custom_heading text=\u00a0\u00bbLorsque le rev\u00eatement de votre \u00e9purateur FGD tombe en panne&#8230; Comment et quand conna\u00eetrez-vous l\u2019\u00e9tendue des d\u00e9g\u00e2ts&amp;nbsp;? Serez-vous prot\u00e9g\u00e9 contre les pertes de m\u00e9tal ?\u00a0\u00bb font_container=\u00a0\u00bbtag:h2|text_align:left\u00a0\u00bb el_class=\u00a0\u00bbcs-highlight-blue\u00a0\u00bb][vc_column_text]Les syst\u00e8mes de d\u00e9sulfuration des gaz de combustion (FGD) sont un [&hellip;]<\/p>\n","protected":false},"author":1,"featured_media":0,"parent":24964,"menu_order":0,"comment_status":"closed","ping_status":"closed","template":"page-service.php","meta":{"_acf_changed":false,"footnotes":""},"class_list":["post-25011","page","type-page","status-publish","hentry"],"acf":[],"yoast_head":"<!-- This site is optimized with the Yoast SEO plugin v27.4 - https:\/\/yoast.com\/product\/yoast-seo-wordpress\/ -->\n<title>Contr\u00f4le de la corrosion pour les \u00e9purateurs de d\u00e9sulfuration des gaz de combustion (FGD) | Protection contre l\u2019ajustement potentiel | Corrosion Service<\/title>\n<meta name=\"description\" content=\"Les syst\u00e8mes de d\u00e9sulfuration des gaz de combustion (FGD) sont un composant essentiel pour toutes les centrales \u00e9lectriques au charbon et contactez-nous pour vos solutions de contr\u00f4le de la corrosion.\" \/>\n<meta name=\"robots\" content=\"index, follow, max-snippet:-1, max-image-preview:large, max-video-preview:-1\" \/>\n<link rel=\"canonical\" href=\"https:\/\/corrosionservice.com\/fr\/services\/protection-dajustement-potentiel\/\" \/>\n<meta property=\"og:locale\" content=\"fr_FR\" \/>\n<meta property=\"og:type\" content=\"article\" \/>\n<meta property=\"og:title\" content=\"Contr\u00f4le de la corrosion pour les \u00e9purateurs de d\u00e9sulfuration des gaz de combustion (FGD) | Protection contre l\u2019ajustement potentiel | Corrosion Service\" \/>\n<meta property=\"og:description\" content=\"Les syst\u00e8mes de d\u00e9sulfuration des gaz de combustion (FGD) sont un composant essentiel pour toutes les centrales \u00e9lectriques au charbon et contactez-nous pour vos solutions de contr\u00f4le de la corrosion.\" \/>\n<meta property=\"og:url\" content=\"https:\/\/corrosionservice.com\/fr\/services\/protection-dajustement-potentiel\/\" \/>\n<meta property=\"og:site_name\" content=\"Corrosion Service\" \/>\n<meta property=\"article:modified_time\" content=\"2025-09-17T18:14:26+00:00\" \/>\n<meta name=\"twitter:card\" content=\"summary_large_image\" \/>\n<meta name=\"twitter:label1\" content=\"Dur\u00e9e de lecture estim\u00e9e\" \/>\n\t<meta name=\"twitter:data1\" content=\"4 minutes\" \/>\n<script type=\"application\/ld+json\" class=\"yoast-schema-graph\">{\"@context\":\"https:\\\/\\\/schema.org\",\"@graph\":[{\"@type\":\"WebPage\",\"@id\":\"https:\\\/\\\/corrosionservice.com\\\/fr\\\/services\\\/protection-dajustement-potentiel\\\/\",\"url\":\"https:\\\/\\\/corrosionservice.com\\\/fr\\\/services\\\/protection-dajustement-potentiel\\\/\",\"name\":\"Contr\u00f4le de la corrosion pour les \u00e9purateurs de d\u00e9sulfuration des gaz de combustion (FGD) | Protection contre l\u2019ajustement potentiel | Corrosion Service\",\"isPartOf\":{\"@id\":\"https:\\\/\\\/corrosionservice.com\\\/#website\"},\"datePublished\":\"2015-05-29T13:57:26+00:00\",\"dateModified\":\"2025-09-17T18:14:26+00:00\",\"description\":\"Les syst\u00e8mes de d\u00e9sulfuration des gaz de combustion (FGD) sont un composant essentiel pour toutes les centrales \u00e9lectriques au charbon et contactez-nous pour vos solutions de contr\u00f4le de la corrosion.\",\"breadcrumb\":{\"@id\":\"https:\\\/\\\/corrosionservice.com\\\/fr\\\/services\\\/protection-dajustement-potentiel\\\/#breadcrumb\"},\"inLanguage\":\"fr-FR\",\"potentialAction\":[{\"@type\":\"ReadAction\",\"target\":[\"https:\\\/\\\/corrosionservice.com\\\/fr\\\/services\\\/protection-dajustement-potentiel\\\/\"]}]},{\"@type\":\"BreadcrumbList\",\"@id\":\"https:\\\/\\\/corrosionservice.com\\\/fr\\\/services\\\/protection-dajustement-potentiel\\\/#breadcrumb\",\"itemListElement\":[{\"@type\":\"ListItem\",\"position\":1,\"name\":\"Home\",\"item\":\"https:\\\/\\\/corrosionservice.com\\\/fr\\\/\"},{\"@type\":\"ListItem\",\"position\":2,\"name\":\"Services\",\"item\":\"https:\\\/\\\/corrosionservice.com\\\/fr\\\/services\\\/\"},{\"@type\":\"ListItem\",\"position\":3,\"name\":\"Protection d&rsquo;ajustement potentiel\u00ae\"}]},{\"@type\":\"WebSite\",\"@id\":\"https:\\\/\\\/corrosionservice.com\\\/#website\",\"url\":\"https:\\\/\\\/corrosionservice.com\\\/\",\"name\":\"Corrosion Service\",\"description\":\"Entreprise de contr\u00f4le de la corrosion sur les pipelines\",\"potentialAction\":[{\"@type\":\"SearchAction\",\"target\":{\"@type\":\"EntryPoint\",\"urlTemplate\":\"https:\\\/\\\/corrosionservice.com\\\/?s={search_term_string}\"},\"query-input\":{\"@type\":\"PropertyValueSpecification\",\"valueRequired\":true,\"valueName\":\"search_term_string\"}}],\"inLanguage\":\"fr-FR\"}]}<\/script>\n<!-- \/ Yoast SEO plugin. -->","yoast_head_json":{"title":"Contr\u00f4le de la corrosion pour les \u00e9purateurs de d\u00e9sulfuration des gaz de combustion (FGD) | Protection contre l\u2019ajustement potentiel | Corrosion Service","description":"Les syst\u00e8mes de d\u00e9sulfuration des gaz de combustion (FGD) sont un composant essentiel pour toutes les centrales \u00e9lectriques au charbon et contactez-nous pour vos solutions de contr\u00f4le de la corrosion.","robots":{"index":"index","follow":"follow","max-snippet":"max-snippet:-1","max-image-preview":"max-image-preview:large","max-video-preview":"max-video-preview:-1"},"canonical":"https:\/\/corrosionservice.com\/fr\/services\/protection-dajustement-potentiel\/","og_locale":"fr_FR","og_type":"article","og_title":"Contr\u00f4le de la corrosion pour les \u00e9purateurs de d\u00e9sulfuration des gaz de combustion (FGD) | Protection contre l\u2019ajustement potentiel | Corrosion Service","og_description":"Les syst\u00e8mes de d\u00e9sulfuration des gaz de combustion (FGD) sont un composant essentiel pour toutes les centrales \u00e9lectriques au charbon et contactez-nous pour vos solutions de contr\u00f4le de la corrosion.","og_url":"https:\/\/corrosionservice.com\/fr\/services\/protection-dajustement-potentiel\/","og_site_name":"Corrosion Service","article_modified_time":"2025-09-17T18:14:26+00:00","twitter_card":"summary_large_image","twitter_misc":{"Dur\u00e9e de lecture estim\u00e9e":"4 minutes"},"schema":{"@context":"https:\/\/schema.org","@graph":[{"@type":"WebPage","@id":"https:\/\/corrosionservice.com\/fr\/services\/protection-dajustement-potentiel\/","url":"https:\/\/corrosionservice.com\/fr\/services\/protection-dajustement-potentiel\/","name":"Contr\u00f4le de la corrosion pour les \u00e9purateurs de d\u00e9sulfuration des gaz de combustion (FGD) | Protection contre l\u2019ajustement potentiel | Corrosion Service","isPartOf":{"@id":"https:\/\/corrosionservice.com\/#website"},"datePublished":"2015-05-29T13:57:26+00:00","dateModified":"2025-09-17T18:14:26+00:00","description":"Les syst\u00e8mes de d\u00e9sulfuration des gaz de combustion (FGD) sont un composant essentiel pour toutes les centrales \u00e9lectriques au charbon et contactez-nous pour vos solutions de contr\u00f4le de la corrosion.","breadcrumb":{"@id":"https:\/\/corrosionservice.com\/fr\/services\/protection-dajustement-potentiel\/#breadcrumb"},"inLanguage":"fr-FR","potentialAction":[{"@type":"ReadAction","target":["https:\/\/corrosionservice.com\/fr\/services\/protection-dajustement-potentiel\/"]}]},{"@type":"BreadcrumbList","@id":"https:\/\/corrosionservice.com\/fr\/services\/protection-dajustement-potentiel\/#breadcrumb","itemListElement":[{"@type":"ListItem","position":1,"name":"Home","item":"https:\/\/corrosionservice.com\/fr\/"},{"@type":"ListItem","position":2,"name":"Services","item":"https:\/\/corrosionservice.com\/fr\/services\/"},{"@type":"ListItem","position":3,"name":"Protection d&rsquo;ajustement potentiel\u00ae"}]},{"@type":"WebSite","@id":"https:\/\/corrosionservice.com\/#website","url":"https:\/\/corrosionservice.com\/","name":"Corrosion Service","description":"Entreprise de contr\u00f4le de la corrosion sur les pipelines","potentialAction":[{"@type":"SearchAction","target":{"@type":"EntryPoint","urlTemplate":"https:\/\/corrosionservice.com\/?s={search_term_string}"},"query-input":{"@type":"PropertyValueSpecification","valueRequired":true,"valueName":"search_term_string"}}],"inLanguage":"fr-FR"}]}},"_links":{"self":[{"href":"https:\/\/corrosionservice.com\/fr\/wp-json\/wp\/v2\/pages\/25011","targetHints":{"allow":["GET"]}}],"collection":[{"href":"https:\/\/corrosionservice.com\/fr\/wp-json\/wp\/v2\/pages"}],"about":[{"href":"https:\/\/corrosionservice.com\/fr\/wp-json\/wp\/v2\/types\/page"}],"author":[{"embeddable":true,"href":"https:\/\/corrosionservice.com\/fr\/wp-json\/wp\/v2\/users\/1"}],"replies":[{"embeddable":true,"href":"https:\/\/corrosionservice.com\/fr\/wp-json\/wp\/v2\/comments?post=25011"}],"version-history":[{"count":20,"href":"https:\/\/corrosionservice.com\/fr\/wp-json\/wp\/v2\/pages\/25011\/revisions"}],"predecessor-version":[{"id":27108,"href":"https:\/\/corrosionservice.com\/fr\/wp-json\/wp\/v2\/pages\/25011\/revisions\/27108"}],"up":[{"embeddable":true,"href":"https:\/\/corrosionservice.com\/fr\/wp-json\/wp\/v2\/pages\/24964"}],"wp:attachment":[{"href":"https:\/\/corrosionservice.com\/fr\/wp-json\/wp\/v2\/media?parent=25011"}],"curies":[{"name":"wp","href":"https:\/\/api.w.org\/{rel}","templated":true}]}}