{"id":25015,"date":"2015-05-29T09:56:54","date_gmt":"2015-05-29T13:56:54","guid":{"rendered":"https:\/\/corrosionservice.com\/services\/evaluation-de-lintegrite\/"},"modified":"2025-01-28T10:19:34","modified_gmt":"2025-01-28T15:19:34","slug":"evaluation-de-lintegrite","status":"publish","type":"page","link":"https:\/\/corrosionservice.com\/fr\/services\/evaluation-de-lintegrite\/","title":{"rendered":"\u00c9valuation de l&rsquo;int\u00e9grit\u00e9"},"content":{"rendered":"<div class=\"wpb-content-wrapper\"><p>[vc_row enable_parallax=\u00a0\u00bb\u00a0\u00bb parallax_speed=\u00a0\u00bb0.8&Prime; el_class=\u00a0\u00bbreskinned-services-row\u00a0\u00bb][vc_column width=\u00a0\u00bb1\/12&Prime;][\/vc_column][vc_column width=\u00a0\u00bb1\/2&Prime;][vc_raw_html el_class=\u00a0\u00bbreskinned-services-raw-h1&Prime;]PGgxPsOJdmFsdWF0aW9ucyBleHRlcm5lcyBkZSBs4oCZaW50w6lncml0w6kgZGVzIHBpcGVsaW5lczxicj48c3BhbiBjbGFzcz0icmVza2lubmVkLXNlcnZpY2VzLXNlY29uZGFyeS1oMSI+T2zDqW9kdWNzIGV0IGdhem9kdWNzIGV0IHR1eWF1dGVyaWUgZOKAmWluc3RhbGxhdGlvbjwvc3Bhbj48L2gxPgo8YSBjbGFzcz0iY29udGFjdC11cy1jdGEiIGhyZWY9Imh0dHBzOi8vY29ycm9zaW9uc2VydmljZS5jb20vZnIvbm91cy1jb250YWN0ZXIvIj5Ob3VzIGNvbnRhY3RlcjwvYT4=[\/vc_raw_html][cs_custom_heading text=\u00a0\u00bbIntegrity Assessment &#8211; Providing visibility, maximizing efficiencies and ensuring integrity\u00a0\u00bb font_container=\u00a0\u00bbtag:h2|text_align:left\u00a0\u00bb el_class=\u00a0\u00bbcs-highlight-blue\u00a0\u00bb][vc_column_text]\u00c0 mesure que les pipelines vieillissent, la menace \u00e0 l&rsquo;int\u00e9grit\u00e9 augmente et sans un niveau \u00e9lev\u00e9 de compr\u00e9hension de l&rsquo;\u00e9tat du pipeline, le risque de d\u00e9faillance est \u00e9lev\u00e9. Corrosion Service reconna\u00eet que ce niveau de risque est intol\u00e9rable et fournit une suite de services con\u00e7us pour s&rsquo;assurer que l&rsquo;\u00e9tat exact du pipeline est connu. Avec des d\u00e9cennies d&rsquo;exp\u00e9rience dans l&rsquo;\u00e9valuation directe de la corrosion externe (ECDA), l&rsquo;\u00e9tude du potentiel \u00e0 intervalle rapproch\u00e9 (CIPS), le gradient de tension en courant continu (DCVG), l&rsquo;att\u00e9nuation du courant alternatif (ACCA), le gradient de tension en courant alternatif (ACVG) et l&rsquo;\u00e9valuation technique de la corrosion externe (ECEA) soutenu par un programme complet de recherche et d\u00e9veloppement Le service de corrosion peut fournir un niveau de confiance qui n&rsquo;est pas disponible sur le march\u00e9. Notre service d&rsquo;\u00e9valuation technique de la corrosion externe (ECEA) est n\u00e9 du programme (ECDA) avec le besoin d&rsquo;analyser les pipelines et les installations des stations \u00e0 haut risque. Utilisant des techniques d&rsquo;enqu\u00eate conventionnelles, son approche bas\u00e9e sur les risques offre un niveau de visibilit\u00e9 qui n&rsquo;\u00e9tait pas disponible auparavant pour les exploitants de pipelines et leur permet d&rsquo;allouer des ressources de r\u00e9habilitation de mani\u00e8re rentable et cibl\u00e9e.[\/vc_column_text][\/vc_column][vc_column width=\u00a0\u00bb5\/12&Prime;][vc_single_image image=\u00a0\u00bb24678&Prime; img_size=\u00a0\u00bb690&#215;690&Prime; add_caption=\u00a0\u00bbyes\u00a0\u00bb alignment=\u00a0\u00bbright\u00a0\u00bb el_class=\u00a0\u00bbreskinned-services-featured-img\u00a0\u00bb][\/vc_column][\/vc_row][vc_row el_class=\u00a0\u00bbreskinned-services-row diag-stripes\u00a0\u00bb][vc_column][vc_row_inner][vc_column_inner width=\u00a0\u00bb1\/12&Prime;][\/vc_column_inner][vc_column_inner width=\u00a0\u00bb1\/2&Prime;][cs_custom_heading text=\u00a0\u00bbOur team and services that we offer\u00a0\u00bb font_container=\u00a0\u00bbtag:h2|text_align:left\u00a0\u00bb][vc_column_text]Tous les syst\u00e8mes de pipelines sont diff\u00e9rents, et qu&rsquo;il s&rsquo;agisse d&rsquo;une ligne neuve, vieille de 10 ou 50 ans, notre talentueuse \u00e9quipe de professionnels de l&rsquo;industrie est habilit\u00e9e \u00e0 comprendre les caract\u00e9ristiques uniques de chaque demande. Ceci est important car en tant qu&rsquo;organisation, Corrosion Service s&rsquo;efforce de fournir le niveau extr\u00eamement \u00e9lev\u00e9 de soutien et de partenariat pour fournir les solutions personnalis\u00e9es dont nos clients ont besoin au quotidien. Les succursales sont strat\u00e9giquement situ\u00e9es \u00e0 travers l&rsquo;Am\u00e9rique du Nord et sont la principale ligne de contact pour les clients de l&rsquo;\u00e9valuation de l&rsquo;int\u00e9grit\u00e9. Chaque succursale est con\u00e7ue pour fournir une expertise en ing\u00e9nierie de premi\u00e8re ligne, un soutien \u00e0 la gestion de projet et des services sur le terrain en collaboration avec nos centres d&rsquo;ing\u00e9nierie qui fournissent des services d&rsquo;analyse et de rapport de haut niveau. Les membres de l&rsquo;\u00e9quipe sont hautement qualifi\u00e9s, et tout le personnel d&rsquo;ing\u00e9nierie est certifi\u00e9 \u00e0 diff\u00e9rents niveaux par la National Association of Corrosion Engineers International. Nos services d&rsquo;enqu\u00eate ne sont pas comme les autres. Nous compensons r\u00e9guli\u00e8rement nos donn\u00e9es, bas\u00e9es sur des d\u00e9cennies de recherche, pour une identification plus pr\u00e9cise des d\u00e9fauts. Cela \u00e9vite de manquer ou de mal caract\u00e9riser des anomalies qui pourraient menacer l&rsquo;int\u00e9grit\u00e9 du pipeline. Notre analyse des donn\u00e9es peut prendre en compte :  <\/p>\n<ul>\n<li>Alignement spatial<\/li>\n<li>Interf\u00e9rence CC\/CA<\/li>\n<li>Profondeur du pipeline<\/li>\n<li>Pr\u00e9cision GPS sub-m\u00e9trique, sous-d\u00e9cim\u00e9trique ou sub-centim\u00e9trique<\/li>\n<li>Effets telluriques<\/li>\n<li>Courants vagabonds dynamiques des syst\u00e8mes de transport en commun<\/li>\n<li>Analyse post-enqu\u00eate, pour \u00e9viter les erreurs de l&rsquo;op\u00e9rateur<\/li>\n<li>Fluctuations du courant vagabond<\/li>\n<\/ul>\n<p>[\/vc_column_text][vc_btn title=\u00a0\u00bbCommuniquez avec votre succursale\u00a0\u00bb size=\u00a0\u00bbsm\u00a0\u00bb css_animation=\u00a0\u00bbbottom-to-top\u00a0\u00bb link=\u00a0\u00bburl:https%3A%2F%2Fwww.corrosionservice.com%2Fcontact-us%2F|\u00a0\u00bb][\/vc_column_inner][vc_column_inner width=\u00a0\u00bb5\/12&Prime;][vc_accordion active_tab=\u00a0\u00bb1&Prime; collapsible=\u00a0\u00bbyes\u00a0\u00bb el_class=\u00a0\u00bbreskinned-accordion\u00a0\u00bb][vc_accordion_tab title=\u00a0\u00bbServices\u00a0\u00bb][vc_column_text]<\/p>\n<p class=\"p1\">Nos services sur le terrain d&rsquo;\u00e9valuation de l&rsquo;int\u00e9grit\u00e9 comprennent&nbsp;:<\/p>\n<ul>\n<li>Enqu\u00eates sur le gradient de tension de courant alternatif (ACVG)<\/li>\n<li>Enqu\u00eates sur l&rsquo;att\u00e9nuation du courant alternatif (ACCA)<\/li>\n<li>\u00c9tudes de potentiel \u00e0 intervalle rapproch\u00e9 (CIS\/CIPS)<\/li>\n<li>Enqu\u00eates sur le gradient de tension en courant continu (DCVG)<\/li>\n<li>Relev\u00e9s de l\u2019\u00e9paisseur de la couverture (DOC)<\/li>\n<li>\u00c9valuation directe de la corrosion externe (ECDA)<\/li>\n<li>Enqu\u00eates d&rsquo;\u00e9valuation technique de la corrosion externe (ECEA)<\/li>\n<li>Priorisation des r\u00e9sultats d&rsquo;inspection en ligne (ILI) \u00e0 l&rsquo;aide de la m\u00e9thodologie ECDA<\/li>\n<li>\u00c9valuation de l\u2019\u00e9tat de l\u2019emprise et enqu\u00eates sur les avis de point d\u2019int\u00e9r\u00eat<\/li>\n<li>Relev\u00e9s de r\u00e9sistivit\u00e9 du sol<\/li>\n<li>Enqu\u00eates sur la fissuration par corrosion sous contrainte (SCC)<\/li>\n<li>Enqu\u00eates dans les stations utilisant la m\u00e9thodologie ECDA<\/li>\n<\/ul>\n<p>[\/vc_column_text][\/vc_accordion_tab][vc_accordion_tab title=\u00a0\u00bbT\u00e9l\u00e9chargements\u00a0\u00bb][vc_column_text el_class=\u00a0\u00bbservice-listings-container\u00a0\u00bb]Pour en savoir plus, t\u00e9l\u00e9chargez notre documentation.[\/vc_column_text][\/vc_accordion_tab][\/vc_accordion][\/vc_column_inner][\/vc_row_inner][\/vc_column][\/vc_row][vc_row enable_parallax=\u00a0\u00bb\u00a0\u00bb parallax_speed=\u00a0\u00bb0.8&Prime; el_class=\u00a0\u00bbreskinned-services-row\u00a0\u00bb][vc_column][cs_custom_heading text=\u00a0\u00bbLa biblioth\u00e8que technique du service de corrosion qui documente notre pass\u00e9 et d\u00e9finit notre avenir\u00a0\u00bb font_container=\u00a0\u00bbtag:h2|text_align:center\u00a0\u00bb el_class=\u00a0\u00bbcs-highlight-blue\u00a0\u00bb][vc_column_text]<\/p>\n<p style=\"text-align: center;\"><a href=\"https:\/\/corrosionservice.com\/about-us\/profile\/\">Corrosion Service<\/a> a \u00e9t\u00e9 et demeure un chef de file dans l&rsquo;industrie du contr\u00f4le de la corrosion, soutenant les diverses industries en Am\u00e9rique du Nord et dans le monde, assurant l&rsquo;int\u00e9grit\u00e9 des actifs en fournissant des services d&rsquo;ing\u00e9nierie responsables. Dans le cadre de notre engagement continu, nous aimerions vous souhaiter la bienvenue dans notre biblioth\u00e8que \u00e9lectronique en tant qu&rsquo;endroit o\u00f9 consulter notre \u00e9valuation directe de la corrosion externe (ECDA), notre \u00e9tude de potentiel \u00e0 intervalle rapproch\u00e9 (CIPS), le gradient de tension de courant continu (DCVG) et l&rsquo;\u00e9valuation technique de la corrosion externe. (ECEA) articles techniques r\u00e9dig\u00e9s et pr\u00e9sent\u00e9s au cours des 69 derni\u00e8res ann\u00e9es et qui ont soutenu l&rsquo;avancement de l&rsquo;industrie de la corrosion.<\/p>\n<p style=\"text-align: center;\">Nous avons \u00e9galement converti un bureau d&rsquo;angle principal en biblioth\u00e8que \u00e0 notre <a href=\"https:\/\/corrosionservice.com\/fr\/nous-contacter\/toronto\/#\">si\u00e8ge social<\/a> et d\u00e9di\u00e9 la salle \u00e0 Sorin Segall en raison de son engagement envers Corrosion Service, des nombreux articles pr\u00e9sent\u00e9s, du mentorat technique au sein de Corrosion Service et de notre industrie. Nous serions ravis que vous veniez voir cette biblioth\u00e8que compl\u00e8te qui comprend divers manuels, des publications pertinentes, tous les magazines <a href=\"http:\/\/www.materialsperformance.com\/\">NACE Materials Performance<\/a> pr\u00e9sent\u00e9s depuis la premi\u00e8re publication, des bulletins techniques et divers autres documents imprim\u00e9s li\u00e9s \u00e0 la corrosion.<\/p>\n<p>[\/vc_column_text][vc_btn title=\u00a0\u00bbVisitez notre biblioth\u00e8que technique\u00a0\u00bb align=\u00a0\u00bbcenter\u00a0\u00bb link=\u00a0\u00bburl:https%3A%2F%2Fcorrosionservice.com%2Ffr%2Fbibliotheque-des-documents-techniques%2F|\u00a0\u00bb][\/vc_column][\/vc_row][vc_row el_class=\u00a0\u00bbreskinned-services-row reskinned-services-featuring-store\u00a0\u00bb][vc_column][vc_column_text]<\/p>\n<p style=\"text-align: center;\">Depuis notre cr\u00e9ation en 1950, nous avons construit une vaste gamme de produits sp\u00e9cialis\u00e9s pour l&rsquo;industrie de la pr\u00e9vention de la corrosion.<\/p>\n<p style=\"text-align: center;\">Notre \u00e9quipe d&rsquo;approvisionnement en mat\u00e9riaux a acc\u00e8s \u00e0 une gamme compl\u00e8te de mat\u00e9riaux de protection cathodique fabriqu\u00e9s en interne et provenant de fournisseurs partenaires. Notre \u00e9quipe d\u00e9di\u00e9e \u00e0 la cha\u00eene d&rsquo;approvisionnement est bas\u00e9e \u00e0 Toronto aux c\u00f4t\u00e9s de notre centre de distribution de mat\u00e9riaux, qui est capable de livrer des mat\u00e9riaux dans le monde entier \u00e0 court pr\u00e9avis.<\/p>\n<p>[\/vc_column_text][vc_btn title=\u00a0\u00bbVisitez notre magasin de mat\u00e9riaux en ligne\u00a0\u00bb align=\u00a0\u00bbcenter\u00a0\u00bb css=\u00a0\u00bb\u00a0\u00bb link=\u00a0\u00bburl:https%3A%2F%2Fproducts.corrosionservice.com%2Fcategories%2F|\u00a0\u00bb][\/vc_column][\/vc_row]<\/p>\n<\/div>","protected":false},"excerpt":{"rendered":"<p>[vc_row enable_parallax=\u00a0\u00bb\u00a0\u00bb parallax_speed=\u00a0\u00bb0.8&Prime; el_class=\u00a0\u00bbreskinned-services-row\u00a0\u00bb][vc_column width=\u00a0\u00bb1\/12&Prime;][\/vc_column][vc_column width=\u00a0\u00bb1\/2&Prime;][vc_raw_html el_class=\u00a0\u00bbreskinned-services-raw-h1&Prime;]PGgxPsOJdmFsdWF0aW9ucyBleHRlcm5lcyBkZSBs4oCZaW50w6lncml0w6kgZGVzIHBpcGVsaW5lczxicj48c3BhbiBjbGFzcz0icmVza2lubmVkLXNlcnZpY2VzLXNlY29uZGFyeS1oMSI+T2zDqW9kdWNzIGV0IGdhem9kdWNzIGV0IHR1eWF1dGVyaWUgZOKAmWluc3RhbGxhdGlvbjwvc3Bhbj48L2gxPgo8YSBjbGFzcz0iY29udGFjdC11cy1jdGEiIGhyZWY9Imh0dHBzOi8vY29ycm9zaW9uc2VydmljZS5jb20vZnIvbm91cy1jb250YWN0ZXIvIj5Ob3VzIGNvbnRhY3RlcjwvYT4=[\/vc_raw_html][cs_custom_heading text=\u00a0\u00bbIntegrity Assessment &#8211; Providing visibility, maximizing efficiencies and ensuring integrity\u00a0\u00bb font_container=\u00a0\u00bbtag:h2|text_align:left\u00a0\u00bb el_class=\u00a0\u00bbcs-highlight-blue\u00a0\u00bb][vc_column_text]\u00c0 mesure que les pipelines vieillissent, la menace \u00e0 l&rsquo;int\u00e9grit\u00e9 augmente et sans un niveau \u00e9lev\u00e9 de compr\u00e9hension de l&rsquo;\u00e9tat du pipeline, le risque de d\u00e9faillance est [&hellip;]<\/p>\n","protected":false},"author":1,"featured_media":0,"parent":24964,"menu_order":0,"comment_status":"closed","ping_status":"closed","template":"page-service.php","meta":{"_acf_changed":false,"footnotes":""},"class_list":["post-25015","page","type-page","status-publish","hentry"],"acf":[],"yoast_head":"<!-- This site is optimized with the Yoast SEO plugin v27.4 - https:\/\/yoast.com\/product\/yoast-seo-wordpress\/ -->\n<title>Services d&#039;\u00e9valuation de l&#039;int\u00e9grit\u00e9 des pipelines | Service de corrosion<\/title>\n<meta name=\"description\" content=\"Avec des d\u00e9cennies d&#039;exp\u00e9rience, Corrosion Service peut fournir des \u00e9valuations d&#039;int\u00e9grit\u00e9, y compris CIPS, DCVG, ACVG, ECDA et profondeur de couverture. D\u00e9couvrez comment nous pouvons vous aider\u00a0:\" \/>\n<meta name=\"robots\" content=\"index, follow, max-snippet:-1, max-image-preview:large, max-video-preview:-1\" \/>\n<link rel=\"canonical\" href=\"https:\/\/corrosionservice.com\/fr\/services\/evaluation-de-lintegrite\/\" \/>\n<meta property=\"og:locale\" content=\"fr_FR\" \/>\n<meta property=\"og:type\" content=\"article\" \/>\n<meta property=\"og:title\" content=\"Services d&#039;\u00e9valuation de l&#039;int\u00e9grit\u00e9 des pipelines | Service de corrosion\" \/>\n<meta property=\"og:description\" content=\"Avec des d\u00e9cennies d&#039;exp\u00e9rience, Corrosion Service peut fournir des \u00e9valuations d&#039;int\u00e9grit\u00e9, y compris CIPS, DCVG, ACVG, ECDA et profondeur de couverture. D\u00e9couvrez comment nous pouvons vous aider\u00a0:\" \/>\n<meta property=\"og:url\" content=\"https:\/\/corrosionservice.com\/fr\/services\/evaluation-de-lintegrite\/\" \/>\n<meta property=\"og:site_name\" content=\"Corrosion Service\" \/>\n<meta property=\"article:modified_time\" content=\"2025-01-28T15:19:34+00:00\" \/>\n<meta name=\"twitter:card\" content=\"summary_large_image\" \/>\n<meta name=\"twitter:label1\" content=\"Dur\u00e9e de lecture estim\u00e9e\" \/>\n\t<meta name=\"twitter:data1\" content=\"5 minutes\" \/>\n<script type=\"application\/ld+json\" class=\"yoast-schema-graph\">{\"@context\":\"https:\\\/\\\/schema.org\",\"@graph\":[{\"@type\":\"WebPage\",\"@id\":\"https:\\\/\\\/corrosionservice.com\\\/fr\\\/services\\\/evaluation-de-lintegrite\\\/\",\"url\":\"https:\\\/\\\/corrosionservice.com\\\/fr\\\/services\\\/evaluation-de-lintegrite\\\/\",\"name\":\"Services d'\u00e9valuation de l'int\u00e9grit\u00e9 des pipelines | Service de corrosion\",\"isPartOf\":{\"@id\":\"https:\\\/\\\/corrosionservice.com\\\/#website\"},\"datePublished\":\"2015-05-29T13:56:54+00:00\",\"dateModified\":\"2025-01-28T15:19:34+00:00\",\"description\":\"Avec des d\u00e9cennies d'exp\u00e9rience, Corrosion Service peut fournir des \u00e9valuations d'int\u00e9grit\u00e9, y compris CIPS, DCVG, ACVG, ECDA et profondeur de couverture. D\u00e9couvrez comment nous pouvons vous aider\u00a0:\",\"breadcrumb\":{\"@id\":\"https:\\\/\\\/corrosionservice.com\\\/fr\\\/services\\\/evaluation-de-lintegrite\\\/#breadcrumb\"},\"inLanguage\":\"fr-FR\",\"potentialAction\":[{\"@type\":\"ReadAction\",\"target\":[\"https:\\\/\\\/corrosionservice.com\\\/fr\\\/services\\\/evaluation-de-lintegrite\\\/\"]}]},{\"@type\":\"BreadcrumbList\",\"@id\":\"https:\\\/\\\/corrosionservice.com\\\/fr\\\/services\\\/evaluation-de-lintegrite\\\/#breadcrumb\",\"itemListElement\":[{\"@type\":\"ListItem\",\"position\":1,\"name\":\"Home\",\"item\":\"https:\\\/\\\/corrosionservice.com\\\/fr\\\/\"},{\"@type\":\"ListItem\",\"position\":2,\"name\":\"Services\",\"item\":\"https:\\\/\\\/corrosionservice.com\\\/fr\\\/services\\\/\"},{\"@type\":\"ListItem\",\"position\":3,\"name\":\"\u00c9valuation de l&rsquo;int\u00e9grit\u00e9\"}]},{\"@type\":\"WebSite\",\"@id\":\"https:\\\/\\\/corrosionservice.com\\\/#website\",\"url\":\"https:\\\/\\\/corrosionservice.com\\\/\",\"name\":\"Corrosion Service\",\"description\":\"Entreprise de contr\u00f4le de la corrosion sur les pipelines\",\"potentialAction\":[{\"@type\":\"SearchAction\",\"target\":{\"@type\":\"EntryPoint\",\"urlTemplate\":\"https:\\\/\\\/corrosionservice.com\\\/?s={search_term_string}\"},\"query-input\":{\"@type\":\"PropertyValueSpecification\",\"valueRequired\":true,\"valueName\":\"search_term_string\"}}],\"inLanguage\":\"fr-FR\"}]}<\/script>\n<!-- \/ Yoast SEO plugin. -->","yoast_head_json":{"title":"Services d'\u00e9valuation de l'int\u00e9grit\u00e9 des pipelines | Service de corrosion","description":"Avec des d\u00e9cennies d'exp\u00e9rience, Corrosion Service peut fournir des \u00e9valuations d'int\u00e9grit\u00e9, y compris CIPS, DCVG, ACVG, ECDA et profondeur de couverture. D\u00e9couvrez comment nous pouvons vous aider\u00a0:","robots":{"index":"index","follow":"follow","max-snippet":"max-snippet:-1","max-image-preview":"max-image-preview:large","max-video-preview":"max-video-preview:-1"},"canonical":"https:\/\/corrosionservice.com\/fr\/services\/evaluation-de-lintegrite\/","og_locale":"fr_FR","og_type":"article","og_title":"Services d'\u00e9valuation de l'int\u00e9grit\u00e9 des pipelines | Service de corrosion","og_description":"Avec des d\u00e9cennies d'exp\u00e9rience, Corrosion Service peut fournir des \u00e9valuations d'int\u00e9grit\u00e9, y compris CIPS, DCVG, ACVG, ECDA et profondeur de couverture. D\u00e9couvrez comment nous pouvons vous aider\u00a0:","og_url":"https:\/\/corrosionservice.com\/fr\/services\/evaluation-de-lintegrite\/","og_site_name":"Corrosion Service","article_modified_time":"2025-01-28T15:19:34+00:00","twitter_card":"summary_large_image","twitter_misc":{"Dur\u00e9e de lecture estim\u00e9e":"5 minutes"},"schema":{"@context":"https:\/\/schema.org","@graph":[{"@type":"WebPage","@id":"https:\/\/corrosionservice.com\/fr\/services\/evaluation-de-lintegrite\/","url":"https:\/\/corrosionservice.com\/fr\/services\/evaluation-de-lintegrite\/","name":"Services d'\u00e9valuation de l'int\u00e9grit\u00e9 des pipelines | Service de corrosion","isPartOf":{"@id":"https:\/\/corrosionservice.com\/#website"},"datePublished":"2015-05-29T13:56:54+00:00","dateModified":"2025-01-28T15:19:34+00:00","description":"Avec des d\u00e9cennies d'exp\u00e9rience, Corrosion Service peut fournir des \u00e9valuations d'int\u00e9grit\u00e9, y compris CIPS, DCVG, ACVG, ECDA et profondeur de couverture. D\u00e9couvrez comment nous pouvons vous aider\u00a0:","breadcrumb":{"@id":"https:\/\/corrosionservice.com\/fr\/services\/evaluation-de-lintegrite\/#breadcrumb"},"inLanguage":"fr-FR","potentialAction":[{"@type":"ReadAction","target":["https:\/\/corrosionservice.com\/fr\/services\/evaluation-de-lintegrite\/"]}]},{"@type":"BreadcrumbList","@id":"https:\/\/corrosionservice.com\/fr\/services\/evaluation-de-lintegrite\/#breadcrumb","itemListElement":[{"@type":"ListItem","position":1,"name":"Home","item":"https:\/\/corrosionservice.com\/fr\/"},{"@type":"ListItem","position":2,"name":"Services","item":"https:\/\/corrosionservice.com\/fr\/services\/"},{"@type":"ListItem","position":3,"name":"\u00c9valuation de l&rsquo;int\u00e9grit\u00e9"}]},{"@type":"WebSite","@id":"https:\/\/corrosionservice.com\/#website","url":"https:\/\/corrosionservice.com\/","name":"Corrosion Service","description":"Entreprise de contr\u00f4le de la corrosion sur les pipelines","potentialAction":[{"@type":"SearchAction","target":{"@type":"EntryPoint","urlTemplate":"https:\/\/corrosionservice.com\/?s={search_term_string}"},"query-input":{"@type":"PropertyValueSpecification","valueRequired":true,"valueName":"search_term_string"}}],"inLanguage":"fr-FR"}]}},"_links":{"self":[{"href":"https:\/\/corrosionservice.com\/fr\/wp-json\/wp\/v2\/pages\/25015","targetHints":{"allow":["GET"]}}],"collection":[{"href":"https:\/\/corrosionservice.com\/fr\/wp-json\/wp\/v2\/pages"}],"about":[{"href":"https:\/\/corrosionservice.com\/fr\/wp-json\/wp\/v2\/types\/page"}],"author":[{"embeddable":true,"href":"https:\/\/corrosionservice.com\/fr\/wp-json\/wp\/v2\/users\/1"}],"replies":[{"embeddable":true,"href":"https:\/\/corrosionservice.com\/fr\/wp-json\/wp\/v2\/comments?post=25015"}],"version-history":[{"count":25,"href":"https:\/\/corrosionservice.com\/fr\/wp-json\/wp\/v2\/pages\/25015\/revisions"}],"predecessor-version":[{"id":26974,"href":"https:\/\/corrosionservice.com\/fr\/wp-json\/wp\/v2\/pages\/25015\/revisions\/26974"}],"up":[{"embeddable":true,"href":"https:\/\/corrosionservice.com\/fr\/wp-json\/wp\/v2\/pages\/24964"}],"wp:attachment":[{"href":"https:\/\/corrosionservice.com\/fr\/wp-json\/wp\/v2\/media?parent=25015"}],"curies":[{"name":"wp","href":"https:\/\/api.w.org\/{rel}","templated":true}]}}