{"id":25068,"date":"2015-06-03T11:33:15","date_gmt":"2015-06-03T15:33:15","guid":{"rendered":"https:\/\/corrosionservice.com\/nous-contacter\/halifax\/"},"modified":"2025-05-02T11:44:03","modified_gmt":"2025-05-02T15:44:03","slug":"halifax","status":"publish","type":"page","link":"https:\/\/corrosionservice.com\/fr\/nous-contacter\/halifax\/","title":{"rendered":"Halifax"},"content":{"rendered":"<div class=\"wpb-content-wrapper\"><p>[vc_row full_width=\u00a0\u00bbstretch_row_content_no_spaces\u00a0\u00bb row_responsive_large=\u00a0\u00bb\u00a0\u00bb row_responsive_medium=\u00a0\u00bb\u00a0\u00bb row_responsive_small=\u00a0\u00bb\u00a0\u00bb row_responsive_extra_small=\u00a0\u00bb\u00a0\u00bb enable_triangle=\u00a0\u00bb0&Prime; triangle_pos=\u00a0\u00bbtop\u00a0\u00bb loop=\u00a0\u00bb\u00a0\u00bb autoplay=\u00a0\u00bb\u00a0\u00bb muted=\u00a0\u00bb\u00a0\u00bb controls=\u00a0\u00bb\u00a0\u00bb show_btn=\u00a0\u00bb\u00a0\u00bb el_class=\u00a0\u00bbcontainer-fluid\u00a0\u00bb][vc_column animation=\u00a0\u00bb\u00a0\u00bb text_align=\u00a0\u00bb\u00a0\u00bb column_style=\u00a0\u00bb\u00a0\u00bb bg_attachment=\u00a0\u00bb\u00a0\u00bb bg_repeat=\u00a0\u00bb\u00a0\u00bb][vc_row_inner same_height=\u00a0\u00bb\u00a0\u00bb][vc_column_inner el_class=\u00a0\u00bbdiag-stripes-blue reskinned-side-bar-contact reskinned-side-bar\u00a0\u00bb width=\u00a0\u00bb5\/12&Prime;][vc_column_text css=\u00a0\u00bb\u00a0\u00bb el_class=\u00a0\u00bbcontact-info-left\u00a0\u00bb]<\/p>\n<h3 style=\"text-align: left;\"><strong><span style=\"color: #ffffff;\">Halifax<\/span><\/strong><\/h3>\n<p style=\"text-align: left; margin-bottom: 25px;\">61, avenue Raddall, unit\u00e9 A<br \/>\nDartmouth, Nouvelle-\u00c9cosse<br \/>\nB3B 1T4 Canada<\/p>\n<h4 class=\"mb-0\">T\u00e9l\u00e9phone : (902) 468-7878<\/h4>\n<h4 class=\"mb-5\"><\/h4>\n<div class=\"reskinned-sid-bar-contact-separtaor mb-5\"><\/div>\n<p style=\"text-align: left; font-weight: 600;\">Op\u00e9rations<\/p>\n<p class=\"p1\">Brent Dorman \u2013 Vice-pr\u00e9sident des op\u00e9rations<\/p>\n<p class=\"p1\">Alex Wise &#8211; Directeur du d\u00e9veloppement des affaires<\/p>\n<p class=\"p1\" style=\"text-align: left;\">Barry Penney \u2013 Gestionnaire des op\u00e9rations r\u00e9gionales de l&rsquo;Atlantique<\/p>\n<p>[\/vc_column_text][\/vc_column_inner][vc_column_inner el_class=\u00a0\u00bbreskinned-content-wrapper .contact-right\u00a0\u00bb width=\u00a0\u00bb7\/12&Prime; css=\u00a0\u00bb.vc_custom_1522679429504{padding-left: 15% !important;}\u00a0\u00bb][cs_custom_heading text=\u00a0\u00bbNous contacter\u00a0\u00bb font_container=\u00a0\u00bbtag:h1|font_size:52px|text_align:left\u00a0\u00bb font_format=\u00a0\u00bb600&Prime; el_class=\u00a0\u00bbcontact-heading contact-h1&Prime;][cs_custom_heading text=\u00a0\u00bbFormulaire de demande de renseignements\u00a0\u00bb font_container=\u00a0\u00bbtag:h2|font_size:32px|text_align:left\u00a0\u00bb font_format=\u00a0\u00bb600&Prime; el_class=\u00a0\u00bbcontact-heading\u00a0\u00bb]\n<div class=\"wpcf7 no-js\" id=\"wpcf7-f24859-o1\" lang=\"fr-FR\" dir=\"ltr\" data-wpcf7-id=\"24859\">\n<div class=\"screen-reader-response\"><p role=\"status\" aria-live=\"polite\" aria-atomic=\"true\"><\/p> <ul><\/ul><\/div>\n<form action=\"\/fr\/wp-json\/wp\/v2\/pages\/25068#wpcf7-f24859-o1\" method=\"post\" class=\"wpcf7-form init\" aria-label=\"Formulaire de contact\" novalidate=\"novalidate\" data-status=\"init\">\n<fieldset class=\"hidden-fields-container\"><input type=\"hidden\" name=\"_wpcf7\" value=\"24859\" \/><input type=\"hidden\" name=\"_wpcf7_version\" value=\"6.1.5\" \/><input type=\"hidden\" name=\"_wpcf7_locale\" value=\"fr_FR\" \/><input type=\"hidden\" name=\"_wpcf7_unit_tag\" value=\"wpcf7-f24859-o1\" \/><input type=\"hidden\" name=\"_wpcf7_container_post\" value=\"0\" \/><input type=\"hidden\" name=\"_wpcf7_posted_data_hash\" value=\"\" \/><input type=\"hidden\" name=\"_wpcf7_recaptcha_response\" value=\"\" \/>\n<\/fieldset>\n<div class=\"row\">\n\t<div class=\"col-xs-12 col-sm-12 col-md-6 col-lg-6\">\n\t\t<p><span class=\"wpcf7-form-control-wrap\" data-name=\"fname\"><input size=\"40\" maxlength=\"400\" class=\"wpcf7-form-control wpcf7-text wpcf7-validates-as-required\" aria-required=\"true\" aria-invalid=\"false\" placeholder=\"Nom (obligatoire)\" value=\"\" type=\"text\" name=\"fname\" \/><\/span>\n\t\t<\/p>\n\t<\/div>\n\t<div class=\"col-xs-12 col-sm-12 col-md-6 col-lg-6\">\n\t\t<p><span class=\"wpcf7-form-control-wrap\" data-name=\"phone\"><input size=\"40\" maxlength=\"400\" class=\"wpcf7-form-control wpcf7-text wpcf7-validates-as-required\" aria-required=\"true\" aria-invalid=\"false\" placeholder=\"T\u00e9l\u00e9phone (obligatoire)\" value=\"\" type=\"text\" name=\"phone\" \/><\/span>\n\t\t<\/p>\n\t<\/div>\n<\/div>\n<div class=\"row\">\n\t<div class=\"col-xs-12 col-sm-12 col-md-6 col-lg-6\">\n\t\t<p><span class=\"wpcf7-form-control-wrap\" data-name=\"company\"><input size=\"40\" maxlength=\"400\" class=\"wpcf7-form-control wpcf7-text\" aria-invalid=\"false\" placeholder=\"Compagnie\" value=\"\" type=\"text\" name=\"company\" \/><\/span>\n\t\t<\/p>\n\t<\/div>\n\t<div class=\"col-xs-12 col-sm-12 col-md-6 col-lg-6\">\n\t\t<p><span class=\"wpcf7-form-control-wrap\" data-name=\"email\"><input size=\"40\" maxlength=\"400\" class=\"wpcf7-form-control wpcf7-email wpcf7-validates-as-required wpcf7-text wpcf7-validates-as-email\" aria-required=\"true\" aria-invalid=\"false\" placeholder=\"Courriel (obligatoire)\" value=\"\" type=\"email\" name=\"email\" \/><\/span>\n\t\t<\/p>\n\t<\/div>\n<\/div>\n<div class=\"row\">\n\t<div class=\"col-xs-12 col-sm-12 col-md-12 col-lg-12\">\n\t\t<p><span class=\"wpcf7-form-control-wrap\" data-name=\"message\"><textarea cols=\"40\" rows=\"10\" maxlength=\"2000\" class=\"wpcf7-form-control wpcf7-textarea wpcf7-validates-as-required\" aria-required=\"true\" aria-invalid=\"false\" placeholder=\"Message\" name=\"message\"><\/textarea><\/span>\n\t\t<\/p>\n\t<\/div>\n<\/div>\n<div class=\"row\">\n\t<div class=\"col-xs-12 col-sm-12 col-md-12 col-lg-12\">\n\t<\/div>\n<\/div>\n<div class=\"row\">\n\t<div class=\"col-xs-12 col-sm-12 col-md-12 col-lg-12\">\n\t\t<p><input class=\"wpcf7-form-control wpcf7-submit has-spinner btn btn-primary\" type=\"submit\" value=\"Send\" \/>\n\t\t<\/p>\n\t<\/div>\n<\/div><p style=\"display: none !important;\" class=\"akismet-fields-container\" data-prefix=\"_wpcf7_ak_\"><label>&#916;<textarea name=\"_wpcf7_ak_hp_textarea\" cols=\"45\" rows=\"8\" maxlength=\"100\"><\/textarea><\/label><input type=\"hidden\" id=\"ak_js_1\" name=\"_wpcf7_ak_js\" value=\"110\"\/><script>document.getElementById( \"ak_js_1\" ).setAttribute( \"value\", ( new Date() ).getTime() );<\/script><\/p><div class=\"wpcf7-response-output\" aria-hidden=\"true\"><\/div>\n<\/form>\n<\/div>\n[\/vc_column_inner][\/vc_row_inner][\/vc_column][\/vc_row][vc_row row_responsive_large=\u00a0\u00bb\u00a0\u00bb row_responsive_medium=\u00a0\u00bb\u00a0\u00bb row_responsive_small=\u00a0\u00bb\u00a0\u00bb row_responsive_extra_small=\u00a0\u00bb\u00a0\u00bb enable_triangle=\u00a0\u00bb0&Prime; triangle_pos=\u00a0\u00bbtop\u00a0\u00bb loop=\u00a0\u00bb\u00a0\u00bb autoplay=\u00a0\u00bb\u00a0\u00bb muted=\u00a0\u00bb\u00a0\u00bb controls=\u00a0\u00bb\u00a0\u00bb show_btn=\u00a0\u00bb\u00a0\u00bb el_class=\u00a0\u00bbmb-0 reskinned-contact-map\u00a0\u00bb][vc_column animation=\u00a0\u00bb\u00a0\u00bb text_align=\u00a0\u00bb\u00a0\u00bb column_style=\u00a0\u00bb\u00a0\u00bb bg_attachment=\u00a0\u00bb\u00a0\u00bb bg_repeat=\u00a0\u00bb\u00a0\u00bb][vc_column_text el_class=\u00a0\u00bbmb-0&Prime;]<div\r\n                            class=\"responsiveMap loading\"\r\n                            id=\"responsiveMap8a1da4e44944722d9a76d40512acab2a\"\r\n                            style=\"height:500px;\"\r\n                            data-title=\"Corrosion Services\"\r\n                            data-lat=\"44.7010567\"\r\n                            data-lng=\"-63.5859266\"\r\n                            data-style=\"\"\r\n                            data-zoom=\"15\"\r\n                            data-zoomcontrol=\"1\"\r\n                            data-maptypecontrol=\"1\"\r\n                            data-scalecontrol=\"1\"\r\n                            data-streetviewcontrol=\"1\"\r\n                            data-overviewmapcontrol=\"1\"\r\n                            data-showmarker=\"1\"\r\n                            data-maptype=\"road\"\r\n                            data-pancontrol=\"1\"\r\n                            data-scrollwheel=\"false\"\r\n                            data-draggable=\"true\"\r\n                            data-info-window-text=\"&lt;span style=font-family:Calibri;font-weight:bold;line-height:17px;&gt;&lt;style div=taille de police:20px&nbsp;;&gt; Service de corrosion&lt; \/div&gt;&lt;div&gt; Dartmouth, Nouvelle-\u00c9cosse&lt; \/div&gt;&lt;\/span&gt;\"\r\n                            data-autoOpenInfoWindow=\"true\"\r\n                            data-icon=\"\"\r\n                ><\/div>[\/vc_column_text][\/vc_column][\/vc_row]<\/p>\n<\/div>","protected":false},"excerpt":{"rendered":"<p>[vc_row full_width=\u00a0\u00bbstretch_row_content_no_spaces\u00a0\u00bb row_responsive_large=\u00a0\u00bb\u00a0\u00bb row_responsive_medium=\u00a0\u00bb\u00a0\u00bb row_responsive_small=\u00a0\u00bb\u00a0\u00bb row_responsive_extra_small=\u00a0\u00bb\u00a0\u00bb enable_triangle=\u00a0\u00bb0&Prime; triangle_pos=\u00a0\u00bbtop\u00a0\u00bb loop=\u00a0\u00bb\u00a0\u00bb autoplay=\u00a0\u00bb\u00a0\u00bb muted=\u00a0\u00bb\u00a0\u00bb controls=\u00a0\u00bb\u00a0\u00bb show_btn=\u00a0\u00bb\u00a0\u00bb el_class=\u00a0\u00bbcontainer-fluid\u00a0\u00bb][vc_column animation=\u00a0\u00bb\u00a0\u00bb text_align=\u00a0\u00bb\u00a0\u00bb column_style=\u00a0\u00bb\u00a0\u00bb bg_attachment=\u00a0\u00bb\u00a0\u00bb bg_repeat=\u00a0\u00bb\u00a0\u00bb][vc_row_inner same_height=\u00a0\u00bb\u00a0\u00bb][vc_column_inner el_class=\u00a0\u00bbdiag-stripes-blue reskinned-side-bar-contact reskinned-side-bar\u00a0\u00bb width=\u00a0\u00bb5\/12&Prime;][vc_column_text css=\u00a0\u00bb\u00a0\u00bb el_class=\u00a0\u00bbcontact-info-left\u00a0\u00bb] Halifax 61, avenue Raddall, unit\u00e9 A Dartmouth, Nouvelle-\u00c9cosse B3B 1T4 Canada T\u00e9l\u00e9phone : (902) 468-7878 Op\u00e9rations Brent Dorman \u2013 [&hellip;]<\/p>\n","protected":false},"author":1,"featured_media":0,"parent":25027,"menu_order":0,"comment_status":"closed","ping_status":"closed","template":"","meta":{"_acf_changed":false,"footnotes":""},"class_list":["post-25068","page","type-page","status-publish","hentry"],"acf":[],"yoast_head":"<!-- This site is optimized with the Yoast SEO plugin v27.4 - https:\/\/yoast.com\/product\/yoast-seo-wordpress\/ -->\n<title>Page de contact d\u2019Halifax | Corrosion Service Company Limited<\/title>\n<meta name=\"description\" content=\"Communiquez avec notre bureau d\u2019Halifax d\u00e8s aujourd\u2019hui. T\u00e9l\u00e9phone : (902) 468-7878. Nous sommes impatients d\u2019avoir de vos nouvelles.\" \/>\n<meta name=\"robots\" content=\"index, follow, max-snippet:-1, max-image-preview:large, max-video-preview:-1\" \/>\n<link rel=\"canonical\" href=\"https:\/\/corrosionservice.com\/fr\/nous-contacter\/halifax\/\" \/>\n<meta property=\"og:locale\" content=\"fr_FR\" \/>\n<meta property=\"og:type\" content=\"article\" \/>\n<meta property=\"og:title\" content=\"Page de contact d\u2019Halifax | Corrosion Service Company Limited\" \/>\n<meta property=\"og:description\" content=\"Communiquez avec notre bureau d\u2019Halifax d\u00e8s aujourd\u2019hui. T\u00e9l\u00e9phone : (902) 468-7878. Nous sommes impatients d\u2019avoir de vos nouvelles.\" \/>\n<meta property=\"og:url\" content=\"https:\/\/corrosionservice.com\/fr\/nous-contacter\/halifax\/\" \/>\n<meta property=\"og:site_name\" content=\"Corrosion Service\" \/>\n<meta property=\"article:modified_time\" content=\"2025-05-02T15:44:03+00:00\" \/>\n<meta name=\"twitter:card\" content=\"summary_large_image\" \/>\n<meta name=\"twitter:label1\" content=\"Dur\u00e9e de lecture estim\u00e9e\" \/>\n\t<meta name=\"twitter:data1\" content=\"2 minutes\" \/>\n<script type=\"application\/ld+json\" class=\"yoast-schema-graph\">{\"@context\":\"https:\\\/\\\/schema.org\",\"@graph\":[{\"@type\":\"WebPage\",\"@id\":\"https:\\\/\\\/corrosionservice.com\\\/fr\\\/nous-contacter\\\/halifax\\\/\",\"url\":\"https:\\\/\\\/corrosionservice.com\\\/fr\\\/nous-contacter\\\/halifax\\\/\",\"name\":\"Page de contact d\u2019Halifax | Corrosion Service Company Limited\",\"isPartOf\":{\"@id\":\"https:\\\/\\\/corrosionservice.com\\\/#website\"},\"datePublished\":\"2015-06-03T15:33:15+00:00\",\"dateModified\":\"2025-05-02T15:44:03+00:00\",\"description\":\"Communiquez avec notre bureau d\u2019Halifax d\u00e8s aujourd\u2019hui. T\u00e9l\u00e9phone : (902) 468-7878. Nous sommes impatients d\u2019avoir de vos nouvelles.\",\"breadcrumb\":{\"@id\":\"https:\\\/\\\/corrosionservice.com\\\/fr\\\/nous-contacter\\\/halifax\\\/#breadcrumb\"},\"inLanguage\":\"fr-FR\",\"potentialAction\":[{\"@type\":\"ReadAction\",\"target\":[\"https:\\\/\\\/corrosionservice.com\\\/fr\\\/nous-contacter\\\/halifax\\\/\"]}]},{\"@type\":\"BreadcrumbList\",\"@id\":\"https:\\\/\\\/corrosionservice.com\\\/fr\\\/nous-contacter\\\/halifax\\\/#breadcrumb\",\"itemListElement\":[{\"@type\":\"ListItem\",\"position\":1,\"name\":\"Home\",\"item\":\"https:\\\/\\\/corrosionservice.com\\\/fr\\\/\"},{\"@type\":\"ListItem\",\"position\":2,\"name\":\"Nous contacter\",\"item\":\"https:\\\/\\\/corrosionservice.com\\\/fr\\\/nous-contacter\\\/\"},{\"@type\":\"ListItem\",\"position\":3,\"name\":\"Halifax\"}]},{\"@type\":\"WebSite\",\"@id\":\"https:\\\/\\\/corrosionservice.com\\\/#website\",\"url\":\"https:\\\/\\\/corrosionservice.com\\\/\",\"name\":\"Corrosion Service\",\"description\":\"Entreprise de contr\u00f4le de la corrosion sur les pipelines\",\"potentialAction\":[{\"@type\":\"SearchAction\",\"target\":{\"@type\":\"EntryPoint\",\"urlTemplate\":\"https:\\\/\\\/corrosionservice.com\\\/?s={search_term_string}\"},\"query-input\":{\"@type\":\"PropertyValueSpecification\",\"valueRequired\":true,\"valueName\":\"search_term_string\"}}],\"inLanguage\":\"fr-FR\"}]}<\/script>\n<!-- \/ Yoast SEO plugin. -->","yoast_head_json":{"title":"Page de contact d\u2019Halifax | Corrosion Service Company Limited","description":"Communiquez avec notre bureau d\u2019Halifax d\u00e8s aujourd\u2019hui. T\u00e9l\u00e9phone : (902) 468-7878. Nous sommes impatients d\u2019avoir de vos nouvelles.","robots":{"index":"index","follow":"follow","max-snippet":"max-snippet:-1","max-image-preview":"max-image-preview:large","max-video-preview":"max-video-preview:-1"},"canonical":"https:\/\/corrosionservice.com\/fr\/nous-contacter\/halifax\/","og_locale":"fr_FR","og_type":"article","og_title":"Page de contact d\u2019Halifax | Corrosion Service Company Limited","og_description":"Communiquez avec notre bureau d\u2019Halifax d\u00e8s aujourd\u2019hui. T\u00e9l\u00e9phone : (902) 468-7878. Nous sommes impatients d\u2019avoir de vos nouvelles.","og_url":"https:\/\/corrosionservice.com\/fr\/nous-contacter\/halifax\/","og_site_name":"Corrosion Service","article_modified_time":"2025-05-02T15:44:03+00:00","twitter_card":"summary_large_image","twitter_misc":{"Dur\u00e9e de lecture estim\u00e9e":"2 minutes"},"schema":{"@context":"https:\/\/schema.org","@graph":[{"@type":"WebPage","@id":"https:\/\/corrosionservice.com\/fr\/nous-contacter\/halifax\/","url":"https:\/\/corrosionservice.com\/fr\/nous-contacter\/halifax\/","name":"Page de contact d\u2019Halifax | Corrosion Service Company Limited","isPartOf":{"@id":"https:\/\/corrosionservice.com\/#website"},"datePublished":"2015-06-03T15:33:15+00:00","dateModified":"2025-05-02T15:44:03+00:00","description":"Communiquez avec notre bureau d\u2019Halifax d\u00e8s aujourd\u2019hui. T\u00e9l\u00e9phone : (902) 468-7878. Nous sommes impatients d\u2019avoir de vos nouvelles.","breadcrumb":{"@id":"https:\/\/corrosionservice.com\/fr\/nous-contacter\/halifax\/#breadcrumb"},"inLanguage":"fr-FR","potentialAction":[{"@type":"ReadAction","target":["https:\/\/corrosionservice.com\/fr\/nous-contacter\/halifax\/"]}]},{"@type":"BreadcrumbList","@id":"https:\/\/corrosionservice.com\/fr\/nous-contacter\/halifax\/#breadcrumb","itemListElement":[{"@type":"ListItem","position":1,"name":"Home","item":"https:\/\/corrosionservice.com\/fr\/"},{"@type":"ListItem","position":2,"name":"Nous contacter","item":"https:\/\/corrosionservice.com\/fr\/nous-contacter\/"},{"@type":"ListItem","position":3,"name":"Halifax"}]},{"@type":"WebSite","@id":"https:\/\/corrosionservice.com\/#website","url":"https:\/\/corrosionservice.com\/","name":"Corrosion Service","description":"Entreprise de contr\u00f4le de la corrosion sur les pipelines","potentialAction":[{"@type":"SearchAction","target":{"@type":"EntryPoint","urlTemplate":"https:\/\/corrosionservice.com\/?s={search_term_string}"},"query-input":{"@type":"PropertyValueSpecification","valueRequired":true,"valueName":"search_term_string"}}],"inLanguage":"fr-FR"}]}},"_links":{"self":[{"href":"https:\/\/corrosionservice.com\/fr\/wp-json\/wp\/v2\/pages\/25068","targetHints":{"allow":["GET"]}}],"collection":[{"href":"https:\/\/corrosionservice.com\/fr\/wp-json\/wp\/v2\/pages"}],"about":[{"href":"https:\/\/corrosionservice.com\/fr\/wp-json\/wp\/v2\/types\/page"}],"author":[{"embeddable":true,"href":"https:\/\/corrosionservice.com\/fr\/wp-json\/wp\/v2\/users\/1"}],"replies":[{"embeddable":true,"href":"https:\/\/corrosionservice.com\/fr\/wp-json\/wp\/v2\/comments?post=25068"}],"version-history":[{"count":9,"href":"https:\/\/corrosionservice.com\/fr\/wp-json\/wp\/v2\/pages\/25068\/revisions"}],"predecessor-version":[{"id":27047,"href":"https:\/\/corrosionservice.com\/fr\/wp-json\/wp\/v2\/pages\/25068\/revisions\/27047"}],"up":[{"embeddable":true,"href":"https:\/\/corrosionservice.com\/fr\/wp-json\/wp\/v2\/pages\/25027"}],"wp:attachment":[{"href":"https:\/\/corrosionservice.com\/fr\/wp-json\/wp\/v2\/media?parent=25068"}],"curies":[{"name":"wp","href":"https:\/\/api.w.org\/{rel}","templated":true}]}}