{"id":25072,"date":"2015-06-03T11:34:33","date_gmt":"2015-06-03T15:34:33","guid":{"rendered":"https:\/\/corrosionservice.com\/nous-contacter\/vancouver\/"},"modified":"2025-05-02T11:48:39","modified_gmt":"2025-05-02T15:48:39","slug":"vancouver","status":"publish","type":"page","link":"https:\/\/corrosionservice.com\/fr\/nous-contacter\/vancouver\/","title":{"rendered":"Vancouver"},"content":{"rendered":"<div class=\"wpb-content-wrapper\"><p>[vc_row full_width=\u00a0\u00bbstretch_row_content_no_spaces\u00a0\u00bb row_responsive_large=\u00a0\u00bb\u00a0\u00bb row_responsive_medium=\u00a0\u00bb\u00a0\u00bb row_responsive_small=\u00a0\u00bb\u00a0\u00bb row_responsive_extra_small=\u00a0\u00bb\u00a0\u00bb enable_triangle=\u00a0\u00bb0&Prime; triangle_pos=\u00a0\u00bbtop\u00a0\u00bb loop=\u00a0\u00bb\u00a0\u00bb autoplay=\u00a0\u00bb\u00a0\u00bb muted=\u00a0\u00bb\u00a0\u00bb controls=\u00a0\u00bb\u00a0\u00bb show_btn=\u00a0\u00bb\u00a0\u00bb el_class=\u00a0\u00bbcontainer-fluid\u00a0\u00bb][vc_column animation=\u00a0\u00bb\u00a0\u00bb text_align=\u00a0\u00bb\u00a0\u00bb column_style=\u00a0\u00bb\u00a0\u00bb bg_attachment=\u00a0\u00bb\u00a0\u00bb bg_repeat=\u00a0\u00bb\u00a0\u00bb][vc_row_inner same_height=\u00a0\u00bb\u00a0\u00bb][vc_column_inner el_class=\u00a0\u00bbdiag-stripes-blue reskinned-side-bar-contact reskinned-side-bar\u00a0\u00bb width=\u00a0\u00bb5\/12&Prime;][vc_column_text css=\u00a0\u00bb\u00a0\u00bb el_class=\u00a0\u00bbcontact-info-left\u00a0\u00bb]<\/p>\n<h3 style=\"text-align: left;\"><strong><span style=\"color: #ffffff;\">Vancouver<\/span><\/strong><\/h3>\n<p style=\"text-align: left; margin-bottom: 25px;\">1103 Cliveden Avenue East<br \/>\nAnnacis Island, Colombie-Britannique<br \/>\nV3M 6G9 Canada<\/p>\n<h4 class=\"mb-0\">T\u00e9l\u00e9phone : (604) 521-1234<\/h4>\n<h4 class=\"mb-5\"><\/h4>\n<div class=\"reskinned-sid-bar-contact-separtaor mb-5\"><\/div>\n<p style=\"text-align: left; font-weight: 600;\">Op\u00e9rations<\/p>\n<p class=\"p1\" style=\"text-align: left;\">Brent Dorman &#8211; Vice-pr\u00e9sident des op\u00e9rations<\/p>\n<p class=\"p1\" style=\"text-align: left;\">Alex Wise &#8211; Directeur du d\u00e9veloppement des affaires<\/p>\n<p>Jaime Salas &#8211; Directeur r\u00e9gional des op\u00e9rations pour le Pacifique[\/vc_column_text][\/vc_column_inner][vc_column_inner el_class=\u00a0\u00bbreskinned-content-wrapper contact-right\u00a0\u00bb width=\u00a0\u00bb7\/12&Prime; css=\u00a0\u00bb.vc_custom_1522679660800{padding-left: 15% !important;}\u00a0\u00bb][cs_custom_heading text=\u00a0\u00bbNous contacter\u00a0\u00bb font_container=\u00a0\u00bbtag:h1|font_size:52px|text_align:left\u00a0\u00bb font_format=\u00a0\u00bb600&Prime; el_class=\u00a0\u00bbcontact-heading contact-h1&Prime;][cs_custom_heading text=\u00a0\u00bbFormulaire de demande de renseignements\u00a0\u00bb font_container=\u00a0\u00bbtag:h2|font_size:32px|text_align:left\u00a0\u00bb font_format=\u00a0\u00bb600&Prime; el_class=\u00a0\u00bbcontact-heading\u00a0\u00bb]\n<div class=\"wpcf7 no-js\" id=\"wpcf7-f24864-o1\" lang=\"fr-FR\" dir=\"ltr\" data-wpcf7-id=\"24864\">\n<div class=\"screen-reader-response\"><p role=\"status\" aria-live=\"polite\" aria-atomic=\"true\"><\/p> <ul><\/ul><\/div>\n<form action=\"\/fr\/wp-json\/wp\/v2\/pages\/25072#wpcf7-f24864-o1\" method=\"post\" class=\"wpcf7-form init\" aria-label=\"Formulaire de contact\" novalidate=\"novalidate\" data-status=\"init\">\n<fieldset class=\"hidden-fields-container\"><input type=\"hidden\" name=\"_wpcf7\" value=\"24864\" \/><input type=\"hidden\" name=\"_wpcf7_version\" value=\"6.1.5\" \/><input type=\"hidden\" name=\"_wpcf7_locale\" value=\"fr_FR\" \/><input type=\"hidden\" name=\"_wpcf7_unit_tag\" value=\"wpcf7-f24864-o1\" \/><input type=\"hidden\" name=\"_wpcf7_container_post\" value=\"0\" \/><input type=\"hidden\" name=\"_wpcf7_posted_data_hash\" value=\"\" \/><input type=\"hidden\" name=\"_wpcf7_recaptcha_response\" value=\"\" \/>\n<\/fieldset>\n<div class=\"row\">\n\t<div class=\"col-xs-12 col-sm-12 col-md-6 col-lg-6\">\n\t\t<p><span class=\"wpcf7-form-control-wrap\" data-name=\"fname\"><input size=\"40\" maxlength=\"400\" class=\"wpcf7-form-control wpcf7-text wpcf7-validates-as-required\" aria-required=\"true\" aria-invalid=\"false\" placeholder=\"Nom (obligatoire)\" value=\"\" type=\"text\" name=\"fname\" \/><\/span>\n\t\t<\/p>\n\t<\/div>\n\t<div class=\"col-xs-12 col-sm-12 col-md-6 col-lg-6\">\n\t\t<p><span class=\"wpcf7-form-control-wrap\" data-name=\"phone\"><input size=\"40\" maxlength=\"400\" class=\"wpcf7-form-control wpcf7-text wpcf7-validates-as-required\" aria-required=\"true\" aria-invalid=\"false\" placeholder=\"T\u00e9l\u00e9phone (obligatoire)\" value=\"\" type=\"text\" name=\"phone\" \/><\/span>\n\t\t<\/p>\n\t<\/div>\n<\/div>\n<div class=\"row\">\n\t<div class=\"col-xs-12 col-sm-12 col-md-6 col-lg-6\">\n\t\t<p><span class=\"wpcf7-form-control-wrap\" data-name=\"company\"><input size=\"40\" maxlength=\"400\" class=\"wpcf7-form-control wpcf7-text\" aria-invalid=\"false\" placeholder=\"Compagnie\" value=\"\" type=\"text\" name=\"company\" \/><\/span>\n\t\t<\/p>\n\t<\/div>\n\t<div class=\"col-xs-12 col-sm-12 col-md-6 col-lg-6\">\n\t\t<p><span class=\"wpcf7-form-control-wrap\" data-name=\"email\"><input size=\"40\" maxlength=\"400\" class=\"wpcf7-form-control wpcf7-email wpcf7-validates-as-required wpcf7-text wpcf7-validates-as-email\" aria-required=\"true\" aria-invalid=\"false\" placeholder=\"Courriel (obligatoire)\" value=\"\" type=\"email\" name=\"email\" \/><\/span>\n\t\t<\/p>\n\t<\/div>\n<\/div>\n<div class=\"row\">\n\t<div class=\"col-xs-12 col-sm-12 col-md-12 col-lg-12\">\n\t\t<p><span class=\"wpcf7-form-control-wrap\" data-name=\"message\"><textarea cols=\"40\" rows=\"10\" maxlength=\"2000\" class=\"wpcf7-form-control wpcf7-textarea wpcf7-validates-as-required\" aria-required=\"true\" aria-invalid=\"false\" placeholder=\"Message\" name=\"message\"><\/textarea><\/span>\n\t\t<\/p>\n\t<\/div>\n<\/div>\n<div class=\"row\">\n\t<div class=\"col-xs-12 col-sm-12 col-md-12 col-lg-12\">\n\t<\/div>\n<\/div>\n<div class=\"row\">\n\t<div class=\"col-xs-12 col-sm-12 col-md-12 col-lg-12\">\n\t\t<p><input class=\"wpcf7-form-control wpcf7-submit has-spinner btn btn-primary\" type=\"submit\" value=\"Send\" \/>\n\t\t<\/p>\n\t<\/div>\n<\/div><p style=\"display: none !important;\" class=\"akismet-fields-container\" data-prefix=\"_wpcf7_ak_\"><label>&#916;<textarea name=\"_wpcf7_ak_hp_textarea\" cols=\"45\" rows=\"8\" maxlength=\"100\"><\/textarea><\/label><input type=\"hidden\" id=\"ak_js_1\" name=\"_wpcf7_ak_js\" value=\"88\"\/><script>document.getElementById( \"ak_js_1\" ).setAttribute( \"value\", ( new Date() ).getTime() );<\/script><\/p><div class=\"wpcf7-response-output\" aria-hidden=\"true\"><\/div>\n<\/form>\n<\/div>\n[\/vc_column_inner][\/vc_row_inner][\/vc_column][\/vc_row][vc_row row_responsive_large=\u00a0\u00bb\u00a0\u00bb row_responsive_medium=\u00a0\u00bb\u00a0\u00bb row_responsive_small=\u00a0\u00bb\u00a0\u00bb row_responsive_extra_small=\u00a0\u00bb\u00a0\u00bb enable_triangle=\u00a0\u00bb0&Prime; triangle_pos=\u00a0\u00bbtop\u00a0\u00bb loop=\u00a0\u00bb\u00a0\u00bb autoplay=\u00a0\u00bb\u00a0\u00bb muted=\u00a0\u00bb\u00a0\u00bb controls=\u00a0\u00bb\u00a0\u00bb show_btn=\u00a0\u00bb\u00a0\u00bb el_class=\u00a0\u00bbmb-0 reskinned-contact-map\u00a0\u00bb][vc_column animation=\u00a0\u00bb\u00a0\u00bb text_align=\u00a0\u00bb\u00a0\u00bb column_style=\u00a0\u00bb\u00a0\u00bb bg_attachment=\u00a0\u00bb\u00a0\u00bb bg_repeat=\u00a0\u00bb\u00a0\u00bb][vc_column_text el_class=\u00a0\u00bbmb-0&Prime;]<div\r\n                            class=\"responsiveMap loading\"\r\n                            id=\"responsiveMap54404940cc25b2cec7d1d34127c8b2e0\"\r\n                            style=\"height:500px;\"\r\n                            data-title=\"Corrosion Services\"\r\n                            data-lat=\"49.172135\"\r\n                            data-lng=\"-122.948242\"\r\n                            data-style=\"\"\r\n                            data-zoom=\"15\"\r\n                            data-zoomcontrol=\"1\"\r\n                            data-maptypecontrol=\"1\"\r\n                            data-scalecontrol=\"1\"\r\n                            data-streetviewcontrol=\"1\"\r\n                            data-overviewmapcontrol=\"1\"\r\n                            data-showmarker=\"1\"\r\n                            data-maptype=\"road\"\r\n                            data-pancontrol=\"1\"\r\n                            data-scrollwheel=\"false\"\r\n                            data-draggable=\"true\"\r\n                            data-info-window-text=\"&lt;span style=font-family:Calibri;font-weight:bold;line-height:17px;&gt;&lt;style div=taille de police:20px&nbsp;;&gt; Service de corrosion&lt; \/div&gt;&lt;div&gt; Vancouver, Colombie-Britannique&lt; \/div&gt;&lt;\/span&gt;\"\r\n                            data-autoOpenInfoWindow=\"true\"\r\n                            data-icon=\"\"\r\n                ><\/div>[\/vc_column_text][\/vc_column][\/vc_row]<\/p>\n<\/div>","protected":false},"excerpt":{"rendered":"<p>[vc_row full_width=\u00a0\u00bbstretch_row_content_no_spaces\u00a0\u00bb row_responsive_large=\u00a0\u00bb\u00a0\u00bb row_responsive_medium=\u00a0\u00bb\u00a0\u00bb row_responsive_small=\u00a0\u00bb\u00a0\u00bb row_responsive_extra_small=\u00a0\u00bb\u00a0\u00bb enable_triangle=\u00a0\u00bb0&Prime; triangle_pos=\u00a0\u00bbtop\u00a0\u00bb loop=\u00a0\u00bb\u00a0\u00bb autoplay=\u00a0\u00bb\u00a0\u00bb muted=\u00a0\u00bb\u00a0\u00bb controls=\u00a0\u00bb\u00a0\u00bb show_btn=\u00a0\u00bb\u00a0\u00bb el_class=\u00a0\u00bbcontainer-fluid\u00a0\u00bb][vc_column animation=\u00a0\u00bb\u00a0\u00bb text_align=\u00a0\u00bb\u00a0\u00bb column_style=\u00a0\u00bb\u00a0\u00bb bg_attachment=\u00a0\u00bb\u00a0\u00bb bg_repeat=\u00a0\u00bb\u00a0\u00bb][vc_row_inner same_height=\u00a0\u00bb\u00a0\u00bb][vc_column_inner el_class=\u00a0\u00bbdiag-stripes-blue reskinned-side-bar-contact reskinned-side-bar\u00a0\u00bb width=\u00a0\u00bb5\/12&Prime;][vc_column_text css=\u00a0\u00bb\u00a0\u00bb el_class=\u00a0\u00bbcontact-info-left\u00a0\u00bb] Vancouver 1103 Cliveden Avenue East Annacis Island, Colombie-Britannique V3M 6G9 Canada T\u00e9l\u00e9phone : (604) 521-1234 Op\u00e9rations Brent Dorman &#8211; [&hellip;]<\/p>\n","protected":false},"author":1,"featured_media":0,"parent":25027,"menu_order":0,"comment_status":"closed","ping_status":"closed","template":"","meta":{"_acf_changed":false,"footnotes":""},"class_list":["post-25072","page","type-page","status-publish","hentry"],"acf":[],"yoast_head":"<!-- This site is optimized with the Yoast SEO plugin v27.4 - https:\/\/yoast.com\/product\/yoast-seo-wordpress\/ -->\n<title>Page de contact de Vancouver | Corrosion Service Company Limited<\/title>\n<meta name=\"description\" content=\"Veuillez communiquer avec notre bureau de Vancouver si vous avez des questions concernant la protection cathodique ou toute question relative \u00e0 la corrosion.\" \/>\n<meta name=\"robots\" content=\"index, follow, max-snippet:-1, max-image-preview:large, max-video-preview:-1\" \/>\n<link rel=\"canonical\" href=\"https:\/\/corrosionservice.com\/fr\/nous-contacter\/vancouver\/\" \/>\n<meta property=\"og:locale\" content=\"fr_FR\" \/>\n<meta property=\"og:type\" content=\"article\" \/>\n<meta property=\"og:title\" content=\"Page de contact de Vancouver | Corrosion Service Company Limited\" \/>\n<meta property=\"og:description\" content=\"Veuillez communiquer avec notre bureau de Vancouver si vous avez des questions concernant la protection cathodique ou toute question relative \u00e0 la corrosion.\" \/>\n<meta property=\"og:url\" content=\"https:\/\/corrosionservice.com\/fr\/nous-contacter\/vancouver\/\" \/>\n<meta property=\"og:site_name\" content=\"Corrosion Service\" \/>\n<meta property=\"article:modified_time\" content=\"2025-05-02T15:48:39+00:00\" \/>\n<meta name=\"twitter:card\" content=\"summary_large_image\" \/>\n<meta name=\"twitter:label1\" content=\"Dur\u00e9e de lecture estim\u00e9e\" \/>\n\t<meta name=\"twitter:data1\" content=\"2 minutes\" \/>\n<script type=\"application\/ld+json\" class=\"yoast-schema-graph\">{\"@context\":\"https:\\\/\\\/schema.org\",\"@graph\":[{\"@type\":\"WebPage\",\"@id\":\"https:\\\/\\\/corrosionservice.com\\\/fr\\\/nous-contacter\\\/vancouver\\\/\",\"url\":\"https:\\\/\\\/corrosionservice.com\\\/fr\\\/nous-contacter\\\/vancouver\\\/\",\"name\":\"Page de contact de Vancouver | Corrosion Service Company Limited\",\"isPartOf\":{\"@id\":\"https:\\\/\\\/corrosionservice.com\\\/#website\"},\"datePublished\":\"2015-06-03T15:34:33+00:00\",\"dateModified\":\"2025-05-02T15:48:39+00:00\",\"description\":\"Veuillez communiquer avec notre bureau de Vancouver si vous avez des questions concernant la protection cathodique ou toute question relative \u00e0 la corrosion.\",\"breadcrumb\":{\"@id\":\"https:\\\/\\\/corrosionservice.com\\\/fr\\\/nous-contacter\\\/vancouver\\\/#breadcrumb\"},\"inLanguage\":\"fr-FR\",\"potentialAction\":[{\"@type\":\"ReadAction\",\"target\":[\"https:\\\/\\\/corrosionservice.com\\\/fr\\\/nous-contacter\\\/vancouver\\\/\"]}]},{\"@type\":\"BreadcrumbList\",\"@id\":\"https:\\\/\\\/corrosionservice.com\\\/fr\\\/nous-contacter\\\/vancouver\\\/#breadcrumb\",\"itemListElement\":[{\"@type\":\"ListItem\",\"position\":1,\"name\":\"Home\",\"item\":\"https:\\\/\\\/corrosionservice.com\\\/fr\\\/\"},{\"@type\":\"ListItem\",\"position\":2,\"name\":\"Nous contacter\",\"item\":\"https:\\\/\\\/corrosionservice.com\\\/fr\\\/nous-contacter\\\/\"},{\"@type\":\"ListItem\",\"position\":3,\"name\":\"Vancouver\"}]},{\"@type\":\"WebSite\",\"@id\":\"https:\\\/\\\/corrosionservice.com\\\/#website\",\"url\":\"https:\\\/\\\/corrosionservice.com\\\/\",\"name\":\"Corrosion Service\",\"description\":\"Entreprise de contr\u00f4le de la corrosion sur les pipelines\",\"potentialAction\":[{\"@type\":\"SearchAction\",\"target\":{\"@type\":\"EntryPoint\",\"urlTemplate\":\"https:\\\/\\\/corrosionservice.com\\\/?s={search_term_string}\"},\"query-input\":{\"@type\":\"PropertyValueSpecification\",\"valueRequired\":true,\"valueName\":\"search_term_string\"}}],\"inLanguage\":\"fr-FR\"}]}<\/script>\n<!-- \/ Yoast SEO plugin. -->","yoast_head_json":{"title":"Page de contact de Vancouver | Corrosion Service Company Limited","description":"Veuillez communiquer avec notre bureau de Vancouver si vous avez des questions concernant la protection cathodique ou toute question relative \u00e0 la corrosion.","robots":{"index":"index","follow":"follow","max-snippet":"max-snippet:-1","max-image-preview":"max-image-preview:large","max-video-preview":"max-video-preview:-1"},"canonical":"https:\/\/corrosionservice.com\/fr\/nous-contacter\/vancouver\/","og_locale":"fr_FR","og_type":"article","og_title":"Page de contact de Vancouver | Corrosion Service Company Limited","og_description":"Veuillez communiquer avec notre bureau de Vancouver si vous avez des questions concernant la protection cathodique ou toute question relative \u00e0 la corrosion.","og_url":"https:\/\/corrosionservice.com\/fr\/nous-contacter\/vancouver\/","og_site_name":"Corrosion Service","article_modified_time":"2025-05-02T15:48:39+00:00","twitter_card":"summary_large_image","twitter_misc":{"Dur\u00e9e de lecture estim\u00e9e":"2 minutes"},"schema":{"@context":"https:\/\/schema.org","@graph":[{"@type":"WebPage","@id":"https:\/\/corrosionservice.com\/fr\/nous-contacter\/vancouver\/","url":"https:\/\/corrosionservice.com\/fr\/nous-contacter\/vancouver\/","name":"Page de contact de Vancouver | Corrosion Service Company Limited","isPartOf":{"@id":"https:\/\/corrosionservice.com\/#website"},"datePublished":"2015-06-03T15:34:33+00:00","dateModified":"2025-05-02T15:48:39+00:00","description":"Veuillez communiquer avec notre bureau de Vancouver si vous avez des questions concernant la protection cathodique ou toute question relative \u00e0 la corrosion.","breadcrumb":{"@id":"https:\/\/corrosionservice.com\/fr\/nous-contacter\/vancouver\/#breadcrumb"},"inLanguage":"fr-FR","potentialAction":[{"@type":"ReadAction","target":["https:\/\/corrosionservice.com\/fr\/nous-contacter\/vancouver\/"]}]},{"@type":"BreadcrumbList","@id":"https:\/\/corrosionservice.com\/fr\/nous-contacter\/vancouver\/#breadcrumb","itemListElement":[{"@type":"ListItem","position":1,"name":"Home","item":"https:\/\/corrosionservice.com\/fr\/"},{"@type":"ListItem","position":2,"name":"Nous contacter","item":"https:\/\/corrosionservice.com\/fr\/nous-contacter\/"},{"@type":"ListItem","position":3,"name":"Vancouver"}]},{"@type":"WebSite","@id":"https:\/\/corrosionservice.com\/#website","url":"https:\/\/corrosionservice.com\/","name":"Corrosion Service","description":"Entreprise de contr\u00f4le de la corrosion sur les pipelines","potentialAction":[{"@type":"SearchAction","target":{"@type":"EntryPoint","urlTemplate":"https:\/\/corrosionservice.com\/?s={search_term_string}"},"query-input":{"@type":"PropertyValueSpecification","valueRequired":true,"valueName":"search_term_string"}}],"inLanguage":"fr-FR"}]}},"_links":{"self":[{"href":"https:\/\/corrosionservice.com\/fr\/wp-json\/wp\/v2\/pages\/25072","targetHints":{"allow":["GET"]}}],"collection":[{"href":"https:\/\/corrosionservice.com\/fr\/wp-json\/wp\/v2\/pages"}],"about":[{"href":"https:\/\/corrosionservice.com\/fr\/wp-json\/wp\/v2\/types\/page"}],"author":[{"embeddable":true,"href":"https:\/\/corrosionservice.com\/fr\/wp-json\/wp\/v2\/users\/1"}],"replies":[{"embeddable":true,"href":"https:\/\/corrosionservice.com\/fr\/wp-json\/wp\/v2\/comments?post=25072"}],"version-history":[{"count":15,"href":"https:\/\/corrosionservice.com\/fr\/wp-json\/wp\/v2\/pages\/25072\/revisions"}],"predecessor-version":[{"id":27070,"href":"https:\/\/corrosionservice.com\/fr\/wp-json\/wp\/v2\/pages\/25072\/revisions\/27070"}],"up":[{"embeddable":true,"href":"https:\/\/corrosionservice.com\/fr\/wp-json\/wp\/v2\/pages\/25027"}],"wp:attachment":[{"href":"https:\/\/corrosionservice.com\/fr\/wp-json\/wp\/v2\/media?parent=25072"}],"curies":[{"name":"wp","href":"https:\/\/api.w.org\/{rel}","templated":true}]}}