{"id":25212,"date":"2015-06-15T11:10:08","date_gmt":"2015-06-15T15:10:08","guid":{"rendered":"https:\/\/corrosionservice.com\/services\/la-protection-cathodique\/systemes-de-protection-cathodique-divers\/"},"modified":"2022-08-15T14:38:32","modified_gmt":"2022-08-15T18:38:32","slug":"systemes-de-protection-cathodique-divers","status":"publish","type":"page","link":"https:\/\/corrosionservice.com\/fr\/services\/la-protection-cathodique\/systemes-de-protection-cathodique-divers\/","title":{"rendered":"Syst\u00e8mes de protection cathodique divers"},"content":{"rendered":"<div class=\"wpb-content-wrapper\"><p>[vc_row enable_parallax=\u00a0\u00bb\u00a0\u00bb parallax_speed=\u00a0\u00bb0.8&Prime; el_class=\u00a0\u00bbreskinned-services-row\u00a0\u00bb][vc_column width=\u00a0\u00bb1\/12&Prime;][\/vc_column][vc_column width=\u00a0\u00bb1\/2&Prime;][vc_raw_html el_class=\u00a0\u00bbreskinned-services-raw-h1&Prime;]PGgxPlN5c3TDqG1lcyBkZSBwcm90ZWN0aW9uIGNhdGhvZGlxdWUgZGl2ZXJzPGJyPgo8c3BhbiBjbGFzcz0icmVza2lubmVkLXNlcnZpY2VzLXNlY29uZGFyeS1oMSI+U3lzdMOobWVzIGRpdmVyczwvc3Bhbj48L2gxPgo8YSBjbGFzcz0iY29udGFjdC11cy1jdGEiIGhyZWY9Imh0dHBzOi8vY29ycm9zaW9uc2VydmljZS5jb20vZnIvbm91cy1jb250YWN0ZXIvIj5Ob3VzIGNvbnRhY3RlcjwvYT4=[\/vc_raw_html][cs_custom_heading text=\u00a0\u00bbProtection cathodique &#8211; Permettre \u00e0 notre infrastructure de travailler plus fort\u00a0\u00bb font_container=\u00a0\u00bbtag:h2|text_align:left\u00a0\u00bb el_class=\u00a0\u00bbcs-highlight-blue\u00a0\u00bb][vc_column_text]Corrosion Service n&rsquo;a jamais h\u00e9sit\u00e9 \u00e0 entreprendre un projet unique et stimulant qui ne se conforme pas \u00e0 la normale. <span class=\"s1\">Peu importe que le projet consiste \u00e0 concevoir des syst\u00e8mes de protection cathodique pour 400 puits de p\u00e9trole de l&rsquo;\u00e8re sovi\u00e9tique dans le sud de l&rsquo;Irak ou \u00e0 \u00e9valuer les risques d&rsquo;interf\u00e9rence CC et de corrosion pour une ferme solaire en Ontario, Corrosion Service poss\u00e8de les comp\u00e9tences et l&rsquo;exp\u00e9rience n\u00e9cessaires pour assurer un r\u00e9sultat r\u00e9ussi. .<\/span><\/p>\n<p class=\"p1\">La protection cathodique est la technique \u00e9lectrochimique la plus couramment utilis\u00e9e pour pr\u00e9venir la corrosion sur les structures m\u00e9talliques enterr\u00e9es o\u00f9 le rev\u00eatement appliqu\u00e9 a \u00e9chou\u00e9 ou a \u00e9t\u00e9 endommag\u00e9, exposant le m\u00e9tal nu au sol ou \u00e0 un autre \u00e9lectrolyte tel que l&rsquo;eau de mer.<\/p>\n<p>[\/vc_column_text][\/vc_column][vc_column width=\u00a0\u00bb5\/12&Prime;][vc_single_image image=\u00a0\u00bb22273&Prime; img_size=\u00a0\u00bb690&#215;690&Prime; add_caption=\u00a0\u00bbyes\u00a0\u00bb alignment=\u00a0\u00bbright\u00a0\u00bb el_class=\u00a0\u00bbreskinned-services-featured-img\u00a0\u00bb][\/vc_column][\/vc_row][vc_row el_class=\u00a0\u00bbreskinned-services-row diag-stripes\u00a0\u00bb][vc_column][vc_row_inner][vc_column_inner width=\u00a0\u00bb1\/12&Prime;][\/vc_column_inner][vc_column_inner width=\u00a0\u00bb1\/2&Prime;][cs_custom_heading text=\u00a0\u00bbNotre \u00e9quipe et les services que nous proposons\u00a0\u00bb font_container=\u00a0\u00bbtag:h2|text_align:left\u00a0\u00bb][vc_column_text]Tous les projets sont diff\u00e9rents, et qu&rsquo;il s&rsquo;agisse d&rsquo;une nouvelle construction, d&rsquo;une r\u00e9habilitation ou d&rsquo;un entretien de routine, notre talentueuse \u00e9quipe de professionnels de l&rsquo;industrie est habilit\u00e9e \u00e0 comprendre les caract\u00e9ristiques uniques de chaque demande. Ceci est important car en tant qu&rsquo;organisation, Corrosion Service s&rsquo;efforce de fournir le niveau extr\u00eamement \u00e9lev\u00e9 de soutien et de partenariat n\u00e9cessaire pour cr\u00e9er les solutions personnalis\u00e9es dont nos clients ont besoin au quotidien.<\/p>\n<p>Les <a href=\"https:\/\/corrosionservice.com\/fr\/nous-contacter\/\">succursales<\/a> sont strat\u00e9giquement situ\u00e9es partout en Am\u00e9rique du Nord et sont la principale ligne de contact pour tous les clients. Chaque succursale est con\u00e7ue pour fournir une expertise en ing\u00e9nierie de premi\u00e8re ligne, un soutien \u00e0 la gestion de projet et des services sur le terrain en collaboration avec notre centre d&rsquo;ing\u00e9nierie de Toronto qui fournit des services d&rsquo;ing\u00e9nierie et de conception de haut niveau. Les membres de l&rsquo;\u00e9quipe sont hautement qualifi\u00e9s, et tout le personnel d&rsquo;ing\u00e9nierie est certifi\u00e9 \u00e0 diff\u00e9rents niveaux par la <a href=\"https:\/\/www.nace.org\/home.aspx\">National Association of Corrosion Engineers International.<\/a>[\/vc_column_text][vc_btn title=\u00a0\u00bbCommuniquez avec votre succursale\u00a0\u00bb size=\u00a0\u00bbsm\u00a0\u00bb align=\u00a0\u00bbleft\u00a0\u00bb css_animation=\u00a0\u00bbbottom-to-top\u00a0\u00bb link=\u00a0\u00bburl:https%3A%2F%2Fcorrosionservice.com%2Ffr%2Fnous-contacter%2Ftoronto%2F\u00a0\u00bb][\/vc_column_inner][vc_column_inner width=\u00a0\u00bb5\/12&Prime;][vc_accordion active_tab=\u00a0\u00bb1&Prime; collapsible=\u00a0\u00bbyes\u00a0\u00bb el_class=\u00a0\u00bbreskinned-accordion\u00a0\u00bb][vc_accordion_tab title=\u00a0\u00bbServices\u00a0\u00bb][vc_column_text el_class=\u00a0\u00bbservice-listings-container\u00a0\u00bb]<\/p>\n<p class=\"p1\">Nos services de protection cathodique comprennent :<\/p>\n<ul>\n<li>Enqu\u00eates annuelles<\/li>\n<li>Installation d&rsquo;un lit de sol profond<\/li>\n<li>Installation \u00e9lectrique<\/li>\n<li>Test d&rsquo;interf\u00e9rence<\/li>\n<li>Installation d&rsquo;un lit au sol peu profond<\/li>\n<li>Tester les sondages apr\u00e8s<\/li>\n<li>Surveillance \u00e0 distance<\/li>\n<li>Installation du syst\u00e8me existant<\/li>\n<li>Installation du nouveau syst\u00e8me<\/li>\n<li>V\u00e9rification du syst\u00e8me<\/li>\n<li>Entretien du syst\u00e8me<\/li>\n<\/ul>\n<p>[\/vc_column_text][\/vc_accordion_tab][\/vc_accordion][\/vc_column_inner][\/vc_row_inner][\/vc_column][\/vc_row][vc_row el_class=\u00a0\u00bbreskinned-services-row\u00a0\u00bb][vc_column][cs_custom_heading text=\u00a0\u00bbLa biblioth\u00e8que technique du service de corrosion qui documente notre pass\u00e9 et d\u00e9finit notre avenir\u00a0\u00bb font_container=\u00a0\u00bbtag:h2|text_align:center\u00a0\u00bb el_class=\u00a0\u00bbcs-highlight-blue\u00a0\u00bb][vc_column_text]<\/p>\n<p style=\"text-align: center;\"><a href=\"https:\/\/corrosionservice.com\/fr\/a-propos-de-nous\/profil-d-entreprise\/\">Corrosion Service<\/a> a \u00e9t\u00e9 et demeure un chef de file dans l&rsquo;industrie du contr\u00f4le de la corrosion, soutenant les diverses industries en Am\u00e9rique du Nord et dans le monde, assurant l&rsquo;int\u00e9grit\u00e9 des actifs en fournissant des services d&rsquo;ing\u00e9nierie responsables. Dans le cadre de notre engagement continu, nous aimerions vous souhaiter la bienvenue dans notre biblioth\u00e8que \u00e9lectronique en tant qu&rsquo;endroit o\u00f9 consulter nos divers documents techniques \u00e9crits et pr\u00e9sent\u00e9s au cours des 69 derni\u00e8res ann\u00e9es et qui ont soutenu l&rsquo;avancement de l&rsquo;industrie de la corrosion.<\/p>\n<p style=\"text-align: center;\">Nous avons \u00e9galement converti un bureau d&rsquo;angle principal en biblioth\u00e8que \u00e0 notre <a href=\"https:\/\/corrosionservice.com\/fr\/nous-contacter\/toronto\/#\">si\u00e8ge social<\/a> et d\u00e9di\u00e9 la salle \u00e0 Sorin Segall pour son engagement envers Corrosion Service, les nombreux articles pr\u00e9sent\u00e9s, le mentorat en ing\u00e9nierie au sein de Corrosion Service et envers notre industrie. Nous serions ravis que vous veniez voir cette biblioth\u00e8que compl\u00e8te qui comprend divers manuels, des publications pertinentes, tous les magazines <a href=\"http:\/\/www.materialsperformance.com\/\">NACE Materials Performance<\/a> pr\u00e9sent\u00e9s depuis la premi\u00e8re publication, des bulletins techniques et divers autres documents imprim\u00e9s li\u00e9s \u00e0 la corrosion.<\/p>\n<p>[\/vc_column_text][vc_btn title=\u00a0\u00bbVisitez notre biblioth\u00e8que technique\u00a0\u00bb align=\u00a0\u00bbcenter\u00a0\u00bb link=\u00a0\u00bburl:https%3A%2F%2Fcorrosionservice.com%2Ffr%2Fbibliotheque-des-documents-techniques%2F|\u00a0\u00bb][\/vc_column][\/vc_row][vc_row el_class=\u00a0\u00bbreskinned-services-row reskinned-services-featuring-store\u00a0\u00bb][vc_column][vc_column_text]<\/p>\n<p style=\"text-align: center;\">Depuis notre cr\u00e9ation en 1950, nous avons construit une vaste gamme de produits sp\u00e9cialis\u00e9s pour l&rsquo;industrie de la pr\u00e9vention de la corrosion.<\/p>\n<p style=\"text-align: center;\">Notre \u00e9quipe d&rsquo;approvisionnement en mat\u00e9riaux a acc\u00e8s \u00e0 une gamme compl\u00e8te de mat\u00e9riaux de protection cathodique fabriqu\u00e9s en interne et provenant de fournisseurs partenaires. Notre \u00e9quipe d\u00e9di\u00e9e \u00e0 la cha\u00eene d&rsquo;approvisionnement est bas\u00e9e \u00e0 Toronto aux c\u00f4t\u00e9s de notre centre de distribution de mat\u00e9riaux, qui est capable de livrer des mat\u00e9riaux dans le monde entier \u00e0 court pr\u00e9avis.<\/p>\n<p>[\/vc_column_text][vc_btn title=\u00a0\u00bbVisitez notre magasin de mat\u00e9riaux en ligne\u00a0\u00bb align=\u00a0\u00bbcenter\u00a0\u00bb link=\u00a0\u00bburl:https%3A%2F%2Fproducts.corrosionservice.com%2F|\u00a0\u00bb][\/vc_column][\/vc_row]<\/p>\n<\/div>","protected":false},"excerpt":{"rendered":"<p>[vc_row enable_parallax=\u00a0\u00bb\u00a0\u00bb parallax_speed=\u00a0\u00bb0.8&Prime; el_class=\u00a0\u00bbreskinned-services-row\u00a0\u00bb][vc_column width=\u00a0\u00bb1\/12&Prime;][\/vc_column][vc_column width=\u00a0\u00bb1\/2&Prime;][vc_raw_html el_class=\u00a0\u00bbreskinned-services-raw-h1&Prime;]PGgxPlN5c3TDqG1lcyBkZSBwcm90ZWN0aW9uIGNhdGhvZGlxdWUgZGl2ZXJzPGJyPgo8c3BhbiBjbGFzcz0icmVza2lubmVkLXNlcnZpY2VzLXNlY29uZGFyeS1oMSI+U3lzdMOobWVzIGRpdmVyczwvc3Bhbj48L2gxPgo8YSBjbGFzcz0iY29udGFjdC11cy1jdGEiIGhyZWY9Imh0dHBzOi8vY29ycm9zaW9uc2VydmljZS5jb20vZnIvbm91cy1jb250YWN0ZXIvIj5Ob3VzIGNvbnRhY3RlcjwvYT4=[\/vc_raw_html][cs_custom_heading text=\u00a0\u00bbProtection cathodique &#8211; Permettre \u00e0 notre infrastructure de travailler plus fort\u00a0\u00bb font_container=\u00a0\u00bbtag:h2|text_align:left\u00a0\u00bb el_class=\u00a0\u00bbcs-highlight-blue\u00a0\u00bb][vc_column_text]Corrosion Service n&rsquo;a jamais h\u00e9sit\u00e9 \u00e0 entreprendre un projet unique et stimulant qui ne se conforme pas \u00e0 la normale. Peu importe que le projet consiste [&hellip;]<\/p>\n","protected":false},"author":1,"featured_media":0,"parent":25019,"menu_order":0,"comment_status":"closed","ping_status":"closed","template":"page-service.php","meta":{"_acf_changed":false,"footnotes":""},"class_list":["post-25212","page","type-page","status-publish","hentry"],"acf":[],"yoast_head":"<!-- This site is optimized with the Yoast SEO plugin v27.4 - https:\/\/yoast.com\/product\/yoast-seo-wordpress\/ -->\n<title>Syst\u00e8mes de protection cathodique divers | Corrosion Service<\/title>\n<meta name=\"description\" content=\"Syst\u00e8mes de protection cathodique divers | Corrosion Service est une entreprise de contr\u00f4le de la corrosion qui se sp\u00e9cialise dans le contr\u00f4le de la corrosion \u00e9lectrochimique. Suite....\" \/>\n<meta name=\"robots\" content=\"index, follow, max-snippet:-1, max-image-preview:large, max-video-preview:-1\" \/>\n<link rel=\"canonical\" href=\"https:\/\/corrosionservice.com\/fr\/services\/la-protection-cathodique\/systemes-de-protection-cathodique-divers\/\" \/>\n<meta property=\"og:locale\" content=\"fr_FR\" \/>\n<meta property=\"og:type\" content=\"article\" \/>\n<meta property=\"og:title\" content=\"Syst\u00e8mes de protection cathodique divers | Corrosion Service\" \/>\n<meta property=\"og:description\" content=\"Syst\u00e8mes de protection cathodique divers | Corrosion Service est une entreprise de contr\u00f4le de la corrosion qui se sp\u00e9cialise dans le contr\u00f4le de la corrosion \u00e9lectrochimique. Suite....\" \/>\n<meta property=\"og:url\" content=\"https:\/\/corrosionservice.com\/fr\/services\/la-protection-cathodique\/systemes-de-protection-cathodique-divers\/\" \/>\n<meta property=\"og:site_name\" content=\"Corrosion Service\" \/>\n<meta property=\"article:modified_time\" content=\"2022-08-15T18:38:32+00:00\" \/>\n<meta name=\"twitter:card\" content=\"summary_large_image\" \/>\n<meta name=\"twitter:label1\" content=\"Dur\u00e9e de lecture estim\u00e9e\" \/>\n\t<meta name=\"twitter:data1\" content=\"4 minutes\" \/>\n<script type=\"application\/ld+json\" class=\"yoast-schema-graph\">{\"@context\":\"https:\\\/\\\/schema.org\",\"@graph\":[{\"@type\":\"WebPage\",\"@id\":\"https:\\\/\\\/corrosionservice.com\\\/fr\\\/services\\\/la-protection-cathodique\\\/systemes-de-protection-cathodique-divers\\\/\",\"url\":\"https:\\\/\\\/corrosionservice.com\\\/fr\\\/services\\\/la-protection-cathodique\\\/systemes-de-protection-cathodique-divers\\\/\",\"name\":\"Syst\u00e8mes de protection cathodique divers | Corrosion Service\",\"isPartOf\":{\"@id\":\"https:\\\/\\\/corrosionservice.com\\\/#website\"},\"datePublished\":\"2015-06-15T15:10:08+00:00\",\"dateModified\":\"2022-08-15T18:38:32+00:00\",\"description\":\"Syst\u00e8mes de protection cathodique divers | Corrosion Service est une entreprise de contr\u00f4le de la corrosion qui se sp\u00e9cialise dans le contr\u00f4le de la corrosion \u00e9lectrochimique. Suite....\",\"breadcrumb\":{\"@id\":\"https:\\\/\\\/corrosionservice.com\\\/fr\\\/services\\\/la-protection-cathodique\\\/systemes-de-protection-cathodique-divers\\\/#breadcrumb\"},\"inLanguage\":\"fr-FR\",\"potentialAction\":[{\"@type\":\"ReadAction\",\"target\":[\"https:\\\/\\\/corrosionservice.com\\\/fr\\\/services\\\/la-protection-cathodique\\\/systemes-de-protection-cathodique-divers\\\/\"]}]},{\"@type\":\"BreadcrumbList\",\"@id\":\"https:\\\/\\\/corrosionservice.com\\\/fr\\\/services\\\/la-protection-cathodique\\\/systemes-de-protection-cathodique-divers\\\/#breadcrumb\",\"itemListElement\":[{\"@type\":\"ListItem\",\"position\":1,\"name\":\"Home\",\"item\":\"https:\\\/\\\/corrosionservice.com\\\/fr\\\/\"},{\"@type\":\"ListItem\",\"position\":2,\"name\":\"Services\",\"item\":\"https:\\\/\\\/corrosionservice.com\\\/fr\\\/services\\\/\"},{\"@type\":\"ListItem\",\"position\":3,\"name\":\"La protection cathodique\",\"item\":\"https:\\\/\\\/corrosionservice.com\\\/fr\\\/services\\\/la-protection-cathodique\\\/\"},{\"@type\":\"ListItem\",\"position\":4,\"name\":\"Syst\u00e8mes de protection cathodique divers\"}]},{\"@type\":\"WebSite\",\"@id\":\"https:\\\/\\\/corrosionservice.com\\\/#website\",\"url\":\"https:\\\/\\\/corrosionservice.com\\\/\",\"name\":\"Corrosion Service\",\"description\":\"Entreprise de contr\u00f4le de la corrosion sur les pipelines\",\"potentialAction\":[{\"@type\":\"SearchAction\",\"target\":{\"@type\":\"EntryPoint\",\"urlTemplate\":\"https:\\\/\\\/corrosionservice.com\\\/?s={search_term_string}\"},\"query-input\":{\"@type\":\"PropertyValueSpecification\",\"valueRequired\":true,\"valueName\":\"search_term_string\"}}],\"inLanguage\":\"fr-FR\"}]}<\/script>\n<!-- \/ Yoast SEO plugin. -->","yoast_head_json":{"title":"Syst\u00e8mes de protection cathodique divers | Corrosion Service","description":"Syst\u00e8mes de protection cathodique divers | Corrosion Service est une entreprise de contr\u00f4le de la corrosion qui se sp\u00e9cialise dans le contr\u00f4le de la corrosion \u00e9lectrochimique. Suite....","robots":{"index":"index","follow":"follow","max-snippet":"max-snippet:-1","max-image-preview":"max-image-preview:large","max-video-preview":"max-video-preview:-1"},"canonical":"https:\/\/corrosionservice.com\/fr\/services\/la-protection-cathodique\/systemes-de-protection-cathodique-divers\/","og_locale":"fr_FR","og_type":"article","og_title":"Syst\u00e8mes de protection cathodique divers | Corrosion Service","og_description":"Syst\u00e8mes de protection cathodique divers | Corrosion Service est une entreprise de contr\u00f4le de la corrosion qui se sp\u00e9cialise dans le contr\u00f4le de la corrosion \u00e9lectrochimique. Suite....","og_url":"https:\/\/corrosionservice.com\/fr\/services\/la-protection-cathodique\/systemes-de-protection-cathodique-divers\/","og_site_name":"Corrosion Service","article_modified_time":"2022-08-15T18:38:32+00:00","twitter_card":"summary_large_image","twitter_misc":{"Dur\u00e9e de lecture estim\u00e9e":"4 minutes"},"schema":{"@context":"https:\/\/schema.org","@graph":[{"@type":"WebPage","@id":"https:\/\/corrosionservice.com\/fr\/services\/la-protection-cathodique\/systemes-de-protection-cathodique-divers\/","url":"https:\/\/corrosionservice.com\/fr\/services\/la-protection-cathodique\/systemes-de-protection-cathodique-divers\/","name":"Syst\u00e8mes de protection cathodique divers | Corrosion Service","isPartOf":{"@id":"https:\/\/corrosionservice.com\/#website"},"datePublished":"2015-06-15T15:10:08+00:00","dateModified":"2022-08-15T18:38:32+00:00","description":"Syst\u00e8mes de protection cathodique divers | Corrosion Service est une entreprise de contr\u00f4le de la corrosion qui se sp\u00e9cialise dans le contr\u00f4le de la corrosion \u00e9lectrochimique. Suite....","breadcrumb":{"@id":"https:\/\/corrosionservice.com\/fr\/services\/la-protection-cathodique\/systemes-de-protection-cathodique-divers\/#breadcrumb"},"inLanguage":"fr-FR","potentialAction":[{"@type":"ReadAction","target":["https:\/\/corrosionservice.com\/fr\/services\/la-protection-cathodique\/systemes-de-protection-cathodique-divers\/"]}]},{"@type":"BreadcrumbList","@id":"https:\/\/corrosionservice.com\/fr\/services\/la-protection-cathodique\/systemes-de-protection-cathodique-divers\/#breadcrumb","itemListElement":[{"@type":"ListItem","position":1,"name":"Home","item":"https:\/\/corrosionservice.com\/fr\/"},{"@type":"ListItem","position":2,"name":"Services","item":"https:\/\/corrosionservice.com\/fr\/services\/"},{"@type":"ListItem","position":3,"name":"La protection cathodique","item":"https:\/\/corrosionservice.com\/fr\/services\/la-protection-cathodique\/"},{"@type":"ListItem","position":4,"name":"Syst\u00e8mes de protection cathodique divers"}]},{"@type":"WebSite","@id":"https:\/\/corrosionservice.com\/#website","url":"https:\/\/corrosionservice.com\/","name":"Corrosion Service","description":"Entreprise de contr\u00f4le de la corrosion sur les pipelines","potentialAction":[{"@type":"SearchAction","target":{"@type":"EntryPoint","urlTemplate":"https:\/\/corrosionservice.com\/?s={search_term_string}"},"query-input":{"@type":"PropertyValueSpecification","valueRequired":true,"valueName":"search_term_string"}}],"inLanguage":"fr-FR"}]}},"_links":{"self":[{"href":"https:\/\/corrosionservice.com\/fr\/wp-json\/wp\/v2\/pages\/25212","targetHints":{"allow":["GET"]}}],"collection":[{"href":"https:\/\/corrosionservice.com\/fr\/wp-json\/wp\/v2\/pages"}],"about":[{"href":"https:\/\/corrosionservice.com\/fr\/wp-json\/wp\/v2\/types\/page"}],"author":[{"embeddable":true,"href":"https:\/\/corrosionservice.com\/fr\/wp-json\/wp\/v2\/users\/1"}],"replies":[{"embeddable":true,"href":"https:\/\/corrosionservice.com\/fr\/wp-json\/wp\/v2\/comments?post=25212"}],"version-history":[{"count":7,"href":"https:\/\/corrosionservice.com\/fr\/wp-json\/wp\/v2\/pages\/25212\/revisions"}],"predecessor-version":[{"id":25627,"href":"https:\/\/corrosionservice.com\/fr\/wp-json\/wp\/v2\/pages\/25212\/revisions\/25627"}],"up":[{"embeddable":true,"href":"https:\/\/corrosionservice.com\/fr\/wp-json\/wp\/v2\/pages\/25019"}],"wp:attachment":[{"href":"https:\/\/corrosionservice.com\/fr\/wp-json\/wp\/v2\/media?parent=25212"}],"curies":[{"name":"wp","href":"https:\/\/api.w.org\/{rel}","templated":true}]}}