{"id":25216,"date":"2015-06-02T13:08:59","date_gmt":"2015-06-02T17:08:59","guid":{"rendered":"https:\/\/corrosionservice.com\/services\/la-protection-cathodique\/pipelines\/"},"modified":"2025-01-13T09:55:47","modified_gmt":"2025-01-13T14:55:47","slug":"pipelines","status":"publish","type":"page","link":"https:\/\/corrosionservice.com\/fr\/services\/la-protection-cathodique\/pipelines\/","title":{"rendered":"Pipelines"},"content":{"rendered":"<div class=\"wpb-content-wrapper\"><p>[vc_row enable_parallax=\u00a0\u00bb\u00a0\u00bb parallax_speed=\u00a0\u00bb0.8&Prime; el_class=\u00a0\u00bbreskinned-services-row\u00a0\u00bb][vc_column width=\u00a0\u00bb1\/12&Prime;][\/vc_column][vc_column width=\u00a0\u00bb1\/2&Prime; el_class=\u00a0\u00bbreskinned-services-text-column\u00a0\u00bb][vc_raw_html el_class=\u00a0\u00bbreskinned-services-raw-h1&Prime;]PGgxPlByb3RlY3Rpb24gY2F0aG9kaXF1ZSBkZXMgY2FuYWxpc2F0aW9uczxicj4KPHNwYW4gY2xhc3M9InJlc2tpbm5lZC1zZXJ2aWNlcy1zZWNvbmRhcnktaDEiPlNlcnZpY2VzPC9zcGFuPjwvaDE+CjxhIGNsYXNzPSJjb250YWN0LXVzLWN0YSIgaHJlZj0iaHR0cHM6Ly9jb3Jyb3Npb25zZXJ2aWNlLmNvbS9mci9ub3VzLWNvbnRhY3Rlci8iPk5vdXMgY29udGFjdGVyPC9hPg==[\/vc_raw_html][cs_custom_heading text=\u00a0\u00bbCathodic Protection &#8211; The Critical Service that protects the safety of pipeline infrastructure\u00a0\u00bb font_container=\u00a0\u00bbtag:h2|text_align:left\u00a0\u00bb el_class=\u00a0\u00bbcs-highlight-blue\u00a0\u00bb][vc_column_text]L&rsquo;impact environnemental et soci\u00e9tal d&rsquo;une d\u00e9faillance de l&rsquo;infrastructure est une consid\u00e9ration primordiale pour les exploitants de pipelines d&rsquo;aujourd&rsquo;hui. C&rsquo;est pourquoi depuis 1950, Corrosion Service se concentre sur la conception, l&rsquo;ing\u00e9nierie, l&rsquo;approvisionnement et les services sur le terrain de la protection cathodique des pipelines \u00e0 l&rsquo;industrie des pipelines au Canada et aux \u00c9tats-Unis d&rsquo;Am\u00e9rique.<\/p>\n<p>La protection cathodique est la technique \u00e9lectrochimique la plus couramment utilis\u00e9e pour pr\u00e9venir la corrosion sur les pipelines m\u00e9talliques enterr\u00e9s o\u00f9 le rev\u00eatement appliqu\u00e9 a \u00e9chou\u00e9 ou a \u00e9t\u00e9 endommag\u00e9, exposant le m\u00e9tal nu du pipeline au sol.<\/p>\n<p>La protection est r\u00e9alis\u00e9e en appliquant un courant continu \u00e0 la surface du m\u00e9tal, ce qui fait passer le potentiel \u00e9lectrochimique de la structure d&rsquo;un \u00e9tat corrosif \u00e0 un \u00e9tat polaris\u00e9 et non corrosif.[\/vc_column_text][\/vc_column][vc_column width=\u00a0\u00bb5\/12&Prime;][vc_single_image image=\u00a0\u00bb22270&Prime; img_size=\u00a0\u00bb690&#215;690&Prime; add_caption=\u00a0\u00bbyes\u00a0\u00bb alignment=\u00a0\u00bbright\u00a0\u00bb el_class=\u00a0\u00bbreskinned-services-featured-img\u00a0\u00bb][\/vc_column][\/vc_row][vc_row el_class=\u00a0\u00bbreskinned-services-row diag-stripes\u00a0\u00bb][vc_column][vc_row_inner][vc_column_inner width=\u00a0\u00bb1\/12&Prime;][\/vc_column_inner][vc_column_inner el_class=\u00a0\u00bbreskinned-services-text-column\u00a0\u00bb width=\u00a0\u00bb1\/2&Prime;][cs_custom_heading text=\u00a0\u00bbNotre \u00e9quipe et les services que nous offrons\u00a0\u00bb font_container=\u00a0\u00bbtag:h2|text_align:left\u00a0\u00bb][vc_column_text]Tous les syst\u00e8mes de protection cathodique de pipeline sont uniques, et que le projet de pipeline soit une nouvelle construction, une r\u00e9habilitation ou un entretien de routine, notre talentueuse \u00e9quipe de professionnels de l&rsquo;industrie est habilit\u00e9e \u00e0 comprendre les caract\u00e9ristiques uniques de chaque demande.<\/p>\n<p>Ceci est important car en tant qu&rsquo;organisation, Corrosion Service s&rsquo;efforce de fournir le niveau extr\u00eamement \u00e9lev\u00e9 de soutien et de partenariat n\u00e9cessaire pour cr\u00e9er les solutions personnalis\u00e9es dont nos clients ont besoin au quotidien.<\/p>\n<p>Les <a href=\"https:\/\/corrosionservice.com\/fr\/nous-contacter\/\">succursales<\/a> sont strat\u00e9giquement situ\u00e9es partout en Am\u00e9rique du Nord et constituent la principale ligne de contact pour les clients du pipeline. Chaque succursale est con\u00e7ue pour fournir une expertise en ing\u00e9nierie de premi\u00e8re ligne, un soutien \u00e0 la gestion de projet et des services sur le terrain en collaboration avec notre centre d&rsquo;ing\u00e9nierie de Toronto qui fournit des services d&rsquo;ing\u00e9nierie et de conception de haut niveau. Les membres de l&rsquo;\u00e9quipe sont hautement qualifi\u00e9s, et tout le personnel d&rsquo;ing\u00e9nierie est certifi\u00e9 \u00e0 diff\u00e9rents niveaux par la <a href=\"https:\/\/www.nace.org\/home.aspx\">National Association of Corrosion Engineers.<\/a>[\/vc_column_text][vc_btn title=\u00a0\u00bbCommuniquez avec votre succursale\u00a0\u00bb size=\u00a0\u00bbsm\u00a0\u00bb align=\u00a0\u00bbcenter\u00a0\u00bb css_animation=\u00a0\u00bbbottom-to-top\u00a0\u00bb link=\u00a0\u00bburl:https%3A%2F%2Fwww.corrosionservice.com%2Fcontact-us%2F%23|\u00a0\u00bb][\/vc_column_inner][vc_column_inner width=\u00a0\u00bb5\/12&Prime;][vc_accordion active_tab=\u00a0\u00bb1&Prime; collapsible=\u00a0\u00bbyes\u00a0\u00bb el_class=\u00a0\u00bbreskinned-accordion\u00a0\u00bb][vc_accordion_tab title=\u00a0\u00bbServices\u00a0\u00bb][vc_column_text]Nos services de protection cathodique sur le terrain comprennent&nbsp;:<\/p>\n<ul>\n<li>Enqu\u00eates annuelles<\/li>\n<li>Installation d&rsquo;un lit de sol profond<\/li>\n<li>Installation \u00e9lectrique<\/li>\n<li>Test d&rsquo;interf\u00e9rence<\/li>\n<li>Surveillance \u00e0 distance<\/li>\n<li>Installation d&rsquo;un lit au sol peu profond<\/li>\n<li>V\u00e9rification du syst\u00e8me<\/li>\n<li>Entretien du syst\u00e8me<\/li>\n<li>Tester les sondages apr\u00e8s<\/li>\n<\/ul>\n<p>[\/vc_column_text][\/vc_accordion_tab][vc_accordion_tab title=\u00a0\u00bbSystem Profile Downloads\u00a0\u00bb][vc_column_text el_class=\u00a0\u00bbservice-listings-container\u00a0\u00bb]Veuillez cliquer sur le lien ci-dessous pour recevoir un e-mail permettant de t\u00e9l\u00e9charger les fonctionnalit\u00e9s des profils syst\u00e8me ci-dessous&nbsp;:<\/p>\n<p>[\/vc_column_text][\/vc_accordion_tab][vc_accordion_tab title=\u00a0\u00bbNos produits\u00a0\u00bb][vc_column_text]Vous trouverez ci-dessous une liste de nos produits manufactur\u00e9s sp\u00e9cialis\u00e9s d\u00e9velopp\u00e9s et fabriqu\u00e9s en interne. Veuillez cliquer sur l&rsquo;un des \u00e9l\u00e9ments ci-dessous pour visiter notre <a href=\"https:\/\/products.corrosionservice.com\/\">MAGASIN DE MAT\u00c9RIAUX EN LIGNE<\/a> leader de l&rsquo;industrie pour obtenir des d\u00e9tails sur les produits ainsi qu&rsquo;une liste de tous les autres produits li\u00e9s \u00e0 la protection cathodique et \u00e0 la pr\u00e9vention de la corrosion que nous proposons&nbsp;:<\/p>\n<p>&nbsp;<\/p>\n<p>SYST\u00c8MES DE STOCKAGE D&rsquo;\u00c9NERGIE SOLAIRE MICROGRID<\/p>\n<ul>\n<li><a href=\"https:\/\/products.corrosionservice.com\/ts1590862321\/attachments\/Page\/47\/Cathodic%20Protection%20Microgrid.pdf\" target=\"_blank\" rel=\"noopener noreferrer\">CSCL &#8211; Micro-r\u00e9seau de protection cathodique<\/a><\/li>\n<\/ul>\n<p>&nbsp;<\/p>\n<p>SYST\u00c8MES D&rsquo;ANODES<\/p>\n<ul>\n<li><a href=\"https:\/\/products.corrosionservice.com\/ts1546112398\/attachments\/Page\/1\/V-AMMO%20(imperial)_REV4.pdf\">CSCL V-AMMO (oxyde de m\u00e9tal mixte \u00e0 anode verticale)<\/a><\/li>\n<\/ul>\n<p>&nbsp;<\/p>\n<p>ANODES SACRIFICIELLES EMBALL\u00c9ES<\/p>\n<ul>\n<li><a href=\"https:\/\/products.corrosionservice.com\/ts1550242477\/attachments\/Page\/47\/High%20Purity%20Magnesium%20Anodes.pdf\">Anodes de magn\u00e9sium<\/a><\/li>\n<li><a href=\"https:\/\/products.corrosionservice.com\/ts1550242477\/attachments\/Page\/47\/High%20Purity%20Zinc%20Anodes.pdf\">Anodes en zinc<\/a><\/li>\n<\/ul>\n<p>&nbsp;<\/p>\n<p>\u00c9QUIPEMENT D&rsquo;ESSAI SP\u00c9CIALIS\u00c9<\/p>\n<ul>\n<li><a href=\"https:\/\/products.corrosionservice.com\/products\/ZM3P\">Amp\u00e8rem\u00e8tre \u00e0 z\u00e9ro r\u00e9sistance<\/a><\/li>\n<li><a href=\"https:\/\/products.corrosionservice.com\/products\/IRS1\">Spoiler de r\u00e9sistance aux instruments (IRS-1)<\/a><\/li>\n<\/ul>\n<p>&nbsp;<\/p>\n<p>COUPONS PERMANENTS<\/p>\n<ul>\n<li><a href=\"https:\/\/products.corrosionservice.com\/search?q=cpmp-3&amp;submit=\">Coupon CC sans IR<\/a><\/li>\n<li><a href=\"https:\/\/products.corrosionservice.com\/categories\/05\/0538?q=&amp;per_page=16\">Coupon de mesure CA<\/a><\/li>\n<\/ul>\n<p>&nbsp;<\/p>\n<p>REDRESSEURS<\/p>\n<ul>\n<li><a href=\"https:\/\/products.corrosionservice.com\/products\/PCS11008120N4\">Redresseur de champ de test portable<\/a><\/li>\n<li><a href=\"https:\/\/products.corrosionservice.com\/ts1546112881\/attachments\/Page\/1\/Touch%20Panel%20Rectifier%20Unit%20(TPRU)_REV4.pdf\">Redresseurs de protection cathodique et anodique<\/a><\/li>\n<\/ul>\n<p>[\/vc_column_text][\/vc_accordion_tab][\/vc_accordion][\/vc_column_inner][\/vc_row_inner][vc_empty_space][cs_custom_heading text=\u00a0\u00bbProfil de service &#8211; Services de conception\u00a0\u00bb font_container=\u00a0\u00bbtag:h2|text_align:center\u00a0\u00bb el_class=\u00a0\u00bbcs-highlight-blue\u00a0\u00bb][vc_column_text]L&rsquo;optimisation du syst\u00e8me est essentielle \u00e0 l&rsquo;\u00e9tape de conception de la protection cathodique du pipeline pour s&rsquo;assurer que les composants du syst\u00e8me sont s\u00e9lectionn\u00e9s, dimensionn\u00e9s et strat\u00e9giquement situ\u00e9s pour fournir une distribution de courant efficace pour l&rsquo;actif du pipeline \u00e0 prot\u00e9ger.<\/p>\n<p>Notre longue histoire de conception et notre compr\u00e9hension compl\u00e8te du processus \u00e9lectrochimique, ayant con\u00e7u des milliers de syst\u00e8mes de protection cathodique de pipeline au fil des ans pour diverses structures en Am\u00e9rique du Nord et dans le monde, donnent \u00e0 nos clients actuels et futurs la confiance en <a href=\"https:\/\/corrosionservice.com\/about-us\/profile\/\">Corrosion Service<\/a> .<\/p>\n<p>Nos \u00e9quipes de conception sont compos\u00e9es de professionnels form\u00e9s et certifi\u00e9s <a href=\"https:\/\/www.nace.org\/home.aspx\">NACE<\/a> ayant toutes les comp\u00e9tences pour mener \u00e0 bien le travail. Nos services d&rsquo;ing\u00e9nierie et de dessin ainsi que le personnel de soutien suivent des flux de travail d\u00e9finis qui permettent une exposition compl\u00e8te aux auditeurs internes et externes confirmant l&rsquo;excellence du syst\u00e8me avant l&rsquo;installation. Le fait d&rsquo;avoir \u00e9tabli et document\u00e9 des flux de travail pour l&rsquo;ensemble du processus de conception garantit que notre processus est transparent et inspire la confiance que le syst\u00e8me con\u00e7u d\u00e9passera les attentes des clients une fois install\u00e9 pendant de nombreuses ann\u00e9es \u00e0 venir.[\/vc_column_text][\/vc_column][\/vc_row][vc_row el_class=\u00a0\u00bbreskinned-services-row\u00a0\u00bb][vc_column width=\u00a0\u00bb2\/3&Prime;][cs_custom_heading text=\u00a0\u00bbProfil de service &#8211; Services d\u2019installation\u00a0\u00bb font_container=\u00a0\u00bbtag:h2|text_align:center\u00a0\u00bb el_class=\u00a0\u00bbcs-highlight-blue\u00a0\u00bb][vc_column_text]Nous avons des \u00e9quipes d\u00e9di\u00e9es qui sont form\u00e9es \u00e0 l&rsquo;installation de syst\u00e8mes de protection cathodique de pipeline. Les projets vont de l&rsquo;installation d&rsquo;une seule anode sacrificielle sur une colonne montante \u00e0 la fourniture d&rsquo;\u00e9quipes importantes installant des puits verticaux ou des syst\u00e8mes d&rsquo;anodes horizontales standard conform\u00e9ment aux exigences de conception.<\/p>\n<p>Pour nous assurer que les travaux sont termin\u00e9s dans les d\u00e9lais et dans les limites du budget, nous poss\u00e9dons une flotte d&rsquo;\u00e9quipements de construction et nous nous sommes associ\u00e9s \u00e0 des entrepreneurs sp\u00e9cialis\u00e9s pr\u00e9qualifi\u00e9s qui poss\u00e8dent les comp\u00e9tences requises pour nous aider \u00e0 terminer le travail.[\/vc_column_text][\/vc_column][vc_column width=\u00a0\u00bb1\/3&Prime;][vc_single_image image=\u00a0\u00bb22385&Prime; img_size=\u00a0\u00bbfull\u00a0\u00bb add_caption=\u00a0\u00bbyes\u00a0\u00bb][\/vc_column][\/vc_row][vc_row el_class=\u00a0\u00bbreskinned-services-row diag-stripes\u00a0\u00bb][vc_column][cs_custom_heading text=\u00a0\u00bbService Profile &#8211; System Commissioning and Annual Maintenance Survey\u00a0\u00bb font_container=\u00a0\u00bbtag:h2|text_align:center\u00a0\u00bb el_class=\u00a0\u00bbcs-highlight-blue\u00a0\u00bb][vc_column_text]L&rsquo;efficience et l&rsquo;efficacit\u00e9 de la conception et de l&rsquo;installation du syst\u00e8me de protection cathodique du pipeline sont soigneusement \u00e9valu\u00e9es lorsque les composants du syst\u00e8me sont mis en service et que l&rsquo;enqu\u00eate de mise sous tension adaptative est entreprise.<\/p>\n<p>Apr\u00e8s la mise en service du projet et\/ou les proc\u00e9dures de test d\u00e9finies, tous les composants sont examin\u00e9s, document\u00e9s et une fois les param\u00e8tres techniques satisfaits, le syst\u00e8me est aliment\u00e9 et ajust\u00e9 pour atteindre une efficacit\u00e9 maximale tout en garantissant une protection cathodique compl\u00e8te des actifs du pipeline.<\/p>\n<p>Avoir un personnel form\u00e9 et qualifi\u00e9 est essentiel pour mener \u00e0 bien ce travail et Corrosion Service dispose d&rsquo;\u00e9quipes sp\u00e9cialis\u00e9es form\u00e9es et certifi\u00e9es NACE pour effectuer les rapports de mise en service, les inspections de conformit\u00e9, les enqu\u00eates de maintenance annuelles et adaptatives.<\/p>\n<p>Toutes les donn\u00e9es obtenues sur le site sont examin\u00e9es et l&rsquo;analyse technique est effectu\u00e9e par des ing\u00e9nieurs sp\u00e9cialis\u00e9s et les informations sont incluses dans un rapport d\u00e9taill\u00e9 que les clients peuvent examiner et \u00e9mettre en toute confiance aux r\u00e9gulateurs.[\/vc_column_text][\/vc_column][\/vc_row][vc_row el_class=\u00a0\u00bbreskinned-services-row\u00a0\u00bb][vc_column][cs_custom_heading text=\u00a0\u00bbLa biblioth\u00e8que technique du service de corrosion qui documente notre pass\u00e9 et d\u00e9finit notre avenir\u00a0\u00bb font_container=\u00a0\u00bbtag:h2|text_align:center\u00a0\u00bb el_class=\u00a0\u00bbcs-highlight-blue\u00a0\u00bb][vc_column_text]<\/p>\n<p style=\"text-align: center;\"><a href=\"https:\/\/corrosionservice.com\/about-us\/profile\/\">Corrosion Service<\/a> a \u00e9t\u00e9 et demeure un chef de file dans l&rsquo;industrie du contr\u00f4le de la corrosion des pipelines, soutenant les diverses industries en Am\u00e9rique du Nord et dans le monde, assurant l&rsquo;int\u00e9grit\u00e9 des actifs en fournissant des services d&rsquo;ing\u00e9nierie responsables. Dans le cadre de notre engagement continu, nous aimerions vous souhaiter la bienvenue dans notre biblioth\u00e8que \u00e9lectronique en tant qu&rsquo;endroit o\u00f9 consulter nos divers documents techniques \u00e9crits et pr\u00e9sent\u00e9s au cours des 69 derni\u00e8res ann\u00e9es et qui ont soutenu l&rsquo;avancement de l&rsquo;industrie de la corrosion.<\/p>\n<p>Nous avons \u00e9galement converti un bureau d&rsquo;angle principal en biblioth\u00e8que \u00e0 notre <a href=\"https:\/\/corrosionservice.com\/fr\/nous-contacter\/toronto\/\">si\u00e8ge social<\/a> et d\u00e9di\u00e9 la salle \u00e0 Sorin Segall en raison de son engagement envers Corrosion Service, des nombreux articles pr\u00e9sent\u00e9s, du mentorat en ing\u00e9nierie au sein de Corrosion Service et de l&rsquo;industrie du contr\u00f4le de la corrosion des pipelines.<\/p>\n<p>Nous serions ravis que vous veniez voir cette biblioth\u00e8que compl\u00e8te qui comprend divers manuels, des publications pertinentes, tous les magazines <a href=\"http:\/\/www.materialsperformance.com\/\">NACE Materials Performance<\/a> pr\u00e9sent\u00e9s depuis la premi\u00e8re publication, des bulletins techniques et divers autres documents imprim\u00e9s li\u00e9s \u00e0 la corrosion.[\/vc_column_text][vc_btn title=\u00a0\u00bbVisitez notre biblioth\u00e8que technique\u00a0\u00bb align=\u00a0\u00bbcenter\u00a0\u00bb link=\u00a0\u00bburl:https%3A%2F%2Fcorrosionservice.com%2Ffr%2Fbibliotheque-des-documents-techniques%2F|\u00a0\u00bb][\/vc_column][\/vc_row][vc_row el_class=\u00a0\u00bbreskinned-services-row reskinned-services-featuring-store\u00a0\u00bb][vc_column][vc_column_text]<\/p>\n<p style=\"text-align: center;\">Depuis notre cr\u00e9ation en 1950, nous avons construit une vaste gamme de produits sp\u00e9cialis\u00e9s pour l&rsquo;industrie de la pr\u00e9vention de la corrosion.<\/p>\n<p style=\"text-align: center;\">Notre \u00e9quipe d&rsquo;approvisionnement en mat\u00e9riaux a acc\u00e8s \u00e0 une gamme compl\u00e8te de mat\u00e9riaux de protection cathodique et d&rsquo;int\u00e9grit\u00e9 contre la corrosion des pipelines, fabriqu\u00e9s en interne et provenant de fournisseurs partenaires.<\/p>\n<p style=\"text-align: center;\">Notre \u00e9quipe d\u00e9di\u00e9e \u00e0 la cha\u00eene d&rsquo;approvisionnement est bas\u00e9e \u00e0 Toronto aux c\u00f4t\u00e9s de notre centre de distribution de mat\u00e9riaux, qui est capable de livrer des mat\u00e9riaux dans le monde entier \u00e0 court pr\u00e9avis.<\/p>\n<p>[\/vc_column_text][vc_btn title=\u00a0\u00bbVisitez notre magasin de mat\u00e9riaux en ligne\u00a0\u00bb link=\u00a0\u00bburl:https%3A%2F%2Fproducts.corrosionservice.com%2F|\u00a0\u00bb][\/vc_column][\/vc_row]<\/p>\n<\/div>","protected":false},"excerpt":{"rendered":"<p>[vc_row enable_parallax=\u00a0\u00bb\u00a0\u00bb parallax_speed=\u00a0\u00bb0.8&Prime; el_class=\u00a0\u00bbreskinned-services-row\u00a0\u00bb][vc_column width=\u00a0\u00bb1\/12&Prime;][\/vc_column][vc_column width=\u00a0\u00bb1\/2&Prime; el_class=\u00a0\u00bbreskinned-services-text-column\u00a0\u00bb][vc_raw_html el_class=\u00a0\u00bbreskinned-services-raw-h1&Prime;]PGgxPlByb3RlY3Rpb24gY2F0aG9kaXF1ZSBkZXMgY2FuYWxpc2F0aW9uczxicj4KPHNwYW4gY2xhc3M9InJlc2tpbm5lZC1zZXJ2aWNlcy1zZWNvbmRhcnktaDEiPlNlcnZpY2VzPC9zcGFuPjwvaDE+CjxhIGNsYXNzPSJjb250YWN0LXVzLWN0YSIgaHJlZj0iaHR0cHM6Ly9jb3Jyb3Npb25zZXJ2aWNlLmNvbS9mci9ub3VzLWNvbnRhY3Rlci8iPk5vdXMgY29udGFjdGVyPC9hPg==[\/vc_raw_html][cs_custom_heading text=\u00a0\u00bbCathodic Protection &#8211; The Critical Service that protects the safety of pipeline infrastructure\u00a0\u00bb font_container=\u00a0\u00bbtag:h2|text_align:left\u00a0\u00bb el_class=\u00a0\u00bbcs-highlight-blue\u00a0\u00bb][vc_column_text]L&rsquo;impact environnemental et soci\u00e9tal d&rsquo;une d\u00e9faillance de l&rsquo;infrastructure est une consid\u00e9ration primordiale pour les exploitants de pipelines d&rsquo;aujourd&rsquo;hui. C&rsquo;est pourquoi depuis 1950, Corrosion [&hellip;]<\/p>\n","protected":false},"author":1,"featured_media":0,"parent":25019,"menu_order":0,"comment_status":"closed","ping_status":"closed","template":"page-service.php","meta":{"_acf_changed":false,"footnotes":""},"class_list":["post-25216","page","type-page","status-publish","hentry"],"acf":[],"yoast_head":"<!-- This site is optimized with the Yoast SEO plugin v27.4 - https:\/\/yoast.com\/product\/yoast-seo-wordpress\/ -->\n<title>Protection cathodique des canalisations | Service de corrosion<\/title>\n<meta name=\"description\" content=\"La protection cathodique est une technique \u00e9lectrochimique courante utilis\u00e9e pour pr\u00e9venir la corrosion sur les canalisations m\u00e9talliques enterr\u00e9es. Nous sommes des experts. Contactez-nous aujourd&#039;hui :\" \/>\n<meta name=\"robots\" content=\"index, follow, max-snippet:-1, max-image-preview:large, max-video-preview:-1\" \/>\n<link rel=\"canonical\" href=\"https:\/\/corrosionservice.com\/fr\/services\/la-protection-cathodique\/pipelines\/\" \/>\n<meta property=\"og:locale\" content=\"fr_FR\" \/>\n<meta property=\"og:type\" content=\"article\" \/>\n<meta property=\"og:title\" content=\"Protection cathodique des canalisations | Service de corrosion\" \/>\n<meta property=\"og:description\" content=\"La protection cathodique est une technique \u00e9lectrochimique courante utilis\u00e9e pour pr\u00e9venir la corrosion sur les canalisations m\u00e9talliques enterr\u00e9es. Nous sommes des experts. Contactez-nous aujourd&#039;hui :\" \/>\n<meta property=\"og:url\" content=\"https:\/\/corrosionservice.com\/fr\/services\/la-protection-cathodique\/pipelines\/\" \/>\n<meta property=\"og:site_name\" content=\"Corrosion Service\" \/>\n<meta property=\"article:modified_time\" content=\"2025-01-13T14:55:47+00:00\" \/>\n<meta name=\"twitter:card\" content=\"summary_large_image\" \/>\n<meta name=\"twitter:label1\" content=\"Dur\u00e9e de lecture estim\u00e9e\" \/>\n\t<meta name=\"twitter:data1\" content=\"7 minutes\" \/>\n<script type=\"application\/ld+json\" class=\"yoast-schema-graph\">{\"@context\":\"https:\\\/\\\/schema.org\",\"@graph\":[{\"@type\":\"WebPage\",\"@id\":\"https:\\\/\\\/corrosionservice.com\\\/fr\\\/services\\\/la-protection-cathodique\\\/pipelines\\\/\",\"url\":\"https:\\\/\\\/corrosionservice.com\\\/fr\\\/services\\\/la-protection-cathodique\\\/pipelines\\\/\",\"name\":\"Protection cathodique des canalisations | Service de corrosion\",\"isPartOf\":{\"@id\":\"https:\\\/\\\/corrosionservice.com\\\/#website\"},\"datePublished\":\"2015-06-02T17:08:59+00:00\",\"dateModified\":\"2025-01-13T14:55:47+00:00\",\"description\":\"La protection cathodique est une technique \u00e9lectrochimique courante utilis\u00e9e pour pr\u00e9venir la corrosion sur les canalisations m\u00e9talliques enterr\u00e9es. Nous sommes des experts. Contactez-nous aujourd'hui :\",\"breadcrumb\":{\"@id\":\"https:\\\/\\\/corrosionservice.com\\\/fr\\\/services\\\/la-protection-cathodique\\\/pipelines\\\/#breadcrumb\"},\"inLanguage\":\"fr-FR\",\"potentialAction\":[{\"@type\":\"ReadAction\",\"target\":[\"https:\\\/\\\/corrosionservice.com\\\/fr\\\/services\\\/la-protection-cathodique\\\/pipelines\\\/\"]}]},{\"@type\":\"BreadcrumbList\",\"@id\":\"https:\\\/\\\/corrosionservice.com\\\/fr\\\/services\\\/la-protection-cathodique\\\/pipelines\\\/#breadcrumb\",\"itemListElement\":[{\"@type\":\"ListItem\",\"position\":1,\"name\":\"Home\",\"item\":\"https:\\\/\\\/corrosionservice.com\\\/fr\\\/\"},{\"@type\":\"ListItem\",\"position\":2,\"name\":\"Services\",\"item\":\"https:\\\/\\\/corrosionservice.com\\\/fr\\\/services\\\/\"},{\"@type\":\"ListItem\",\"position\":3,\"name\":\"La protection cathodique\",\"item\":\"https:\\\/\\\/corrosionservice.com\\\/fr\\\/services\\\/la-protection-cathodique\\\/\"},{\"@type\":\"ListItem\",\"position\":4,\"name\":\"Pipelines\"}]},{\"@type\":\"WebSite\",\"@id\":\"https:\\\/\\\/corrosionservice.com\\\/#website\",\"url\":\"https:\\\/\\\/corrosionservice.com\\\/\",\"name\":\"Corrosion Service\",\"description\":\"Entreprise de contr\u00f4le de la corrosion sur les pipelines\",\"potentialAction\":[{\"@type\":\"SearchAction\",\"target\":{\"@type\":\"EntryPoint\",\"urlTemplate\":\"https:\\\/\\\/corrosionservice.com\\\/?s={search_term_string}\"},\"query-input\":{\"@type\":\"PropertyValueSpecification\",\"valueRequired\":true,\"valueName\":\"search_term_string\"}}],\"inLanguage\":\"fr-FR\"}]}<\/script>\n<!-- \/ Yoast SEO plugin. -->","yoast_head_json":{"title":"Protection cathodique des canalisations | Service de corrosion","description":"La protection cathodique est une technique \u00e9lectrochimique courante utilis\u00e9e pour pr\u00e9venir la corrosion sur les canalisations m\u00e9talliques enterr\u00e9es. Nous sommes des experts. Contactez-nous aujourd'hui :","robots":{"index":"index","follow":"follow","max-snippet":"max-snippet:-1","max-image-preview":"max-image-preview:large","max-video-preview":"max-video-preview:-1"},"canonical":"https:\/\/corrosionservice.com\/fr\/services\/la-protection-cathodique\/pipelines\/","og_locale":"fr_FR","og_type":"article","og_title":"Protection cathodique des canalisations | Service de corrosion","og_description":"La protection cathodique est une technique \u00e9lectrochimique courante utilis\u00e9e pour pr\u00e9venir la corrosion sur les canalisations m\u00e9talliques enterr\u00e9es. Nous sommes des experts. Contactez-nous aujourd'hui :","og_url":"https:\/\/corrosionservice.com\/fr\/services\/la-protection-cathodique\/pipelines\/","og_site_name":"Corrosion Service","article_modified_time":"2025-01-13T14:55:47+00:00","twitter_card":"summary_large_image","twitter_misc":{"Dur\u00e9e de lecture estim\u00e9e":"7 minutes"},"schema":{"@context":"https:\/\/schema.org","@graph":[{"@type":"WebPage","@id":"https:\/\/corrosionservice.com\/fr\/services\/la-protection-cathodique\/pipelines\/","url":"https:\/\/corrosionservice.com\/fr\/services\/la-protection-cathodique\/pipelines\/","name":"Protection cathodique des canalisations | Service de corrosion","isPartOf":{"@id":"https:\/\/corrosionservice.com\/#website"},"datePublished":"2015-06-02T17:08:59+00:00","dateModified":"2025-01-13T14:55:47+00:00","description":"La protection cathodique est une technique \u00e9lectrochimique courante utilis\u00e9e pour pr\u00e9venir la corrosion sur les canalisations m\u00e9talliques enterr\u00e9es. Nous sommes des experts. Contactez-nous aujourd'hui :","breadcrumb":{"@id":"https:\/\/corrosionservice.com\/fr\/services\/la-protection-cathodique\/pipelines\/#breadcrumb"},"inLanguage":"fr-FR","potentialAction":[{"@type":"ReadAction","target":["https:\/\/corrosionservice.com\/fr\/services\/la-protection-cathodique\/pipelines\/"]}]},{"@type":"BreadcrumbList","@id":"https:\/\/corrosionservice.com\/fr\/services\/la-protection-cathodique\/pipelines\/#breadcrumb","itemListElement":[{"@type":"ListItem","position":1,"name":"Home","item":"https:\/\/corrosionservice.com\/fr\/"},{"@type":"ListItem","position":2,"name":"Services","item":"https:\/\/corrosionservice.com\/fr\/services\/"},{"@type":"ListItem","position":3,"name":"La protection cathodique","item":"https:\/\/corrosionservice.com\/fr\/services\/la-protection-cathodique\/"},{"@type":"ListItem","position":4,"name":"Pipelines"}]},{"@type":"WebSite","@id":"https:\/\/corrosionservice.com\/#website","url":"https:\/\/corrosionservice.com\/","name":"Corrosion Service","description":"Entreprise de contr\u00f4le de la corrosion sur les pipelines","potentialAction":[{"@type":"SearchAction","target":{"@type":"EntryPoint","urlTemplate":"https:\/\/corrosionservice.com\/?s={search_term_string}"},"query-input":{"@type":"PropertyValueSpecification","valueRequired":true,"valueName":"search_term_string"}}],"inLanguage":"fr-FR"}]}},"_links":{"self":[{"href":"https:\/\/corrosionservice.com\/fr\/wp-json\/wp\/v2\/pages\/25216","targetHints":{"allow":["GET"]}}],"collection":[{"href":"https:\/\/corrosionservice.com\/fr\/wp-json\/wp\/v2\/pages"}],"about":[{"href":"https:\/\/corrosionservice.com\/fr\/wp-json\/wp\/v2\/types\/page"}],"author":[{"embeddable":true,"href":"https:\/\/corrosionservice.com\/fr\/wp-json\/wp\/v2\/users\/1"}],"replies":[{"embeddable":true,"href":"https:\/\/corrosionservice.com\/fr\/wp-json\/wp\/v2\/comments?post=25216"}],"version-history":[{"count":19,"href":"https:\/\/corrosionservice.com\/fr\/wp-json\/wp\/v2\/pages\/25216\/revisions"}],"predecessor-version":[{"id":26751,"href":"https:\/\/corrosionservice.com\/fr\/wp-json\/wp\/v2\/pages\/25216\/revisions\/26751"}],"up":[{"embeddable":true,"href":"https:\/\/corrosionservice.com\/fr\/wp-json\/wp\/v2\/pages\/25019"}],"wp:attachment":[{"href":"https:\/\/corrosionservice.com\/fr\/wp-json\/wp\/v2\/media?parent=25216"}],"curies":[{"name":"wp","href":"https:\/\/api.w.org\/{rel}","templated":true}]}}