{"id":25812,"date":"2022-05-30T17:46:30","date_gmt":"2022-05-30T21:46:30","guid":{"rendered":"https:\/\/corrosionservice.com\/?page_id=25812"},"modified":"2025-04-02T10:15:52","modified_gmt":"2025-04-02T14:15:52","slug":"gestion-de-la-qualite","status":"publish","type":"page","link":"https:\/\/corrosionservice.com\/fr\/gestion-de-la-qualite\/","title":{"rendered":"Qualit\u00e9"},"content":{"rendered":"<div class=\"wpb-content-wrapper\"><p>[vc_row row_responsive_large=\u00a0\u00bb\u00a0\u00bb row_responsive_medium=\u00a0\u00bb\u00a0\u00bb row_responsive_small=\u00a0\u00bb\u00a0\u00bb row_responsive_extra_small=\u00a0\u00bb\u00a0\u00bb enable_triangle=\u00a0\u00bb0&Prime; triangle_pos=\u00a0\u00bbtop\u00a0\u00bb loop=\u00a0\u00bb\u00a0\u00bb autoplay=\u00a0\u00bb\u00a0\u00bb muted=\u00a0\u00bb\u00a0\u00bb controls=\u00a0\u00bb\u00a0\u00bb show_btn=\u00a0\u00bb\u00a0\u00bb][vc_column width=\u00a0\u00bb5\/12&Prime; el_class=\u00a0\u00bbdiag-stripes reskinned-side-bar\u00a0\u00bb][vc_single_image image=\u00a0\u00bb26128&Prime; img_size=\u00a0\u00bbFull\u00a0\u00bb alignment=\u00a0\u00bbcenter\u00a0\u00bb][vc_accordion active_tab=\u00a0\u00bb1&Prime; collapsible=\u00a0\u00bbyes\u00a0\u00bb title_align=\u00a0\u00bbleft\u00a0\u00bb el_class=\u00a0\u00bbreskinned-accordion\u00a0\u00bb][vc_accordion_tab title=\u00a0\u00bbCertificats Tous les emplacements\u00a0\u00bb][vc_column_text]<a href=\"https:\/\/products.corrosionservice.com\/ts1656682429\/attachments\/Page\/50\/Main%20Cert_FM%20764138.pdf\" target=\"_blank\" rel=\"noopener\">Certificat principal &#8211; FM 764138<\/a><\/p>\n<p><a href=\"https:\/\/products.corrosionservice.com\/ts1656682506\/attachments\/Page\/50\/Presentation%20FM%20764138%20Markham%20Branch.pdf\" target=\"_blank\" rel=\"noopener\">Toronto &#8211; FM 764138<\/a><\/p>\n<p><a href=\"https:\/\/products.corrosionservice.com\/ts1656682503\/attachments\/Page\/50\/Presentation%20FM%20764138%20Calgary.pdf\" target=\"_blank\" rel=\"noopener\">Calgary- FM 764138<\/a><\/p>\n<p><a href=\"https:\/\/products.corrosionservice.com\/ts1656682502\/attachments\/Page\/50\/Presentation%20FM%20764138%20Acheson.pdf\" target=\"_blank\" rel=\"noopener\">Edmonton &#8211; FM 764138<\/a><\/p>\n<p><a href=\"https:\/\/products.corrosionservice.com\/ts1657138204\/attachments\/Page\/50\/Presentation%20FM%20764138%20Dartmouth.pdf\" target=\"_blank\" rel=\"noopener\">Halifax &#8211; FM 764138<\/a><\/p>\n<p><a href=\"https:\/\/products.corrosionservice.com\/ts1656682504\/attachments\/Page\/50\/Presentation%20FM%20764138%20Boucherville.pdf\" target=\"_blank\" rel=\"noopener\">Montr\u00e9al &#8211; FM764138<\/a><\/p>\n<p><a href=\"https:\/\/products.corrosionservice.com\/ts1656682505\/attachments\/Page\/50\/Presentation%20FM%20764138%20Regina.pdf\" target=\"_blank\" rel=\"noopener\">Regina &#8211; FM 764138<\/a><\/p>\n<p><a href=\"https:\/\/products.corrosionservice.com\/ts1656682504\/attachments\/Page\/50\/Presentation%20FM%20764138%20Delta.pdf\" target=\"_blank\" rel=\"noopener\">Vancouver &#8211; FM 764138<\/a><\/p>\n<p><a href=\"https:\/\/products.corrosionservice.com\/ts1656682504\/attachments\/Page\/50\/Presentation%20FM%20764138%20Winnipeg.pdf\" target=\"_blank\" rel=\"noopener\">Winnipeg &#8211; FM 764138<\/a>[\/vc_column_text][\/vc_accordion_tab][vc_accordion_tab title=\u00a0\u00bbPlanification de la qualit\u00e9\u00a0\u00bb][vc_column_text]Nous nous engageons avec notre client et tous les membres de l\u2019\u00e9quipe n\u00e9cessaires pour nous assurer que les exigences sont pleinement comprises et peuvent \u00eatre satisfaites.[\/vc_column_text][\/vc_accordion_tab][vc_accordion_tab title=\u00a0\u00bbContr\u00f4le qualit\u00e9\u00a0\u00bb][vc_column_text]Nous adoptons des m\u00e9thodologies connues pour surveiller, d\u00e9tecter et \u00e9liminer les causes de tout d\u00e9faut ou performance insatisfaisante.[\/vc_column_text][\/vc_accordion_tab][vc_accordion_tab title=\u00a0\u00bbAssurance qualit\u00e9\u00a0\u00bb][vc_column_text]Nous \u00e9tablissons des processus robustes pour pr\u00e9venir les probl\u00e8mes et nous assurer que les exigences sont satisfaites et que la satisfaction du client est atteinte.[\/vc_column_text][\/vc_accordion_tab][vc_accordion_tab title=\u00a0\u00bbAm\u00e9lioration de la qualit\u00e9\u00a0\u00bb][vc_column_text]Nous appliquons des techniques reconnues pour concevoir, mettre en \u0153uvre et am\u00e9liorer continuellement les processus. Nous apprenons de chaque opportunit\u00e9 et exp\u00e9rience et la partageons pour l\u2019am\u00e9liorer et augmenter la valeur pour nos clients. [\/vc_column_text][\/vc_accordion_tab][\/vc_accordion][\/vc_column][vc_column width=\u00a0\u00bb7\/12&Prime; el_class=\u00a0\u00bbreskinned-content-wrapper\u00a0\u00bb][cs_custom_heading text=\u00a0\u00bbQualit\u00e9\u00a0\u00bb font_container=\u00a0\u00bbtag:h1|text_align:left|color:%23e97025|line_height:1&Prime; font_format=\u00a0\u00bb600&Prime; title_top_line_margin_bottom=\u00a0\u00bb0px\u00a0\u00bb][cs_custom_heading text=\u00a0\u00bbService and understanding\u00a0\u00bb font_container=\u00a0\u00bbtag:h2|text_align:left\u00a0\u00bb el_class=\u00a0\u00bbcs-highlight-blue\u00a0\u00bb][vc_column_text css=\u00a0\u00bb\u00a0\u00bb]Corrosion Service s\u2019engage \u00e0 fournir une combinaison de service \u00e0 la client\u00e8le in\u00e9gal\u00e9 avec une compr\u00e9hension approfondie des besoins des clients. Cet engagement oriente l\u2019orientation du syst\u00e8me de gestion de la qualit\u00e9 et inculque une conscience moderne de la qualit\u00e9 dans un cadre d\u00e9fini, qui assure l\u2019efficience et l\u2019efficacit\u00e9 dans toutes les activit\u00e9s. En adoptant une culture qui englobe la responsabilit\u00e9 compl\u00e8te de la qualit\u00e9, au-del\u00e0 des bases de l\u2019inspection et des tests, chaque membre de l\u2019\u00e9quipe est habilit\u00e9 \u00e0 prendre les mesures n\u00e9cessaires pour r\u00e9aliser cet engagement.<\/p>\n<p class=\"p1\">Notre syst\u00e8me de gestion de la qualit\u00e9 est certifi\u00e9 ISO 9001:2015 par BSI.<\/p>\n<p><a href=\"https:\/\/products.corrosionservice.com\/ts1656682429\/attachments\/Page\/50\/Main%20Cert_FM%20764138.pdf\" target=\"_blank\" rel=\"noopener\">Voir notre certificat ISO 9001:2015<\/a><\/p>\n<p><b>\u00c0 propos de BSI <\/b><\/p>\n<p>Conform\u00e9ment \u00e0 notre histoire, notre culture et nos valeurs, nous avons choisi de nous associer \u00e0 BSI en tant que fournisseur de certification.<\/p>\n<p>BSI est une soci\u00e9t\u00e9 priv\u00e9e constitu\u00e9e par <a href=\"https:\/\/www.bsigroup.com\/Documents\/about-bsi\/royal-charter\/bsi-royal-charter-and-bye-laws.pdf?epslanguage=en-CA\" target=\"_blank\" rel=\"noopener\">Charte royale<\/a>, attribu\u00e9e pour la premi\u00e8re fois (\u00e0 la British Engineering Standards Association) en 1929, et modifi\u00e9e plusieurs fois par la suite.<\/p>\n<p>La Charte royale est essentiellement un document habilitant qui \u00e9nonce l\u2019objectif de BSI et d\u00e9finit en termes g\u00e9n\u00e9raux son \u00e9ventail d\u2019activit\u00e9s, y compris ses fonctions en tant qu\u2019organisme de normalisation, ainsi que sa capacit\u00e9 \u00e0 offrir des services de formation, d\u2019essai et de certification.[\/vc_column_text][vc_empty_space height=\u00a0\u00bb30&Prime; el_class=\u00a0\u00bbhidden-xs hidden-sm\u00a0\u00bb][vc_separator color=\u00a0\u00bbcustom\u00a0\u00bb border_width=\u00a0\u00bb1&Prime; separator_arrow=\u00a0\u00bbno\u00a0\u00bb separator_arrow_type=\u00a0\u00bbborder\u00a0\u00bb arrow_width=\u00a0\u00bb12&Prime; icon_border_style=\u00a0\u00bbnone\u00a0\u00bb separator_arrow_type_link=\u00a0\u00bb0&Prime; accent_color=\u00a0\u00bb#e97025&Prime;][vc_empty_space height=\u00a0\u00bb30&Prime; el_class=\u00a0\u00bbhidden-xs hidden-sm\u00a0\u00bb][cs_custom_heading text=\u00a0\u00bbContact Our Quality Manager\u00a0\u00bb font_container=\u00a0\u00bbtag:h2|text_align:left|color:%233d3935&Prime;]\n<div class=\"wpcf7 no-js\" id=\"wpcf7-f24876-o1\" lang=\"fr-FR\" dir=\"ltr\" data-wpcf7-id=\"24876\">\n<div class=\"screen-reader-response\"><p role=\"status\" aria-live=\"polite\" aria-atomic=\"true\"><\/p> <ul><\/ul><\/div>\n<form action=\"\/fr\/wp-json\/wp\/v2\/pages\/25812#wpcf7-f24876-o1\" method=\"post\" class=\"wpcf7-form init contact-style-1\" aria-label=\"Formulaire de contact\" novalidate=\"novalidate\" data-status=\"init\">\n<fieldset class=\"hidden-fields-container\"><input type=\"hidden\" name=\"_wpcf7\" value=\"24876\" \/><input type=\"hidden\" name=\"_wpcf7_version\" value=\"6.1.5\" \/><input type=\"hidden\" name=\"_wpcf7_locale\" value=\"fr_FR\" \/><input type=\"hidden\" name=\"_wpcf7_unit_tag\" value=\"wpcf7-f24876-o1\" \/><input type=\"hidden\" name=\"_wpcf7_container_post\" value=\"0\" \/><input type=\"hidden\" name=\"_wpcf7_posted_data_hash\" value=\"\" \/><input type=\"hidden\" name=\"_wpcf7_recaptcha_response\" value=\"\" \/>\n<\/fieldset>\n<div class=\"row\">\n\t<div class=\"col-xs-12 col-sm-12 col-md-6 col-lg-6\">\n\t\t<p><span class=\"wpcf7-form-control-wrap\" data-name=\"fname\"><input size=\"40\" maxlength=\"400\" class=\"wpcf7-form-control wpcf7-text wpcf7-validates-as-required\" aria-required=\"true\" aria-invalid=\"false\" placeholder=\"Nom (obligatoire)\" value=\"\" type=\"text\" name=\"fname\" \/><\/span>\n\t\t<\/p>\n\t<\/div>\n\t<div class=\"col-xs-12 col-sm-12 col-md-6 col-lg-6\">\n\t\t<p><span class=\"wpcf7-form-control-wrap\" data-name=\"email\"><input size=\"40\" maxlength=\"400\" class=\"wpcf7-form-control wpcf7-email wpcf7-validates-as-required wpcf7-text wpcf7-validates-as-email\" aria-required=\"true\" aria-invalid=\"false\" placeholder=\"Courriel (obligatoire)\" value=\"\" type=\"email\" name=\"email\" \/><\/span>\n\t\t<\/p>\n\t<\/div>\n<\/div>\n<div class=\"row\">\n\t<div class=\"col-xs-12 col-sm-12 col-md-12 col-lg-12\">\n\t\t<p><span class=\"wpcf7-form-control-wrap\" data-name=\"subject\"><input size=\"40\" maxlength=\"400\" class=\"wpcf7-form-control wpcf7-text\" aria-invalid=\"false\" placeholder=\"Mati\u00e8re\" value=\"\" type=\"text\" name=\"subject\" \/><\/span>\n\t\t<\/p>\n\t<\/div>\n<\/div>\n<div class=\"row\">\n\t<div class=\"col-xs-12 col-sm-12 col-md-12 col-lg-12\">\n\t\t<p><span class=\"wpcf7-form-control-wrap\" data-name=\"message\"><textarea cols=\"40\" rows=\"10\" maxlength=\"2000\" class=\"wpcf7-form-control wpcf7-textarea\" aria-invalid=\"false\" placeholder=\"Message\" name=\"message\"><\/textarea><\/span>\n\t\t<\/p>\n\t<\/div>\n<\/div>\n<div class=\"row\">\n\t<div class=\"col-xs-12 col-sm-12 col-md-12 col-lg-12\">\n\t\t<p>\n\t\t\n\t\t<\/p>\n\t<\/div>\n<\/div>\n<div class=\"row\">\n\t<div class=\"col-xs-12 col-sm-12 col-md-12 col-lg-12\">\n\t\t<p><input class=\"wpcf7-form-control wpcf7-submit has-spinner btn btn-primary\" type=\"submit\" value=\"Send\" \/>\n\t\t<\/p>\n\t<\/div>\n<\/div><p style=\"display: none !important;\" class=\"akismet-fields-container\" data-prefix=\"_wpcf7_ak_\"><label>&#916;<textarea name=\"_wpcf7_ak_hp_textarea\" cols=\"45\" rows=\"8\" maxlength=\"100\"><\/textarea><\/label><input type=\"hidden\" id=\"ak_js_1\" name=\"_wpcf7_ak_js\" value=\"245\"\/><script>document.getElementById( \"ak_js_1\" ).setAttribute( \"value\", ( new Date() ).getTime() );<\/script><\/p><div class=\"wpcf7-response-output\" aria-hidden=\"true\"><\/div>\n<\/form>\n<\/div>\n[\/vc_column][\/vc_row]<\/p>\n<\/div>","protected":false},"excerpt":{"rendered":"<p>[vc_row row_responsive_large=\u00a0\u00bb\u00a0\u00bb row_responsive_medium=\u00a0\u00bb\u00a0\u00bb row_responsive_small=\u00a0\u00bb\u00a0\u00bb row_responsive_extra_small=\u00a0\u00bb\u00a0\u00bb enable_triangle=\u00a0\u00bb0&Prime; triangle_pos=\u00a0\u00bbtop\u00a0\u00bb loop=\u00a0\u00bb\u00a0\u00bb autoplay=\u00a0\u00bb\u00a0\u00bb muted=\u00a0\u00bb\u00a0\u00bb controls=\u00a0\u00bb\u00a0\u00bb show_btn=\u00a0\u00bb\u00a0\u00bb][vc_column width=\u00a0\u00bb5\/12&Prime; el_class=\u00a0\u00bbdiag-stripes reskinned-side-bar\u00a0\u00bb][vc_single_image image=\u00a0\u00bb26128&Prime; img_size=\u00a0\u00bbFull\u00a0\u00bb alignment=\u00a0\u00bbcenter\u00a0\u00bb][vc_accordion active_tab=\u00a0\u00bb1&Prime; collapsible=\u00a0\u00bbyes\u00a0\u00bb title_align=\u00a0\u00bbleft\u00a0\u00bb el_class=\u00a0\u00bbreskinned-accordion\u00a0\u00bb][vc_accordion_tab title=\u00a0\u00bbCertificats Tous les emplacements\u00a0\u00bb][vc_column_text]Certificat principal &#8211; FM 764138 Toronto &#8211; FM 764138 Calgary- FM 764138 Edmonton &#8211; FM 764138 Halifax &#8211; FM 764138 [&hellip;]<\/p>\n","protected":false},"author":15,"featured_media":0,"parent":0,"menu_order":0,"comment_status":"closed","ping_status":"closed","template":"","meta":{"_acf_changed":false,"footnotes":""},"class_list":["post-25812","page","type-page","status-publish","hentry"],"acf":[],"yoast_head":"<!-- This site is optimized with the Yoast SEO plugin v27.4 - https:\/\/yoast.com\/product\/yoast-seo-wordpress\/ -->\n<title>Qualit\u00e9 - Certifi\u00e9 ISO 9001:2015 | Corrosion Service<\/title>\n<meta name=\"description\" content=\"Notre syst\u00e8me de gestion de la qualit\u00e9 est certifi\u00e9 par BSI, avec la port\u00e9e de la certification englobant tous les sites et offres de services \u00e0 travers...\" \/>\n<meta name=\"robots\" content=\"index, follow, max-snippet:-1, max-image-preview:large, max-video-preview:-1\" \/>\n<link rel=\"canonical\" href=\"https:\/\/corrosionservice.com\/fr\/gestion-de-la-qualite\/\" \/>\n<meta property=\"og:locale\" content=\"fr_FR\" \/>\n<meta property=\"og:type\" content=\"article\" \/>\n<meta property=\"og:title\" content=\"Qualit\u00e9 - Certifi\u00e9 ISO 9001:2015 | Corrosion Service\" \/>\n<meta property=\"og:description\" content=\"Notre syst\u00e8me de gestion de la qualit\u00e9 est certifi\u00e9 par BSI, avec la port\u00e9e de la certification englobant tous les sites et offres de services \u00e0 travers...\" \/>\n<meta property=\"og:url\" content=\"https:\/\/corrosionservice.com\/fr\/gestion-de-la-qualite\/\" \/>\n<meta property=\"og:site_name\" content=\"Corrosion Service\" \/>\n<meta property=\"article:modified_time\" content=\"2025-04-02T14:15:52+00:00\" \/>\n<meta name=\"twitter:card\" content=\"summary_large_image\" \/>\n<meta name=\"twitter:label1\" content=\"Dur\u00e9e de lecture estim\u00e9e\" \/>\n\t<meta name=\"twitter:data1\" content=\"2 minutes\" \/>\n<script type=\"application\/ld+json\" class=\"yoast-schema-graph\">{\"@context\":\"https:\\\/\\\/schema.org\",\"@graph\":[{\"@type\":\"WebPage\",\"@id\":\"https:\\\/\\\/corrosionservice.com\\\/fr\\\/gestion-de-la-qualite\\\/\",\"url\":\"https:\\\/\\\/corrosionservice.com\\\/fr\\\/gestion-de-la-qualite\\\/\",\"name\":\"Qualit\u00e9 - Certifi\u00e9 ISO 9001:2015 | Corrosion Service\",\"isPartOf\":{\"@id\":\"https:\\\/\\\/corrosionservice.com\\\/#website\"},\"datePublished\":\"2022-05-30T21:46:30+00:00\",\"dateModified\":\"2025-04-02T14:15:52+00:00\",\"description\":\"Notre syst\u00e8me de gestion de la qualit\u00e9 est certifi\u00e9 par BSI, avec la port\u00e9e de la certification englobant tous les sites et offres de services \u00e0 travers...\",\"breadcrumb\":{\"@id\":\"https:\\\/\\\/corrosionservice.com\\\/fr\\\/gestion-de-la-qualite\\\/#breadcrumb\"},\"inLanguage\":\"fr-FR\",\"potentialAction\":[{\"@type\":\"ReadAction\",\"target\":[\"https:\\\/\\\/corrosionservice.com\\\/fr\\\/gestion-de-la-qualite\\\/\"]}]},{\"@type\":\"BreadcrumbList\",\"@id\":\"https:\\\/\\\/corrosionservice.com\\\/fr\\\/gestion-de-la-qualite\\\/#breadcrumb\",\"itemListElement\":[{\"@type\":\"ListItem\",\"position\":1,\"name\":\"Home\",\"item\":\"https:\\\/\\\/corrosionservice.com\\\/fr\\\/\"},{\"@type\":\"ListItem\",\"position\":2,\"name\":\"Qualit\u00e9\"}]},{\"@type\":\"WebSite\",\"@id\":\"https:\\\/\\\/corrosionservice.com\\\/#website\",\"url\":\"https:\\\/\\\/corrosionservice.com\\\/\",\"name\":\"Corrosion Service\",\"description\":\"Entreprise de contr\u00f4le de la corrosion sur les pipelines\",\"potentialAction\":[{\"@type\":\"SearchAction\",\"target\":{\"@type\":\"EntryPoint\",\"urlTemplate\":\"https:\\\/\\\/corrosionservice.com\\\/?s={search_term_string}\"},\"query-input\":{\"@type\":\"PropertyValueSpecification\",\"valueRequired\":true,\"valueName\":\"search_term_string\"}}],\"inLanguage\":\"fr-FR\"}]}<\/script>\n<!-- \/ Yoast SEO plugin. -->","yoast_head_json":{"title":"Qualit\u00e9 - Certifi\u00e9 ISO 9001:2015 | Corrosion Service","description":"Notre syst\u00e8me de gestion de la qualit\u00e9 est certifi\u00e9 par BSI, avec la port\u00e9e de la certification englobant tous les sites et offres de services \u00e0 travers...","robots":{"index":"index","follow":"follow","max-snippet":"max-snippet:-1","max-image-preview":"max-image-preview:large","max-video-preview":"max-video-preview:-1"},"canonical":"https:\/\/corrosionservice.com\/fr\/gestion-de-la-qualite\/","og_locale":"fr_FR","og_type":"article","og_title":"Qualit\u00e9 - Certifi\u00e9 ISO 9001:2015 | Corrosion Service","og_description":"Notre syst\u00e8me de gestion de la qualit\u00e9 est certifi\u00e9 par BSI, avec la port\u00e9e de la certification englobant tous les sites et offres de services \u00e0 travers...","og_url":"https:\/\/corrosionservice.com\/fr\/gestion-de-la-qualite\/","og_site_name":"Corrosion Service","article_modified_time":"2025-04-02T14:15:52+00:00","twitter_card":"summary_large_image","twitter_misc":{"Dur\u00e9e de lecture estim\u00e9e":"2 minutes"},"schema":{"@context":"https:\/\/schema.org","@graph":[{"@type":"WebPage","@id":"https:\/\/corrosionservice.com\/fr\/gestion-de-la-qualite\/","url":"https:\/\/corrosionservice.com\/fr\/gestion-de-la-qualite\/","name":"Qualit\u00e9 - Certifi\u00e9 ISO 9001:2015 | Corrosion Service","isPartOf":{"@id":"https:\/\/corrosionservice.com\/#website"},"datePublished":"2022-05-30T21:46:30+00:00","dateModified":"2025-04-02T14:15:52+00:00","description":"Notre syst\u00e8me de gestion de la qualit\u00e9 est certifi\u00e9 par BSI, avec la port\u00e9e de la certification englobant tous les sites et offres de services \u00e0 travers...","breadcrumb":{"@id":"https:\/\/corrosionservice.com\/fr\/gestion-de-la-qualite\/#breadcrumb"},"inLanguage":"fr-FR","potentialAction":[{"@type":"ReadAction","target":["https:\/\/corrosionservice.com\/fr\/gestion-de-la-qualite\/"]}]},{"@type":"BreadcrumbList","@id":"https:\/\/corrosionservice.com\/fr\/gestion-de-la-qualite\/#breadcrumb","itemListElement":[{"@type":"ListItem","position":1,"name":"Home","item":"https:\/\/corrosionservice.com\/fr\/"},{"@type":"ListItem","position":2,"name":"Qualit\u00e9"}]},{"@type":"WebSite","@id":"https:\/\/corrosionservice.com\/#website","url":"https:\/\/corrosionservice.com\/","name":"Corrosion Service","description":"Entreprise de contr\u00f4le de la corrosion sur les pipelines","potentialAction":[{"@type":"SearchAction","target":{"@type":"EntryPoint","urlTemplate":"https:\/\/corrosionservice.com\/?s={search_term_string}"},"query-input":{"@type":"PropertyValueSpecification","valueRequired":true,"valueName":"search_term_string"}}],"inLanguage":"fr-FR"}]}},"_links":{"self":[{"href":"https:\/\/corrosionservice.com\/fr\/wp-json\/wp\/v2\/pages\/25812","targetHints":{"allow":["GET"]}}],"collection":[{"href":"https:\/\/corrosionservice.com\/fr\/wp-json\/wp\/v2\/pages"}],"about":[{"href":"https:\/\/corrosionservice.com\/fr\/wp-json\/wp\/v2\/types\/page"}],"author":[{"embeddable":true,"href":"https:\/\/corrosionservice.com\/fr\/wp-json\/wp\/v2\/users\/15"}],"replies":[{"embeddable":true,"href":"https:\/\/corrosionservice.com\/fr\/wp-json\/wp\/v2\/comments?post=25812"}],"version-history":[{"count":119,"href":"https:\/\/corrosionservice.com\/fr\/wp-json\/wp\/v2\/pages\/25812\/revisions"}],"predecessor-version":[{"id":27022,"href":"https:\/\/corrosionservice.com\/fr\/wp-json\/wp\/v2\/pages\/25812\/revisions\/27022"}],"wp:attachment":[{"href":"https:\/\/corrosionservice.com\/fr\/wp-json\/wp\/v2\/media?parent=25812"}],"curies":[{"name":"wp","href":"https:\/\/api.w.org\/{rel}","templated":true}]}}