{"id":26186,"date":"2022-08-11T20:07:35","date_gmt":"2022-08-12T00:07:35","guid":{"rendered":"https:\/\/corrosionservice.com\/?page_id=26186"},"modified":"2024-08-15T15:54:52","modified_gmt":"2024-08-15T19:54:52","slug":"engagement-des-autochtones","status":"publish","type":"page","link":"https:\/\/corrosionservice.com\/fr\/engagement-des-autochtones\/","title":{"rendered":"Engagement des Autochtones"},"content":{"rendered":"<div class=\"wpb-content-wrapper\"><p>[vc_row row_responsive_large=\u00a0\u00bb\u00a0\u00bb row_responsive_medium=\u00a0\u00bb\u00a0\u00bb row_responsive_small=\u00a0\u00bb\u00a0\u00bb row_responsive_extra_small=\u00a0\u00bb\u00a0\u00bb enable_triangle=\u00a0\u00bb0&Prime; triangle_pos=\u00a0\u00bbtop\u00a0\u00bb loop=\u00a0\u00bb\u00a0\u00bb autoplay=\u00a0\u00bb\u00a0\u00bb muted=\u00a0\u00bb\u00a0\u00bb controls=\u00a0\u00bb\u00a0\u00bb show_btn=\u00a0\u00bb\u00a0\u00bb][vc_column width=\u00a0\u00bb5\/12&Prime; el_class=\u00a0\u00bbdiag-stripes reskinned-side-bar\u00a0\u00bb][vc_single_image image=\u00a0\u00bb26387&Prime; img_size=\u00a0\u00bbFull\u00a0\u00bb alignment=\u00a0\u00bbcenter\u00a0\u00bb][vc_single_image image=\u00a0\u00bb26389&Prime; img_size=\u00a0\u00bbFull\u00a0\u00bb alignment=\u00a0\u00bbcenter\u00a0\u00bb][vc_column_text]Corrosion Service a eu le plaisir de contribuer aux programmes de paniers de No\u00ebl 2022 de <a href=\"https:\/\/www.cowessessfn.com\" target=\"_blank\" rel=\"noopener\">Cowessess,<\/a> <a href=\"https:\/\/cegakin.ca\/\" target=\"_blank\" rel=\"noopener\">Carry The Kettle<\/a> et <a href=\"https:\/\/louisbulltribe.ca\" target=\"_blank\" rel=\"noopener\">de la Premi\u00e8re Nation de Louis Bull<\/a> .[\/vc_column_text][vc_accordion active_tab=\u00a0\u00bb1&Prime; collapsible=\u00a0\u00bbyes\u00a0\u00bb title_align=\u00a0\u00bbleft\u00a0\u00bb el_class=\u00a0\u00bbreskinned-accordion\u00a0\u00bb][vc_accordion_tab title=\u00a0\u00bbNotre programme de bourses\u00a0\u00bb][vc_column_text]Nous avons remis deux bourses d\u2019\u00e9tudes \u00e0 la promotion de 2022 de la Premi\u00e8re Nation Cowessess. Ces bourses doivent \u00eatre utilis\u00e9es pour leur formation continue et confirment notre engagement continu \u00e0 travailler avec les communaut\u00e9s autochtones.[\/vc_column_text][vc_single_image image=\u00a0\u00bb26202&Prime; img_size=\u00a0\u00bbFull\u00a0\u00bb alignment=\u00a0\u00bbcenter\u00a0\u00bb][\/vc_accordion_tab][vc_accordion_tab title=\u00a0\u00bbEngagement communautaire\u00a0\u00bb][vc_column_text css=\u00a0\u00bb\u00a0\u00bb]Nous sommes fiers d\u2019avoir travaill\u00e9 avec des artistes locaux de la Premi\u00e8re Nation Zagime Anishinabek pour soutenir leurs \u0153uvres traditionnelles, en particulier Orville Wahpoosywan et Crystal Kequahtooway &#8211; Harper en achetant leur art et en aidant \u00e0 faire conna\u00eetre leur culture. Si vous \u00eates int\u00e9ress\u00e9 par l\u2019achat de leurs \u0153uvres d\u2019art, veuillez entrer vos informations dans la page de contact et nous vous transmettrons vos coordonn\u00e9es.[\/vc_column_text][vc_gallery interval=\u00a0\u00bb3&Prime; images=\u00a0\u00bb26208,26210,26212,26200&Prime;][\/vc_accordion_tab][vc_accordion_tab title=\u00a0\u00bbEntentes avec les Autochtones\u00a0\u00bb][vc_column_text]<a href=\"https:\/\/louisbulltribe.ca\/\" target=\"_blank\" rel=\"noopener\">Louis Bull Tribe &#8211; Maskwacis, Alberta<\/a><\/p>\n<p>La tribu a une population d\u2019environ 2380 membres g\u00e9n\u00e9raux de la tribu et est gouvern\u00e9e par un chef et six membres du conseil. La communaut\u00e9 s\u2019\u00e9tend sur 3 127 hectares (7 727 acres) et est entour\u00e9e par la nation crie Ermineskin \u00e0 l\u2019est et au sud-est, le comt\u00e9 de Wetaskiwin n \u00b0 10 au nord et \u00e0 l\u2019ouest, et le comt\u00e9 de Ponoka au sud.<\/p>\n<p>Le chef et le conseil de Louis Bull encouragent le d\u00e9veloppement \u00e9conomique et les entreprises commerciales dans les r\u00e9serves et hors r\u00e9serve afin d\u2019accro\u00eetre les possibilit\u00e9s d\u2019emploi, de g\u00e9n\u00e9rer des revenus tribaux et de fournir des services de qualit\u00e9 \u00e0 nos membres et \u00e0 nos clients.[\/vc_column_text][vc_column_text]<a href=\"https:\/\/www.ttml.ca\/\">Tribu Ts\u2019elxw\u00e9yeqw &#8211; Chilliwack, C.-B.<\/a><\/p>\n<p>Le nom tribal \u00ab Ts\u2019elxw\u00e9yeqw \u00bb est commun\u00e9ment appel\u00e9 en anglais \u00ab Chilliwack \u00bb, compos\u00e9 de sept Premi\u00e8res Nations; \u0102thelets, Shxwh\u00e1:y, Sq\u2019ewq\u00e9yl, Sxwoyeh\u00e1l\u00e1, Th\u2019ew\u00e1:li, Ch\u2019\u00edy\u00e1qtel et Yeqwyeqw\u00ed:ws. Le territoire traditionnel de la tribu Ts\u2019elxewyeqw couvre plus de 95 000 hectares de terres dans le sud-ouest de la Colombie-Britannique, avec une population estim\u00e9e \u00e0 574 habitants.<\/p>\n<p>Gouvern\u00e9s par un conseil d\u2019administration, compos\u00e9 de sept chefs Ts\u2019elxw\u00e9yeqw, les int\u00e9r\u00eats de leurs terres et de leur peuple sont gouvern\u00e9s avec force dans l\u2019unit\u00e9 et le succ\u00e8s en g\u00e9rant les ressources naturelles et culturelles avec de vastes initiatives commerciales \u00e9conomiques.[\/vc_column_text][\/vc_accordion_tab][vc_accordion_tab title=\u00a0\u00bbFormation\u00a0\u00bb][vc_column_text]Nous nous engageons \u00e0 cr\u00e9er un environnement d\u2019apprentissage ax\u00e9 sur la compr\u00e9hension interculturelle qui aidera les employ\u00e9s \u00e0 comprendre les enjeux autochtones et leur fournira une formation \u00e0 jour ax\u00e9e sur les outils, les strat\u00e9gies et les conseils pratiques n\u00e9cessaires pour interagir efficacement avec les communaut\u00e9s, les groupes, les individus et les employ\u00e9s autochtones.[\/vc_column_text][\/vc_accordion_tab][vc_accordion_tab title=\u00a0\u00bbEngagement des employ\u00e9s\u00a0\u00bb][vc_column_text]L\u2019entreprise s\u2019appuiera sur son engagement envers la sensibilisation des Autochtones en favorisant et en encourageant l\u2019engagement des employ\u00e9s \u00e0 l\u2019\u00e9gard des enjeux et des sujets entourant les interactions avec les communaut\u00e9s autochtones.[\/vc_column_text][\/vc_accordion_tab][\/vc_accordion][\/vc_column][vc_column width=\u00a0\u00bb7\/12&Prime; el_class=\u00a0\u00bbreskinned-content-wrapper\u00a0\u00bb][cs_custom_heading text=\u00a0\u00bbEngagement des Autochtones\u00a0\u00bb font_container=\u00a0\u00bbtag:h1|text_align:left|color:%23e97025|line_height:1&Prime; font_format=\u00a0\u00bb600&Prime; title_top_line_margin_bottom=\u00a0\u00bb0px\u00a0\u00bb][cs_custom_heading text=\u00a0\u00bbNotre engagement\u00a0\u00bb font_container=\u00a0\u00bbtag:h2|text_align:left\u00a0\u00bb el_class=\u00a0\u00bbcs-highlight-blue\u00a0\u00bb][vc_column_text]\u00c9tablir des relations de travail \u00e0 long terme avec les communaut\u00e9s autochtones. Nos efforts pass\u00e9s et actuels confirment notre engagement \u00e0 interagir avec les communaut\u00e9s autochtones d\u2019une mani\u00e8re positive, respectueuse et mutuellement b\u00e9n\u00e9fique.<\/p>\n<p>Offrir une formation de sensibilisation culturelle \u00e0 nos employ\u00e9s et permettre \u00e0 la Soci\u00e9t\u00e9 de maintenir une compr\u00e9hension respectueuse et complexe des probl\u00e8mes auxquels sont confront\u00e9s les communaut\u00e9s, les groupes, les individus et les employ\u00e9s autochtones avec lesquels la Soci\u00e9t\u00e9 et ses employ\u00e9s travaillent.<\/p>\n<p><b>\u00c9nonc\u00e9 de programme <\/b><\/p>\n<p>Nous effectuons du travail dans des domaines o\u00f9 de nombreuses communaut\u00e9s autochtones sont pr\u00e9sentes et nous sommes fiers de maintenir des relations positives avec ces communaut\u00e9s. Corrosion Service est un employeur qui souscrit au principe de l\u2019\u00e9galit\u00e9 d\u2019acc\u00e8s \u00e0 l\u2019emploi et qui recherche activement des occasions d\u2019affaires pour les communaut\u00e9s autochtones locales dans les r\u00e9gions o\u00f9 nous offrons des services.<\/p>\n<p>L\u2019entreprise prendra toutes les mesures raisonnables pour \u00e9tablir des interactions positives, respectueuses et mutuellement b\u00e9n\u00e9fiques avec les communaut\u00e9s autochtones en sollicitant les commentaires des parties touch\u00e9es et en offrant aux employ\u00e9s des possibilit\u00e9s d\u2019\u00e9ducation et de perfectionnement pour soutenir leur sensibilisation culturelle.[\/vc_column_text][vc_empty_space height=\u00a0\u00bb30&Prime; el_class=\u00a0\u00bbhidden-xs hidden-sm\u00a0\u00bb][vc_separator color=\u00a0\u00bbcustom\u00a0\u00bb border_width=\u00a0\u00bb1&Prime; separator_arrow=\u00a0\u00bbno\u00a0\u00bb separator_arrow_type=\u00a0\u00bbborder\u00a0\u00bb arrow_width=\u00a0\u00bb12&Prime; icon_border_style=\u00a0\u00bbnone\u00a0\u00bb separator_arrow_type_link=\u00a0\u00bb0&Prime; accent_color=\u00a0\u00bb#e97025&Prime;][vc_empty_space height=\u00a0\u00bb30&Prime; el_class=\u00a0\u00bbhidden-xs hidden-sm\u00a0\u00bb][cs_custom_heading text=\u00a0\u00bbCommuniquez avec notre gestionnaire des relations avec les Autochtones\u00a0\u00bb font_container=\u00a0\u00bbtag:h2|text_align:left|color:%233d3935&Prime;]\n<div class=\"wpcf7 no-js\" id=\"wpcf7-f26237-o1\" lang=\"fr-FR\" dir=\"ltr\" data-wpcf7-id=\"26237\">\n<div class=\"screen-reader-response\"><p role=\"status\" aria-live=\"polite\" aria-atomic=\"true\"><\/p> <ul><\/ul><\/div>\n<form action=\"\/fr\/wp-json\/wp\/v2\/pages\/26186#wpcf7-f26237-o1\" method=\"post\" class=\"wpcf7-form init contact-style-1\" aria-label=\"Formulaire de contact\" novalidate=\"novalidate\" data-status=\"init\">\n<fieldset class=\"hidden-fields-container\"><input type=\"hidden\" name=\"_wpcf7\" value=\"26237\" \/><input type=\"hidden\" name=\"_wpcf7_version\" value=\"6.1.5\" \/><input type=\"hidden\" name=\"_wpcf7_locale\" value=\"fr_FR\" \/><input type=\"hidden\" name=\"_wpcf7_unit_tag\" value=\"wpcf7-f26237-o1\" \/><input type=\"hidden\" name=\"_wpcf7_container_post\" value=\"0\" \/><input type=\"hidden\" name=\"_wpcf7_posted_data_hash\" value=\"\" \/><input type=\"hidden\" name=\"_wpcf7_recaptcha_response\" value=\"\" \/>\n<\/fieldset>\n<div class=\"row\">\n\t<div class=\"col-xs-12 col-sm-12 col-md-6 col-lg-6\">\n\t\t<p><span class=\"wpcf7-form-control-wrap\" data-name=\"fname\"><input size=\"40\" maxlength=\"400\" class=\"wpcf7-form-control wpcf7-text wpcf7-validates-as-required\" aria-required=\"true\" aria-invalid=\"false\" placeholder=\"Nom (obligatoire)\" value=\"\" type=\"text\" name=\"fname\" \/><\/span>\n\t\t<\/p>\n\t<\/div>\n\t<div class=\"col-xs-12 col-sm-12 col-md-6 col-lg-6\">\n\t\t<p><span class=\"wpcf7-form-control-wrap\" data-name=\"phone\"><input size=\"40\" maxlength=\"400\" class=\"wpcf7-form-control wpcf7-text wpcf7-validates-as-required\" aria-required=\"true\" aria-invalid=\"false\" placeholder=\"T\u00e9l\u00e9phone (obligatoire)\" value=\"\" type=\"text\" name=\"phone\" \/><\/span>\n\t\t<\/p>\n\t<\/div>\n<\/div>\n<div class=\"row\">\n\t<div class=\"col-xs-12 col-sm-12 col-md-6 col-lg-6\">\n\t\t<p><span class=\"wpcf7-form-control-wrap\" data-name=\"company\"><input size=\"40\" maxlength=\"400\" class=\"wpcf7-form-control wpcf7-text\" aria-invalid=\"false\" placeholder=\"Compagnie\" value=\"\" type=\"text\" name=\"company\" \/><\/span>\n\t\t<\/p>\n\t<\/div>\n\t<div class=\"col-xs-12 col-sm-12 col-md-6 col-lg-6\">\n\t\t<p><span class=\"wpcf7-form-control-wrap\" data-name=\"email\"><input size=\"40\" maxlength=\"400\" class=\"wpcf7-form-control wpcf7-email wpcf7-validates-as-required wpcf7-text wpcf7-validates-as-email\" aria-required=\"true\" aria-invalid=\"false\" placeholder=\"Courriel (obligatoire)\" value=\"\" type=\"email\" name=\"email\" \/><\/span>\n\t\t<\/p>\n\t<\/div>\n<\/div>\n<div class=\"row\">\n\t<div class=\"col-xs-12 col-sm-12 col-md-12 col-lg-12\">\n\t\t<p><span class=\"wpcf7-form-control-wrap\" data-name=\"message\"><textarea cols=\"40\" rows=\"10\" maxlength=\"2000\" class=\"wpcf7-form-control wpcf7-textarea wpcf7-validates-as-required\" aria-required=\"true\" aria-invalid=\"false\" placeholder=\"Message\" name=\"message\"><\/textarea><\/span>\n\t\t<\/p>\n\t<\/div>\n<\/div>\n<div class=\"row\">\n\t<div class=\"col-xs-12 col-sm-12 col-md-12 col-lg-12\">\n\t\t<p>\n\t\t\n\t\t<\/p>\n\t<\/div>\n<\/div>\n<div class=\"row\">\n\t<div class=\"col-xs-12 col-sm-12 col-md-12 col-lg-12\">\n\t\t<p><input class=\"wpcf7-form-control wpcf7-submit has-spinner btn btn-primary\" type=\"submit\" value=\"Send\" \/>\n\t\t<\/p>\n\t<\/div>\n<\/div><p style=\"display: none !important;\" class=\"akismet-fields-container\" data-prefix=\"_wpcf7_ak_\"><label>&#916;<textarea name=\"_wpcf7_ak_hp_textarea\" cols=\"45\" rows=\"8\" maxlength=\"100\"><\/textarea><\/label><input type=\"hidden\" id=\"ak_js_1\" name=\"_wpcf7_ak_js\" value=\"163\"\/><script>document.getElementById( \"ak_js_1\" ).setAttribute( \"value\", ( new Date() ).getTime() );<\/script><\/p><div class=\"wpcf7-response-output\" aria-hidden=\"true\"><\/div>\n<\/form>\n<\/div>\n[\/vc_column][\/vc_row]<\/p>\n<\/div>","protected":false},"excerpt":{"rendered":"<p>[vc_row row_responsive_large=\u00a0\u00bb\u00a0\u00bb row_responsive_medium=\u00a0\u00bb\u00a0\u00bb row_responsive_small=\u00a0\u00bb\u00a0\u00bb row_responsive_extra_small=\u00a0\u00bb\u00a0\u00bb enable_triangle=\u00a0\u00bb0&Prime; triangle_pos=\u00a0\u00bbtop\u00a0\u00bb loop=\u00a0\u00bb\u00a0\u00bb autoplay=\u00a0\u00bb\u00a0\u00bb muted=\u00a0\u00bb\u00a0\u00bb controls=\u00a0\u00bb\u00a0\u00bb show_btn=\u00a0\u00bb\u00a0\u00bb][vc_column width=\u00a0\u00bb5\/12&Prime; el_class=\u00a0\u00bbdiag-stripes reskinned-side-bar\u00a0\u00bb][vc_single_image image=\u00a0\u00bb26387&Prime; img_size=\u00a0\u00bbFull\u00a0\u00bb alignment=\u00a0\u00bbcenter\u00a0\u00bb][vc_single_image image=\u00a0\u00bb26389&Prime; img_size=\u00a0\u00bbFull\u00a0\u00bb alignment=\u00a0\u00bbcenter\u00a0\u00bb][vc_column_text]Corrosion Service a eu le plaisir de contribuer aux programmes de paniers de No\u00ebl 2022 de Cowessess, Carry The Kettle et de la Premi\u00e8re Nation [&hellip;]<\/p>\n","protected":false},"author":15,"featured_media":0,"parent":0,"menu_order":0,"comment_status":"closed","ping_status":"closed","template":"","meta":{"_acf_changed":false,"footnotes":""},"class_list":["post-26186","page","type-page","status-publish","hentry"],"acf":[],"yoast_head":"<!-- This site is optimized with the Yoast SEO plugin v27.4 - https:\/\/yoast.com\/product\/yoast-seo-wordpress\/ -->\n<title>| d\u2019engagement autochtone Corrosion Service Company Limited<\/title>\n<meta name=\"description\" content=\"Nous nous engageons \u00e0 \u00e9tablir des relations de travail \u00e0 long terme avec les communaut\u00e9s autochtones. Nos efforts pass\u00e9s et actuels confirment notre d\u00e9vouement...\" \/>\n<meta name=\"robots\" content=\"index, follow, max-snippet:-1, max-image-preview:large, max-video-preview:-1\" \/>\n<link rel=\"canonical\" href=\"https:\/\/corrosionservice.com\/fr\/engagement-des-autochtones\/\" \/>\n<meta property=\"og:locale\" content=\"fr_FR\" \/>\n<meta property=\"og:type\" content=\"article\" \/>\n<meta property=\"og:title\" content=\"| d\u2019engagement autochtone Corrosion Service Company Limited\" \/>\n<meta property=\"og:description\" content=\"Nous nous engageons \u00e0 \u00e9tablir des relations de travail \u00e0 long terme avec les communaut\u00e9s autochtones. Nos efforts pass\u00e9s et actuels confirment notre d\u00e9vouement...\" \/>\n<meta property=\"og:url\" content=\"https:\/\/corrosionservice.com\/fr\/engagement-des-autochtones\/\" \/>\n<meta property=\"og:site_name\" content=\"Corrosion Service\" \/>\n<meta property=\"article:modified_time\" content=\"2024-08-15T19:54:52+00:00\" \/>\n<meta name=\"twitter:card\" content=\"summary_large_image\" \/>\n<meta name=\"twitter:label1\" content=\"Dur\u00e9e de lecture estim\u00e9e\" \/>\n\t<meta name=\"twitter:data1\" content=\"5 minutes\" \/>\n<script type=\"application\/ld+json\" class=\"yoast-schema-graph\">{\"@context\":\"https:\\\/\\\/schema.org\",\"@graph\":[{\"@type\":\"WebPage\",\"@id\":\"https:\\\/\\\/corrosionservice.com\\\/fr\\\/engagement-des-autochtones\\\/\",\"url\":\"https:\\\/\\\/corrosionservice.com\\\/fr\\\/engagement-des-autochtones\\\/\",\"name\":\"| d\u2019engagement autochtone Corrosion Service Company Limited\",\"isPartOf\":{\"@id\":\"https:\\\/\\\/corrosionservice.com\\\/#website\"},\"datePublished\":\"2022-08-12T00:07:35+00:00\",\"dateModified\":\"2024-08-15T19:54:52+00:00\",\"description\":\"Nous nous engageons \u00e0 \u00e9tablir des relations de travail \u00e0 long terme avec les communaut\u00e9s autochtones. Nos efforts pass\u00e9s et actuels confirment notre d\u00e9vouement...\",\"breadcrumb\":{\"@id\":\"https:\\\/\\\/corrosionservice.com\\\/fr\\\/engagement-des-autochtones\\\/#breadcrumb\"},\"inLanguage\":\"fr-FR\",\"potentialAction\":[{\"@type\":\"ReadAction\",\"target\":[\"https:\\\/\\\/corrosionservice.com\\\/fr\\\/engagement-des-autochtones\\\/\"]}]},{\"@type\":\"BreadcrumbList\",\"@id\":\"https:\\\/\\\/corrosionservice.com\\\/fr\\\/engagement-des-autochtones\\\/#breadcrumb\",\"itemListElement\":[{\"@type\":\"ListItem\",\"position\":1,\"name\":\"Home\",\"item\":\"https:\\\/\\\/corrosionservice.com\\\/fr\\\/\"},{\"@type\":\"ListItem\",\"position\":2,\"name\":\"Engagement des Autochtones\"}]},{\"@type\":\"WebSite\",\"@id\":\"https:\\\/\\\/corrosionservice.com\\\/#website\",\"url\":\"https:\\\/\\\/corrosionservice.com\\\/\",\"name\":\"Corrosion Service\",\"description\":\"Entreprise de contr\u00f4le de la corrosion sur les pipelines\",\"potentialAction\":[{\"@type\":\"SearchAction\",\"target\":{\"@type\":\"EntryPoint\",\"urlTemplate\":\"https:\\\/\\\/corrosionservice.com\\\/?s={search_term_string}\"},\"query-input\":{\"@type\":\"PropertyValueSpecification\",\"valueRequired\":true,\"valueName\":\"search_term_string\"}}],\"inLanguage\":\"fr-FR\"}]}<\/script>\n<!-- \/ Yoast SEO plugin. -->","yoast_head_json":{"title":"| d\u2019engagement autochtone Corrosion Service Company Limited","description":"Nous nous engageons \u00e0 \u00e9tablir des relations de travail \u00e0 long terme avec les communaut\u00e9s autochtones. Nos efforts pass\u00e9s et actuels confirment notre d\u00e9vouement...","robots":{"index":"index","follow":"follow","max-snippet":"max-snippet:-1","max-image-preview":"max-image-preview:large","max-video-preview":"max-video-preview:-1"},"canonical":"https:\/\/corrosionservice.com\/fr\/engagement-des-autochtones\/","og_locale":"fr_FR","og_type":"article","og_title":"| d\u2019engagement autochtone Corrosion Service Company Limited","og_description":"Nous nous engageons \u00e0 \u00e9tablir des relations de travail \u00e0 long terme avec les communaut\u00e9s autochtones. Nos efforts pass\u00e9s et actuels confirment notre d\u00e9vouement...","og_url":"https:\/\/corrosionservice.com\/fr\/engagement-des-autochtones\/","og_site_name":"Corrosion Service","article_modified_time":"2024-08-15T19:54:52+00:00","twitter_card":"summary_large_image","twitter_misc":{"Dur\u00e9e de lecture estim\u00e9e":"5 minutes"},"schema":{"@context":"https:\/\/schema.org","@graph":[{"@type":"WebPage","@id":"https:\/\/corrosionservice.com\/fr\/engagement-des-autochtones\/","url":"https:\/\/corrosionservice.com\/fr\/engagement-des-autochtones\/","name":"| d\u2019engagement autochtone Corrosion Service Company Limited","isPartOf":{"@id":"https:\/\/corrosionservice.com\/#website"},"datePublished":"2022-08-12T00:07:35+00:00","dateModified":"2024-08-15T19:54:52+00:00","description":"Nous nous engageons \u00e0 \u00e9tablir des relations de travail \u00e0 long terme avec les communaut\u00e9s autochtones. Nos efforts pass\u00e9s et actuels confirment notre d\u00e9vouement...","breadcrumb":{"@id":"https:\/\/corrosionservice.com\/fr\/engagement-des-autochtones\/#breadcrumb"},"inLanguage":"fr-FR","potentialAction":[{"@type":"ReadAction","target":["https:\/\/corrosionservice.com\/fr\/engagement-des-autochtones\/"]}]},{"@type":"BreadcrumbList","@id":"https:\/\/corrosionservice.com\/fr\/engagement-des-autochtones\/#breadcrumb","itemListElement":[{"@type":"ListItem","position":1,"name":"Home","item":"https:\/\/corrosionservice.com\/fr\/"},{"@type":"ListItem","position":2,"name":"Engagement des Autochtones"}]},{"@type":"WebSite","@id":"https:\/\/corrosionservice.com\/#website","url":"https:\/\/corrosionservice.com\/","name":"Corrosion Service","description":"Entreprise de contr\u00f4le de la corrosion sur les pipelines","potentialAction":[{"@type":"SearchAction","target":{"@type":"EntryPoint","urlTemplate":"https:\/\/corrosionservice.com\/?s={search_term_string}"},"query-input":{"@type":"PropertyValueSpecification","valueRequired":true,"valueName":"search_term_string"}}],"inLanguage":"fr-FR"}]}},"_links":{"self":[{"href":"https:\/\/corrosionservice.com\/fr\/wp-json\/wp\/v2\/pages\/26186","targetHints":{"allow":["GET"]}}],"collection":[{"href":"https:\/\/corrosionservice.com\/fr\/wp-json\/wp\/v2\/pages"}],"about":[{"href":"https:\/\/corrosionservice.com\/fr\/wp-json\/wp\/v2\/types\/page"}],"author":[{"embeddable":true,"href":"https:\/\/corrosionservice.com\/fr\/wp-json\/wp\/v2\/users\/15"}],"replies":[{"embeddable":true,"href":"https:\/\/corrosionservice.com\/fr\/wp-json\/wp\/v2\/comments?post=26186"}],"version-history":[{"count":21,"href":"https:\/\/corrosionservice.com\/fr\/wp-json\/wp\/v2\/pages\/26186\/revisions"}],"predecessor-version":[{"id":26856,"href":"https:\/\/corrosionservice.com\/fr\/wp-json\/wp\/v2\/pages\/26186\/revisions\/26856"}],"wp:attachment":[{"href":"https:\/\/corrosionservice.com\/fr\/wp-json\/wp\/v2\/media?parent=26186"}],"curies":[{"name":"wp","href":"https:\/\/api.w.org\/{rel}","templated":true}]}}